{"id":8586,"date":"2026-01-29T14:51:19","date_gmt":"2026-01-29T14:51:19","guid":{"rendered":"https:\/\/turkishtrade.co\/?post_type=product&#038;p=8586"},"modified":"2026-04-09T20:20:43","modified_gmt":"2026-04-09T20:20:43","slug":"black-calf-leather-casual-loafers","status":"publish","type":"product","link":"https:\/\/turkishtrade.co\/de\/shop\/black-calf-leather-casual-loafers\/","title":{"rendered":"Schwarzes Kalbsleder Casual Loafers Sensational | Herren Schwarzes Kalbsleder Casual"},"content":{"rendered":"<p><strong>Schwarzes Kalbsleder Casual Loafers<\/strong>. Sensationelle Qualit\u00e4t und Design.<\/p>\n<p>Erleben Sie unvergleichlichen Stil und Komfort mit unserem exquisiten <strong>Schwarzes Kalbsleder Casual Loafers<\/strong>. Diese Loafer wurden f\u00fcr den modernen Mann entworfen, der sowohl \u00c4sthetik als auch Funktionalit\u00e4t sch\u00e4tzt, und sind eine unverzichtbare Erg\u00e4nzung f\u00fcr jede anspruchsvolle Garderobe. Gefertigt aus hochwertigem Eva-Kalbsleder (dana deri), das f\u00fcr seine glatte Textur und au\u00dfergew\u00f6hnliche Strapazierf\u00e4higkeit bekannt ist, versprechen diese Schuhe, ihr elegantes Aussehen \u00fcber Jahre hinweg zu bewahren. Der tiefschwarze Farbton bietet zeitlose Vielseitigkeit und macht diese <strong>Schwarzes Kalbsleder Casual Loafers<\/strong> geeignet f\u00fcr eine Vielzahl von Anl\u00e4ssen, von legeren Gesch\u00e4ftstreffen bis zu entspannten Wochenendausfl\u00fcgen.<\/p>\n<p>Abgesehen von ihrem auff\u00e4lligen \u00c4u\u00dferen liegt der wahre Luxus im Inneren. Jedes Paar ist sorgf\u00e4ltig mit herrlich weichem Ziegenleder (keci astar) gef\u00fcttert. Dieses nat\u00fcrliche Futter ist f\u00fcr seine Atmungsaktivit\u00e4t und feuchtigkeitsableitenden Eigenschaften bekannt und sorgt daf\u00fcr, dass Ihre F\u00fc\u00dfe auch nach l\u00e4ngerem Tragen bequem und frisch bleiben. Die durchdachte Kombination aus robustem Kalbsleder und sanftem Ziegenfutter schafft eine ergonomische Umgebung, die sich Ihren F\u00fc\u00dfen anpasst und f\u00fcr eine ma\u00dfgeschneiderte Passform und hervorragende D\u00e4mpfung sorgt. Die dezente, aber raffinierte Metallschnalle am Vorderblatt verleiht diesem Klassiker einen Hauch von moderner Eleganz. <strong>Schwarzes Kalbsleder Casual Loafers<\/strong>, Dadurch wird ihr optischer Reiz verst\u00e4rkt, ohne dass ihr schlichter Charme in den Hintergrund tritt. Diese vielseitigen <strong>Schwarzes Kalbsleder Casual Loafers<\/strong> definieren die Eleganz des Alltags neu.<\/p>\n<h3>Un\u00fcbertroffene Handwerkskunst und vielseitiger Stil<\/h3>\n<p>Unser Engagement f\u00fcr Qualit\u00e4t zeigt sich in jeder Naht und jedem Detail dieser hochwertigen Loafer. Die robuste Konstruktion garantiert Langlebigkeit, w\u00e4hrend die flexible Sohle hervorragende Traktion und Halt bietet, sodass Sie sich den ganzen Tag \u00fcber m\u00fchelos bewegen k\u00f6nnen. Egal, ob Sie in der Stadt unterwegs sind oder einen gem\u00fctlichen Spaziergang machen, diese Loafer sind f\u00fcr maximalen Komfort und Stabilit\u00e4t ausgelegt. Die klassische Loafer-Silhouette, die durch das reiche schwarze Kalbsleder noch verst\u00e4rkt wird, l\u00e4sst sich nahtlos mit verschiedenen Outfits kombinieren - von ma\u00dfgeschneiderten Hosen und knackigen Hemden bis hin zu schicken Jeans und Blazern. Sie \u00fcberbr\u00fccken m\u00fchelos die Kluft zwischen formell und leger, was sie zu einer unverzichtbaren Schuhwahl macht. Diese Schuhe sind die perfekte Erg\u00e4nzung zu Ihrer Berufs- und Freizeitkleidung. <strong>Schwarzes Kalbsleder Casual Loafers<\/strong> sind ein Zeugnis f\u00fcr dauerhaften Stil.<\/p>\n<p>Erh\u00e4ltlich in den praktischen Gr\u00f6\u00dfen EU 40, 41, 42, 43 und 44, ist es einfach, die perfekte Passform zu finden. Wir richten uns auch an Unternehmen, die hochwertige Schuhe auf Lager haben m\u00f6chten. Diese stilvollen und bequemen <strong>Schwarzes Kalbsleder Casual Loafers<\/strong> sind ab einer Mindestbestellmenge von 8 Paaren f\u00fcr den Gro\u00dfhandel erh\u00e4ltlich. Dies ist eine hervorragende Gelegenheit f\u00fcr Einzelh\u00e4ndler, ihren Kunden ein Produkt anzubieten, das t\u00fcrkische Handwerkskunst mit globalem Stil verbindet. Werten Sie Ihre Schuhkollektion auf oder erweitern Sie Ihr Einzelhandelsangebot mit diesen au\u00dfergew\u00f6hnlich gut verarbeiteten und \u00e4sthetisch ansprechenden Freizeitschuhen.<\/p>","protected":false},"excerpt":{"rendered":"<ul>\n<li>Gefertigt aus hochwertigem Eva-Kalbsleder (Dana Deri) f\u00fcr au\u00dfergew\u00f6hnliche Haltbarkeit und eleganten Stil.<\/li>\n<li>Das luxuri\u00f6se Futter aus Ziegenleder (Keci Astar) sorgt f\u00fcr hervorragende Atmungsaktivit\u00e4t und ganzt\u00e4gigen Komfort.<\/li>\n<li>Klassisches, l\u00e4ssiges Loafer-Design mit modernem Schnallen-Akzent, perfekt f\u00fcr ein vielseitiges Styling.<\/li>\n<li>Erh\u00e4ltlich in einer umfassenden Gr\u00f6\u00dfenauswahl: EU 40, 41, 42, 43, 44.<\/li>\n<li>Ideal sowohl f\u00fcr den Einzelkauf als auch f\u00fcr den Gro\u00dfhandel (Mindestbestellmenge: 8 Paare).<\/li>\n<\/ul>","protected":false},"featured_media":6742,"template":"","meta":{"_acf_changed":false,"_uag_custom_page_level_css":"","site-sidebar-layout":"default","site-content-layout":"","ast-site-content-layout":"default","site-content-style":"default","site-sidebar-style":"default","ast-global-header-display":"","ast-banner-title-visibility":"","ast-main-header-display":"","ast-hfb-above-header-display":"","ast-hfb-below-header-display":"","ast-hfb-mobile-header-display":"","site-post-title":"","ast-breadcrumbs-content":"","ast-featured-img":"","footer-sml-layout":"","ast-disable-related-posts":"","theme-transparent-header-meta":"","adv-header-id-meta":"","stick-header-meta":"","header-above-stick-meta":"","header-main-stick-meta":"","header-below-stick-meta":"","astra-migrate-meta-layouts":"default","ast-page-background-enabled":"default","ast-page-background-meta":{"desktop":{"background-color":"var(--ast-global-color-4)","background-image":"","background-repeat":"repeat","background-position":"center center","background-size":"auto","background-attachment":"scroll","background-type":"","background-media":"","overlay-type":"","overlay-color":"","overlay-opacity":"","overlay-gradient":""},"tablet":{"background-color":"","background-image":"","background-repeat":"repeat","background-position":"center center","background-size":"auto","background-attachment":"scroll","background-type":"","background-media":"","overlay-type":"","overlay-color":"","overlay-opacity":"","overlay-gradient":""},"mobile":{"background-color":"","background-image":"","background-repeat":"repeat","background-position":"center center","background-size":"auto","background-attachment":"scroll","background-type":"","background-media":"","overlay-type":"","overlay-color":"","overlay-opacity":"","overlay-gradient":""}},"ast-content-background-meta":{"desktop":{"background-color":"var(--ast-global-color-5)","background-image":"","background-repeat":"repeat","background-position":"center center","background-size":"auto","background-attachment":"scroll","background-type":"","background-media":"","overlay-type":"","overlay-color":"","overlay-opacity":"","overlay-gradient":""},"tablet":{"background-color":"var(--ast-global-color-5)","background-image":"","background-repeat":"repeat","background-position":"center center","background-size":"auto","background-attachment":"scroll","background-type":"","background-media":"","overlay-type":"","overlay-color":"","overlay-opacity":"","overlay-gradient":""},"mobile":{"background-color":"var(--ast-global-color-5)","background-image":"","background-repeat":"repeat","background-position":"center center","background-size":"auto","background-attachment":"scroll","background-type":"","background-media":"","overlay-type":"","overlay-color":"","overlay-opacity":"","overlay-gradient":""}}},"product_brand":[],"product_cat":[48,49,430,1200],"product_tag":[1435,457,272,189,215,632,670,456],"class_list":{"0":"post-8586","1":"product","2":"type-product","3":"status-publish","4":"has-post-thumbnail","6":"product_cat-casual","7":"product_cat-loafer","8":"product_cat-men","9":"product_cat-mens-shoes-2","10":"product_tag-black-calf-leather-loafers","11":"product_tag-classic-loafers","12":"product_tag-comfort-shoes","13":"product_tag-goat-leather-lining","14":"product_tag-leather-loafers","15":"product_tag-premium-leather-shoes","16":"product_tag-stylish-loafers","17":"product_tag-wholesale-loafers","18":"desktop-align-center","19":"tablet-align-center","20":"mobile-align-center","22":"first","23":"instock","24":"shipping-taxable","25":"purchasable","26":"product-type-variable","27":"has-default-attributes"},"acf":[],"uagb_featured_image_src":{"full":["https:\/\/turkishtrade.co\/wp-content\/uploads\/2026\/01\/2600QLOMN00038-BLACK.png",453,250,false],"thumbnail":["https:\/\/turkishtrade.co\/wp-content\/uploads\/2026\/01\/2600QLOMN00038-BLACK-150x150.png",150,150,true],"medium":["https:\/\/turkishtrade.co\/wp-content\/uploads\/2026\/01\/2600QLOMN00038-BLACK-300x166.png",300,166,true],"medium_large":["https:\/\/turkishtrade.co\/wp-content\/uploads\/2026\/01\/2600QLOMN00038-BLACK.png",453,250,false],"large":["https:\/\/turkishtrade.co\/wp-content\/uploads\/2026\/01\/2600QLOMN00038-BLACK.png",453,250,false],"1536x1536":["https:\/\/turkishtrade.co\/wp-content\/uploads\/2026\/01\/2600QLOMN00038-BLACK.png",453,250,false],"2048x2048":["https:\/\/turkishtrade.co\/wp-content\/uploads\/2026\/01\/2600QLOMN00038-BLACK.png",453,250,false],"trp-custom-language-flag":["https:\/\/turkishtrade.co\/wp-content\/uploads\/2026\/01\/2600QLOMN00038-BLACK-18x10.png",18,10,true],"woocommerce_thumbnail":["https:\/\/turkishtrade.co\/wp-content\/uploads\/2026\/01\/2600QLOMN00038-BLACK-400x250.png",400,250,true],"woocommerce_single":["https:\/\/turkishtrade.co\/wp-content\/uploads\/2026\/01\/2600QLOMN00038-BLACK.png",453,250,false],"woocommerce_gallery_thumbnail":["https:\/\/turkishtrade.co\/wp-content\/uploads\/2026\/01\/2600QLOMN00038-BLACK-100x100.png",100,100,true]},"uagb_author_info":{"display_name":"python python","author_link":"https:\/\/turkishtrade.co\/de\/author\/"},"uagb_comment_info":0,"uagb_excerpt":"Crafted from premium Eva Calf Leather (Dana Deri) for exceptional durability and sleek style. Features a luxurious goat leather (Keci Astar) lining for superior breathability and all-day comfort. Classic casual loafer design with a modern buckle accent, perfect for versatile styling. Available in a comprehensive size range: EU 40, 41, 42, 43, 44. Ideal for&hellip;","_links":{"self":[{"href":"https:\/\/turkishtrade.co\/de\/wp-json\/wp\/v2\/product\/8586","targetHints":{"allow":["GET"]}}],"collection":[{"href":"https:\/\/turkishtrade.co\/de\/wp-json\/wp\/v2\/product"}],"about":[{"href":"https:\/\/turkishtrade.co\/de\/wp-json\/wp\/v2\/types\/product"}],"wp:featuredmedia":[{"embeddable":true,"href":"https:\/\/turkishtrade.co\/de\/wp-json\/wp\/v2\/media\/6742"}],"wp:attachment":[{"href":"https:\/\/turkishtrade.co\/de\/wp-json\/wp\/v2\/media?parent=8586"}],"wp:term":[{"taxonomy":"product_brand","embeddable":true,"href":"https:\/\/turkishtrade.co\/de\/wp-json\/wp\/v2\/product_brand?post=8586"},{"taxonomy":"product_cat","embeddable":true,"href":"https:\/\/turkishtrade.co\/de\/wp-json\/wp\/v2\/product_cat?post=8586"},{"taxonomy":"product_tag","embeddable":true,"href":"https:\/\/turkishtrade.co\/de\/wp-json\/wp\/v2\/product_tag?post=8586"}],"curies":[{"name":"wp","href":"https:\/\/api.w.org\/{rel}","templated":true}]}}