{"id":8582,"date":"2026-01-29T14:51:19","date_gmt":"2026-01-29T14:51:19","guid":{"rendered":"https:\/\/turkishtrade.co\/?post_type=product&#038;p=8582"},"modified":"2026-04-09T20:20:54","modified_gmt":"2026-04-09T20:20:54","slug":"mens-calf-leather-loafers-16","status":"publish","type":"product","link":"https:\/\/turkishtrade.co\/de\/shop\/mens-calf-leather-loafers-16\/","title":{"rendered":"Herren Kalbsleder Loafers Elite | Herren Kalbsleder Casual Loafers"},"content":{"rendered":"<p><strong>Herren Kalbsleder Loafers<\/strong>. Qualit\u00e4t und Design der Spitzenklasse.<\/p>\n<p>Erleben Sie unvergleichlichen Komfort und anspruchsvollen Stil mit unserer exquisiten Kollektion von <strong>Herren Kalbsleder Loafers<\/strong>. Diese Loafer wurden f\u00fcr den anspruchsvollen modernen Mann entworfen, der sowohl Eleganz als auch Zweckm\u00e4\u00dfigkeit sch\u00e4tzt, und sind ein Beweis f\u00fcr hervorragende Handwerkskunst und Liebe zum Detail. Jedes Paar wird sorgf\u00e4ltig aus hochwertigem, echtem Kalbsleder gefertigt und bietet ein luxuri\u00f6ses Gef\u00fchl, eine reiche \u00c4sthetik und eine au\u00dfergew\u00f6hnliche Haltbarkeit, die den Test der Zeit bestehen wird. Die nat\u00fcrliche Textur und die hochwertige Verarbeitung des Kalbsleders sorgen f\u00fcr einen edlen Look und machen diese <strong>Herren Kalbsleder Loafers<\/strong> eine vielseitige und unverzichtbare Erg\u00e4nzung f\u00fcr jede Garderobe, perfekt f\u00fcr verschiedene Anl\u00e4sse.<\/p>\n<h3>Un\u00fcbertroffener Komfort mit luxuri\u00f6sem Ziegenleder-Futter<\/h3>\n<p>Erleben Sie den ultimativen Barfu\u00df-Komfort dank des \u00fcppig weichen Ziegenlederfutters, das das Innere dieser bemerkenswerten Schuhe ziert. Dieses hochwertige Innenmaterial ist bekannt f\u00fcr seine \u00fcberragende Atmungsaktivit\u00e4t, feuchtigkeitsableitende Eigenschaften und unglaublich sanften Griff, so dass Ihre F\u00fc\u00dfe den ganzen Tag \u00fcber k\u00fchl, trocken und bequem bleiben. Verabschieden Sie sich von Unbehagen und begr\u00fc\u00dfen Sie ein Lauferlebnis, das sich so gut anf\u00fchlt, wie es aussieht. Diese <strong>Herren Kalbsleder Loafers<\/strong> geht es nicht nur um die \u00e4u\u00dfere \u00c4sthetik; sie sind von innen heraus f\u00fcr einen hohen Komfort konzipiert, egal ob Sie einen anstrengenden Arbeitstag bew\u00e4ltigen oder einen entspannten Wochenendausflug genie\u00dfen.<\/p>\n<h3>Leichte EVA-Sohle f\u00fcr allt\u00e4gliche Vielseitigkeit<\/h3>\n<p>Die leichte und hochflexible EVA-Sohle unserer Freizeitschuhe unterstreicht ihr beeindruckendes Komfortprofil. Diese fortschrittliche Sohlentechnologie sorgt f\u00fcr eine hervorragende D\u00e4mpfung und \u00fcberragende Sto\u00dfabsorption, wodurch die Erm\u00fcdung der F\u00fc\u00dfe auch nach l\u00e4ngerem Tragen deutlich reduziert wird. Die robuste und dennoch biegsame Sohle, die elegant mit einem dezenten Kontraststreifen akzentuiert ist, bietet zuverl\u00e4ssigen Halt und erg\u00e4nzt das raffinierte Obermaterialdesign perfekt. Ob bei wichtigen Gesch\u00e4ftstreffen, geselligen Zusammenk\u00fcnften oder gem\u00fctlichen Spazierg\u00e4ngen, diese vielseitigen <strong>Herren Kalbsleder Loafers<\/strong> Sie passen sich m\u00fchelos Ihrem Zeitplan an und bieten sowohl unersch\u00fctterliche Unterst\u00fctzung als auch eine raffinierte, ausgefeilte \u00c4sthetik.<\/p>\n<h3>Zeitloses Design und perfekte Passform f\u00fcr jeden Mann<\/h3>\n<p>Die klassische Loafer-Silhouette wird durch eine stilvolle Metallschnalle und ein interessantes Strukturmuster auf dem Vorderblatt gekonnt aufgewertet und verleiht einem wirklich zeitlosen Design einen Hauch von modernem Flair. Diese durchdachten Details sorgen daf\u00fcr, dass unsere <strong>Herren Kalbsleder Loafers<\/strong> geben ein selbstbewusstes Statement ab, ohne Ihr Ensemble zu \u00fcberladen. Erh\u00e4ltlich in einer breiten Palette von Herrengr\u00f6\u00dfen von 40 bis 44, ist es einfach und unkompliziert, die perfekte Passform zu finden. Investieren Sie in ein Paar dieser hochwertigen <strong>Herren Kalbsleder Loafers<\/strong> und werten Sie Ihre Schuhsammlung mit einer tadellosen Mischung aus klassischem Charme und moderner Raffinesse auf, die Sie \u00fcberall beeindrucken wird.<\/p>\n<h3>Gro\u00dfhandelsm\u00f6glichkeiten f\u00fcr Einzelh\u00e4ndler verf\u00fcgbar<\/h3>\n<p>F\u00fcr Einzelh\u00e4ndler, Boutiquen und Unternehmen, die hochwertige, gefragte Schuhe anbieten wollen, sind diese au\u00dfergew\u00f6hnlichen <strong>Herren Kalbsleder Loafers<\/strong> sind problemlos f\u00fcr den Gro\u00dfhandel erh\u00e4ltlich. Mit einer erschwinglichen Mindestbestellmenge von nur 8 Paaren k\u00f6nnen Sie Ihren Bestand problemlos mit hochwertigen, begehrten Schuhen aufstocken, die Ihre anspruchsvollen Kunden garantiert beeindrucken und Ihr Produktangebot aufwerten werden. Kontaktieren Sie uns noch heute, um mehr \u00fcber unser flexibles Gro\u00dfhandelsprogramm zu erfahren und den Luxus, den Komfort und den dauerhaften Stil dieser au\u00dfergew\u00f6hnlichen Schuhe in Ihr Sortiment aufzunehmen. <strong>Herren Kalbsleder Loafers<\/strong> f\u00fcr Ihre gesch\u00e4tzte Kundschaft.<\/p>","protected":false},"excerpt":{"rendered":"<ul>\n<li>Fachm\u00e4nnisch gefertigt aus hochwertigem echtem Kalbsleder f\u00fcr \u00fcberlegenen Stil und Haltbarkeit.<\/li>\n<li>Luxuri\u00f6ses Ziegenlederfutter bietet au\u00dfergew\u00f6hnlichen Komfort, Atmungsaktivit\u00e4t und ein weiches Tragegef\u00fchl.<\/li>\n<li>Die leichte und flexible EVA-Sohle sorgt f\u00fcr ganzt\u00e4gigen Tragekomfort und hervorragende D\u00e4mpfung.<\/li>\n<li>Klassisches, l\u00e4ssiges Loafer-Design mit eleganter Metallschnalle und einzigartiger Textur.<\/li>\n<li>Erh\u00e4ltlich in einer breiten Palette von Herrengr\u00f6\u00dfen: 40, 41, 42, 43, 44.<\/li>\n<li>Ideal f\u00fcr alle, die erstklassigen Komfort und anspruchsvolles Freizeitschuhwerk suchen, das auff\u00e4llt.<\/li>\n<li>Gro\u00dfhandelspreise f\u00fcr Einzelh\u00e4ndler bei einer Mindestbestellmenge von 8 Paaren.<\/li>\n<\/ul>","protected":false},"featured_media":6738,"template":"","meta":{"_acf_changed":false,"_uag_custom_page_level_css":"","site-sidebar-layout":"default","site-content-layout":"","ast-site-content-layout":"default","site-content-style":"default","site-sidebar-style":"default","ast-global-header-display":"","ast-banner-title-visibility":"","ast-main-header-display":"","ast-hfb-above-header-display":"","ast-hfb-below-header-display":"","ast-hfb-mobile-header-display":"","site-post-title":"","ast-breadcrumbs-content":"","ast-featured-img":"","footer-sml-layout":"","ast-disable-related-posts":"","theme-transparent-header-meta":"","adv-header-id-meta":"","stick-header-meta":"","header-above-stick-meta":"","header-main-stick-meta":"","header-below-stick-meta":"","astra-migrate-meta-layouts":"default","ast-page-background-enabled":"default","ast-page-background-meta":{"desktop":{"background-color":"var(--ast-global-color-4)","background-image":"","background-repeat":"repeat","background-position":"center center","background-size":"auto","background-attachment":"scroll","background-type":"","background-media":"","overlay-type":"","overlay-color":"","overlay-opacity":"","overlay-gradient":""},"tablet":{"background-color":"","background-image":"","background-repeat":"repeat","background-position":"center center","background-size":"auto","background-attachment":"scroll","background-type":"","background-media":"","overlay-type":"","overlay-color":"","overlay-opacity":"","overlay-gradient":""},"mobile":{"background-color":"","background-image":"","background-repeat":"repeat","background-position":"center center","background-size":"auto","background-attachment":"scroll","background-type":"","background-media":"","overlay-type":"","overlay-color":"","overlay-opacity":"","overlay-gradient":""}},"ast-content-background-meta":{"desktop":{"background-color":"var(--ast-global-color-5)","background-image":"","background-repeat":"repeat","background-position":"center center","background-size":"auto","background-attachment":"scroll","background-type":"","background-media":"","overlay-type":"","overlay-color":"","overlay-opacity":"","overlay-gradient":""},"tablet":{"background-color":"var(--ast-global-color-5)","background-image":"","background-repeat":"repeat","background-position":"center center","background-size":"auto","background-attachment":"scroll","background-type":"","background-media":"","overlay-type":"","overlay-color":"","overlay-opacity":"","overlay-gradient":""},"mobile":{"background-color":"var(--ast-global-color-5)","background-image":"","background-repeat":"repeat","background-position":"center center","background-size":"auto","background-attachment":"scroll","background-type":"","background-media":"","overlay-type":"","overlay-color":"","overlay-opacity":"","overlay-gradient":""}}},"product_brand":[],"product_cat":[48,49,430,1200],"product_tag":[147,185,449,220,438,1249,215,186,546,456],"class_list":{"0":"post-8582","1":"product","2":"type-product","3":"status-publish","4":"has-post-thumbnail","6":"product_cat-casual","7":"product_cat-loafer","8":"product_cat-men","9":"product_cat-mens-shoes-2","10":"product_tag-brown-loafers","11":"product_tag-calf-leather-shoes","12":"product_tag-casual-shoes","13":"product_tag-comfortable-loafers","14":"product_tag-eva-sole","15":"product_tag-goat-lining","16":"product_tag-leather-loafers","17":"product_tag-mens-loafers","18":"product_tag-stylish-mens-shoes","19":"product_tag-wholesale-loafers","20":"desktop-align-center","21":"tablet-align-center","22":"mobile-align-center","24":"first","25":"instock","26":"shipping-taxable","27":"purchasable","28":"product-type-variable","29":"has-default-attributes"},"acf":[],"uagb_featured_image_src":{"full":["https:\/\/turkishtrade.co\/wp-content\/uploads\/2026\/01\/2600QLOMN00034-BROWN.png",453,250,false],"thumbnail":["https:\/\/turkishtrade.co\/wp-content\/uploads\/2026\/01\/2600QLOMN00034-BROWN-150x150.png",150,150,true],"medium":["https:\/\/turkishtrade.co\/wp-content\/uploads\/2026\/01\/2600QLOMN00034-BROWN-300x166.png",300,166,true],"medium_large":["https:\/\/turkishtrade.co\/wp-content\/uploads\/2026\/01\/2600QLOMN00034-BROWN.png",453,250,false],"large":["https:\/\/turkishtrade.co\/wp-content\/uploads\/2026\/01\/2600QLOMN00034-BROWN.png",453,250,false],"1536x1536":["https:\/\/turkishtrade.co\/wp-content\/uploads\/2026\/01\/2600QLOMN00034-BROWN.png",453,250,false],"2048x2048":["https:\/\/turkishtrade.co\/wp-content\/uploads\/2026\/01\/2600QLOMN00034-BROWN.png",453,250,false],"trp-custom-language-flag":["https:\/\/turkishtrade.co\/wp-content\/uploads\/2026\/01\/2600QLOMN00034-BROWN-18x10.png",18,10,true],"woocommerce_thumbnail":["https:\/\/turkishtrade.co\/wp-content\/uploads\/2026\/01\/2600QLOMN00034-BROWN-400x250.png",400,250,true],"woocommerce_single":["https:\/\/turkishtrade.co\/wp-content\/uploads\/2026\/01\/2600QLOMN00034-BROWN.png",453,250,false],"woocommerce_gallery_thumbnail":["https:\/\/turkishtrade.co\/wp-content\/uploads\/2026\/01\/2600QLOMN00034-BROWN-100x100.png",100,100,true]},"uagb_author_info":{"display_name":"python python","author_link":"https:\/\/turkishtrade.co\/de\/author\/"},"uagb_comment_info":0,"uagb_excerpt":"Expertly crafted from high-quality genuine calf leather for superior style and durability. Luxurious goat leather lining provides exceptional comfort, breathability, and a soft feel. Features a lightweight and flexible EVA sole for all-day wearability and excellent cushioning. Classic casual loafer design enhanced with an elegant metal buckle and unique texture detailing. Available in a comprehensive&hellip;","_links":{"self":[{"href":"https:\/\/turkishtrade.co\/de\/wp-json\/wp\/v2\/product\/8582","targetHints":{"allow":["GET"]}}],"collection":[{"href":"https:\/\/turkishtrade.co\/de\/wp-json\/wp\/v2\/product"}],"about":[{"href":"https:\/\/turkishtrade.co\/de\/wp-json\/wp\/v2\/types\/product"}],"wp:featuredmedia":[{"embeddable":true,"href":"https:\/\/turkishtrade.co\/de\/wp-json\/wp\/v2\/media\/6738"}],"wp:attachment":[{"href":"https:\/\/turkishtrade.co\/de\/wp-json\/wp\/v2\/media?parent=8582"}],"wp:term":[{"taxonomy":"product_brand","embeddable":true,"href":"https:\/\/turkishtrade.co\/de\/wp-json\/wp\/v2\/product_brand?post=8582"},{"taxonomy":"product_cat","embeddable":true,"href":"https:\/\/turkishtrade.co\/de\/wp-json\/wp\/v2\/product_cat?post=8582"},{"taxonomy":"product_tag","embeddable":true,"href":"https:\/\/turkishtrade.co\/de\/wp-json\/wp\/v2\/product_tag?post=8582"}],"curies":[{"name":"wp","href":"https:\/\/api.w.org\/{rel}","templated":true}]}}