{"id":8565,"date":"2026-01-29T14:51:05","date_gmt":"2026-01-29T14:51:05","guid":{"rendered":"https:\/\/turkishtrade.co\/?post_type=product&#038;p=8565"},"modified":"2026-04-09T20:21:00","modified_gmt":"2026-04-09T20:21:00","slug":"mens-calf-leather-loafers-22","status":"publish","type":"product","link":"https:\/\/turkishtrade.co\/de\/shop\/mens-calf-leather-loafers-22\/","title":{"rendered":"Herren Loafers aus Kalbsleder Elite | Wei\u00dfes Kalbsleder Herren Loafers"},"content":{"rendered":"<p><strong>Herren Kalbsleder Loafers<\/strong>. Qualit\u00e4t und Design der Spitzenklasse.<\/p>\n<p>Erweitern Sie Ihre Schuhkollektion mit unseren exquisiten <strong>Wei\u00dfes Kalbsleder Herren Loafers<\/strong>, f\u00fcr den anspruchsvollen Gentleman, der sowohl Stil als auch Komfort sch\u00e4tzt. Diese Premium-Slipper sind sorgf\u00e4ltig aus echtem Kalbsleder gefertigt und bieten ein glattes, langlebiges und anspruchsvolles \u00c4u\u00dferes. Die knackige wei\u00dfe Farbe, kombiniert mit einem subtilen, aber unverwechselbaren Muster auf dem Obermaterial, sorgt daf\u00fcr, dass diese <strong>Herren-Slipper aus Kalbsleder<\/strong> Sie sind eine vielseitige Wahl f\u00fcr eine Vielzahl von legeren und l\u00e4ssigen Anl\u00e4ssen.<\/p>\n<h3>Un\u00fcbertroffener Komfort und Qualit\u00e4t<\/h3>\n<p>Erleben Sie unvergleichlichen Komfort bei jedem Schritt, dank des luxuri\u00f6sen Ziegenlederfutters. Das f\u00fcr seine Weichheit und Atmungsaktivit\u00e4t bekannte Innenfutter aus Ziegenleder schmiegt sich an Ihre F\u00fc\u00dfe und sorgt auch bei l\u00e4ngerem Tragen f\u00fcr ein angenehmes Klima. Im Gegensatz zu synthetischen Alternativen helfen die nat\u00fcrlichen Eigenschaften des Ziegenleders, die Temperatur zu regulieren und Feuchtigkeit abzutransportieren, damit Ihre F\u00fc\u00dfe frisch bleiben. Die Grundlage f\u00fcr diese au\u00dfergew\u00f6hnlichen <strong>Slipper aus Kalbsleder f\u00fcr M\u00e4nner<\/strong> ist eine leichte und flexible EVA-Sohle. Diese fortschrittliche Sohlentechnologie absorbiert St\u00f6\u00dfe, reduziert Erm\u00fcdungserscheinungen und bietet hervorragende Traktion, was diese Schuhe ideal f\u00fcr den t\u00e4glichen Gebrauch macht.<\/p>\n<h3>Stilvolle Vielseitigkeit f\u00fcr den modernen Mann<\/h3>\n<p>Unser <strong>Wei\u00dfes Kalbsleder Herren Loafers<\/strong> sind mehr als nur Schuhe; sie sind ein Statement von schlichter Eleganz. Die klassische Loafer-Silhouette, aktualisiert mit modernen Designelementen, l\u00e4sst sich m\u00fchelos mit verschiedenen Outfits kombinieren. Stellen Sie sich diese Schuhe mit ma\u00dfgeschneiderten Chinos f\u00fcr einen entspannten B\u00fcrolook, mit Leinenhosen f\u00fcr einen Sommerabend oder sogar mit dunklen Jeans f\u00fcr ein raffiniertes Wochenend-Ensemble vor. Diese <strong>Herren-Slipper aus Kalbsleder<\/strong> sind so konzipiert, dass sie Ihren pers\u00f6nlichen Stil erg\u00e4nzen und eine Mischung aus traditioneller Handwerkskunst und moderner \u00c4sthetik bieten. Sie sind in den Gr\u00f6\u00dfen 40 bis 44 erh\u00e4ltlich, so dass es ganz einfach ist, die perfekte Passform zu finden.<\/p>\n<h3>Langlebigkeit und handwerkliches K\u00f6nnen<\/h3>\n<p>Jedes Paar dieser <strong>hochwertige wei\u00dfe Slipper<\/strong> ist ein Zeugnis h\u00f6chster Handwerkskunst. Von der sorgf\u00e4ltigen Auswahl des hochwertigen Kalbsleders f\u00fcr das Obermaterial bis hin zu den pr\u00e4zisen N\u00e4hten und der Verarbeitung ist jedes Detail durchdacht. Die robuste Konstruktion sorgt daf\u00fcr, dass diese <strong>Kalbsleder-Slipper<\/strong> sind langlebig und behalten ihr makelloses Aussehen und ihre bequeme Passform \u00fcber lange Zeit. Investieren Sie in Schuhe, die nicht nur gut aussehen, sondern auch dauerhafte Qualit\u00e4t und Komfort bieten. F\u00fcr Unternehmen, die ihren Kunden erstklassige Schuhe anbieten m\u00f6chten, sind diese <strong>Herren-Slipper aus Kalbsleder<\/strong> sind ab einer Mindestbestellmenge von 8 Paaren f\u00fcr den Gro\u00dfhandel erh\u00e4ltlich.<\/p>","protected":false},"excerpt":{"rendered":"<ul>\n<li>Gefertigt aus echtem Kalbsleder f\u00fcr ein anspruchsvolles Finish.<\/li>\n<li>Luxuri\u00f6ses Ziegenlederfutter sorgt f\u00fcr au\u00dfergew\u00f6hnliche Atmungsaktivit\u00e4t und Komfort.<\/li>\n<li>Leichte EVA-Sohle bietet hervorragende D\u00e4mpfung und Flexibilit\u00e4t.<\/li>\n<li>Stilvoller, l\u00e4ssiger Loafer mit einem einzigartigen, gemusterten Obermaterial.<\/li>\n<li>Erh\u00e4ltlich in einer breiten Palette von Gr\u00f6\u00dfen: 40, 41, 42, 43, 44.<\/li>\n<li>Gro\u00dfhandelsbestellungen sind bei einer Mindestabnahme von 8 Paaren willkommen.<\/li>\n<\/ul>","protected":false},"featured_media":6736,"template":"","meta":{"_acf_changed":false,"_uag_custom_page_level_css":"","site-sidebar-layout":"default","site-content-layout":"","ast-site-content-layout":"default","site-content-style":"default","site-sidebar-style":"default","ast-global-header-display":"","ast-banner-title-visibility":"","ast-main-header-display":"","ast-hfb-above-header-display":"","ast-hfb-below-header-display":"","ast-hfb-mobile-header-display":"","site-post-title":"","ast-breadcrumbs-content":"","ast-featured-img":"","footer-sml-layout":"","ast-disable-related-posts":"","theme-transparent-header-meta":"","adv-header-id-meta":"","stick-header-meta":"","header-above-stick-meta":"","header-main-stick-meta":"","header-below-stick-meta":"","astra-migrate-meta-layouts":"default","ast-page-background-enabled":"default","ast-page-background-meta":{"desktop":{"background-color":"var(--ast-global-color-4)","background-image":"","background-repeat":"repeat","background-position":"center center","background-size":"auto","background-attachment":"scroll","background-type":"","background-media":"","overlay-type":"","overlay-color":"","overlay-opacity":"","overlay-gradient":""},"tablet":{"background-color":"","background-image":"","background-repeat":"repeat","background-position":"center center","background-size":"auto","background-attachment":"scroll","background-type":"","background-media":"","overlay-type":"","overlay-color":"","overlay-opacity":"","overlay-gradient":""},"mobile":{"background-color":"","background-image":"","background-repeat":"repeat","background-position":"center center","background-size":"auto","background-attachment":"scroll","background-type":"","background-media":"","overlay-type":"","overlay-color":"","overlay-opacity":"","overlay-gradient":""}},"ast-content-background-meta":{"desktop":{"background-color":"var(--ast-global-color-5)","background-image":"","background-repeat":"repeat","background-position":"center center","background-size":"auto","background-attachment":"scroll","background-type":"","background-media":"","overlay-type":"","overlay-color":"","overlay-opacity":"","overlay-gradient":""},"tablet":{"background-color":"var(--ast-global-color-5)","background-image":"","background-repeat":"repeat","background-position":"center center","background-size":"auto","background-attachment":"scroll","background-type":"","background-media":"","overlay-type":"","overlay-color":"","overlay-opacity":"","overlay-gradient":""},"mobile":{"background-color":"var(--ast-global-color-5)","background-image":"","background-repeat":"repeat","background-position":"center center","background-size":"auto","background-attachment":"scroll","background-type":"","background-media":"","overlay-type":"","overlay-color":"","overlay-opacity":"","overlay-gradient":""}}},"product_brand":[],"product_cat":[48,49,430,1200],"product_tag":[263,449,438,1249,227,384,198,186,184,1432],"class_list":{"0":"post-8565","1":"product","2":"type-product","3":"status-publish","4":"has-post-thumbnail","6":"product_cat-casual","7":"product_cat-loafer","8":"product_cat-men","9":"product_cat-mens-shoes-2","10":"product_tag-calf-leather-loafers","11":"product_tag-casual-shoes","12":"product_tag-eva-sole","13":"product_tag-goat-lining","14":"product_tag-leather-shoes","15":"product_tag-luxury-loafers","16":"product_tag-mens-fashion","17":"product_tag-mens-loafers","18":"product_tag-slip-on-shoes","19":"product_tag-white-loafers","20":"desktop-align-center","21":"tablet-align-center","22":"mobile-align-center","24":"first","25":"instock","26":"shipping-taxable","27":"purchasable","28":"product-type-variable","29":"has-default-attributes"},"acf":[],"uagb_featured_image_src":{"full":["https:\/\/turkishtrade.co\/wp-content\/uploads\/2026\/01\/2600QLOMN00032-WHITE.png",453,250,false],"thumbnail":["https:\/\/turkishtrade.co\/wp-content\/uploads\/2026\/01\/2600QLOMN00032-WHITE-150x150.png",150,150,true],"medium":["https:\/\/turkishtrade.co\/wp-content\/uploads\/2026\/01\/2600QLOMN00032-WHITE-300x166.png",300,166,true],"medium_large":["https:\/\/turkishtrade.co\/wp-content\/uploads\/2026\/01\/2600QLOMN00032-WHITE.png",453,250,false],"large":["https:\/\/turkishtrade.co\/wp-content\/uploads\/2026\/01\/2600QLOMN00032-WHITE.png",453,250,false],"1536x1536":["https:\/\/turkishtrade.co\/wp-content\/uploads\/2026\/01\/2600QLOMN00032-WHITE.png",453,250,false],"2048x2048":["https:\/\/turkishtrade.co\/wp-content\/uploads\/2026\/01\/2600QLOMN00032-WHITE.png",453,250,false],"trp-custom-language-flag":["https:\/\/turkishtrade.co\/wp-content\/uploads\/2026\/01\/2600QLOMN00032-WHITE-18x10.png",18,10,true],"woocommerce_thumbnail":["https:\/\/turkishtrade.co\/wp-content\/uploads\/2026\/01\/2600QLOMN00032-WHITE-400x250.png",400,250,true],"woocommerce_single":["https:\/\/turkishtrade.co\/wp-content\/uploads\/2026\/01\/2600QLOMN00032-WHITE.png",453,250,false],"woocommerce_gallery_thumbnail":["https:\/\/turkishtrade.co\/wp-content\/uploads\/2026\/01\/2600QLOMN00032-WHITE-100x100.png",100,100,true]},"uagb_author_info":{"display_name":"python python","author_link":"https:\/\/turkishtrade.co\/de\/author\/"},"uagb_comment_info":0,"uagb_excerpt":"Crafted from genuine calf leather for a sophisticated finish. Luxurious goat leather lining ensures exceptional breathability and comfort. Lightweight EVA sole provides superior cushioning and flexibility. Stylish casual loafer design with a unique patterned upper. Available in a wide range of sizes: 40, 41, 42, 43, 44. Wholesale orders welcome with a minimum purchase of&hellip;","_links":{"self":[{"href":"https:\/\/turkishtrade.co\/de\/wp-json\/wp\/v2\/product\/8565","targetHints":{"allow":["GET"]}}],"collection":[{"href":"https:\/\/turkishtrade.co\/de\/wp-json\/wp\/v2\/product"}],"about":[{"href":"https:\/\/turkishtrade.co\/de\/wp-json\/wp\/v2\/types\/product"}],"wp:featuredmedia":[{"embeddable":true,"href":"https:\/\/turkishtrade.co\/de\/wp-json\/wp\/v2\/media\/6736"}],"wp:attachment":[{"href":"https:\/\/turkishtrade.co\/de\/wp-json\/wp\/v2\/media?parent=8565"}],"wp:term":[{"taxonomy":"product_brand","embeddable":true,"href":"https:\/\/turkishtrade.co\/de\/wp-json\/wp\/v2\/product_brand?post=8565"},{"taxonomy":"product_cat","embeddable":true,"href":"https:\/\/turkishtrade.co\/de\/wp-json\/wp\/v2\/product_cat?post=8565"},{"taxonomy":"product_tag","embeddable":true,"href":"https:\/\/turkishtrade.co\/de\/wp-json\/wp\/v2\/product_tag?post=8565"}],"curies":[{"name":"wp","href":"https:\/\/api.w.org\/{rel}","templated":true}]}}