{"id":8559,"date":"2026-01-29T14:51:04","date_gmt":"2026-01-29T14:51:04","guid":{"rendered":"https:\/\/turkishtrade.co\/?post_type=product&#038;p=8559"},"modified":"2026-04-09T20:21:19","modified_gmt":"2026-04-09T20:21:19","slug":"mens-calf-leather-casual-loafer","status":"publish","type":"product","link":"https:\/\/turkishtrade.co\/de\/shop\/mens-calf-leather-casual-loafer\/","title":{"rendered":"Herren Kalbsleder Casual Loafer Incredible | mit Eva-Sohle"},"content":{"rendered":"<p><strong>Herren Kalbsleder Casual Loafer<\/strong>. Unglaubliche Qualit\u00e4t und Design.<\/p>\n<p>Erleben Sie anspruchsvollen Komfort und zeitlosen Stil mit unseren exquisiten <strong>Herren Kalbsleder Casual Loafer<\/strong>, wurde sorgf\u00e4ltig f\u00fcr den modernen Gentleman entworfen. Dieses Premium-Schuhwerk kombiniert eine klassische Silhouette mit unvergleichlichem Komfort und ist damit eine wesentliche Erg\u00e4nzung f\u00fcr jede anspruchsvolle Garderobe. Gefertigt aus hochwertigem Kalbsleder, bieten diese Loafer sowohl eine au\u00dfergew\u00f6hnliche Haltbarkeit als auch eine raffinierte \u00c4sthetik, die wirklich hervorsticht.<\/p>\n<h3>Un\u00fcbertroffener Komfort und handwerkliche Qualit\u00e4t<\/h3>\n<p>Erleben Sie wahren Luxus bei jedem Schritt. Unser <strong>Herren Kalbsleder Casual Loafer<\/strong> ist mit einem pr\u00e4chtigen Ziegenlederfutter ausgestattet, das f\u00fcr seine unglaubliche Weichheit, Flexibilit\u00e4t und nat\u00fcrliche Atmungsaktivit\u00e4t bekannt ist. Dieses Premium-Futter sorgt daf\u00fcr, dass Ihre F\u00fc\u00dfe den ganzen Tag \u00fcber bequem und frisch bleiben und auch nach l\u00e4ngerem Tragen nicht schmerzen. Erg\u00e4nzt wird dieses luxuri\u00f6se Innenleben durch eine hochmoderne EVA-Sohle. Die leichten und flexiblen Eigenschaften der EVA-Sohle sorgen f\u00fcr eine hervorragende D\u00e4mpfung und eine effektive Sto\u00dfabsorption, wodurch Erm\u00fcdungserscheinungen am Fu\u00df deutlich reduziert werden und ein au\u00dfergew\u00f6hnlich komfortables Lauferlebnis entsteht. Egal, ob Sie sich durch die belebten Stra\u00dfen der Stadt bewegen oder ein entspanntes Wochenende genie\u00dfen, dieser Slipper bietet durchweg Komfort und Unterst\u00fctzung.<\/p>\n<h3>Anspruchsvoller Stil f\u00fcr jeden Anlass<\/h3>\n<p>Das elegante Design dieses <strong>Herren Kalbsleder Casual Loafer<\/strong> macht ihn unglaublich vielseitig. Seine klassische, legere Silhouette wird durch ein einzigartiges, strukturiertes Obermaterial und ein auff\u00e4lliges Metallschnallendetail subtil aufgewertet, was ihm einen Hauch von Unterscheidungskraft und modernem Flair verleiht. Der satte Braunton des Kalbsleders l\u00e4sst sich m\u00fchelos mit einer Vielzahl von Outfits kombinieren, von eleganten Freizeithosen und Chinos bis hin zu l\u00e4ssigen Jeans. Dieser Schuh ist nicht einfach nur ein Schuh, er ist ein Statement f\u00fcr raffinierten Geschmack und m\u00fchelose Eleganz, perfekt f\u00fcr legere Gesch\u00e4ftsumgebungen, gesellschaftliche Anl\u00e4sse oder einfach zum Aufwerten Ihres Alltagslooks. Jedes Paar dieser hochwertigen <strong>Herren Kalbsleder Casual Loafer<\/strong> spiegelt das Engagement f\u00fcr hervorragende Handwerkskunst und modernes Design wider und sorgt daf\u00fcr, dass Sie immer einen bleibenden Eindruck hinterlassen.<\/p>\n<h3>Ideal f\u00fcr Einzelh\u00e4ndler: Au\u00dfergew\u00f6hnliche M\u00f6glichkeiten f\u00fcr den Gro\u00dfhandel<\/h3>\n<p>F\u00fcr Einzelh\u00e4ndler, die ihren Kunden eine hervorragende Mischung aus Qualit\u00e4t, Komfort und Stil bieten m\u00f6chten, ist unser <strong>Herren Kalbsleder Casual Loafer<\/strong> ist eine hervorragende Gelegenheit f\u00fcr den Gro\u00dfhandel. Erh\u00e4ltlich in einer praktischen Gr\u00f6\u00dfenreihe von EU 40 bis 44, sprechen diese beliebten Loafer einen breiten und vielf\u00e4ltigen Kundenkreis an. Wir kennen die dynamischen Anforderungen des Einzelhandelsmarktes und bieten diese hochwertigen Loafer mit einer praktischen Mindestbestellmenge von nur 8 Paar an. Decken Sie sich mit diesem gefragten Modell ein <strong>Herren Kalbsleder Casual Loafer<\/strong> und versorgen Sie Ihre Kundschaft mit Schuhen, die luxuri\u00f6se Materialien, ergonomisches Design und dauerhaften Stil perfekt miteinander verbinden. Diese au\u00dfergew\u00f6hnliche <strong>Herren Kalbsleder Casual Loafer<\/strong> ist ein Muss f\u00fcr jeden modebewussten Kunden. Arbeiten Sie mit uns zusammen, um die Kollektion Ihres Gesch\u00e4fts mit unvergleichlichem Komfort und anspruchsvollem Stil zu erg\u00e4nzen.<\/p>","protected":false},"excerpt":{"rendered":"<ul>\n<li>Obermaterial aus hochwertigem Kalbsleder f\u00fcr Strapazierf\u00e4higkeit und raffinierten Stil.<\/li>\n<li>Luxuri\u00f6ses Ziegenlederfutter sorgt f\u00fcr au\u00dfergew\u00f6hnlichen Komfort und Atmungsaktivit\u00e4t.<\/li>\n<li>Die leichte und flexible EVA-Sohle bietet hervorragende D\u00e4mpfung f\u00fcr ganzt\u00e4gigen Tragekomfort.<\/li>\n<li>Ein raffinierter, l\u00e4ssiger Loafer mit eleganter Metallschnalle.<\/li>\n<li>Erh\u00e4ltlich in einer umfassenden Gr\u00f6\u00dfenauswahl von EU 40 bis 44.<\/li>\n<li>Bei einer Mindestbestellmenge von 8 Paaren sind Gro\u00dfhandelsangebote erh\u00e4ltlich.<\/li>\n<\/ul>","protected":false},"featured_media":6730,"template":"","meta":{"_acf_changed":false,"_uag_custom_page_level_css":"","site-sidebar-layout":"default","site-content-layout":"","ast-site-content-layout":"default","site-content-style":"default","site-sidebar-style":"default","ast-global-header-display":"","ast-banner-title-visibility":"","ast-main-header-display":"","ast-hfb-above-header-display":"","ast-hfb-below-header-display":"","ast-hfb-mobile-header-display":"","site-post-title":"","ast-breadcrumbs-content":"","ast-featured-img":"","footer-sml-layout":"","ast-disable-related-posts":"","theme-transparent-header-meta":"","adv-header-id-meta":"","stick-header-meta":"","header-above-stick-meta":"","header-main-stick-meta":"","header-below-stick-meta":"","astra-migrate-meta-layouts":"default","ast-page-background-enabled":"default","ast-page-background-meta":{"desktop":{"background-color":"var(--ast-global-color-4)","background-image":"","background-repeat":"repeat","background-position":"center center","background-size":"auto","background-attachment":"scroll","background-type":"","background-media":"","overlay-type":"","overlay-color":"","overlay-opacity":"","overlay-gradient":""},"tablet":{"background-color":"","background-image":"","background-repeat":"repeat","background-position":"center center","background-size":"auto","background-attachment":"scroll","background-type":"","background-media":"","overlay-type":"","overlay-color":"","overlay-opacity":"","overlay-gradient":""},"mobile":{"background-color":"","background-image":"","background-repeat":"repeat","background-position":"center center","background-size":"auto","background-attachment":"scroll","background-type":"","background-media":"","overlay-type":"","overlay-color":"","overlay-opacity":"","overlay-gradient":""}},"ast-content-background-meta":{"desktop":{"background-color":"var(--ast-global-color-5)","background-image":"","background-repeat":"repeat","background-position":"center center","background-size":"auto","background-attachment":"scroll","background-type":"","background-media":"","overlay-type":"","overlay-color":"","overlay-opacity":"","overlay-gradient":""},"tablet":{"background-color":"var(--ast-global-color-5)","background-image":"","background-repeat":"repeat","background-position":"center center","background-size":"auto","background-attachment":"scroll","background-type":"","background-media":"","overlay-type":"","overlay-color":"","overlay-opacity":"","overlay-gradient":""},"mobile":{"background-color":"var(--ast-global-color-5)","background-image":"","background-repeat":"repeat","background-position":"center center","background-size":"auto","background-attachment":"scroll","background-type":"","background-media":"","overlay-type":"","overlay-color":"","overlay-opacity":"","overlay-gradient":""}}},"product_brand":[],"product_cat":[48,49,430,1200],"product_tag":[147,185,512,220,287,189,215,186,1083,254],"class_list":{"0":"post-8559","1":"product","2":"type-product","3":"status-publish","4":"has-post-thumbnail","6":"product_cat-casual","7":"product_cat-loafer","8":"product_cat-men","9":"product_cat-mens-shoes-2","10":"product_tag-brown-loafers","11":"product_tag-calf-leather-shoes","12":"product_tag-casual-loafers","13":"product_tag-comfortable-loafers","14":"product_tag-eva-sole-shoes","15":"product_tag-goat-leather-lining","16":"product_tag-leather-loafers","17":"product_tag-mens-loafers","18":"product_tag-mens-slip-on","19":"product_tag-wholesale-footwear","20":"desktop-align-center","21":"tablet-align-center","22":"mobile-align-center","24":"first","25":"instock","26":"shipping-taxable","27":"purchasable","28":"product-type-variable","29":"has-default-attributes"},"acf":[],"uagb_featured_image_src":{"full":["https:\/\/turkishtrade.co\/wp-content\/uploads\/2026\/01\/2600QLOMN00026-BLACK.png",453,250,false],"thumbnail":["https:\/\/turkishtrade.co\/wp-content\/uploads\/2026\/01\/2600QLOMN00026-BLACK-150x150.png",150,150,true],"medium":["https:\/\/turkishtrade.co\/wp-content\/uploads\/2026\/01\/2600QLOMN00026-BLACK-300x166.png",300,166,true],"medium_large":["https:\/\/turkishtrade.co\/wp-content\/uploads\/2026\/01\/2600QLOMN00026-BLACK.png",453,250,false],"large":["https:\/\/turkishtrade.co\/wp-content\/uploads\/2026\/01\/2600QLOMN00026-BLACK.png",453,250,false],"1536x1536":["https:\/\/turkishtrade.co\/wp-content\/uploads\/2026\/01\/2600QLOMN00026-BLACK.png",453,250,false],"2048x2048":["https:\/\/turkishtrade.co\/wp-content\/uploads\/2026\/01\/2600QLOMN00026-BLACK.png",453,250,false],"trp-custom-language-flag":["https:\/\/turkishtrade.co\/wp-content\/uploads\/2026\/01\/2600QLOMN00026-BLACK-18x10.png",18,10,true],"woocommerce_thumbnail":["https:\/\/turkishtrade.co\/wp-content\/uploads\/2026\/01\/2600QLOMN00026-BLACK-400x250.png",400,250,true],"woocommerce_single":["https:\/\/turkishtrade.co\/wp-content\/uploads\/2026\/01\/2600QLOMN00026-BLACK.png",453,250,false],"woocommerce_gallery_thumbnail":["https:\/\/turkishtrade.co\/wp-content\/uploads\/2026\/01\/2600QLOMN00026-BLACK-100x100.png",100,100,true]},"uagb_author_info":{"display_name":"python python","author_link":"https:\/\/turkishtrade.co\/de\/author\/"},"uagb_comment_info":0,"uagb_excerpt":"Premium calf leather upper for durability and refined style. Luxurious goat leather lining ensures exceptional comfort and breathability. Lightweight and flexible EVA sole provides superior cushioning for all-day wear. Features a sophisticated casual loafer design with an elegant metallic buckle. Available in a comprehensive size range from EU 40 to 44. Wholesale opportunities available with&hellip;","_links":{"self":[{"href":"https:\/\/turkishtrade.co\/de\/wp-json\/wp\/v2\/product\/8559","targetHints":{"allow":["GET"]}}],"collection":[{"href":"https:\/\/turkishtrade.co\/de\/wp-json\/wp\/v2\/product"}],"about":[{"href":"https:\/\/turkishtrade.co\/de\/wp-json\/wp\/v2\/types\/product"}],"wp:featuredmedia":[{"embeddable":true,"href":"https:\/\/turkishtrade.co\/de\/wp-json\/wp\/v2\/media\/6730"}],"wp:attachment":[{"href":"https:\/\/turkishtrade.co\/de\/wp-json\/wp\/v2\/media?parent=8559"}],"wp:term":[{"taxonomy":"product_brand","embeddable":true,"href":"https:\/\/turkishtrade.co\/de\/wp-json\/wp\/v2\/product_brand?post=8559"},{"taxonomy":"product_cat","embeddable":true,"href":"https:\/\/turkishtrade.co\/de\/wp-json\/wp\/v2\/product_cat?post=8559"},{"taxonomy":"product_tag","embeddable":true,"href":"https:\/\/turkishtrade.co\/de\/wp-json\/wp\/v2\/product_tag?post=8559"}],"curies":[{"name":"wp","href":"https:\/\/api.w.org\/{rel}","templated":true}]}}