{"id":8528,"date":"2026-01-29T14:50:50","date_gmt":"2026-01-29T14:50:50","guid":{"rendered":"https:\/\/turkishtrade.co\/?post_type=product&#038;p=8528"},"modified":"2026-04-09T20:22:12","modified_gmt":"2026-04-09T20:22:12","slug":"mens-calf-leather-loafers-13","status":"publish","type":"product","link":"https:\/\/turkishtrade.co\/de\/shop\/mens-calf-leather-loafers-13\/","title":{"rendered":"Herren Kalbsleder Loafers Echt | Herren Premium Schwarz Kalbsleder"},"content":{"rendered":"<p><strong>Herren Kalbsleder Loafers<\/strong>. Echte Qualit\u00e4t und Design.<\/p>\n<p>Erleben Sie unvergleichlichen Komfort und anspruchsvollen Stil mit unserem <b>Herren Premium Loafers aus schwarzem Kalbsleder<\/b>. Diese klassischen Slipper, die sorgf\u00e4ltig f\u00fcr den modernen Gentleman gefertigt wurden, werten Ihre Garderobe auf und bieten eine perfekte Mischung aus zeitloser Eleganz und Alltagstauglichkeit. Jedes Paar zeichnet sich durch \u00fcberlegene Handwerkskunst aus, was sie zu einer unverzichtbaren Erg\u00e4nzung sowohl f\u00fcr formelle Anl\u00e4sse als auch f\u00fcr raffinierte Freizeitkleidung macht und daf\u00fcr sorgt, dass Sie mit Selbstvertrauen und Stil auftreten.<\/p>\n<h3>Unerreichte Qualit\u00e4t und Handwerkskunst<\/h3>\n<p>Unser <b>Herren Kalbsleder Loafers<\/b> sind aus feinstem echtem Kalbsleder gefertigt, das f\u00fcr seine luxuri\u00f6se, glatte Textur, seine au\u00dfergew\u00f6hnliche Haltbarkeit und seine F\u00e4higkeit, mit der Zeit eine sch\u00f6ne Patina zu entwickeln, bekannt ist. Das schlichte schwarze Finish sorgt f\u00fcr eine vielseitige \u00c4sthetik, die sich m\u00fchelos mit einer Vielzahl von Outfits kombinieren l\u00e4sst, von ma\u00dfgeschneiderten Anz\u00fcgen bis hin zu eleganten Freizeithosen. Innen werden Ihre F\u00fc\u00dfe von einem \u00fcppig weichen Ziegenlederfutter umschmeichelt. Dieses hochwertige Futter ist nicht nur unglaublich bequem, sondern auch \u00e4u\u00dferst atmungsaktiv und sorgt daf\u00fcr, dass Ihre F\u00fc\u00dfe auch an langen Tagen frisch und komfortabel bleiben. Die Liebe zum Detail bei jedem Stich und jeder Naht spricht B\u00e4nde \u00fcber die erstklassige Qualit\u00e4t, die Sie von diesen Loafers erwarten k\u00f6nnen.<\/p>\n<h3>Komfort trifft auf Haltbarkeit mit EVA-Sohlen<\/h3>\n<p>Abgesehen von ihrem exquisiten \u00c4u\u00dferen, sind diese <b>Herren Kalbsleder Loafers<\/b> sind mit einer leichten und dennoch unglaublich elastischen EVA-Sohle ausgestattet. Diese fortschrittliche Sohlentechnologie bietet eine au\u00dfergew\u00f6hnliche D\u00e4mpfung und Sto\u00dfd\u00e4mpfung, die Erm\u00fcdungserscheinungen reduziert und den ganzen Tag \u00fcber einen hohen Tragekomfort bietet. Das strapazierf\u00e4hige EVA-Material bietet au\u00dferdem zuverl\u00e4ssigen Halt und sorgt f\u00fcr Stabilit\u00e4t auf verschiedenen Oberfl\u00e4chen. Egal, ob Sie durch die Stra\u00dfen der Stadt fahren oder an einem wichtigen Gesch\u00e4ftstreffen teilnehmen, Sie k\u00f6nnen mit unersch\u00fctterlichem Vertrauen und Leichtigkeit gehen. Die klassische Silhouette, kombiniert mit moderner Sohlentechnologie, macht diese Loafer zu einem vielseitigen und unverzichtbaren Bestandteil der Garderobe.<\/p>\n<h3>Vielseitiger Stil f\u00fcr jede Gelegenheit<\/h3>\n<p>Das zeitlose Design dieser schwarzen Slipper aus Kalbsleder sorgt daf\u00fcr, dass sie f\u00fcr eine Vielzahl von Anl\u00e4ssen geeignet sind. Sie sind die ideale Wahl f\u00fcr Gesch\u00e4ftsleute, die einen polierten und raffinierten Look suchen, der sich perfekt mit Anz\u00fcgen oder Anzughosen kombinieren l\u00e4sst. F\u00fcr ein entspannteres, aber ebenso raffiniertes Ensemble kombinieren Sie sie mit Chinos oder dunklen Jeans und einem knackigen Button-down-Hemd. Der bequeme Slip-on-Stil bietet m\u00fchelose Eleganz, ohne Kompromisse bei der Raffinesse einzugehen, und macht sie zu einer ersten Wahl f\u00fcr vielbesch\u00e4ftigte Menschen, die sowohl Mode als auch Funktion sch\u00e4tzen. Erh\u00e4ltlich in den EU-Gr\u00f6\u00dfen 40, 41, 42, 43 und 44, ist es einfach, die perfekte Passform zu finden.<\/p>\n<h3>M\u00f6glichkeiten f\u00fcr den Gro\u00dfhandel<\/h3>\n<p>F\u00fcr Einzelh\u00e4ndler und Unternehmen, die hochwertige Schuhe anbieten m\u00f6chten, ist unser <b>Herren Kalbsleder Loafers<\/b> sind f\u00fcr den Gro\u00dfhandel erh\u00e4ltlich. Wir ben\u00f6tigen eine Mindestbestellmenge von 8 Paaren, damit Sie Ihr Inventar mit hochwertigen, begehrten Produkten best\u00fccken k\u00f6nnen, die Ihre Kunden lieben werden. Arbeiten Sie mit uns zusammen, um au\u00dfergew\u00f6hnliche Schuhe anzubieten, die klassische Eleganz mit zeitgem\u00e4\u00dfem Komfort und dauerhafter Qualit\u00e4t nahtlos verbinden.<\/p>","protected":false},"excerpt":{"rendered":"<ul>\n<li>Gefertigt aus echtem Kalbsleder f\u00fcr ein luxuri\u00f6ses Aussehen und au\u00dfergew\u00f6hnliche Haltbarkeit.<\/li>\n<li>Weiches und atmungsaktives Ziegenlederfutter sorgt f\u00fcr h\u00f6chsten Tragekomfort den ganzen Tag \u00fcber.<\/li>\n<li>Klassischer Slipper, der sowohl zu formellen als auch zu legeren Anl\u00e4ssen passt.<\/li>\n<li>Die leichte und st\u00fctzende EVA-Sohle bietet hervorragende D\u00e4mpfung und Griffigkeit.<\/li>\n<li>Erh\u00e4ltlich in EU-Gr\u00f6\u00dfen: 40, 41, 42, 43, 44.<\/li>\n<li>Gro\u00dfhandelsverf\u00fcgbarkeit bei einer Mindestbestellmenge von 8 Paaren.<\/li>\n<\/ul>","protected":false},"featured_media":6764,"template":"","meta":{"_acf_changed":false,"_uag_custom_page_level_css":"","site-sidebar-layout":"default","site-content-layout":"","ast-site-content-layout":"default","site-content-style":"default","site-sidebar-style":"default","ast-global-header-display":"","ast-banner-title-visibility":"","ast-main-header-display":"","ast-hfb-above-header-display":"","ast-hfb-below-header-display":"","ast-hfb-mobile-header-display":"","site-post-title":"","ast-breadcrumbs-content":"","ast-featured-img":"","footer-sml-layout":"","ast-disable-related-posts":"","theme-transparent-header-meta":"","adv-header-id-meta":"","stick-header-meta":"","header-above-stick-meta":"","header-main-stick-meta":"","header-below-stick-meta":"","astra-migrate-meta-layouts":"default","ast-page-background-enabled":"default","ast-page-background-meta":{"desktop":{"background-color":"var(--ast-global-color-4)","background-image":"","background-repeat":"repeat","background-position":"center center","background-size":"auto","background-attachment":"scroll","background-type":"","background-media":"","overlay-type":"","overlay-color":"","overlay-opacity":"","overlay-gradient":""},"tablet":{"background-color":"","background-image":"","background-repeat":"repeat","background-position":"center center","background-size":"auto","background-attachment":"scroll","background-type":"","background-media":"","overlay-type":"","overlay-color":"","overlay-opacity":"","overlay-gradient":""},"mobile":{"background-color":"","background-image":"","background-repeat":"repeat","background-position":"center center","background-size":"auto","background-attachment":"scroll","background-type":"","background-media":"","overlay-type":"","overlay-color":"","overlay-opacity":"","overlay-gradient":""}},"ast-content-background-meta":{"desktop":{"background-color":"var(--ast-global-color-5)","background-image":"","background-repeat":"repeat","background-position":"center center","background-size":"auto","background-attachment":"scroll","background-type":"","background-media":"","overlay-type":"","overlay-color":"","overlay-opacity":"","overlay-gradient":""},"tablet":{"background-color":"var(--ast-global-color-5)","background-image":"","background-repeat":"repeat","background-position":"center center","background-size":"auto","background-attachment":"scroll","background-type":"","background-media":"","overlay-type":"","overlay-color":"","overlay-opacity":"","overlay-gradient":""},"mobile":{"background-color":"var(--ast-global-color-5)","background-image":"","background-repeat":"repeat","background-position":"center center","background-size":"auto","background-attachment":"scroll","background-type":"","background-media":"","overlay-type":"","overlay-color":"","overlay-opacity":"","overlay-gradient":""}}},"product_brand":[],"product_cat":[47,430,1200],"product_tag":[1422,263,457,438,1423,1258,286,525,977,262],"class_list":{"0":"post-8528","1":"product","2":"type-product","3":"status-publish","4":"has-post-thumbnail","6":"product_cat-classic","7":"product_cat-men","8":"product_cat-mens-shoes-2","9":"product_tag-black-slip-ons","10":"product_tag-calf-leather-loafers","11":"product_tag-classic-loafers","12":"product_tag-eva-sole","13":"product_tag-formal-casual-loafers","14":"product_tag-goat-lined-shoes","15":"product_tag-mens-leather-shoes","16":"product_tag-premium-leather-footwear","17":"product_tag-timeless-style","18":"product_tag-wholesale-mens-shoes","19":"desktop-align-center","20":"tablet-align-center","21":"mobile-align-center","23":"first","24":"instock","25":"shipping-taxable","26":"purchasable","27":"product-type-variable","28":"has-default-attributes"},"acf":[],"uagb_featured_image_src":{"full":["https:\/\/turkishtrade.co\/wp-content\/uploads\/2026\/01\/2600QLOMN00012-BLACK.png",453,250,false],"thumbnail":["https:\/\/turkishtrade.co\/wp-content\/uploads\/2026\/01\/2600QLOMN00012-BLACK-150x150.png",150,150,true],"medium":["https:\/\/turkishtrade.co\/wp-content\/uploads\/2026\/01\/2600QLOMN00012-BLACK-300x166.png",300,166,true],"medium_large":["https:\/\/turkishtrade.co\/wp-content\/uploads\/2026\/01\/2600QLOMN00012-BLACK.png",453,250,false],"large":["https:\/\/turkishtrade.co\/wp-content\/uploads\/2026\/01\/2600QLOMN00012-BLACK.png",453,250,false],"1536x1536":["https:\/\/turkishtrade.co\/wp-content\/uploads\/2026\/01\/2600QLOMN00012-BLACK.png",453,250,false],"2048x2048":["https:\/\/turkishtrade.co\/wp-content\/uploads\/2026\/01\/2600QLOMN00012-BLACK.png",453,250,false],"trp-custom-language-flag":["https:\/\/turkishtrade.co\/wp-content\/uploads\/2026\/01\/2600QLOMN00012-BLACK-18x10.png",18,10,true],"woocommerce_thumbnail":["https:\/\/turkishtrade.co\/wp-content\/uploads\/2026\/01\/2600QLOMN00012-BLACK-400x250.png",400,250,true],"woocommerce_single":["https:\/\/turkishtrade.co\/wp-content\/uploads\/2026\/01\/2600QLOMN00012-BLACK.png",453,250,false],"woocommerce_gallery_thumbnail":["https:\/\/turkishtrade.co\/wp-content\/uploads\/2026\/01\/2600QLOMN00012-BLACK-100x100.png",100,100,true]},"uagb_author_info":{"display_name":"python python","author_link":"https:\/\/turkishtrade.co\/de\/author\/"},"uagb_comment_info":0,"uagb_excerpt":"Crafted from genuine calf leather for a luxurious look and exceptional durability. Soft and breathable goat leather lining ensures supreme all-day comfort. Classic slip-on loafer design, perfect for both formal and smart-casual attire. Lightweight and supportive EVA sole provides excellent cushioning and grip. Available in EU sizes: 40, 41, 42, 43, 44. Wholesale availability with&hellip;","_links":{"self":[{"href":"https:\/\/turkishtrade.co\/de\/wp-json\/wp\/v2\/product\/8528","targetHints":{"allow":["GET"]}}],"collection":[{"href":"https:\/\/turkishtrade.co\/de\/wp-json\/wp\/v2\/product"}],"about":[{"href":"https:\/\/turkishtrade.co\/de\/wp-json\/wp\/v2\/types\/product"}],"wp:featuredmedia":[{"embeddable":true,"href":"https:\/\/turkishtrade.co\/de\/wp-json\/wp\/v2\/media\/6764"}],"wp:attachment":[{"href":"https:\/\/turkishtrade.co\/de\/wp-json\/wp\/v2\/media?parent=8528"}],"wp:term":[{"taxonomy":"product_brand","embeddable":true,"href":"https:\/\/turkishtrade.co\/de\/wp-json\/wp\/v2\/product_brand?post=8528"},{"taxonomy":"product_cat","embeddable":true,"href":"https:\/\/turkishtrade.co\/de\/wp-json\/wp\/v2\/product_cat?post=8528"},{"taxonomy":"product_tag","embeddable":true,"href":"https:\/\/turkishtrade.co\/de\/wp-json\/wp\/v2\/product_tag?post=8528"}],"curies":[{"name":"wp","href":"https:\/\/api.w.org\/{rel}","templated":true}]}}