{"id":8526,"date":"2026-01-29T14:50:50","date_gmt":"2026-01-29T14:50:50","guid":{"rendered":"https:\/\/turkishtrade.co\/?post_type=product&#038;p=8526"},"modified":"2026-04-09T20:22:17","modified_gmt":"2026-04-09T20:22:17","slug":"mens-green-leather-loafer-shoes","status":"publish","type":"product","link":"https:\/\/turkishtrade.co\/de\/shop\/mens-green-leather-loafer-shoes\/","title":{"rendered":"Herren Loafer aus gr\u00fcnem Leder Schuhe Premium | Herren Loafer aus gr\u00fcnem Kalbsleder"},"content":{"rendered":"<p><strong>M\u00e4nner Gr\u00fcn Leder Loafer Schuhe<\/strong>. Hochwertige Qualit\u00e4t und Design.<\/p>\n<p>Erleben Sie anspruchsvollen Komfort mit unserem exquisiten <strong>M\u00e4nner Gr\u00fcn Leder Loafer Schuhe<\/strong>. Diese Loafer wurden f\u00fcr den modernen Mann entworfen, der sowohl Stil als auch Substanz sch\u00e4tzt, und sind ein Zeugnis f\u00fcr \u00fcberlegene Handwerkskunst und zeitloses Design. Egal, ob Sie sich f\u00fcr einen legeren Ausflug, ein legeres Business-Event oder ein klassisches Ensemble kleiden, diese vielseitigen gr\u00fcnen Leder-Slipper werden Ihren Look mit einem unverwechselbaren Hauch von Eleganz aufwerten. Erleben Sie die perfekte Mischung aus Tradition und modernem Komfort bei jedem Schritt.<\/p>\n<h3>Un\u00fcbertroffene Qualit\u00e4t: Kalbsleder &amp; Ziegenfutter<\/h3>\n<p>Die Grundlage f\u00fcr diese au\u00dfergew\u00f6hnlichen <strong>M\u00e4nner Gr\u00fcn Leder Loafer Schuhe<\/strong> liegt in ihren hochwertigen Materialien. Jedes Paar wird sorgf\u00e4ltig aus hochwertigem Kalbsleder gefertigt, das f\u00fcr seine Geschmeidigkeit, Langlebigkeit und luxuri\u00f6se Haptik bekannt ist. Innen werden Ihre F\u00fc\u00dfe von einem weichen und atmungsaktiven Ziegenfutter umschmeichelt, das unvergleichlichen Komfort bietet und auch bei l\u00e4ngerem Tragen f\u00fcr ein angenehmes Tragegef\u00fchl sorgt. Diese Kombination aus erstklassigen Ledern garantiert nicht nur Langlebigkeit, sondern passt sich im Laufe der Zeit auch den Konturen Ihres Fu\u00dfes an und macht diese Schuhe zu einer unverzichtbaren Erg\u00e4nzung Ihrer Schuhsammlung.<\/p>\n<h3>Entwickelt f\u00fcr Komfort: Der Vorteil der EVA-Sohle<\/h3>\n<p>Komfort ist oberstes Gebot, und unser <strong>M\u00e4nner Gr\u00fcn Leder Loafer Schuhe<\/strong> liefern an allen Fronten. Ausgestattet mit einer hochmodernen EVA-Sohle (Ethylen-Vinyl-Acetat), bieten diese Loafer au\u00dfergew\u00f6hnliche Leichtigkeit und Flexibilit\u00e4t. Die EVA-Sohle bietet eine hervorragende Sto\u00dfd\u00e4mpfung, die Erm\u00fcdungserscheinungen reduziert und einen federnden, bequemen Gang durch den Tag gew\u00e4hrleistet. Im Gegensatz zu schwereren, traditionellen Sohlen macht die EVA-Sohle diese Slipper unglaublich leicht und erm\u00f6glicht m\u00fchelose Bewegung und ganzt\u00e4giges Tragen ohne Kompromisse bei Halt oder Stil. Dieses durchdachte Design sorgt daf\u00fcr, dass diese Schuhe nicht nur attraktiv, sondern auch unglaublich praktisch sind.<\/p>\n<h3>Vielseitiger Stil f\u00fcr jede Gelegenheit<\/h3>\n<p>Der satte gr\u00fcne Farbton dieser <strong>M\u00e4nner Gr\u00fcn Leder Loafer Schuhe<\/strong> macht sie zu einer unverwechselbaren und doch unglaublich vielseitigen Wahl. Sie gehen nahtlos in verschiedene Stile \u00fcber und eignen sich daher sowohl als elegante Freizeitschuhe als auch als klassische Schuhe. Kombinieren Sie sie mit Chinos f\u00fcr einen entspannten Wochenend-Look, oder tragen Sie sie zu einer ma\u00dfgeschneiderten Hose f\u00fcr einen raffinierten Auftritt. Die subtile Textur auf dem Vorderblatt verleiht dem Schuh einen einzigartigen Charakter, ohne den ihm innewohnenden klassischen Reiz zu \u00fcberlagern. Erh\u00e4ltlich in den praktischen EU-Gr\u00f6\u00dfen 40, 41, 42, 43 und 44, ist es ganz einfach, die perfekte Passform zu finden, um maximalen Komfort und Stil zu gew\u00e4hrleisten.<\/p>\n<h3>Gro\u00dfhandelsm\u00f6glichkeiten verf\u00fcgbar<\/h3>\n<p>F\u00fcr Einzelh\u00e4ndler und Unternehmen, die ihrer Kundschaft Premium-Schuhe anbieten m\u00f6chten, sind diese Herrenschuhe aus gr\u00fcnem Leder f\u00fcr den Gro\u00dfhandel erh\u00e4ltlich. Wir ben\u00f6tigen eine Mindestbestellmenge von 8 Paaren, so dass Sie eine Reihe von Gr\u00f6\u00dfen f\u00fcr Ihre Kunden vorr\u00e4tig halten k\u00f6nnen. Profitieren Sie von der Nachfrage nach hochwertigen, stilvollen Herrenschuhen, die traditionelle Handwerkskunst mit modernen Komfortmerkmalen verbinden. Erweitern Sie Ihren Bestand mit einem Produkt, das sich auf dem Markt abhebt und anspruchsvolle Kunden anspricht.<\/p>","protected":false},"excerpt":{"rendered":"<ul>\n<li>Gefertigt aus hochwertigem Kalbsleder mit weichem Ziegenfutter f\u00fcr h\u00f6chsten Komfort<\/li>\n<li>Die leichte und strapazierf\u00e4hige EVA-Sohle sorgt f\u00fcr ganzt\u00e4gigen Tragekomfort<\/li>\n<li>Eleganter gr\u00fcner Farbton und klassisches Loafer-Design, geeignet f\u00fcr Casual- oder Smart-Casual-Outfits<\/li>\n<li>Erh\u00e4ltlich in einer breiten Palette von EU-Gr\u00f6\u00dfen: 40, 41, 42, 43, 44<\/li>\n<li>Gro\u00dfhandelsbestellungen sind willkommen, wobei eine Mindestabnahme von 8 Paaren erforderlich ist.<\/li>\n<\/ul>","protected":false},"featured_media":6762,"template":"","meta":{"_acf_changed":false,"_uag_custom_page_level_css":"","site-sidebar-layout":"default","site-content-layout":"","ast-site-content-layout":"default","site-content-style":"default","site-sidebar-style":"default","ast-global-header-display":"","ast-banner-title-visibility":"","ast-main-header-display":"","ast-hfb-above-header-display":"","ast-hfb-below-header-display":"","ast-hfb-mobile-header-display":"","site-post-title":"","ast-breadcrumbs-content":"","ast-featured-img":"","footer-sml-layout":"","ast-disable-related-posts":"","theme-transparent-header-meta":"","adv-header-id-meta":"","stick-header-meta":"","header-above-stick-meta":"","header-main-stick-meta":"","header-below-stick-meta":"","astra-migrate-meta-layouts":"default","ast-page-background-enabled":"default","ast-page-background-meta":{"desktop":{"background-color":"var(--ast-global-color-4)","background-image":"","background-repeat":"repeat","background-position":"center center","background-size":"auto","background-attachment":"scroll","background-type":"","background-media":"","overlay-type":"","overlay-color":"","overlay-opacity":"","overlay-gradient":""},"tablet":{"background-color":"","background-image":"","background-repeat":"repeat","background-position":"center center","background-size":"auto","background-attachment":"scroll","background-type":"","background-media":"","overlay-type":"","overlay-color":"","overlay-opacity":"","overlay-gradient":""},"mobile":{"background-color":"","background-image":"","background-repeat":"repeat","background-position":"center center","background-size":"auto","background-attachment":"scroll","background-type":"","background-media":"","overlay-type":"","overlay-color":"","overlay-opacity":"","overlay-gradient":""}},"ast-content-background-meta":{"desktop":{"background-color":"var(--ast-global-color-5)","background-image":"","background-repeat":"repeat","background-position":"center center","background-size":"auto","background-attachment":"scroll","background-type":"","background-media":"","overlay-type":"","overlay-color":"","overlay-opacity":"","overlay-gradient":""},"tablet":{"background-color":"var(--ast-global-color-5)","background-image":"","background-repeat":"repeat","background-position":"center center","background-size":"auto","background-attachment":"scroll","background-type":"","background-media":"","overlay-type":"","overlay-color":"","overlay-opacity":"","overlay-gradient":""},"mobile":{"background-color":"var(--ast-global-color-5)","background-image":"","background-repeat":"repeat","background-position":"center center","background-size":"auto","background-attachment":"scroll","background-type":"","background-media":"","overlay-type":"","overlay-color":"","overlay-opacity":"","overlay-gradient":""}}},"product_brand":[],"product_cat":[48,47,49,430,1200],"product_tag":[202,449,145,438,1249,1177,227,762,186],"class_list":{"0":"post-8526","1":"product","2":"type-product","3":"status-publish","4":"has-post-thumbnail","6":"product_cat-casual","7":"product_cat-classic","8":"product_cat-loafer","9":"product_cat-men","10":"product_cat-mens-shoes-2","11":"product_tag-calf-leather","12":"product_tag-casual-shoes","13":"product_tag-classic-shoes","14":"product_tag-eva-sole","15":"product_tag-goat-lining","16":"product_tag-green-loafers","17":"product_tag-leather-shoes","18":"product_tag-loafer-shoes","19":"product_tag-mens-loafers","20":"desktop-align-center","21":"tablet-align-center","22":"mobile-align-center","24":"first","25":"instock","26":"shipping-taxable","27":"purchasable","28":"product-type-variable","29":"has-default-attributes"},"acf":[],"uagb_featured_image_src":{"full":["https:\/\/turkishtrade.co\/wp-content\/uploads\/2026\/01\/2600QLOMN00010-GREEN.png",453,250,false],"thumbnail":["https:\/\/turkishtrade.co\/wp-content\/uploads\/2026\/01\/2600QLOMN00010-GREEN-150x150.png",150,150,true],"medium":["https:\/\/turkishtrade.co\/wp-content\/uploads\/2026\/01\/2600QLOMN00010-GREEN-300x166.png",300,166,true],"medium_large":["https:\/\/turkishtrade.co\/wp-content\/uploads\/2026\/01\/2600QLOMN00010-GREEN.png",453,250,false],"large":["https:\/\/turkishtrade.co\/wp-content\/uploads\/2026\/01\/2600QLOMN00010-GREEN.png",453,250,false],"1536x1536":["https:\/\/turkishtrade.co\/wp-content\/uploads\/2026\/01\/2600QLOMN00010-GREEN.png",453,250,false],"2048x2048":["https:\/\/turkishtrade.co\/wp-content\/uploads\/2026\/01\/2600QLOMN00010-GREEN.png",453,250,false],"trp-custom-language-flag":["https:\/\/turkishtrade.co\/wp-content\/uploads\/2026\/01\/2600QLOMN00010-GREEN-18x10.png",18,10,true],"woocommerce_thumbnail":["https:\/\/turkishtrade.co\/wp-content\/uploads\/2026\/01\/2600QLOMN00010-GREEN-400x250.png",400,250,true],"woocommerce_single":["https:\/\/turkishtrade.co\/wp-content\/uploads\/2026\/01\/2600QLOMN00010-GREEN.png",453,250,false],"woocommerce_gallery_thumbnail":["https:\/\/turkishtrade.co\/wp-content\/uploads\/2026\/01\/2600QLOMN00010-GREEN-100x100.png",100,100,true]},"uagb_author_info":{"display_name":"python python","author_link":"https:\/\/turkishtrade.co\/de\/author\/"},"uagb_comment_info":0,"uagb_excerpt":"Crafted from premium calf leather with a soft goat lining for superior comfort Features a lightweight and durable EVA sole, ensuring all-day wearability Elegant green hue and classic loafer design, suitable for casual or smart-casual outfits Available in a comprehensive range of EU sizes: 40, 41, 42, 43, 44 Wholesale orders welcome, with a minimum&hellip;","_links":{"self":[{"href":"https:\/\/turkishtrade.co\/de\/wp-json\/wp\/v2\/product\/8526","targetHints":{"allow":["GET"]}}],"collection":[{"href":"https:\/\/turkishtrade.co\/de\/wp-json\/wp\/v2\/product"}],"about":[{"href":"https:\/\/turkishtrade.co\/de\/wp-json\/wp\/v2\/types\/product"}],"wp:featuredmedia":[{"embeddable":true,"href":"https:\/\/turkishtrade.co\/de\/wp-json\/wp\/v2\/media\/6762"}],"wp:attachment":[{"href":"https:\/\/turkishtrade.co\/de\/wp-json\/wp\/v2\/media?parent=8526"}],"wp:term":[{"taxonomy":"product_brand","embeddable":true,"href":"https:\/\/turkishtrade.co\/de\/wp-json\/wp\/v2\/product_brand?post=8526"},{"taxonomy":"product_cat","embeddable":true,"href":"https:\/\/turkishtrade.co\/de\/wp-json\/wp\/v2\/product_cat?post=8526"},{"taxonomy":"product_tag","embeddable":true,"href":"https:\/\/turkishtrade.co\/de\/wp-json\/wp\/v2\/product_tag?post=8526"}],"curies":[{"name":"wp","href":"https:\/\/api.w.org\/{rel}","templated":true}]}}