{"id":8525,"date":"2026-01-29T14:50:50","date_gmt":"2026-01-29T14:50:50","guid":{"rendered":"https:\/\/turkishtrade.co\/?post_type=product&#038;p=8525"},"modified":"2026-04-09T20:22:20","modified_gmt":"2026-04-09T20:22:20","slug":"mens-classic-calf-leather-loafers-4","status":"publish","type":"product","link":"https:\/\/turkishtrade.co\/de\/shop\/mens-classic-calf-leather-loafers-4\/","title":{"rendered":"Herren Classic Kalbsleder Loafers Incredible | Herren Classic Schwarzes Kalbsleder"},"content":{"rendered":"<p><strong>Klassische Herren Loafers aus Kalbsleder<\/strong>. Unglaubliche Qualit\u00e4t und Design.<\/p>\n<p>Erweitern Sie Ihre Schuhkollektion mit unseren exquisiten <strong>Klassische Herren Loafers aus Kalbsleder<\/strong>, sorgf\u00e4ltig f\u00fcr den anspruchsvollen Gentleman gefertigt. Diese zeitlosen Slipper vereinen raffinierten Stil mit unvergleichlichem Komfort, was sie zu einer unverzichtbaren Erg\u00e4nzung sowohl f\u00fcr die formelle als auch f\u00fcr die l\u00e4ssige Garderobe macht. Jedes Paar dieser erstklassigen <strong>Klassische Herren Loafers aus Kalbsleder<\/strong> ist ein Zeugnis h\u00f6chster Handwerkskunst, die f\u00fcr dauerhafte Eleganz und Tragbarkeit sorgt.<\/p>\n<h3>Unerreichte Qualit\u00e4t und Komfort<\/h3>\n<p>Unser <strong>Klassische Herren Loafers aus Kalbsleder<\/strong> sind mit hochwertigem Kalbsleder ausgestattet, das f\u00fcr seine glatte Textur, seine Langlebigkeit und seine F\u00e4higkeit, in W\u00fcrde zu altern, bekannt ist. Dieses erstklassige Leder sorgt nicht nur f\u00fcr eine luxuri\u00f6se \u00c4sthetik, sondern bietet auch eine au\u00dfergew\u00f6hnliche Elastizit\u00e4t und passt sich Ihrem Fu\u00df an, um eine individuelle Passform zu gew\u00e4hrleisten. Im Inneren erleben Ihre F\u00fc\u00dfe die verw\u00f6hnende Weichheit eines Vollfutters aus Ziegenleder. Dieses nat\u00fcrliche, atmungsaktive Futter leitet Feuchtigkeit ab und sorgt f\u00fcr ein unglaublich komfortables Innenleben, so dass diese klassischen Loafer kompromisslos den ganzen Tag getragen werden k\u00f6nnen. Die Kombination aus luxuri\u00f6sem Kalbsleder und geschmeidigem Ziegenleder schafft eine Umgebung aus purem Komfort und Unterst\u00fctzung f\u00fcr diese bemerkenswerten Schuhe. <strong>Klassische Herren Loafers aus Kalbsleder<\/strong>.<\/p>\n<h3>Langlebiges Design f\u00fcr allt\u00e4gliche Eleganz<\/h3>\n<p>Unter dem raffinierten \u00c4u\u00dferen verbirgt sich eine robuste EVA-Sohle, die aufgrund ihrer leichten Eigenschaften, ihrer hervorragenden Sto\u00dfd\u00e4mpfung und ihrer langen Haltbarkeit ausgew\u00e4hlt wurde. Diese moderne Sohlentechnologie bietet zuverl\u00e4ssigen Halt und Komfort und sorgt f\u00fcr Stabilit\u00e4t bei jedem Schritt, ohne das elegante Profil des Schuhs zu beeintr\u00e4chtigen. Ob Sie durch die Stra\u00dfen der Stadt fahren oder an einem Gesch\u00e4ftstreffen teilnehmen, diese <strong>Klassische Herren Loafers aus Kalbsleder<\/strong> sind gebaut, um zu funktionieren und zu beeindrucken. Erh\u00e4ltlich in einer praktischen Gr\u00f6\u00dfenauswahl von 40 bis 44, ist es einfach, die perfekte Passform unter unseren klassischen Kalbsleder-Slippern zu finden.<\/p>\n<h3>Vielseitiger Stil f\u00fcr jede Gelegenheit<\/h3>\n<p>Das vielseitige Design dieser <strong>Klassische Herren Loafers aus Kalbsleder<\/strong> macht sie unglaublich anpassungsf\u00e4hig. Kombinieren Sie sie mit ma\u00dfgeschneiderten Anz\u00fcgen f\u00fcr einen scharfen, professionellen Look, oder kombinieren Sie sie mit Chinos und einem Blazer f\u00fcr ein raffiniertes Smart-Casual-Ensemble. Ihr zeitloses schwarzes Finish sorgt daf\u00fcr, dass sie zu einer breiten Palette von Farben und Stilen passen, was ihren Status als Grundnahrungsmittel im Kleiderschrank festigt. Investieren Sie in ein Paar dieser au\u00dfergew\u00f6hnlichen <strong>Klassische Herren Loafers aus Kalbsleder<\/strong> und erleben Sie die perfekte Verschmelzung von Tradition und modernem Komfort.<\/p>\n<h3>Gro\u00dfhandelsm\u00f6glichkeiten f\u00fcr Premium-Schuhe<\/h3>\n<p>F\u00fcr Unternehmen, die ihrer Kundschaft Premium-Schuhe anbieten m\u00f6chten, ist unser ausgezeichnetes <strong>Klassische Herren Loafers aus Kalbsleder<\/strong> sind f\u00fcr den Gro\u00dfhandel erh\u00e4ltlich. Wir verlangen eine Mindestbestellmenge von 8 Paaren, damit Sie sich mit diesen gefragten klassischen Kalbsleder-Slippern eindecken und Ihren Kunden eine au\u00dfergew\u00f6hnliche Qualit\u00e4t bieten k\u00f6nnen. Werten Sie Ihr Einzelhandelsangebot mit diesen hervorragenden Schuhen auf und schlie\u00dfen Sie sich unserem Netzwerk zufriedener Partner an.<\/p>","protected":false},"excerpt":{"rendered":"<ul>\n<li>Gefertigt aus hochwertigem Kalbsleder f\u00fcr ein elegantes Finish.<\/li>\n<li>Luxuri\u00f6s gef\u00fcttert mit weichem Ziegenleder f\u00fcr au\u00dfergew\u00f6hnlichen Komfort.<\/li>\n<li>Ausgestattet mit einer leichten und strapazierf\u00e4higen EVA-Sohle.<\/li>\n<li>Zeitlos klassisches Slipper-Design.<\/li>\n<li>Erh\u00e4ltlich in einer Reihe von Gr\u00f6\u00dfen: 40, 41, 42, 43, 44.<\/li>\n<li>Gro\u00dfhandel m\u00f6glich (Mindestbestellmenge: 8 Paar).<\/li>\n<\/ul>","protected":false},"featured_media":6761,"template":"","meta":{"_acf_changed":false,"_uag_custom_page_level_css":"","site-sidebar-layout":"default","site-content-layout":"","ast-site-content-layout":"default","site-content-style":"default","site-sidebar-style":"default","ast-global-header-display":"","ast-banner-title-visibility":"","ast-main-header-display":"","ast-hfb-above-header-display":"","ast-hfb-below-header-display":"","ast-hfb-mobile-header-display":"","site-post-title":"","ast-breadcrumbs-content":"","ast-featured-img":"","footer-sml-layout":"","ast-disable-related-posts":"","theme-transparent-header-meta":"","adv-header-id-meta":"","stick-header-meta":"","header-above-stick-meta":"","header-main-stick-meta":"","header-below-stick-meta":"","astra-migrate-meta-layouts":"default","ast-page-background-enabled":"default","ast-page-background-meta":{"desktop":{"background-color":"var(--ast-global-color-4)","background-image":"","background-repeat":"repeat","background-position":"center center","background-size":"auto","background-attachment":"scroll","background-type":"","background-media":"","overlay-type":"","overlay-color":"","overlay-opacity":"","overlay-gradient":""},"tablet":{"background-color":"","background-image":"","background-repeat":"repeat","background-position":"center center","background-size":"auto","background-attachment":"scroll","background-type":"","background-media":"","overlay-type":"","overlay-color":"","overlay-opacity":"","overlay-gradient":""},"mobile":{"background-color":"","background-image":"","background-repeat":"repeat","background-position":"center center","background-size":"auto","background-attachment":"scroll","background-type":"","background-media":"","overlay-type":"","overlay-color":"","overlay-opacity":"","overlay-gradient":""}},"ast-content-background-meta":{"desktop":{"background-color":"var(--ast-global-color-5)","background-image":"","background-repeat":"repeat","background-position":"center center","background-size":"auto","background-attachment":"scroll","background-type":"","background-media":"","overlay-type":"","overlay-color":"","overlay-opacity":"","overlay-gradient":""},"tablet":{"background-color":"var(--ast-global-color-5)","background-image":"","background-repeat":"repeat","background-position":"center center","background-size":"auto","background-attachment":"scroll","background-type":"","background-media":"","overlay-type":"","overlay-color":"","overlay-opacity":"","overlay-gradient":""},"mobile":{"background-color":"var(--ast-global-color-5)","background-image":"","background-repeat":"repeat","background-position":"center center","background-size":"auto","background-attachment":"scroll","background-type":"","background-media":"","overlay-type":"","overlay-color":"","overlay-opacity":"","overlay-gradient":""}}},"product_brand":[],"product_cat":[47,430,1200],"product_tag":[370,185,754,287,352,556,746,186,280,456],"class_list":{"0":"post-8525","1":"product","2":"type-product","3":"status-publish","4":"has-post-thumbnail","6":"product_cat-classic","7":"product_cat-men","8":"product_cat-mens-shoes-2","9":"product_tag-black-loafers","10":"product_tag-calf-leather-shoes","11":"product_tag-classic-mens-shoes","12":"product_tag-eva-sole-shoes","13":"product_tag-formal-loafers","14":"product_tag-goatskin-lining","15":"product_tag-leather-slip-ons","16":"product_tag-mens-loafers","17":"product_tag-smart-casual-shoes","18":"product_tag-wholesale-loafers","19":"desktop-align-center","20":"tablet-align-center","21":"mobile-align-center","23":"first","24":"instock","25":"shipping-taxable","26":"purchasable","27":"product-type-variable","28":"has-default-attributes"},"acf":[],"uagb_featured_image_src":{"full":["https:\/\/turkishtrade.co\/wp-content\/uploads\/2026\/01\/2600QLOMN00009-BLACK.png",453,250,false],"thumbnail":["https:\/\/turkishtrade.co\/wp-content\/uploads\/2026\/01\/2600QLOMN00009-BLACK-150x150.png",150,150,true],"medium":["https:\/\/turkishtrade.co\/wp-content\/uploads\/2026\/01\/2600QLOMN00009-BLACK-300x166.png",300,166,true],"medium_large":["https:\/\/turkishtrade.co\/wp-content\/uploads\/2026\/01\/2600QLOMN00009-BLACK.png",453,250,false],"large":["https:\/\/turkishtrade.co\/wp-content\/uploads\/2026\/01\/2600QLOMN00009-BLACK.png",453,250,false],"1536x1536":["https:\/\/turkishtrade.co\/wp-content\/uploads\/2026\/01\/2600QLOMN00009-BLACK.png",453,250,false],"2048x2048":["https:\/\/turkishtrade.co\/wp-content\/uploads\/2026\/01\/2600QLOMN00009-BLACK.png",453,250,false],"trp-custom-language-flag":["https:\/\/turkishtrade.co\/wp-content\/uploads\/2026\/01\/2600QLOMN00009-BLACK-18x10.png",18,10,true],"woocommerce_thumbnail":["https:\/\/turkishtrade.co\/wp-content\/uploads\/2026\/01\/2600QLOMN00009-BLACK-400x250.png",400,250,true],"woocommerce_single":["https:\/\/turkishtrade.co\/wp-content\/uploads\/2026\/01\/2600QLOMN00009-BLACK.png",453,250,false],"woocommerce_gallery_thumbnail":["https:\/\/turkishtrade.co\/wp-content\/uploads\/2026\/01\/2600QLOMN00009-BLACK-100x100.png",100,100,true]},"uagb_author_info":{"display_name":"python python","author_link":"https:\/\/turkishtrade.co\/de\/author\/"},"uagb_comment_info":0,"uagb_excerpt":"Crafted from premium calf leather for a sleek finish. Luxuriously lined with soft goatskin for exceptional comfort. Equipped with a lightweight and durable EVA sole. Timeless classic slip-on loafer design. Available in a range of sizes: 40, 41, 42, 43, 44. Wholesale opportunities available (minimum order: 8 pairs).","_links":{"self":[{"href":"https:\/\/turkishtrade.co\/de\/wp-json\/wp\/v2\/product\/8525","targetHints":{"allow":["GET"]}}],"collection":[{"href":"https:\/\/turkishtrade.co\/de\/wp-json\/wp\/v2\/product"}],"about":[{"href":"https:\/\/turkishtrade.co\/de\/wp-json\/wp\/v2\/types\/product"}],"wp:featuredmedia":[{"embeddable":true,"href":"https:\/\/turkishtrade.co\/de\/wp-json\/wp\/v2\/media\/6761"}],"wp:attachment":[{"href":"https:\/\/turkishtrade.co\/de\/wp-json\/wp\/v2\/media?parent=8525"}],"wp:term":[{"taxonomy":"product_brand","embeddable":true,"href":"https:\/\/turkishtrade.co\/de\/wp-json\/wp\/v2\/product_brand?post=8525"},{"taxonomy":"product_cat","embeddable":true,"href":"https:\/\/turkishtrade.co\/de\/wp-json\/wp\/v2\/product_cat?post=8525"},{"taxonomy":"product_tag","embeddable":true,"href":"https:\/\/turkishtrade.co\/de\/wp-json\/wp\/v2\/product_tag?post=8525"}],"curies":[{"name":"wp","href":"https:\/\/api.w.org\/{rel}","templated":true}]}}