{"id":8522,"date":"2026-01-29T14:50:50","date_gmt":"2026-01-29T14:50:50","guid":{"rendered":"https:\/\/turkishtrade.co\/?post_type=product&#038;p=8522"},"modified":"2026-04-09T20:22:29","modified_gmt":"2026-04-09T20:22:29","slug":"mens-brown-leather-monk-strap-shoes-4","status":"publish","type":"product","link":"https:\/\/turkishtrade.co\/de\/shop\/mens-brown-leather-monk-strap-shoes-4\/","title":{"rendered":"M\u00e4nner Braun Leder Monk Strap Schuhe Echt | mit Eva Sohle"},"content":{"rendered":"<p><strong>Braune M\u00f6nchsriemenschuhe aus Leder f\u00fcr M\u00e4nner<\/strong>. Echte Qualit\u00e4t und Design.<\/p>\n<p>Erleben Sie unvergleichlichen Stil und Komfort mit unserem exquisiten <strong>Braune M\u00f6nchsriemenschuhe aus Leder f\u00fcr M\u00e4nner<\/strong>. F\u00fcr den modernen Gentleman, der sowohl \u00c4sthetik als auch Langlebigkeit sch\u00e4tzt, sind diese Schuhe eine perfekte Mischung aus klassischer Eleganz und moderner Funktionalit\u00e4t. Egal, ob Sie einen raffinierten Business-Look oder ein elegantes Freizeit-Outfit anstreben, diese vielseitigen M\u00f6nchsriemen-Schuhe werden Ihre Schuhkollektion aufwerten.<\/p>\n<h3>Unerreichte Handwerkskunst und hochwertige Materialien<\/h3>\n<p>Unser <strong>Braune M\u00f6nchsriemenschuhe aus Leder f\u00fcr M\u00e4nner<\/strong> werden nur aus den besten Materialien hergestellt. Das Obermaterial besteht aus hochwertigem Kalbsleder, das f\u00fcr seine au\u00dfergew\u00f6hnliche Qualit\u00e4t, seine geschmeidige Textur und seine lang anhaltende Elastizit\u00e4t bekannt ist. Dieses hochwertige Leder sorgt nicht nur f\u00fcr ein raffiniertes Aussehen, sondern passt sich auch mit der Zeit an Ihren Fu\u00df an und gew\u00e4hrleistet eine individuelle und bequeme Passform. Das Innenfutter aus echtem Ziegenleder ist besonders atmungsaktiv und feuchtigkeitsableitend und sorgt daf\u00fcr, dass Ihre F\u00fc\u00dfe den ganzen Tag \u00fcber frisch und bequem bleiben. Die robusten N\u00e4hte und die Liebe zum Detail spiegeln eine Verpflichtung zu Qualit\u00e4t wider, die den Test der Zeit besteht.<\/p>\n<h3>Komfort trifft auf modernen Stil mit EVA-Sohle<\/h3>\n<p>F\u00fcr den dynamischen Menschen konzipiert, sind diese <strong>Braune M\u00f6nchsriemenschuhe aus Leder f\u00fcr M\u00e4nner<\/strong> sind mit einer leichten und dennoch unglaublich haltbaren EVA-Sohle ausgestattet. Dieses innovative Sohlenmaterial bietet eine hervorragende Sto\u00dfd\u00e4mpfung, reduziert Erm\u00fcdungserscheinungen und sorgt auch nach stundenlangem Tragen f\u00fcr Komfort. Das unverwechselbare Design des doppelten M\u00f6nchsriemens mit seinen eleganten Schnallen verleiht diesen Schuhen einen Hauch von klassischer Raffinesse und macht sie zu einem herausragenden St\u00fcck. Die bequeme EVA-Sohle und das vielseitige Design verk\u00f6rpern die zeitlose Anziehungskraft klassischer Schuhe und erm\u00f6glichen einen nahtlosen \u00dcbergang in die Kategorie der Freizeitschuhe oder sogar der eleganten Loafer-Schuhe. Erh\u00e4ltlich in einer umfassenden Auswahl an Gr\u00f6\u00dfen von EU 40 bis 44, war es noch nie so einfach, die perfekte Passform zu finden.<\/p>\n<p>Diese braunen Lederschuhe mit M\u00f6nchsriemen eignen sich perfekt f\u00fcr eine Reihe von Anl\u00e4ssen und passen hervorragend zu ma\u00dfgeschneiderten Anz\u00fcgen, eleganten Hosen und sogar zu eleganteren Denims. Ihr satter brauner Farbton bietet Flexibilit\u00e4t beim Styling und erg\u00e4nzt verschiedene Farbpaletten in Ihrem Kleiderschrank. Investieren Sie in ein Paar Schuhe, das nicht nur au\u00dfergew\u00f6hnlich aussieht, sondern auch dauerhaften Komfort und Qualit\u00e4t bietet. F\u00fcr Unternehmen, die hochwertiges Schuhwerk anbieten m\u00f6chten, sind diese <strong>Braune M\u00f6nchsriemenschuhe aus Leder f\u00fcr M\u00e4nner<\/strong> sind f\u00fcr Gro\u00dfhandelsbestellungen mit einer Mindestmenge von 8 Paaren erh\u00e4ltlich.<\/p>","protected":false},"excerpt":{"rendered":"<ul>\n<li>Obermaterial aus hochwertigem Kalbsleder f\u00fcr erstklassiges Aussehen und Gef\u00fchl<\/li>\n<li>Luxuri\u00f6ses Ziegenleder-Futter f\u00fcr atmungsaktiven Komfort<\/li>\n<li>Strapazierf\u00e4hige und leichte EVA-Sohle f\u00fcr ganzt\u00e4giges Tragen<\/li>\n<li>Raffiniertes Design mit doppeltem M\u00f6nchsriemen<\/li>\n<li>Vielseitiger Stil, geeignet f\u00fcr legere, klassische oder legere Business-Outfits<\/li>\n<li>Erh\u00e4ltlich in den EU-Gr\u00f6\u00dfen 40, 41, 42, 43, 44<\/li>\n<li>Gro\u00dfhandelsbestellungen willkommen (Mindestbestellmenge: 8 Paare)<\/li>\n<\/ul>","protected":false},"featured_media":6758,"template":"","meta":{"_acf_changed":false,"_uag_custom_page_level_css":"","site-sidebar-layout":"default","site-content-layout":"","ast-site-content-layout":"default","site-content-style":"default","site-sidebar-style":"default","ast-global-header-display":"","ast-banner-title-visibility":"","ast-main-header-display":"","ast-hfb-above-header-display":"","ast-hfb-below-header-display":"","ast-hfb-mobile-header-display":"","site-post-title":"","ast-breadcrumbs-content":"","ast-featured-img":"","footer-sml-layout":"","ast-disable-related-posts":"","theme-transparent-header-meta":"","adv-header-id-meta":"","stick-header-meta":"","header-above-stick-meta":"","header-main-stick-meta":"","header-below-stick-meta":"","astra-migrate-meta-layouts":"default","ast-page-background-enabled":"default","ast-page-background-meta":{"desktop":{"background-color":"var(--ast-global-color-4)","background-image":"","background-repeat":"repeat","background-position":"center center","background-size":"auto","background-attachment":"scroll","background-type":"","background-media":"","overlay-type":"","overlay-color":"","overlay-opacity":"","overlay-gradient":""},"tablet":{"background-color":"","background-image":"","background-repeat":"repeat","background-position":"center center","background-size":"auto","background-attachment":"scroll","background-type":"","background-media":"","overlay-type":"","overlay-color":"","overlay-opacity":"","overlay-gradient":""},"mobile":{"background-color":"","background-image":"","background-repeat":"repeat","background-position":"center center","background-size":"auto","background-attachment":"scroll","background-type":"","background-media":"","overlay-type":"","overlay-color":"","overlay-opacity":"","overlay-gradient":""}},"ast-content-background-meta":{"desktop":{"background-color":"var(--ast-global-color-5)","background-image":"","background-repeat":"repeat","background-position":"center center","background-size":"auto","background-attachment":"scroll","background-type":"","background-media":"","overlay-type":"","overlay-color":"","overlay-opacity":"","overlay-gradient":""},"tablet":{"background-color":"var(--ast-global-color-5)","background-image":"","background-repeat":"repeat","background-position":"center center","background-size":"auto","background-attachment":"scroll","background-type":"","background-media":"","overlay-type":"","overlay-color":"","overlay-opacity":"","overlay-gradient":""},"mobile":{"background-color":"var(--ast-global-color-5)","background-image":"","background-repeat":"repeat","background-position":"center center","background-size":"auto","background-attachment":"scroll","background-type":"","background-media":"","overlay-type":"","overlay-color":"","overlay-opacity":"","overlay-gradient":""}}},"product_brand":[],"product_cat":[48,47,49,430,1200],"product_tag":[292,512,644,1420,287,1419,324,261,546,281],"class_list":{"0":"post-8522","1":"product","2":"type-product","3":"status-publish","4":"has-post-thumbnail","6":"product_cat-casual","7":"product_cat-classic","8":"product_cat-loafer","9":"product_cat-men","10":"product_cat-mens-shoes-2","11":"product_tag-brown-leather-shoes","12":"product_tag-casual-loafers","13":"product_tag-classic-footwear","14":"product_tag-double-buckle-shoes","15":"product_tag-eva-sole-shoes","16":"product_tag-leather-mens-shoes","17":"product_tag-mens-dress-shoes","18":"product_tag-monk-strap-shoes","19":"product_tag-stylish-mens-shoes","20":"product_tag-wholesale-shoes","21":"desktop-align-center","22":"tablet-align-center","23":"mobile-align-center","25":"first","26":"instock","27":"shipping-taxable","28":"purchasable","29":"product-type-variable","30":"has-default-attributes"},"acf":[],"uagb_featured_image_src":{"full":["https:\/\/turkishtrade.co\/wp-content\/uploads\/2026\/01\/2600QLOMN00006-BROWN.png",453,250,false],"thumbnail":["https:\/\/turkishtrade.co\/wp-content\/uploads\/2026\/01\/2600QLOMN00006-BROWN-150x150.png",150,150,true],"medium":["https:\/\/turkishtrade.co\/wp-content\/uploads\/2026\/01\/2600QLOMN00006-BROWN-300x166.png",300,166,true],"medium_large":["https:\/\/turkishtrade.co\/wp-content\/uploads\/2026\/01\/2600QLOMN00006-BROWN.png",453,250,false],"large":["https:\/\/turkishtrade.co\/wp-content\/uploads\/2026\/01\/2600QLOMN00006-BROWN.png",453,250,false],"1536x1536":["https:\/\/turkishtrade.co\/wp-content\/uploads\/2026\/01\/2600QLOMN00006-BROWN.png",453,250,false],"2048x2048":["https:\/\/turkishtrade.co\/wp-content\/uploads\/2026\/01\/2600QLOMN00006-BROWN.png",453,250,false],"trp-custom-language-flag":["https:\/\/turkishtrade.co\/wp-content\/uploads\/2026\/01\/2600QLOMN00006-BROWN-18x10.png",18,10,true],"woocommerce_thumbnail":["https:\/\/turkishtrade.co\/wp-content\/uploads\/2026\/01\/2600QLOMN00006-BROWN-400x250.png",400,250,true],"woocommerce_single":["https:\/\/turkishtrade.co\/wp-content\/uploads\/2026\/01\/2600QLOMN00006-BROWN.png",453,250,false],"woocommerce_gallery_thumbnail":["https:\/\/turkishtrade.co\/wp-content\/uploads\/2026\/01\/2600QLOMN00006-BROWN-100x100.png",100,100,true]},"uagb_author_info":{"display_name":"python python","author_link":"https:\/\/turkishtrade.co\/de\/author\/"},"uagb_comment_info":0,"uagb_excerpt":"Premium Calf Leather Upper for superior look and feel Luxurious Goat Leather Lining for breathable comfort Durable and Lightweight EVA Sole for all-day wear Sophisticated Double Monk Strap Design Versatile style suitable for casual, classic, or business casual outfits Available in EU Sizes 40, 41, 42, 43, 44 Wholesale Orders Welcome (Minimum Order: 8 Pairs)","_links":{"self":[{"href":"https:\/\/turkishtrade.co\/de\/wp-json\/wp\/v2\/product\/8522","targetHints":{"allow":["GET"]}}],"collection":[{"href":"https:\/\/turkishtrade.co\/de\/wp-json\/wp\/v2\/product"}],"about":[{"href":"https:\/\/turkishtrade.co\/de\/wp-json\/wp\/v2\/types\/product"}],"wp:featuredmedia":[{"embeddable":true,"href":"https:\/\/turkishtrade.co\/de\/wp-json\/wp\/v2\/media\/6758"}],"wp:attachment":[{"href":"https:\/\/turkishtrade.co\/de\/wp-json\/wp\/v2\/media?parent=8522"}],"wp:term":[{"taxonomy":"product_brand","embeddable":true,"href":"https:\/\/turkishtrade.co\/de\/wp-json\/wp\/v2\/product_brand?post=8522"},{"taxonomy":"product_cat","embeddable":true,"href":"https:\/\/turkishtrade.co\/de\/wp-json\/wp\/v2\/product_cat?post=8522"},{"taxonomy":"product_tag","embeddable":true,"href":"https:\/\/turkishtrade.co\/de\/wp-json\/wp\/v2\/product_tag?post=8522"}],"curies":[{"name":"wp","href":"https:\/\/api.w.org\/{rel}","templated":true}]}}