{"id":8464,"date":"2026-01-29T14:50:26","date_gmt":"2026-01-29T14:50:26","guid":{"rendered":"https:\/\/turkishtrade.co\/?post_type=product&#038;p=8464"},"modified":"2026-04-09T20:24:33","modified_gmt":"2026-04-09T20:24:33","slug":"mens-black-sports-sneakers-2","status":"publish","type":"product","link":"https:\/\/turkishtrade.co\/de\/shop\/mens-black-sports-sneakers-2\/","title":{"rendered":"Herren Schwarz Sport Turnschuhe Garantiert | Stilvolle Herren Schwarz Kunstleder"},"content":{"rendered":"<p><strong>M\u00e4nner Schwarz Sport Turnschuhe<\/strong>. Garantierte Qualit\u00e4t und Design.<\/p>\n<p>Entdecken Sie die perfekte Mischung aus Stil, Komfort und Leistung mit unserem <strong>M\u00e4nner Schwarz Sport Turnschuhe<\/strong>. Diese Sneaker wurden f\u00fcr den modernen Mann entwickelt und halten Sie in Bewegung, egal ob Sie ins Fitnessstudio gehen, eine Runde laufen oder einfach nur einen l\u00e4ssigen Tag genie\u00dfen wollen. Gefertigt aus hochwertigen Materialien, sind diese <strong>M\u00e4nner Schwarz Sport Turnschuhe<\/strong> bieten un\u00fcbertroffenen Halt und eine elegante \u00c4sthetik, die jedes Outfit erg\u00e4nzt.<\/p>\n<h3>Unerreichter Komfort und robustes Design<\/h3>\n<p>Unser <strong>M\u00e4nner Schwarz Sport Turnschuhe<\/strong> zeichnen sich durch ein durchdachtes Design aus. Die Au\u00dfenseite besteht aus hochwertigem Kunstleder, das sowohl Haltbarkeit als auch einen raffinierten Look bietet, w\u00e4hrend die Innenseite mit einem weichen, atmungsaktiven Stoff gef\u00fcttert ist. Diese Kombination sorgt f\u00fcr maximalen Komfort, damit Ihre F\u00fc\u00dfe den ganzen Tag \u00fcber k\u00fchl und gest\u00fctzt bleiben. Die robuste Sohle bietet hervorragenden Grip und D\u00e4mpfung, absorbiert St\u00f6\u00dfe und sorgt f\u00fcr einen geschmeidigen Gang. <strong>M\u00e4nner Schwarz Sport Turnschuhe<\/strong> eine ideale Wahl f\u00fcr verschiedene Aktivit\u00e4ten. Erh\u00e4ltlich in einer umfassenden Auswahl an Gr\u00f6\u00dfen von 40 bis 45, war es noch nie so einfach, die perfekte Passform zu finden.<\/p>\n<h3>Vielseitiger Stil f\u00fcr jeden Lebensstil<\/h3>\n<p>Das sind nicht einfach irgendwelche <strong>M\u00e4nner Schwarz Sport Turnschuhe<\/strong>; Sie sind ein vielseitiges Modestatement. Ihre klassische schwarze Farbe, akzentuiert durch eine auff\u00e4llige wei\u00dfe Sohle, macht es unglaublich einfach, sie mit Sportkleidung, Jeans oder sogar l\u00e4ssig-eleganten Ensembles zu kombinieren. Peppen Sie Ihren Alltagslook mit Schuhen auf, die sich nahtlos von aktiven Aktivit\u00e4ten bis hin zu gesellschaftlichen Anl\u00e4ssen tragen lassen. Das zeitgem\u00e4\u00dfe Design sorgt daf\u00fcr, dass Sie immer stilvoll unterwegs sind, und spiegelt ein scharfes Auge f\u00fcr moderne Trends und praktische Funktionalit\u00e4t wider.<\/p>\n<h3>Eine unverzichtbare Erg\u00e4nzung f\u00fcr Ihre Garderobe<\/h3>\n<p>Investieren Sie in Qualit\u00e4t und Stil mit unseren au\u00dfergew\u00f6hnlichen <strong>M\u00e4nner Schwarz Sport Turnschuhe<\/strong>. Sie sind so gebaut, dass sie den Anforderungen eines aktiven Lebensstils standhalten, ohne dabei an \u00c4sthetik einzub\u00fc\u00dfen. Der sichere Schn\u00fcrverschluss bietet eine verstellbare Passform und sorgt f\u00fcr maximale Stabilit\u00e4t und Komfort. F\u00fcr Unternehmen, diese Premium <strong>M\u00e4nner Schwarz Sport Turnschuhe<\/strong> sind ab einer Mindestbestellmenge von 8 Paar im Gro\u00dfhandel erh\u00e4ltlich und somit eine fantastische Erg\u00e4nzung f\u00fcr jede Einzelhandelskollektion. Aktualisieren Sie Ihre Schuhkollektion noch heute und erleben Sie den Unterschied, den \u00fcberlegene Handwerkskunst ausmacht, mit unseren stilvollen <strong>M\u00e4nner Schwarz Sport Turnschuhe<\/strong>.<\/p>","protected":false},"excerpt":{"rendered":"<ul>\n<li>Erleben Sie \u00fcberlegenen Komfort und Stil mit unseren schwarzen Sport-Sneakers f\u00fcr M\u00e4nner.<\/li>\n<li>Au\u00dfen aus strapazierf\u00e4higem Kunstleder und innen aus atmungsaktivem Stoff gefertigt.<\/li>\n<li>Erh\u00e4ltlich in einer breiten Palette von Gr\u00f6\u00dfen: 40, 41, 42, 43, 44 und 45 f\u00fcr die perfekte Passform.<\/li>\n<li>Vielseitig einsetzbar, ideal f\u00fcr Sport, Fitnessstudio oder modische Freizeitkleidung.<\/li>\n<li>Bei einer Mindestbestellmenge von 8 Paaren sind Gro\u00dfhandelsangebote erh\u00e4ltlich.<\/li>\n<\/ul>","protected":false},"featured_media":6674,"template":"","meta":{"_acf_changed":false,"_uag_custom_page_level_css":"","site-sidebar-layout":"default","site-content-layout":"","ast-site-content-layout":"default","site-content-style":"default","site-sidebar-style":"default","ast-global-header-display":"","ast-banner-title-visibility":"","ast-main-header-display":"","ast-hfb-above-header-display":"","ast-hfb-below-header-display":"","ast-hfb-mobile-header-display":"","site-post-title":"","ast-breadcrumbs-content":"","ast-featured-img":"","footer-sml-layout":"","ast-disable-related-posts":"","theme-transparent-header-meta":"","adv-header-id-meta":"","stick-header-meta":"","header-above-stick-meta":"","header-main-stick-meta":"","header-below-stick-meta":"","astra-migrate-meta-layouts":"default","ast-page-background-enabled":"default","ast-page-background-meta":{"desktop":{"background-color":"var(--ast-global-color-4)","background-image":"","background-repeat":"repeat","background-position":"center center","background-size":"auto","background-attachment":"scroll","background-type":"","background-media":"","overlay-type":"","overlay-color":"","overlay-opacity":"","overlay-gradient":""},"tablet":{"background-color":"","background-image":"","background-repeat":"repeat","background-position":"center center","background-size":"auto","background-attachment":"scroll","background-type":"","background-media":"","overlay-type":"","overlay-color":"","overlay-opacity":"","overlay-gradient":""},"mobile":{"background-color":"","background-image":"","background-repeat":"repeat","background-position":"center center","background-size":"auto","background-attachment":"scroll","background-type":"","background-media":"","overlay-type":"","overlay-color":"","overlay-opacity":"","overlay-gradient":""}},"ast-content-background-meta":{"desktop":{"background-color":"var(--ast-global-color-5)","background-image":"","background-repeat":"repeat","background-position":"center center","background-size":"auto","background-attachment":"scroll","background-type":"","background-media":"","overlay-type":"","overlay-color":"","overlay-opacity":"","overlay-gradient":""},"tablet":{"background-color":"var(--ast-global-color-5)","background-image":"","background-repeat":"repeat","background-position":"center center","background-size":"auto","background-attachment":"scroll","background-type":"","background-media":"","overlay-type":"","overlay-color":"","overlay-opacity":"","overlay-gradient":""},"mobile":{"background-color":"var(--ast-global-color-5)","background-image":"","background-repeat":"repeat","background-position":"center center","background-size":"auto","background-attachment":"scroll","background-type":"","background-media":"","overlay-type":"","overlay-color":"","overlay-opacity":"","overlay-gradient":""}}},"product_brand":[],"product_cat":[430,1200,51],"product_tag":[1463,1120,216,1375,333,1462,1461,1361,1123],"class_list":{"0":"post-8464","1":"product","2":"type-product","3":"status-publish","4":"has-post-thumbnail","6":"product_cat-men","7":"product_cat-mens-shoes-2","8":"product_cat-sports","9":"product_tag-athletic-shoes","10":"product_tag-black-sneakers","11":"product_tag-casual-sneakers","12":"product_tag-comfort-sneakers","13":"product_tag-fashion-sneakers","14":"product_tag-faux-leather-sneakers","15":"product_tag-mens-black-sports-sneakers","16":"product_tag-sports-shoes","17":"product_tag-wholesale-sneakers","18":"desktop-align-center","19":"tablet-align-center","20":"mobile-align-center","22":"first","23":"instock","24":"shipping-taxable","25":"purchasable","26":"product-type-variable","27":"has-default-attributes"},"acf":[],"uagb_featured_image_src":{"full":["https:\/\/turkishtrade.co\/wp-content\/uploads\/2026\/01\/2600OYNMN00025-BLACK.png",453,250,false],"thumbnail":["https:\/\/turkishtrade.co\/wp-content\/uploads\/2026\/01\/2600OYNMN00025-BLACK-150x150.png",150,150,true],"medium":["https:\/\/turkishtrade.co\/wp-content\/uploads\/2026\/01\/2600OYNMN00025-BLACK-300x166.png",300,166,true],"medium_large":["https:\/\/turkishtrade.co\/wp-content\/uploads\/2026\/01\/2600OYNMN00025-BLACK.png",453,250,false],"large":["https:\/\/turkishtrade.co\/wp-content\/uploads\/2026\/01\/2600OYNMN00025-BLACK.png",453,250,false],"1536x1536":["https:\/\/turkishtrade.co\/wp-content\/uploads\/2026\/01\/2600OYNMN00025-BLACK.png",453,250,false],"2048x2048":["https:\/\/turkishtrade.co\/wp-content\/uploads\/2026\/01\/2600OYNMN00025-BLACK.png",453,250,false],"trp-custom-language-flag":["https:\/\/turkishtrade.co\/wp-content\/uploads\/2026\/01\/2600OYNMN00025-BLACK-18x10.png",18,10,true],"woocommerce_thumbnail":["https:\/\/turkishtrade.co\/wp-content\/uploads\/2026\/01\/2600OYNMN00025-BLACK-400x250.png",400,250,true],"woocommerce_single":["https:\/\/turkishtrade.co\/wp-content\/uploads\/2026\/01\/2600OYNMN00025-BLACK.png",453,250,false],"woocommerce_gallery_thumbnail":["https:\/\/turkishtrade.co\/wp-content\/uploads\/2026\/01\/2600OYNMN00025-BLACK-100x100.png",100,100,true]},"uagb_author_info":{"display_name":"python python","author_link":"https:\/\/turkishtrade.co\/de\/author\/"},"uagb_comment_info":0,"uagb_excerpt":"Experience superior comfort and style with our Men's Black Sports Sneakers. Crafted with a durable faux leather exterior and a breathable fabric interior. Available in a wide range of sizes: 40, 41, 42, 43, 44, and 45 for the perfect fit. Designed for versatile use, ideal for sports, gym workouts, or fashionable casual wear. Wholesale&hellip;","_links":{"self":[{"href":"https:\/\/turkishtrade.co\/de\/wp-json\/wp\/v2\/product\/8464","targetHints":{"allow":["GET"]}}],"collection":[{"href":"https:\/\/turkishtrade.co\/de\/wp-json\/wp\/v2\/product"}],"about":[{"href":"https:\/\/turkishtrade.co\/de\/wp-json\/wp\/v2\/types\/product"}],"wp:featuredmedia":[{"embeddable":true,"href":"https:\/\/turkishtrade.co\/de\/wp-json\/wp\/v2\/media\/6674"}],"wp:attachment":[{"href":"https:\/\/turkishtrade.co\/de\/wp-json\/wp\/v2\/media?parent=8464"}],"wp:term":[{"taxonomy":"product_brand","embeddable":true,"href":"https:\/\/turkishtrade.co\/de\/wp-json\/wp\/v2\/product_brand?post=8464"},{"taxonomy":"product_cat","embeddable":true,"href":"https:\/\/turkishtrade.co\/de\/wp-json\/wp\/v2\/product_cat?post=8464"},{"taxonomy":"product_tag","embeddable":true,"href":"https:\/\/turkishtrade.co\/de\/wp-json\/wp\/v2\/product_tag?post=8464"}],"curies":[{"name":"wp","href":"https:\/\/api.w.org\/{rel}","templated":true}]}}