{"id":8437,"date":"2026-01-29T14:50:16","date_gmt":"2026-01-29T14:50:16","guid":{"rendered":"https:\/\/turkishtrade.co\/?post_type=product&#038;p=8437"},"modified":"2026-04-09T20:25:28","modified_gmt":"2026-04-09T20:25:28","slug":"mens-tan-faux-leather-sports-shoes","status":"publish","type":"product","link":"https:\/\/turkishtrade.co\/de\/shop\/mens-tan-faux-leather-sports-shoes\/","title":{"rendered":"Herren Tan Faux Leder Sportschuhe Proven | Herren Tan Faux Leder Mesh"},"content":{"rendered":"<p><strong>Herren Tan Kunstleder Sportschuhe<\/strong>. Bew\u00e4hrte Qualit\u00e4t und Design.<\/p>\n<p>Entdecken Sie die perfekte Mischung aus Stil, Komfort und Langlebigkeit mit unseren au\u00dfergew\u00f6hnlichen <strong>Herren Tan Kunstleder Sportschuhe<\/strong>. Diese vielseitigen Sportschuhe wurden f\u00fcr den modernen Mann entworfen und sorgen daf\u00fcr, dass Sie es bequem haben, egal ob Sie ins Fitnessstudio gehen, die Stadt erkunden oder einfach einen l\u00e4ssigen Tag genie\u00dfen. Die auff\u00e4llige hellbraune Farbe kombiniert mit raffinierten schwarzen Akzenten macht diese Schuhe zu einer herausragenden Erg\u00e4nzung f\u00fcr jede Garderobe, so dass Sie immer selbstbewusst und stilvoll auftreten k\u00f6nnen.<\/p>\n<h3>Un\u00fcbertroffener Komfort und Atmungsaktivit\u00e4t f\u00fcr ganzt\u00e4gigen Tragekomfort<\/h3>\n<p>Erleben Sie dank des durchdachten Designs dieser Sportschuhe bei jedem Schritt h\u00f6chsten Komfort. Dank des weichen und atmungsaktiven Innenmaterials bleiben Ihre F\u00fc\u00dfe auch bei l\u00e4ngerem Tragen k\u00fchl und bequem. Die Au\u00dfenseite ist eine meisterhafte Kombination aus Premium-Kunstleder und einem hochwertigen Mesh-Material, das f\u00fcr hervorragende Bel\u00fcftung und Flexibilit\u00e4t sorgt. Diese <strong>Herren Tan Kunstleder Sportschuhe<\/strong> sind in einer breiten Palette von Gr\u00f6\u00dfen von 40 bis 45 erh\u00e4ltlich und bieten somit eine perfekte Passform f\u00fcr eine Vielzahl von Kunden. Verabschieden Sie sich von Unbehagen und nehmen Sie einen Schuh an, der Ihren aktiven Lebensstil wirklich unterst\u00fctzt.<\/p>\n<h3>Langlebiges Design f\u00fcr jedes Abenteuer<\/h3>\n<p>Unser Engagement f\u00fcr Qualit\u00e4t zeigt sich in der robusten Konstruktion dieser hellbraunen Sportschuhe. Das strapazierf\u00e4hige Kunstleder verleiht nicht nur einen Hauch von Raffinesse, sondern bietet auch lang anhaltende Widerstandsf\u00e4higkeit gegen t\u00e4gliche Abnutzung. Gepaart mit einer robusten, strukturierten Au\u00dfensohle bieten diese Schuhe au\u00dfergew\u00f6hnlichen Grip und Stabilit\u00e4t auf verschiedenen Oberfl\u00e4chen, was sie ideal f\u00fcr leichte sportliche Aktivit\u00e4ten, z\u00fcgiges Gehen oder sogar abenteuerliche Stadterkundungen macht. Investieren Sie in Schuhe, die den Test der Zeit bestehen und mit Ihrer dynamischen Routine Schritt halten. Diese Schuhe sind nicht einfach nur Schuhe, sie sind Ihre zuverl\u00e4ssigen Begleiter f\u00fcr jede Reise.<\/p>\n<h3>Stilvolle Vielseitigkeit f\u00fcr den modernen Mann<\/h3>\n<p>Der zeitlose hellbraune Farbton dieser <strong>Herren Tan Kunstleder Sportschuhe<\/strong> bietet eine unvergleichliche Vielseitigkeit, mit der sie sich nahtlos in unz\u00e4hlige Outfits integrieren lassen. Von sportlicher Kleidung bis hin zu l\u00e4ssig-eleganten Ensembles - diese Sneaker verleihen Ihrem Look einen m\u00fchelos schicken Vibe. Die Mischung der Texturen - glattes Kunstleder und kompliziertes Mesh - schafft einen dynamischen visuellen Reiz, der sowohl modern als auch klassisch ist. Setzen Sie ein Zeichen mit Schuhen, die ein perfektes Gleichgewicht zwischen Funktionalit\u00e4t und Mode schaffen und f\u00fcr alle Jahreszeiten und Anl\u00e4sse geeignet sind.<\/p>\n<h3>Ideal f\u00fcr Einzelh\u00e4ndler: Gelegenheit f\u00fcr den Gro\u00dfhandel<\/h3>\n<p>F\u00fcr Unternehmen, die hochwertige und beliebte Schuhe anbieten m\u00f6chten, ist unser <strong>Herren Tan Kunstleder Sportschuhe<\/strong> sind eine hervorragende Gelegenheit f\u00fcr den Gro\u00dfhandel. Mit einer Mindestbestellmenge von nur 8 Paar k\u00f6nnen Einzelh\u00e4ndler diese gefragten Sportschuhe problemlos in ihren Bestand aufnehmen. Bieten Sie Ihren Kunden ein Premium-Produkt, das gefragte Eigenschaften wie Komfort, Haltbarkeit und modernen Stil vereint. Erweitern Sie Ihre Kollektion mit Schuhen, die Kundenzufriedenheit und Wiederholungsgesch\u00e4fte versprechen und den Ruf Ihres Gesch\u00e4fts f\u00fcr Qualit\u00e4t und zukunftsweisende Designs st\u00e4rken.<\/p>","protected":false},"excerpt":{"rendered":"<ul>\n<li>Bequeme Passform, erh\u00e4ltlich in den Gr\u00f6\u00dfen 40, 41, 42, 43, 44, 45<\/li>\n<li>Atmungsaktives Gewebe im Inneren sorgt f\u00fcr ganzt\u00e4gigen Komfort<\/li>\n<li>Elegantes und strapazierf\u00e4higes Au\u00dfenmaterial aus Kunstleder und Mesh<\/li>\n<li>Entwickelt f\u00fcr Sport, Wandern und l\u00e4ssige Alltagskleidung<\/li>\n<li>Gelegenheit f\u00fcr den Gro\u00dfhandel: Mindestbestellmenge von 8 Paaren erforderlich<\/li>\n<\/ul>","protected":false},"featured_media":6823,"template":"","meta":{"_acf_changed":false,"_uag_custom_page_level_css":"","site-sidebar-layout":"default","site-content-layout":"","ast-site-content-layout":"default","site-content-style":"default","site-sidebar-style":"default","ast-global-header-display":"","ast-banner-title-visibility":"","ast-main-header-display":"","ast-hfb-above-header-display":"","ast-hfb-below-header-display":"","ast-hfb-mobile-header-display":"","site-post-title":"","ast-breadcrumbs-content":"","ast-featured-img":"","footer-sml-layout":"","ast-disable-related-posts":"","theme-transparent-header-meta":"","adv-header-id-meta":"","stick-header-meta":"","header-above-stick-meta":"","header-main-stick-meta":"","header-below-stick-meta":"","astra-migrate-meta-layouts":"default","ast-page-background-enabled":"default","ast-page-background-meta":{"desktop":{"background-color":"var(--ast-global-color-4)","background-image":"","background-repeat":"repeat","background-position":"center center","background-size":"auto","background-attachment":"scroll","background-type":"","background-media":"","overlay-type":"","overlay-color":"","overlay-opacity":"","overlay-gradient":""},"tablet":{"background-color":"","background-image":"","background-repeat":"repeat","background-position":"center center","background-size":"auto","background-attachment":"scroll","background-type":"","background-media":"","overlay-type":"","overlay-color":"","overlay-opacity":"","overlay-gradient":""},"mobile":{"background-color":"","background-image":"","background-repeat":"repeat","background-position":"center center","background-size":"auto","background-attachment":"scroll","background-type":"","background-media":"","overlay-type":"","overlay-color":"","overlay-opacity":"","overlay-gradient":""}},"ast-content-background-meta":{"desktop":{"background-color":"var(--ast-global-color-5)","background-image":"","background-repeat":"repeat","background-position":"center center","background-size":"auto","background-attachment":"scroll","background-type":"","background-media":"","overlay-type":"","overlay-color":"","overlay-opacity":"","overlay-gradient":""},"tablet":{"background-color":"var(--ast-global-color-5)","background-image":"","background-repeat":"repeat","background-position":"center center","background-size":"auto","background-attachment":"scroll","background-type":"","background-media":"","overlay-type":"","overlay-color":"","overlay-opacity":"","overlay-gradient":""},"mobile":{"background-color":"var(--ast-global-color-5)","background-image":"","background-repeat":"repeat","background-position":"center center","background-size":"auto","background-attachment":"scroll","background-type":"","background-media":"","overlay-type":"","overlay-color":"","overlay-opacity":"","overlay-gradient":""}}},"product_brand":[],"product_cat":[430,1200,51],"product_tag":[449,1449,1474,1446,1445,1503,1412,1175,281],"class_list":{"0":"post-8437","1":"product","2":"type-product","3":"status-publish","4":"has-post-thumbnail","6":"product_cat-men","7":"product_cat-mens-shoes-2","8":"product_cat-sports","9":"product_tag-casual-shoes","10":"product_tag-comfortable-sports-shoes","11":"product_tag-durable-sneakers","12":"product_tag-faux-leather-shoes","13":"product_tag-mens-sports-shoes","14":"product_tag-mesh-shoes","15":"product_tag-tan-sneakers","16":"product_tag-walking-shoes","17":"product_tag-wholesale-shoes","18":"desktop-align-center","19":"tablet-align-center","20":"mobile-align-center","22":"first","23":"instock","24":"shipping-taxable","25":"purchasable","26":"product-type-variable","27":"has-default-attributes"},"acf":[],"uagb_featured_image_src":{"full":["https:\/\/turkishtrade.co\/wp-content\/uploads\/2026\/01\/2600OYNMN00018-BEIGE.png",453,250,false],"thumbnail":["https:\/\/turkishtrade.co\/wp-content\/uploads\/2026\/01\/2600OYNMN00018-BEIGE-150x150.png",150,150,true],"medium":["https:\/\/turkishtrade.co\/wp-content\/uploads\/2026\/01\/2600OYNMN00018-BEIGE-300x166.png",300,166,true],"medium_large":["https:\/\/turkishtrade.co\/wp-content\/uploads\/2026\/01\/2600OYNMN00018-BEIGE.png",453,250,false],"large":["https:\/\/turkishtrade.co\/wp-content\/uploads\/2026\/01\/2600OYNMN00018-BEIGE.png",453,250,false],"1536x1536":["https:\/\/turkishtrade.co\/wp-content\/uploads\/2026\/01\/2600OYNMN00018-BEIGE.png",453,250,false],"2048x2048":["https:\/\/turkishtrade.co\/wp-content\/uploads\/2026\/01\/2600OYNMN00018-BEIGE.png",453,250,false],"trp-custom-language-flag":["https:\/\/turkishtrade.co\/wp-content\/uploads\/2026\/01\/2600OYNMN00018-BEIGE-18x10.png",18,10,true],"woocommerce_thumbnail":["https:\/\/turkishtrade.co\/wp-content\/uploads\/2026\/01\/2600OYNMN00018-BEIGE-400x250.png",400,250,true],"woocommerce_single":["https:\/\/turkishtrade.co\/wp-content\/uploads\/2026\/01\/2600OYNMN00018-BEIGE.png",453,250,false],"woocommerce_gallery_thumbnail":["https:\/\/turkishtrade.co\/wp-content\/uploads\/2026\/01\/2600OYNMN00018-BEIGE-100x100.png",100,100,true]},"uagb_author_info":{"display_name":"python python","author_link":"https:\/\/turkishtrade.co\/de\/author\/"},"uagb_comment_info":0,"uagb_excerpt":"Comfortable fit available in sizes 40, 41, 42, 43, 44, 45 Breathable fabric interior ensures all-day comfort Stylish and durable faux leather and mesh exterior Designed for sports, walking, and casual everyday wear Wholesale opportunity: Minimum order of 8 pairs required","_links":{"self":[{"href":"https:\/\/turkishtrade.co\/de\/wp-json\/wp\/v2\/product\/8437","targetHints":{"allow":["GET"]}}],"collection":[{"href":"https:\/\/turkishtrade.co\/de\/wp-json\/wp\/v2\/product"}],"about":[{"href":"https:\/\/turkishtrade.co\/de\/wp-json\/wp\/v2\/types\/product"}],"wp:featuredmedia":[{"embeddable":true,"href":"https:\/\/turkishtrade.co\/de\/wp-json\/wp\/v2\/media\/6823"}],"wp:attachment":[{"href":"https:\/\/turkishtrade.co\/de\/wp-json\/wp\/v2\/media?parent=8437"}],"wp:term":[{"taxonomy":"product_brand","embeddable":true,"href":"https:\/\/turkishtrade.co\/de\/wp-json\/wp\/v2\/product_brand?post=8437"},{"taxonomy":"product_cat","embeddable":true,"href":"https:\/\/turkishtrade.co\/de\/wp-json\/wp\/v2\/product_cat?post=8437"},{"taxonomy":"product_tag","embeddable":true,"href":"https:\/\/turkishtrade.co\/de\/wp-json\/wp\/v2\/product_tag?post=8437"}],"curies":[{"name":"wp","href":"https:\/\/api.w.org\/{rel}","templated":true}]}}