{"id":8435,"date":"2026-01-29T14:50:16","date_gmt":"2026-01-29T14:50:16","guid":{"rendered":"https:\/\/turkishtrade.co\/?post_type=product&#038;p=8435"},"modified":"2026-04-09T20:25:46","modified_gmt":"2026-04-09T20:25:46","slug":"mens-black-sports-shoes-3","status":"publish","type":"product","link":"https:\/\/turkishtrade.co\/de\/shop\/mens-black-sports-shoes-3\/","title":{"rendered":"Herren Schwarz Sportschuhe Incredible | Herren Schwarz Kunstleder &amp;"},"content":{"rendered":"<p>Verbessern Sie Ihr Schuhwerk mit unserem au\u00dfergew\u00f6hnlichen <strong>Schwarze Sportschuhe f\u00fcr M\u00e4nner<\/strong>, Diese Schuhe wurden sorgf\u00e4ltig f\u00fcr Stil und Leistung entwickelt. Diese vielseitigen Schuhe sind eine unverzichtbare Erg\u00e4nzung f\u00fcr die Garderobe eines jeden Mannes und bieten eine perfekte Mischung aus Komfort, Strapazierf\u00e4higkeit und einer eleganten \u00c4sthetik. Egal, ob Sie ins Fitnessstudio gehen, einen l\u00e4ssigen Spaziergang machen oder einfach zuverl\u00e4ssiges Schuhwerk f\u00fcr den Alltag brauchen, unsere <strong>Schwarze Sportschuhe f\u00fcr M\u00e4nner<\/strong> sind so konzipiert, dass sie Ihre Anforderungen erf\u00fcllen.<\/p>\n<h3>Un\u00fcbertroffener Komfort und hochwertige Materialien<\/h3>\n<p>Unser <strong>Schwarze Sportschuhe f\u00fcr M\u00e4nner<\/strong> verf\u00fcgen \u00fcber eine robuste Konstruktion mit einer Au\u00dfenschicht aus hochwertigem Kunstleder, die eine ausgezeichnete Haltbarkeit und ein anspruchsvolles Finish bietet. Das Innenfutter ist aus weichem, atmungsaktivem Stoff gefertigt, der den ganzen Tag \u00fcber maximalen Komfort bietet. Diese intelligente Kombination von Materialien macht die Schuhe nicht nur <strong>Schwarze Sportschuhe f\u00fcr M\u00e4nner<\/strong> elastisch, aber auch unglaublich bequem, so dass sie auch nach l\u00e4ngerem Tragen nicht schmerzen. Die robuste Sohle bietet ausgezeichneten Halt und Unterst\u00fctzung, wodurch sie ideal f\u00fcr verschiedene Aktivit\u00e4ten sind.<\/p>\n<h3>Schlankes Design und vielseitige Anziehungskraft<\/h3>\n<p>Das zeitlose, komplett schwarze Design dieser <strong>Schwarze Sportschuhe f\u00fcr M\u00e4nner<\/strong> macht sie unglaublich vielseitig. Sie erg\u00e4nzen m\u00fchelos eine breite Palette von Outfits, von sportlicher Kleidung \u00fcber l\u00e4ssige Jeans bis hin zu l\u00e4ssig-eleganten Ensembles. Die schlanke Silhouette sorgt f\u00fcr einen modernen Look, der nie aus der Mode kommt. Dank der umfangreichen Gr\u00f6\u00dfenauswahl von 40 bis 45 ist es einfach, die perfekte Passform zu finden. Peppen Sie Ihren t\u00e4glichen Look mit Schuhen auf, die das Gleichgewicht zwischen Mode und Funktion perfekt beherrschen.<\/p>\n<h3>Ideal f\u00fcr Gro\u00dfeink\u00e4ufer<\/h3>\n<p>F\u00fcr Unternehmen, die hochwertige, gefragte Schuhe auf Lager haben m\u00f6chten, ist unser <strong>Schwarze Sportschuhe f\u00fcr M\u00e4nner<\/strong> sind eine ausgezeichnete Wahl. Wir bieten attraktive Gro\u00dfhandelsoptionen mit einer Mindestbestellmenge von nur 8 Paaren. Das macht es f\u00fcr Einzelh\u00e4ndler einfach, diese beliebten und zuverl\u00e4ssigen <strong>Schwarze Sportschuhe f\u00fcr M\u00e4nner<\/strong> in ihr Sortiment aufgenommen, um einen breiten Kundenstamm anzusprechen, der nach haltbaren und modischen Sportschuhen sucht. Verpassen Sie nicht die Gelegenheit, Ihre Kunden mit erstklassigen Schuhen zu versorgen, die sowohl Zufriedenheit als auch Wert versprechen.<\/p>\n<p>Investieren Sie in Schuhe, die den Test der Zeit und der Trends bestehen. Unser <strong>Schwarze Sportschuhe f\u00fcr M\u00e4nner<\/strong> sind mehr als nur Schuhe; sie sind eine Verpflichtung zu Qualit\u00e4t, Komfort und dauerhaftem Stil. Erleben Sie den Unterschied, den hochwertige Materialien und durchdachtes Design in Ihrem t\u00e4glichen Leben ausmachen k\u00f6nnen. W\u00e4hlen Sie unser <strong>Schwarze Sportschuhe f\u00fcr M\u00e4nner<\/strong> f\u00fcr eine unvergleichliche Mischung aus Leistung und Eleganz.<\/p>","protected":false},"excerpt":{"rendered":"<ul>\n<li>Erleben Sie ultimativen Komfort mit unseren hochwertigen schwarzen Sportschuhen f\u00fcr M\u00e4nner.<\/li>\n<li>Au\u00dfen aus strapazierf\u00e4higem Kunstleder und innen aus weichem Stoff gefertigt.<\/li>\n<li>Erh\u00e4ltlich in einer breiten Palette von Gr\u00f6\u00dfen: 40, 41, 42, 43, 44, 45.<\/li>\n<li>Elegantes, komplett schwarzes Design, perfekt f\u00fcr Sport, Freizeit und Alltag.<\/li>\n<li>Gro\u00dfhandelsverkauf bei einer Mindestbestellmenge von 8 Paaren m\u00f6glich.<\/li>\n<\/ul>","protected":false},"featured_media":6817,"template":"","meta":{"_acf_changed":false,"_uag_custom_page_level_css":"","site-sidebar-layout":"default","site-content-layout":"","ast-site-content-layout":"default","site-content-style":"default","site-sidebar-style":"default","ast-global-header-display":"","ast-banner-title-visibility":"","ast-main-header-display":"","ast-hfb-above-header-display":"","ast-hfb-below-header-display":"","ast-hfb-mobile-header-display":"","site-post-title":"","ast-breadcrumbs-content":"","ast-featured-img":"","footer-sml-layout":"","ast-disable-related-posts":"","theme-transparent-header-meta":"","adv-header-id-meta":"","stick-header-meta":"","header-above-stick-meta":"","header-main-stick-meta":"","header-below-stick-meta":"","astra-migrate-meta-layouts":"default","ast-page-background-enabled":"default","ast-page-background-meta":{"desktop":{"background-color":"var(--ast-global-color-4)","background-image":"","background-repeat":"repeat","background-position":"center center","background-size":"auto","background-attachment":"scroll","background-type":"","background-media":"","overlay-type":"","overlay-color":"","overlay-opacity":"","overlay-gradient":""},"tablet":{"background-color":"","background-image":"","background-repeat":"repeat","background-position":"center center","background-size":"auto","background-attachment":"scroll","background-type":"","background-media":"","overlay-type":"","overlay-color":"","overlay-opacity":"","overlay-gradient":""},"mobile":{"background-color":"","background-image":"","background-repeat":"repeat","background-position":"center center","background-size":"auto","background-attachment":"scroll","background-type":"","background-media":"","overlay-type":"","overlay-color":"","overlay-opacity":"","overlay-gradient":""}},"ast-content-background-meta":{"desktop":{"background-color":"var(--ast-global-color-5)","background-image":"","background-repeat":"repeat","background-position":"center center","background-size":"auto","background-attachment":"scroll","background-type":"","background-media":"","overlay-type":"","overlay-color":"","overlay-opacity":"","overlay-gradient":""},"tablet":{"background-color":"var(--ast-global-color-5)","background-image":"","background-repeat":"repeat","background-position":"center center","background-size":"auto","background-attachment":"scroll","background-type":"","background-media":"","overlay-type":"","overlay-color":"","overlay-opacity":"","overlay-gradient":""},"mobile":{"background-color":"var(--ast-global-color-5)","background-image":"","background-repeat":"repeat","background-position":"center center","background-size":"auto","background-attachment":"scroll","background-type":"","background-media":"","overlay-type":"","overlay-color":"","overlay-opacity":"","overlay-gradient":""}}},"product_brand":[],"product_cat":[430,1200,51],"product_tag":[1120,1449,1474,1446,1455,1453,1361,1458],"class_list":{"0":"post-8435","1":"product","2":"type-product","3":"status-publish","4":"has-post-thumbnail","6":"product_cat-men","7":"product_cat-mens-shoes-2","8":"product_cat-sports","9":"product_tag-black-sneakers","10":"product_tag-comfortable-sports-shoes","11":"product_tag-durable-sneakers","12":"product_tag-faux-leather-shoes","13":"product_tag-mens-athletic-shoes","14":"product_tag-mens-black-sports-shoes","15":"product_tag-sports-shoes","16":"product_tag-wholesale-sports-shoes","17":"desktop-align-center","18":"tablet-align-center","19":"mobile-align-center","21":"first","22":"instock","23":"shipping-taxable","24":"purchasable","25":"product-type-variable","26":"has-default-attributes"},"acf":[],"uagb_featured_image_src":{"full":["https:\/\/turkishtrade.co\/wp-content\/uploads\/2026\/01\/2600OYNMN00016-BLACK.png",453,250,false],"thumbnail":["https:\/\/turkishtrade.co\/wp-content\/uploads\/2026\/01\/2600OYNMN00016-BLACK-150x150.png",150,150,true],"medium":["https:\/\/turkishtrade.co\/wp-content\/uploads\/2026\/01\/2600OYNMN00016-BLACK-300x166.png",300,166,true],"medium_large":["https:\/\/turkishtrade.co\/wp-content\/uploads\/2026\/01\/2600OYNMN00016-BLACK.png",453,250,false],"large":["https:\/\/turkishtrade.co\/wp-content\/uploads\/2026\/01\/2600OYNMN00016-BLACK.png",453,250,false],"1536x1536":["https:\/\/turkishtrade.co\/wp-content\/uploads\/2026\/01\/2600OYNMN00016-BLACK.png",453,250,false],"2048x2048":["https:\/\/turkishtrade.co\/wp-content\/uploads\/2026\/01\/2600OYNMN00016-BLACK.png",453,250,false],"trp-custom-language-flag":["https:\/\/turkishtrade.co\/wp-content\/uploads\/2026\/01\/2600OYNMN00016-BLACK-18x10.png",18,10,true],"woocommerce_thumbnail":["https:\/\/turkishtrade.co\/wp-content\/uploads\/2026\/01\/2600OYNMN00016-BLACK-400x250.png",400,250,true],"woocommerce_single":["https:\/\/turkishtrade.co\/wp-content\/uploads\/2026\/01\/2600OYNMN00016-BLACK.png",453,250,false],"woocommerce_gallery_thumbnail":["https:\/\/turkishtrade.co\/wp-content\/uploads\/2026\/01\/2600OYNMN00016-BLACK-100x100.png",100,100,true]},"uagb_author_info":{"display_name":"python python","author_link":"https:\/\/turkishtrade.co\/de\/author\/"},"uagb_comment_info":0,"uagb_excerpt":"Experience ultimate comfort with our premium Men's Black Sports Shoes. Crafted with a durable faux leather exterior and soft fabric interior. Available in a wide range of sizes: 40, 41, 42, 43, 44, 45. Sleek, all-black design perfect for sports, casual outings, or everyday wear. Wholesale opportunities available with a minimum order of 8 pairs.","_links":{"self":[{"href":"https:\/\/turkishtrade.co\/de\/wp-json\/wp\/v2\/product\/8435","targetHints":{"allow":["GET"]}}],"collection":[{"href":"https:\/\/turkishtrade.co\/de\/wp-json\/wp\/v2\/product"}],"about":[{"href":"https:\/\/turkishtrade.co\/de\/wp-json\/wp\/v2\/types\/product"}],"wp:featuredmedia":[{"embeddable":true,"href":"https:\/\/turkishtrade.co\/de\/wp-json\/wp\/v2\/media\/6817"}],"wp:attachment":[{"href":"https:\/\/turkishtrade.co\/de\/wp-json\/wp\/v2\/media?parent=8435"}],"wp:term":[{"taxonomy":"product_brand","embeddable":true,"href":"https:\/\/turkishtrade.co\/de\/wp-json\/wp\/v2\/product_brand?post=8435"},{"taxonomy":"product_cat","embeddable":true,"href":"https:\/\/turkishtrade.co\/de\/wp-json\/wp\/v2\/product_cat?post=8435"},{"taxonomy":"product_tag","embeddable":true,"href":"https:\/\/turkishtrade.co\/de\/wp-json\/wp\/v2\/product_tag?post=8435"}],"curies":[{"name":"wp","href":"https:\/\/api.w.org\/{rel}","templated":true}]}}