{"id":8380,"date":"2026-01-29T14:49:52","date_gmt":"2026-01-29T14:49:52","guid":{"rendered":"https:\/\/turkishtrade.co\/?post_type=product&#038;p=8380"},"modified":"2026-04-09T20:27:19","modified_gmt":"2026-04-09T20:27:19","slug":"mens-faux-leather-sports-shoes-4","status":"publish","type":"product","link":"https:\/\/turkishtrade.co\/de\/shop\/mens-faux-leather-sports-shoes-4\/","title":{"rendered":"Herren Kunstleder Sportschuhe Incredible | Herren Beige Kunstleder Sport"},"content":{"rendered":"<p><strong>Herren-Kunstleder-Sportschuhe<\/strong>. Unglaubliche Qualit\u00e4t und Design.<\/p>\n<p>Erh\u00f6hen Sie Ihren t\u00e4glichen Stil und Komfort mit unseren hochwertigen <b>Herren-Kunstleder-Sportschuhe<\/b>. F\u00fcr den modernen Mann entworfen, sind diese au\u00dfergew\u00f6hnlichen <b>Sportschuhe aus Kunstleder f\u00fcr M\u00e4nner<\/b> vereinen nahtlos moderne \u00c4sthetik mit robuster Funktionalit\u00e4t. Mit einem anspruchsvollen Kunstleder au\u00dfen und einem atmungsaktiven Stoff innen sind diese <b>Sportschuhe aus Kunstleder f\u00fcr M\u00e4nner<\/b> garantieren Langlebigkeit und ganzt\u00e4gigen Komfort f\u00fcr Ihre F\u00fc\u00dfe.<\/p>\n<h3>Un\u00fcbertroffenes Design und Komfort<\/h3>\n<p>Unser <b>Herren-Kunstleder-Sportschuhe<\/b> zeichnen sich durch ihr unverwechselbares Design aus. Das schlichte beigefarbene Obermaterial, das in den Gr\u00f6\u00dfen EU 40-44 erh\u00e4ltlich ist, bietet einen vielseitigen Look, der sich m\u00fchelos mit verschiedenen l\u00e4ssigen und semi-sportlichen Outfits kombinieren l\u00e4sst. Aber der eigentliche Clou ist die innovative TPU-Sohle. Diese fortschrittliche Sohlentechnologie bietet \u00fcberlegene Sto\u00dfd\u00e4mpfung, hervorragenden Grip und bemerkenswerte Flexibilit\u00e4t, so dass diese <b>Sportschuhe aus Kunstleder f\u00fcr M\u00e4nner<\/b> ideal f\u00fcr l\u00e4ngeres Tragen und leichte sportliche Aktivit\u00e4ten. Jeder Schritt f\u00fchlt sich ged\u00e4mpft und unterst\u00fctzt an, was Ihr Lauferlebnis ver\u00e4ndert.<\/p>\n<p>Die durchdachte Konstruktion umfasst ein Innenfutter aus Stoff, das die Luftzirkulation f\u00f6rdert und Ihre F\u00fc\u00dfe auch bei l\u00e4ngerem Gebrauch k\u00fchl und bequem h\u00e4lt. Die Au\u00dfenseite aus Kunstleder verleiht nicht nur einen Hauch von Raffinesse, sondern bietet auch eine hervorragende Verschlei\u00dffestigkeit, so dass Ihre <b>Sportschuhe aus Kunstleder f\u00fcr M\u00e4nner<\/b> ihr makelloses Aussehen \u00fcber die Zeit hinweg zu erhalten.<\/p>\n<h3>Ihre ideale Gelegenheit f\u00fcr den Gro\u00dfhandel<\/h3>\n<p>F\u00fcr Einzelh\u00e4ndler und Unternehmen, die hochwertige Schuhe suchen, sind diese <b>Herren-Kunstleder-Sportschuhe<\/b> stellen eine hervorragende Gelegenheit dar. Wir bieten wettbewerbsf\u00e4hige Gro\u00dfhandelspreise mit einer Mindestbestellmenge von nur 8 Paar, so dass Sie sich leicht mit einem Produkt eindecken k\u00f6nnen, das eine gro\u00dfe Nachfrage verspricht. Bieten Sie Ihren Kunden eine Mischung aus Stil, Komfort und Haltbarkeit, die diese <b>Sportschuhe aus Kunstleder f\u00fcr M\u00e4nner<\/b> auf dem Markt abheben. Verpassen Sie nicht die M\u00f6glichkeit, diese wesentlichen <b>Sportschuhe aus Kunstleder f\u00fcr M\u00e4nner<\/b> zu Ihrer Sammlung.<\/p>","protected":false},"excerpt":{"rendered":"<ul>\n<li>Au\u00dfen hochwertiges Kunstleder, innen atmungsaktiver Stoff<\/li>\n<li>Innovative TPU-Sohle f\u00fcr \u00fcberragenden Komfort, Grip und Flexibilit\u00e4t<\/li>\n<li>Erh\u00e4ltlich in den Gr\u00f6\u00dfen EU 40, 41, 42, 43, 44<\/li>\n<li>Elegantes beigefarbenes Design, geeignet f\u00fcr Sport und Freizeitkleidung<\/li>\n<li>Gro\u00dfhandel mit einer Mindestbestellmenge von 8 Paaren m\u00f6glich<\/li>\n<\/ul>","protected":false},"featured_media":6834,"template":"","meta":{"_acf_changed":false,"_uag_custom_page_level_css":"","site-sidebar-layout":"default","site-content-layout":"","ast-site-content-layout":"default","site-content-style":"default","site-sidebar-style":"default","ast-global-header-display":"","ast-banner-title-visibility":"","ast-main-header-display":"","ast-hfb-above-header-display":"","ast-hfb-below-header-display":"","ast-hfb-mobile-header-display":"","site-post-title":"","ast-breadcrumbs-content":"","ast-featured-img":"","footer-sml-layout":"","ast-disable-related-posts":"","theme-transparent-header-meta":"","adv-header-id-meta":"","stick-header-meta":"","header-above-stick-meta":"","header-main-stick-meta":"","header-below-stick-meta":"","astra-migrate-meta-layouts":"default","ast-page-background-enabled":"default","ast-page-background-meta":{"desktop":{"background-color":"var(--ast-global-color-4)","background-image":"","background-repeat":"repeat","background-position":"center center","background-size":"auto","background-attachment":"scroll","background-type":"","background-media":"","overlay-type":"","overlay-color":"","overlay-opacity":"","overlay-gradient":""},"tablet":{"background-color":"","background-image":"","background-repeat":"repeat","background-position":"center center","background-size":"auto","background-attachment":"scroll","background-type":"","background-media":"","overlay-type":"","overlay-color":"","overlay-opacity":"","overlay-gradient":""},"mobile":{"background-color":"","background-image":"","background-repeat":"repeat","background-position":"center center","background-size":"auto","background-attachment":"scroll","background-type":"","background-media":"","overlay-type":"","overlay-color":"","overlay-opacity":"","overlay-gradient":""}},"ast-content-background-meta":{"desktop":{"background-color":"var(--ast-global-color-5)","background-image":"","background-repeat":"repeat","background-position":"center center","background-size":"auto","background-attachment":"scroll","background-type":"","background-media":"","overlay-type":"","overlay-color":"","overlay-opacity":"","overlay-gradient":""},"tablet":{"background-color":"var(--ast-global-color-5)","background-image":"","background-repeat":"repeat","background-position":"center center","background-size":"auto","background-attachment":"scroll","background-type":"","background-media":"","overlay-type":"","overlay-color":"","overlay-opacity":"","overlay-gradient":""},"mobile":{"background-color":"var(--ast-global-color-5)","background-image":"","background-repeat":"repeat","background-position":"center center","background-size":"auto","background-attachment":"scroll","background-type":"","background-media":"","overlay-type":"","overlay-color":"","overlay-opacity":"","overlay-gradient":""}}},"product_brand":[],"product_cat":[430,1200,51],"product_tag":[1463,423,216,1467,982,1462,969,1445,1521,281],"class_list":{"0":"post-8380","1":"product","2":"type-product","3":"status-publish","4":"has-post-thumbnail","6":"product_cat-men","7":"product_cat-mens-shoes-2","8":"product_cat-sports","9":"product_tag-athletic-shoes","10":"product_tag-beige-mens-shoes","11":"product_tag-casual-sneakers","12":"product_tag-comfortable-trainers","13":"product_tag-durable-footwear","14":"product_tag-faux-leather-sneakers","15":"product_tag-mens-fashion-shoes","16":"product_tag-mens-sports-shoes","17":"product_tag-tpu-sole-shoes","18":"product_tag-wholesale-shoes","19":"desktop-align-center","20":"tablet-align-center","21":"mobile-align-center","23":"first","24":"instock","25":"shipping-taxable","26":"purchasable","27":"product-type-variable","28":"has-default-attributes"},"acf":[],"uagb_featured_image_src":{"full":["https:\/\/turkishtrade.co\/wp-content\/uploads\/2026\/01\/2600OYNMN00006-BEIGE.png",453,250,false],"thumbnail":["https:\/\/turkishtrade.co\/wp-content\/uploads\/2026\/01\/2600OYNMN00006-BEIGE-150x150.png",150,150,true],"medium":["https:\/\/turkishtrade.co\/wp-content\/uploads\/2026\/01\/2600OYNMN00006-BEIGE-300x166.png",300,166,true],"medium_large":["https:\/\/turkishtrade.co\/wp-content\/uploads\/2026\/01\/2600OYNMN00006-BEIGE.png",453,250,false],"large":["https:\/\/turkishtrade.co\/wp-content\/uploads\/2026\/01\/2600OYNMN00006-BEIGE.png",453,250,false],"1536x1536":["https:\/\/turkishtrade.co\/wp-content\/uploads\/2026\/01\/2600OYNMN00006-BEIGE.png",453,250,false],"2048x2048":["https:\/\/turkishtrade.co\/wp-content\/uploads\/2026\/01\/2600OYNMN00006-BEIGE.png",453,250,false],"trp-custom-language-flag":["https:\/\/turkishtrade.co\/wp-content\/uploads\/2026\/01\/2600OYNMN00006-BEIGE-18x10.png",18,10,true],"woocommerce_thumbnail":["https:\/\/turkishtrade.co\/wp-content\/uploads\/2026\/01\/2600OYNMN00006-BEIGE-400x250.png",400,250,true],"woocommerce_single":["https:\/\/turkishtrade.co\/wp-content\/uploads\/2026\/01\/2600OYNMN00006-BEIGE.png",453,250,false],"woocommerce_gallery_thumbnail":["https:\/\/turkishtrade.co\/wp-content\/uploads\/2026\/01\/2600OYNMN00006-BEIGE-100x100.png",100,100,true]},"uagb_author_info":{"display_name":"python python","author_link":"https:\/\/turkishtrade.co\/de\/author\/"},"uagb_comment_info":0,"uagb_excerpt":"Premium faux leather exterior with breathable fabric interior Innovative TPU sole for superior comfort, grip, and flexibility Available in sizes EU 40, 41, 42, 43, 44 Stylish beige design suitable for sports and casual wear Wholesale available with a minimum order of 8 pairs","_links":{"self":[{"href":"https:\/\/turkishtrade.co\/de\/wp-json\/wp\/v2\/product\/8380","targetHints":{"allow":["GET"]}}],"collection":[{"href":"https:\/\/turkishtrade.co\/de\/wp-json\/wp\/v2\/product"}],"about":[{"href":"https:\/\/turkishtrade.co\/de\/wp-json\/wp\/v2\/types\/product"}],"wp:featuredmedia":[{"embeddable":true,"href":"https:\/\/turkishtrade.co\/de\/wp-json\/wp\/v2\/media\/6834"}],"wp:attachment":[{"href":"https:\/\/turkishtrade.co\/de\/wp-json\/wp\/v2\/media?parent=8380"}],"wp:term":[{"taxonomy":"product_brand","embeddable":true,"href":"https:\/\/turkishtrade.co\/de\/wp-json\/wp\/v2\/product_brand?post=8380"},{"taxonomy":"product_cat","embeddable":true,"href":"https:\/\/turkishtrade.co\/de\/wp-json\/wp\/v2\/product_cat?post=8380"},{"taxonomy":"product_tag","embeddable":true,"href":"https:\/\/turkishtrade.co\/de\/wp-json\/wp\/v2\/product_tag?post=8380"}],"curies":[{"name":"wp","href":"https:\/\/api.w.org\/{rel}","templated":true}]}}