{"id":8347,"date":"2026-01-29T14:49:33","date_gmt":"2026-01-29T14:49:33","guid":{"rendered":"https:\/\/turkishtrade.co\/?post_type=product&#038;p=8347"},"modified":"2026-04-09T20:28:42","modified_gmt":"2026-04-09T20:28:42","slug":"mens-black-crocodile-loafers","status":"publish","type":"product","link":"https:\/\/turkishtrade.co\/de\/shop\/mens-black-crocodile-loafers\/","title":{"rendered":"Herren Schwarz Krokodil Loafers Elite | Herren Schwarz Krokodil Pr\u00e4gung Echt"},"content":{"rendered":"<p><strong>Herren Loafers mit schwarzem Krokodil<\/strong>. Qualit\u00e4t und Design der Spitzenklasse.<\/p>\n<p>Treten Sie ein in eine Welt des raffinierten Stils und unvergleichlichen Komforts mit unseren au\u00dfergew\u00f6hnlichen <strong>Herren Loafers mit schwarzem Krokodil<\/strong>. Diese sorgf\u00e4ltig aus feinstem Leder gefertigten Schuhe wurden f\u00fcr den modernen Gentleman entworfen, der klassische Eleganz mit einem unverwechselbaren Touch zu sch\u00e4tzen wei\u00df. Die auff\u00e4llige Krokodilpr\u00e4gung auf dem Obermaterial wertet diese Loafer sofort auf und macht sie zu einer herausragenden Erg\u00e4nzung jeder anspruchsvollen Garderobe. Gepaart mit einer eleganten silberfarbenen Schnalle auf dem Vorderblatt, bieten diese Slipper einen modernen Twist auf einem zeitlosen Design, perfekt um einen unvergesslichen Eindruck zu hinterlassen.<\/p>\n<h3>Unerreichte Qualit\u00e4t und unverwechselbares Design<\/h3>\n<p>Unser Engagement f\u00fcr Qualit\u00e4t zeigt sich in jedem Detail dieser bemerkenswerten Schuhe. Das \u00c4u\u00dfere besteht aus hochwertigem echtem Leder, das kunstvoll mit einem reichen Krokodilmuster gepr\u00e4gt ist, das das Licht wundersch\u00f6n einf\u00e4ngt. Diese komplizierte Textur sorgt f\u00fcr ein luxuri\u00f6ses Gef\u00fchl und einen einzigartigen visuellen Reiz, der diese Schuhe auszeichnet. <strong>Herren Loafers mit schwarzem Krokodil<\/strong> abgesehen. Der Innenraum ist mit einer pr\u00e4chtigen Kombination aus echtem Ziegen- und Kalbsleder gef\u00fcttert, die f\u00fcr Atmungsaktivit\u00e4t und au\u00dfergew\u00f6hnlichen Komfort bei jedem Schritt sorgt. Von den sorgf\u00e4ltigen N\u00e4hten bis hin zum perfekt polierten Finish sind diese Schnallen-Loafer ein Zeugnis h\u00f6chster Handwerkskunst und Liebe zum Detail und versprechen sowohl Langlebigkeit als auch dauerhaften Stil.<\/p>\n<h3>Vielseitigkeit f\u00fcr jede Gelegenheit<\/h3>\n<p>Egal, ob Sie an einem wichtigen Gesch\u00e4ftstreffen, einer formellen Abendveranstaltung oder einer stilvollen, legeren Zusammenkunft teilnehmen, diese <strong>Herren Loafers mit schwarzem Krokodil<\/strong> sind Ihr perfekter Begleiter. Ihr schlichter schwarzer Farbton sorgt f\u00fcr eine m\u00fchelose Kombination mit einer Vielzahl von Outfits, von scharfen Ma\u00dfanz\u00fcgen bis hin zu raffinierten Blazern und Hosen. Die klassische Loafer-Silhouette, aufgewertet durch die einzigartige Krokodilstruktur und die elegante Schnalle, schafft die ideale Balance zwischen traditionellem Charme und modernem Flair. Erh\u00e4ltlich in einer breiten Palette von Gr\u00f6\u00dfen von EU 39 bis 45, war es noch nie so einfach, die perfekte Passform f\u00fcr ultimativen Komfort und Stil zu finden.<\/p>\n<h3>Gefertigt f\u00fcr dauerhaften Komfort und Langlebigkeit<\/h3>\n<p>Diese schwarzen Slipper aus echtem Leder zeichnen sich nicht nur durch ihre auff\u00e4llige \u00c4sthetik aus, sondern sind auch f\u00fcr eine lange Lebensdauer ausgelegt. Die strapazierf\u00e4hige Laufsohle bietet hervorragenden Halt und Stabilit\u00e4t und sorgt f\u00fcr Vertrauen bei jedem Schritt, w\u00e4hrend die robuste Konstruktion Langlebigkeit verspricht. Das Innenfutter aus Ziegen- und Kalbsleder sorgt nicht nur f\u00fcr ein luxuri\u00f6ses Gef\u00fchl, sondern leitet auch Feuchtigkeit ab, damit sich Ihre F\u00fc\u00dfe den ganzen Tag \u00fcber wohl f\u00fchlen. Investieren Sie in ein Paar Schuhe, das nicht nur au\u00dfergew\u00f6hnlich aussieht, sondern sich auch au\u00dfergew\u00f6hnlich anf\u00fchlt. F\u00fcr Einzelh\u00e4ndler und Unternehmen, diese Premium <strong>Herren Loafers mit schwarzem Krokodil<\/strong> sind ab einer Mindestbestellmenge von 8 Paaren f\u00fcr den Gro\u00dfhandel erh\u00e4ltlich und bieten eine hervorragende Gelegenheit, ein gefragtes, hochwertiges Produkt auf Lager zu haben.<\/p>","protected":false},"excerpt":{"rendered":"<ul>\n<li>Exquisites echtes Leder mit luxuri\u00f6ser Krokodil-Pr\u00e4gung<\/li>\n<li>Raffiniertes schwarzes Finish mit eleganter silberfarbener Schnalle<\/li>\n<li>Komfortables Innenfutter aus hochwertigem Ziegen- und Kalbsleder<\/li>\n<li>Strapazierf\u00e4hige, gen\u00e4hte Sohle f\u00fcr dauerhaften Verschlei\u00df und au\u00dfergew\u00f6hnlichen Grip<\/li>\n<li>Vielseitiges klassisches Design, geeignet f\u00fcr formelle und elegante Anl\u00e4sse<\/li>\n<li>Erh\u00e4ltlich in einer breiten Palette von Gr\u00f6\u00dfen: EU 39, 40, 41, 42, 43, 44, 45<\/li>\n<li>Gro\u00dfhandelsm\u00f6glichkeiten bei einer Mindestbestellmenge von 8 Paaren<\/li>\n<\/ul>","protected":false},"featured_media":6885,"template":"","meta":{"_acf_changed":false,"_uag_custom_page_level_css":"","site-sidebar-layout":"default","site-content-layout":"","ast-site-content-layout":"default","site-content-style":"default","site-sidebar-style":"default","ast-global-header-display":"","ast-banner-title-visibility":"","ast-main-header-display":"","ast-hfb-above-header-display":"","ast-hfb-below-header-display":"","ast-hfb-mobile-header-display":"","site-post-title":"","ast-breadcrumbs-content":"","ast-featured-img":"","footer-sml-layout":"","ast-disable-related-posts":"","theme-transparent-header-meta":"","adv-header-id-meta":"","stick-header-meta":"","header-above-stick-meta":"","header-main-stick-meta":"","header-below-stick-meta":"","astra-migrate-meta-layouts":"default","ast-page-background-enabled":"default","ast-page-background-meta":{"desktop":{"background-color":"var(--ast-global-color-4)","background-image":"","background-repeat":"repeat","background-position":"center center","background-size":"auto","background-attachment":"scroll","background-type":"","background-media":"","overlay-type":"","overlay-color":"","overlay-opacity":"","overlay-gradient":""},"tablet":{"background-color":"","background-image":"","background-repeat":"repeat","background-position":"center center","background-size":"auto","background-attachment":"scroll","background-type":"","background-media":"","overlay-type":"","overlay-color":"","overlay-opacity":"","overlay-gradient":""},"mobile":{"background-color":"","background-image":"","background-repeat":"repeat","background-position":"center center","background-size":"auto","background-attachment":"scroll","background-type":"","background-media":"","overlay-type":"","overlay-color":"","overlay-opacity":"","overlay-gradient":""}},"ast-content-background-meta":{"desktop":{"background-color":"var(--ast-global-color-5)","background-image":"","background-repeat":"repeat","background-position":"center center","background-size":"auto","background-attachment":"scroll","background-type":"","background-media":"","overlay-type":"","overlay-color":"","overlay-opacity":"","overlay-gradient":""},"tablet":{"background-color":"var(--ast-global-color-5)","background-image":"","background-repeat":"repeat","background-position":"center center","background-size":"auto","background-attachment":"scroll","background-type":"","background-media":"","overlay-type":"","overlay-color":"","overlay-opacity":"","overlay-gradient":""},"mobile":{"background-color":"var(--ast-global-color-5)","background-image":"","background-repeat":"repeat","background-position":"center center","background-size":"auto","background-attachment":"scroll","background-type":"","background-media":"","overlay-type":"","overlay-color":"","overlay-opacity":"","overlay-gradient":""}}},"product_brand":[],"product_cat":[47,430,1200],"product_tag":[295,1291,754,534,352,1294,384,1319,1320,380],"class_list":{"0":"post-8347","1":"product","2":"type-product","3":"status-publish","4":"has-post-thumbnail","6":"product_cat-classic","7":"product_cat-men","8":"product_cat-mens-shoes-2","9":"product_tag-black-dress-shoes","10":"product_tag-business-attire-shoes","11":"product_tag-classic-mens-shoes","12":"product_tag-crocodile-embossed-shoes","13":"product_tag-formal-loafers","14":"product_tag-genuine-leather-loafers","15":"product_tag-luxury-loafers","16":"product_tag-mens-black-crocodile-loafers","17":"product_tag-mens-buckle-shoes","18":"product_tag-smart-casual-footwear","19":"desktop-align-center","20":"tablet-align-center","21":"mobile-align-center","23":"first","24":"instock","25":"shipping-taxable","26":"purchasable","27":"product-type-variable","28":"has-default-attributes"},"acf":[],"uagb_featured_image_src":{"full":["https:\/\/turkishtrade.co\/wp-content\/uploads\/2026\/01\/2600NZWMN00031-BLACK.png",453,250,false],"thumbnail":["https:\/\/turkishtrade.co\/wp-content\/uploads\/2026\/01\/2600NZWMN00031-BLACK-150x150.png",150,150,true],"medium":["https:\/\/turkishtrade.co\/wp-content\/uploads\/2026\/01\/2600NZWMN00031-BLACK-300x166.png",300,166,true],"medium_large":["https:\/\/turkishtrade.co\/wp-content\/uploads\/2026\/01\/2600NZWMN00031-BLACK.png",453,250,false],"large":["https:\/\/turkishtrade.co\/wp-content\/uploads\/2026\/01\/2600NZWMN00031-BLACK.png",453,250,false],"1536x1536":["https:\/\/turkishtrade.co\/wp-content\/uploads\/2026\/01\/2600NZWMN00031-BLACK.png",453,250,false],"2048x2048":["https:\/\/turkishtrade.co\/wp-content\/uploads\/2026\/01\/2600NZWMN00031-BLACK.png",453,250,false],"trp-custom-language-flag":["https:\/\/turkishtrade.co\/wp-content\/uploads\/2026\/01\/2600NZWMN00031-BLACK-18x10.png",18,10,true],"woocommerce_thumbnail":["https:\/\/turkishtrade.co\/wp-content\/uploads\/2026\/01\/2600NZWMN00031-BLACK-400x250.png",400,250,true],"woocommerce_single":["https:\/\/turkishtrade.co\/wp-content\/uploads\/2026\/01\/2600NZWMN00031-BLACK.png",453,250,false],"woocommerce_gallery_thumbnail":["https:\/\/turkishtrade.co\/wp-content\/uploads\/2026\/01\/2600NZWMN00031-BLACK-100x100.png",100,100,true]},"uagb_author_info":{"display_name":"python python","author_link":"https:\/\/turkishtrade.co\/de\/author\/"},"uagb_comment_info":0,"uagb_excerpt":"Exquisite genuine leather with luxurious crocodile embossing Sophisticated black finish with elegant silver-tone buckle detail Comfortable inner lining made from premium goat and calf leather Durable stitched sole for lasting wear and exceptional grip Versatile classic design suitable for formal and smart-casual occasions Available in a wide range of sizes: EU 39, 40, 41, 42,&hellip;","_links":{"self":[{"href":"https:\/\/turkishtrade.co\/de\/wp-json\/wp\/v2\/product\/8347","targetHints":{"allow":["GET"]}}],"collection":[{"href":"https:\/\/turkishtrade.co\/de\/wp-json\/wp\/v2\/product"}],"about":[{"href":"https:\/\/turkishtrade.co\/de\/wp-json\/wp\/v2\/types\/product"}],"wp:featuredmedia":[{"embeddable":true,"href":"https:\/\/turkishtrade.co\/de\/wp-json\/wp\/v2\/media\/6885"}],"wp:attachment":[{"href":"https:\/\/turkishtrade.co\/de\/wp-json\/wp\/v2\/media?parent=8347"}],"wp:term":[{"taxonomy":"product_brand","embeddable":true,"href":"https:\/\/turkishtrade.co\/de\/wp-json\/wp\/v2\/product_brand?post=8347"},{"taxonomy":"product_cat","embeddable":true,"href":"https:\/\/turkishtrade.co\/de\/wp-json\/wp\/v2\/product_cat?post=8347"},{"taxonomy":"product_tag","embeddable":true,"href":"https:\/\/turkishtrade.co\/de\/wp-json\/wp\/v2\/product_tag?post=8347"}],"curies":[{"name":"wp","href":"https:\/\/api.w.org\/{rel}","templated":true}]}}