{"id":8327,"date":"2026-01-29T14:49:19","date_gmt":"2026-01-29T14:49:19","guid":{"rendered":"https:\/\/turkishtrade.co\/?post_type=product&#038;p=8327"},"modified":"2026-04-09T20:28:54","modified_gmt":"2026-04-09T20:28:54","slug":"mens-classic-genuine-leather-loafers","status":"publish","type":"product","link":"https:\/\/turkishtrade.co\/de\/shop\/mens-classic-genuine-leather-loafers\/","title":{"rendered":"Klassische Herren Loafers aus echtem Leder Premium | Klassische Herren Penny aus echtem Leder"},"content":{"rendered":"<p><strong>Klassische Loafers aus echtem Leder f\u00fcr M\u00e4nner<\/strong>. Hochwertige Qualit\u00e4t und Design.<\/p>\n<p>Treten Sie ein in zeitlose Eleganz mit unserem exquisiten <strong>Klassische Penny Loafers aus echtem Leder f\u00fcr Herren<\/strong>. Diese Loafer wurden f\u00fcr den anspruchsvollen Gentleman entworfen und verbinden nahtlos traditionelle Handwerkskunst mit modernem Komfort, was sie zu einer unverzichtbaren Erg\u00e4nzung f\u00fcr jede Garderobe macht. Jedes Paar ist ein Zeugnis der Qualit\u00e4t, sorgf\u00e4ltig handgefertigt aus den besten Materialien, um sowohl eine au\u00dfergew\u00f6hnliche Haltbarkeit als auch ein luxuri\u00f6ses Gef\u00fchl zu gew\u00e4hrleisten, das nur echtes Leder bieten kann.<\/p>\n<h3>Un\u00fcbertroffene Handwerkskunst und hochwertige Materialien<\/h3>\n<p>Unser <strong>Klassische Penny Loafers aus echtem Leder f\u00fcr Herren<\/strong> sind mit einem robusten Obermaterial aus echtem Kalbsleder ausgestattet, das f\u00fcr seine weiche Textur, Flexibilit\u00e4t und nat\u00fcrliche Strapazierf\u00e4higkeit bekannt ist. Dieses hochwertige Material sieht nicht nur raffiniert aus, sondern passt sich mit der Zeit auch an Ihre F\u00fc\u00dfe an und sorgt f\u00fcr eine individuelle Passform, die den Komfort bei jedem Schritt erh\u00f6ht. Innen werden Ihre F\u00fc\u00dfe von einem \u00fcppig weichen Futter aus echtem Ziegenleder umschmeichelt, das optimale Atmungsaktivit\u00e4t und au\u00dfergew\u00f6hnlichen Komfort auch nach stundenlangem Tragen gew\u00e4hrleistet. Die klassische Penny-Loafer-Silhouette mit dem charakteristischen Sattelriemen bietet eine raffinierte \u00c4sthetik, die \u00fcber fl\u00fcchtige Trends hinausgeht.<\/p>\n<h3>Entworfen f\u00fcr Stil und dauerhaften Komfort<\/h3>\n<p>Das durchdachte Design erstreckt sich auch auf die Sohle dieser bemerkenswerten Schuhe. Eine robuste, traditionell gen\u00e4hte Ledersohle sorgt f\u00fcr hervorragende Traktion und tr\u00e4gt zur Langlebigkeit des Schuhs bei, was jahrelangen, zuverl\u00e4ssigen Gebrauch verspricht. Egal, ob Sie sich f\u00fcr ein wichtiges Gesch\u00e4ftstreffen, einen legeren Wochenendausflug oder eine anspruchsvolle formelle Veranstaltung kleiden, diese <strong>Klassische Penny Loafers aus echtem Leder f\u00fcr Herren<\/strong> passen sich m\u00fchelos an. Ihr satter, dunkelbrauner Farbton bietet eine unglaubliche Vielseitigkeit und l\u00e4sst sich nahtlos mit ma\u00dfgeschneiderten Anz\u00fcgen, eleganten Chinos oder sogar Premium-Denim kombinieren, was sie zu einem Eckpfeiler jedes stilvollen Ensembles macht.<\/p>\n<h3>Vielseitigkeit f\u00fcr jede Gelegenheit<\/h3>\n<p>Erleben Sie die perfekte Kombination aus anspruchsvollem Stil und praktischer Funktionalit\u00e4t. Das bequeme Slip-on-Design sorgt f\u00fcr einen hohen Tragekomfort, w\u00e4hrend die hochwertige Konstruktion dieser <strong>Klassische Penny Loafers aus echtem Leder f\u00fcr Herren<\/strong> bietet den ganzen Tag \u00fcber gleichbleibenden Halt. Erh\u00e4ltlich in einer breiten Palette von europ\u00e4ischen Gr\u00f6\u00dfen von 39 bis 45, gew\u00e4hrleisten wir eine perfekte Passform f\u00fcr eine Vielzahl von Kunden. Diese Schuhe sind nicht einfach nur Schuhe, sie sind eine Investition in dauerhaften Stil und Komfort, sorgf\u00e4ltig gefertigt f\u00fcr den modernen Mann, der Qualit\u00e4t sch\u00e4tzt.<\/p>\n<h3>Gro\u00dfhandelsm\u00f6glichkeiten f\u00fcr Einzelhandelspartner verf\u00fcgbar<\/h3>\n<p>F\u00fcr Einzelh\u00e4ndler und Unternehmen, die erstklassige, hochwertige Schuhe anbieten m\u00f6chten, ist unser <strong>Klassische Penny Loafers aus echtem Leder f\u00fcr Herren<\/strong> sind f\u00fcr den Gro\u00dfhandel erh\u00e4ltlich. Wir ben\u00f6tigen eine Mindestbestellmenge von 8 Paar, so dass Sie sich bequem mit diesen begehrten klassischen Schuhen eindecken k\u00f6nnen, die einen breiten Kundenstamm ansprechen. Werten Sie Ihren Bestand mit einem Produkt auf, das Authentizit\u00e4t, Stil und Kundenzufriedenheit verspricht. Entdecken Sie die \u00fcberlegene Qualit\u00e4t und zeitlose Attraktivit\u00e4t unserer <strong>Klassische Penny Loafers aus echtem Leder f\u00fcr Herren<\/strong> und entdecken Sie, warum sie eine bevorzugte Wahl f\u00fcr alle sind, die echte Handwerkskunst und Eleganz sch\u00e4tzen.<\/p>","protected":false},"excerpt":{"rendered":"<ul>\n<li>Exquisite Handwerkskunst mit Obermaterial aus echtem Kalbsleder<\/li>\n<li>Luxuri\u00f6ses Ziegenlederfutter f\u00fcr h\u00f6chsten Komfort und Atmungsaktivit\u00e4t<\/li>\n<li>Zeitloser Penny Loafer f\u00fcr vielseitiges Styling<\/li>\n<li>Strapazierf\u00e4hige, gen\u00e4hte Ledersohle f\u00fcr lang anhaltenden Tragekomfort und traditionelle Optik<\/li>\n<li>Erh\u00e4ltlich in den Gr\u00f6\u00dfen 39-45 f\u00fcr eine perfekte Passform<\/li>\n<li>Gro\u00dfhandelsbestellungen willkommen (mindestens 8 Paare)<\/li>\n<\/ul>","protected":false},"featured_media":6881,"template":"","meta":{"_acf_changed":false,"_uag_custom_page_level_css":"","site-sidebar-layout":"default","site-content-layout":"","ast-site-content-layout":"default","site-content-style":"default","site-sidebar-style":"default","ast-global-header-display":"","ast-banner-title-visibility":"","ast-main-header-display":"","ast-hfb-above-header-display":"","ast-hfb-below-header-display":"","ast-hfb-mobile-header-display":"","site-post-title":"","ast-breadcrumbs-content":"","ast-featured-img":"","footer-sml-layout":"","ast-disable-related-posts":"","theme-transparent-header-meta":"","adv-header-id-meta":"","stick-header-meta":"","header-above-stick-meta":"","header-main-stick-meta":"","header-below-stick-meta":"","astra-migrate-meta-layouts":"default","ast-page-background-enabled":"default","ast-page-background-meta":{"desktop":{"background-color":"var(--ast-global-color-4)","background-image":"","background-repeat":"repeat","background-position":"center center","background-size":"auto","background-attachment":"scroll","background-type":"","background-media":"","overlay-type":"","overlay-color":"","overlay-opacity":"","overlay-gradient":""},"tablet":{"background-color":"","background-image":"","background-repeat":"repeat","background-position":"center center","background-size":"auto","background-attachment":"scroll","background-type":"","background-media":"","overlay-type":"","overlay-color":"","overlay-opacity":"","overlay-gradient":""},"mobile":{"background-color":"","background-image":"","background-repeat":"repeat","background-position":"center center","background-size":"auto","background-attachment":"scroll","background-type":"","background-media":"","overlay-type":"","overlay-color":"","overlay-opacity":"","overlay-gradient":""}},"ast-content-background-meta":{"desktop":{"background-color":"var(--ast-global-color-5)","background-image":"","background-repeat":"repeat","background-position":"center center","background-size":"auto","background-attachment":"scroll","background-type":"","background-media":"","overlay-type":"","overlay-color":"","overlay-opacity":"","overlay-gradient":""},"tablet":{"background-color":"var(--ast-global-color-5)","background-image":"","background-repeat":"repeat","background-position":"center center","background-size":"auto","background-attachment":"scroll","background-type":"","background-media":"","overlay-type":"","overlay-color":"","overlay-opacity":"","overlay-gradient":""},"mobile":{"background-color":"var(--ast-global-color-5)","background-image":"","background-repeat":"repeat","background-position":"center center","background-size":"auto","background-attachment":"scroll","background-type":"","background-media":"","overlay-type":"","overlay-color":"","overlay-opacity":"","overlay-gradient":""}}},"product_brand":[],"product_cat":[47,430,1200],"product_tag":[292,737,952,786,1313,372,279,280,353,262],"class_list":{"0":"post-8327","1":"product","2":"type-product","3":"status-publish","4":"has-post-thumbnail","6":"product_cat-classic","7":"product_cat-men","8":"product_cat-mens-shoes-2","9":"product_tag-brown-leather-shoes","10":"product_tag-dress-loafers","11":"product_tag-genuine-leather-shoes","12":"product_tag-handcrafted-footwear","13":"product_tag-mens-classic-loafers","14":"product_tag-mens-slip-on-shoes","15":"product_tag-penny-loafers","16":"product_tag-smart-casual-shoes","17":"product_tag-turkish-leather","18":"product_tag-wholesale-mens-shoes","19":"desktop-align-center","20":"tablet-align-center","21":"mobile-align-center","23":"first","24":"instock","25":"shipping-taxable","26":"purchasable","27":"product-type-variable","28":"has-default-attributes"},"acf":[],"uagb_featured_image_src":{"full":["https:\/\/turkishtrade.co\/wp-content\/uploads\/2026\/01\/2600NZWMN00028-BROWN.png",453,250,false],"thumbnail":["https:\/\/turkishtrade.co\/wp-content\/uploads\/2026\/01\/2600NZWMN00028-BROWN-150x150.png",150,150,true],"medium":["https:\/\/turkishtrade.co\/wp-content\/uploads\/2026\/01\/2600NZWMN00028-BROWN-300x166.png",300,166,true],"medium_large":["https:\/\/turkishtrade.co\/wp-content\/uploads\/2026\/01\/2600NZWMN00028-BROWN.png",453,250,false],"large":["https:\/\/turkishtrade.co\/wp-content\/uploads\/2026\/01\/2600NZWMN00028-BROWN.png",453,250,false],"1536x1536":["https:\/\/turkishtrade.co\/wp-content\/uploads\/2026\/01\/2600NZWMN00028-BROWN.png",453,250,false],"2048x2048":["https:\/\/turkishtrade.co\/wp-content\/uploads\/2026\/01\/2600NZWMN00028-BROWN.png",453,250,false],"trp-custom-language-flag":["https:\/\/turkishtrade.co\/wp-content\/uploads\/2026\/01\/2600NZWMN00028-BROWN-18x10.png",18,10,true],"woocommerce_thumbnail":["https:\/\/turkishtrade.co\/wp-content\/uploads\/2026\/01\/2600NZWMN00028-BROWN-400x250.png",400,250,true],"woocommerce_single":["https:\/\/turkishtrade.co\/wp-content\/uploads\/2026\/01\/2600NZWMN00028-BROWN.png",453,250,false],"woocommerce_gallery_thumbnail":["https:\/\/turkishtrade.co\/wp-content\/uploads\/2026\/01\/2600NZWMN00028-BROWN-100x100.png",100,100,true]},"uagb_author_info":{"display_name":"python python","author_link":"https:\/\/turkishtrade.co\/de\/author\/"},"uagb_comment_info":0,"uagb_excerpt":"Exquisite craftsmanship with genuine calfskin leather upper Luxurious goat leather lining for superior comfort and breathability Timeless penny loafer design for versatile styling Durable, stitched leather sole ensuring long-lasting wear and traditional appeal Available in sizes 39-45 for a perfect fit Wholesale orders welcome (minimum 8 pairs)","_links":{"self":[{"href":"https:\/\/turkishtrade.co\/de\/wp-json\/wp\/v2\/product\/8327","targetHints":{"allow":["GET"]}}],"collection":[{"href":"https:\/\/turkishtrade.co\/de\/wp-json\/wp\/v2\/product"}],"about":[{"href":"https:\/\/turkishtrade.co\/de\/wp-json\/wp\/v2\/types\/product"}],"wp:featuredmedia":[{"embeddable":true,"href":"https:\/\/turkishtrade.co\/de\/wp-json\/wp\/v2\/media\/6881"}],"wp:attachment":[{"href":"https:\/\/turkishtrade.co\/de\/wp-json\/wp\/v2\/media?parent=8327"}],"wp:term":[{"taxonomy":"product_brand","embeddable":true,"href":"https:\/\/turkishtrade.co\/de\/wp-json\/wp\/v2\/product_brand?post=8327"},{"taxonomy":"product_cat","embeddable":true,"href":"https:\/\/turkishtrade.co\/de\/wp-json\/wp\/v2\/product_cat?post=8327"},{"taxonomy":"product_tag","embeddable":true,"href":"https:\/\/turkishtrade.co\/de\/wp-json\/wp\/v2\/product_tag?post=8327"}],"curies":[{"name":"wp","href":"https:\/\/api.w.org\/{rel}","templated":true}]}}