{"id":8320,"date":"2026-01-29T14:49:18","date_gmt":"2026-01-29T14:49:18","guid":{"rendered":"https:\/\/turkishtrade.co\/?post_type=product&#038;p=8320"},"modified":"2026-04-09T20:29:20","modified_gmt":"2026-04-09T20:29:20","slug":"mens-black-leather-oxfords","status":"publish","type":"product","link":"https:\/\/turkishtrade.co\/de\/shop\/mens-black-leather-oxfords\/","title":{"rendered":"Herren Schwarz Leder Oxfords Amazing | Herren Schwarz Leder Cap-Toe Oxford"},"content":{"rendered":"<h3>Erh\u00f6hen Sie Ihren Stil mit zeitlosen Schwarzen Leder-Oxfords f\u00fcr Herren<\/h3>\n<p>Erleben Sie anspruchsvolle Eleganz mit unserem Premium <b>Oxfords aus schwarzem Leder f\u00fcr M\u00e4nner<\/b>. Sorgf\u00e4ltig aus einer Mischung aus echtem Kalbs- und Ziegenleder gefertigt, sind diese klassischen Anzugschuhe f\u00fcr den modernen Gentleman konzipiert, der tadellosen Stil und dauerhaften Komfort sch\u00e4tzt. Das satte Schwarz sorgt f\u00fcr Vielseitigkeit und macht sie zu einer unverzichtbaren Erg\u00e4nzung jeder anspruchsvollen Garderobe, perfekt f\u00fcr jeden formellen oder gesch\u00e4ftlichen Anlass.<\/p>\n<h3>Unerreichte Handwerkskunst und Komfort in unseren Black Leather Oxfords<\/h3>\n<p>Unser exquisites <b>Oxfords aus schwarzem Leder f\u00fcr M\u00e4nner<\/b> zeichnen sich durch ein vornehmes Kappendesign aus, das durch dezente Brogue-Perforationen akzentuiert wird, die einen Hauch von klassischem Charme verleihen, ohne ihre formale Attraktivit\u00e4t zu beeintr\u00e4chtigen. Das geschlossene Schn\u00fcrsystem ist charakteristisch f\u00fcr traditionelle Oxfords und sorgt f\u00fcr eine schlanke Silhouette, die perfekt zu Anz\u00fcgen, Smokings und eleganter Gesch\u00e4ftskleidung passt. Wir wissen, wie wichtig Komfort ist, und deshalb sind diese Schuhe mit einer st\u00fctzenden und haltbaren Sohle ausgestattet, die hervorragende D\u00e4mpfung und Elastizit\u00e4t f\u00fcr den ganzen Tag bietet. Das Futter aus echtem Leder verbessert die Atmungsaktivit\u00e4t und passt sich im Laufe der Zeit an Ihren Fu\u00df an - f\u00fcr eine unvergleichliche, individuelle Passform.<\/p>\n<p>Erh\u00e4ltlich in einer breiten Palette von europ\u00e4ischen Gr\u00f6\u00dfen von 39 bis 45, finden Sie m\u00fchelos Ihre perfekte Passform. Egal, ob Sie an einem wichtigen Gesch\u00e4ftstreffen oder einer formellen Hochzeit teilnehmen oder einfach nur Ihren allt\u00e4glichen B\u00fcro-Look aufwerten wollen, diese vielseitigen <b>Oxfords aus schwarzem Leder f\u00fcr M\u00e4nner<\/b> sind Ihre beste Wahl. Ihr zeitloses Design sorgt daf\u00fcr, dass sie Saison f\u00fcr Saison stilvoll bleiben. Das macht sie zu einer klugen Investition in Ihre pers\u00f6nliche Pr\u00e4sentation und zu einem Grundnahrungsmittel f\u00fcr jedes anspruchsvolle Ensemble.<\/p>\n<h3>Das Zeichen f\u00fcr Qualit\u00e4t: Echtes Leder und hervorragendes Design<\/h3>\n<p>Das in den Produktdetails erw\u00e4hnte \u201chakiki deri\u201d (echtes Leder) spricht B\u00e4nde \u00fcber die Qualit\u00e4t, die Sie erwarten k\u00f6nnen. Sowohl Kalbs- als auch Ziegenleder sind bekannt f\u00fcr ihre geschmeidige Textur, Langlebigkeit und die F\u00e4higkeit, anmutig zu altern und mit der Zeit eine einzigartige Patina zu entwickeln. Die sorgf\u00e4ltige Beachtung von Details, von den pr\u00e4zisen N\u00e4hten bis zur robusten Sohlenkonstruktion, unterstreicht unser Engagement f\u00fcr Schuhe, die nicht nur au\u00dfergew\u00f6hnlich aussehen, sondern auch den Strapazen des t\u00e4glichen Gebrauchs standhalten. Diese Schuhe sind nicht einfach nur Schuhe, sie sind ein Statement der Raffinesse und ein Zeugnis f\u00fcr best\u00e4ndige Handwerkskunst. Erleben Sie den Unterschied, den hochwertige Materialien und eine fachm\u00e4nnische Konstruktion bei unseren exquisiten Schuhen ausmachen.<\/p>\n<p>Wir sind stolz darauf, Einzelh\u00e4ndlern und Unternehmen diese hochwertigen Schuhe anbieten zu k\u00f6nnen. Die Mindestbestellmenge f\u00fcr den Gro\u00dfhandel betr\u00e4gt 8 Paar. F\u00fcr Gro\u00dfhandelsanfragen kontaktieren Sie uns bitte direkt, um unsere attraktiven Partnerschaftsm\u00f6glichkeiten zu besprechen.<\/p>","protected":false},"excerpt":{"rendered":"<ul>\n<li>Hochwertige Konstruktion aus echtem Kalbs- und Ziegenleder.<\/li>\n<li>Klassischer Oxford mit Zehenkappe und dezenter Brogue-Lochung.<\/li>\n<li>Bequeme und strapazierf\u00e4hige Sohle f\u00fcr ganzt\u00e4giges Tragen.<\/li>\n<li>Elegantes geschlossenes Schn\u00fcrsystem f\u00fcr einen eleganten, formellen Look.<\/li>\n<li>Erh\u00e4ltlich in den europ\u00e4ischen Gr\u00f6\u00dfen 39-45.<\/li>\n<li>Ideal f\u00fcr formelle Anl\u00e4sse, Gesch\u00e4ftskleidung und anspruchsvolle Alltagskleidung.<\/li>\n<li>Gro\u00dfhandelsanfragen f\u00fcr Gro\u00dfbestellungen (mindestens 8 Paare) sind willkommen.<\/li>\n<\/ul>","protected":false},"featured_media":6874,"template":"","meta":{"_acf_changed":false,"_uag_custom_page_level_css":"","site-sidebar-layout":"default","site-content-layout":"","ast-site-content-layout":"default","site-content-style":"default","site-sidebar-style":"default","ast-global-header-display":"","ast-banner-title-visibility":"","ast-main-header-display":"","ast-hfb-above-header-display":"","ast-hfb-below-header-display":"","ast-hfb-mobile-header-display":"","site-post-title":"","ast-breadcrumbs-content":"","ast-featured-img":"","footer-sml-layout":"","ast-disable-related-posts":"","theme-transparent-header-meta":"","adv-header-id-meta":"","stick-header-meta":"","header-above-stick-meta":"","header-main-stick-meta":"","header-below-stick-meta":"","astra-migrate-meta-layouts":"default","ast-page-background-enabled":"default","ast-page-background-meta":{"desktop":{"background-color":"var(--ast-global-color-4)","background-image":"","background-repeat":"repeat","background-position":"center center","background-size":"auto","background-attachment":"scroll","background-type":"","background-media":"","overlay-type":"","overlay-color":"","overlay-opacity":"","overlay-gradient":""},"tablet":{"background-color":"","background-image":"","background-repeat":"repeat","background-position":"center center","background-size":"auto","background-attachment":"scroll","background-type":"","background-media":"","overlay-type":"","overlay-color":"","overlay-opacity":"","overlay-gradient":""},"mobile":{"background-color":"","background-image":"","background-repeat":"repeat","background-position":"center center","background-size":"auto","background-attachment":"scroll","background-type":"","background-media":"","overlay-type":"","overlay-color":"","overlay-opacity":"","overlay-gradient":""}},"ast-content-background-meta":{"desktop":{"background-color":"var(--ast-global-color-5)","background-image":"","background-repeat":"repeat","background-position":"center center","background-size":"auto","background-attachment":"scroll","background-type":"","background-media":"","overlay-type":"","overlay-color":"","overlay-opacity":"","overlay-gradient":""},"tablet":{"background-color":"var(--ast-global-color-5)","background-image":"","background-repeat":"repeat","background-position":"center center","background-size":"auto","background-attachment":"scroll","background-type":"","background-media":"","overlay-type":"","overlay-color":"","overlay-opacity":"","overlay-gradient":""},"mobile":{"background-color":"var(--ast-global-color-5)","background-image":"","background-repeat":"repeat","background-position":"center center","background-size":"auto","background-attachment":"scroll","background-type":"","background-media":"","overlay-type":"","overlay-color":"","overlay-opacity":"","overlay-gradient":""}}},"product_brand":[],"product_cat":[47,430,1200],"product_tag":[295,405,541,145,251,952,535,652,255],"class_list":{"0":"post-8320","1":"product","2":"type-product","3":"status-publish","4":"has-post-thumbnail","6":"product_cat-classic","7":"product_cat-men","8":"product_cat-mens-shoes-2","9":"product_tag-black-dress-shoes","10":"product_tag-business-shoes","11":"product_tag-cap-toe-oxfords","12":"product_tag-classic-shoes","13":"product_tag-formal-shoes","14":"product_tag-genuine-leather-shoes","15":"product_tag-leather-dress-shoes","16":"product_tag-mens-black-leather-oxfords","17":"product_tag-turkish-leather-shoes","18":"desktop-align-center","19":"tablet-align-center","20":"mobile-align-center","22":"first","23":"instock","24":"shipping-taxable","25":"purchasable","26":"product-type-variable","27":"has-default-attributes"},"acf":[],"uagb_featured_image_src":{"full":["https:\/\/turkishtrade.co\/wp-content\/uploads\/2026\/01\/2600NZWMN00020-BLACK.png",453,250,false],"thumbnail":["https:\/\/turkishtrade.co\/wp-content\/uploads\/2026\/01\/2600NZWMN00020-BLACK-150x150.png",150,150,true],"medium":["https:\/\/turkishtrade.co\/wp-content\/uploads\/2026\/01\/2600NZWMN00020-BLACK-300x166.png",300,166,true],"medium_large":["https:\/\/turkishtrade.co\/wp-content\/uploads\/2026\/01\/2600NZWMN00020-BLACK.png",453,250,false],"large":["https:\/\/turkishtrade.co\/wp-content\/uploads\/2026\/01\/2600NZWMN00020-BLACK.png",453,250,false],"1536x1536":["https:\/\/turkishtrade.co\/wp-content\/uploads\/2026\/01\/2600NZWMN00020-BLACK.png",453,250,false],"2048x2048":["https:\/\/turkishtrade.co\/wp-content\/uploads\/2026\/01\/2600NZWMN00020-BLACK.png",453,250,false],"trp-custom-language-flag":["https:\/\/turkishtrade.co\/wp-content\/uploads\/2026\/01\/2600NZWMN00020-BLACK-18x10.png",18,10,true],"woocommerce_thumbnail":["https:\/\/turkishtrade.co\/wp-content\/uploads\/2026\/01\/2600NZWMN00020-BLACK-400x250.png",400,250,true],"woocommerce_single":["https:\/\/turkishtrade.co\/wp-content\/uploads\/2026\/01\/2600NZWMN00020-BLACK.png",453,250,false],"woocommerce_gallery_thumbnail":["https:\/\/turkishtrade.co\/wp-content\/uploads\/2026\/01\/2600NZWMN00020-BLACK-100x100.png",100,100,true]},"uagb_author_info":{"display_name":"python python","author_link":"https:\/\/turkishtrade.co\/de\/author\/"},"uagb_comment_info":0,"uagb_excerpt":"Premium genuine calf and goat leather construction. Classic cap-toe oxford design with subtle brogue perforations. Comfortable and durable sole for all-day wear. Elegant closed lacing system for a sleek, formal look. Available in European sizes 39-45. Ideal for formal occasions, business attire, and sophisticated everyday wear. Wholesale inquiries welcome for bulk orders (minimum 8 pairs).","_links":{"self":[{"href":"https:\/\/turkishtrade.co\/de\/wp-json\/wp\/v2\/product\/8320","targetHints":{"allow":["GET"]}}],"collection":[{"href":"https:\/\/turkishtrade.co\/de\/wp-json\/wp\/v2\/product"}],"about":[{"href":"https:\/\/turkishtrade.co\/de\/wp-json\/wp\/v2\/types\/product"}],"wp:featuredmedia":[{"embeddable":true,"href":"https:\/\/turkishtrade.co\/de\/wp-json\/wp\/v2\/media\/6874"}],"wp:attachment":[{"href":"https:\/\/turkishtrade.co\/de\/wp-json\/wp\/v2\/media?parent=8320"}],"wp:term":[{"taxonomy":"product_brand","embeddable":true,"href":"https:\/\/turkishtrade.co\/de\/wp-json\/wp\/v2\/product_brand?post=8320"},{"taxonomy":"product_cat","embeddable":true,"href":"https:\/\/turkishtrade.co\/de\/wp-json\/wp\/v2\/product_cat?post=8320"},{"taxonomy":"product_tag","embeddable":true,"href":"https:\/\/turkishtrade.co\/de\/wp-json\/wp\/v2\/product_tag?post=8320"}],"curies":[{"name":"wp","href":"https:\/\/api.w.org\/{rel}","templated":true}]}}