{"id":8294,"date":"2026-01-29T14:49:05","date_gmt":"2026-01-29T14:49:05","guid":{"rendered":"https:\/\/turkishtrade.co\/?post_type=product&#038;p=8294"},"modified":"2026-04-09T20:29:58","modified_gmt":"2026-04-09T20:29:58","slug":"mens-black-leather-cap-toe-shoes","status":"publish","type":"product","link":"https:\/\/turkishtrade.co\/de\/shop\/mens-black-leather-cap-toe-shoes\/","title":{"rendered":"Schwarze Leder-Kappenschuhe f\u00fcr M\u00e4nner Ultimate | Schwarzes echtes Kalbsleder f\u00fcr M\u00e4nner"},"content":{"rendered":"<p><strong>Schwarze Leder-Kappenschuhe f\u00fcr M\u00e4nner<\/strong>. H\u00f6chste Qualit\u00e4t und Design.<\/p>\n<p>Erleben Sie zeitlose Eleganz und unvergleichlichen Komfort mit unseren exquisiten <strong>Schwarze klassische Kappenschuhe aus echtem Kalbsleder f\u00fcr Herren<\/strong>. Diese in sorgf\u00e4ltiger Handarbeit gefertigten Schuhe sind f\u00fcr den modernen Gentleman bestimmt, der sowohl Stil als auch Substanz sch\u00e4tzt. Das Obermaterial besteht aus hochwertigem, echtem Kalbsleder und bietet ein luxuri\u00f6ses Gef\u00fchl, bemerkenswerte Haltbarkeit und ein poliertes Aussehen, das mit dem Alter nur besser wird. Die klassische schwarze Ausf\u00fchrung macht diese Schuhe zu einer vielseitigen Erg\u00e4nzung f\u00fcr jede Garderobe, perfekt f\u00fcr eine Reihe von Anl\u00e4ssen, von wichtigen Gesch\u00e4ftstreffen bis hin zu anspruchsvollen Abendveranstaltungen.<\/p>\n<h3>Un\u00fcbertroffene Handwerkskunst und hochwertige Materialien<\/h3>\n<p>Jedes Paar unserer <strong>Schwarze Leder-Kappenschuhe f\u00fcr M\u00e4nner<\/strong> zeigt au\u00dfergew\u00f6hnliche Kunstfertigkeit. Die vornehme Kappe ist mit dezenten, aber eleganten Brogue-Perforationen versehen, die einen Hauch von traditionellem Charme verspr\u00fchen, ohne dabei an Eleganz einzub\u00fc\u00dfen. Das weiche Innenfutter aus echtem Ziegenleder sorgt f\u00fcr Atmungsaktivit\u00e4t und h\u00f6chsten Komfort auf der Haut und ist somit ideal f\u00fcr langes Tragen. Wir wissen, wie wichtig Qualit\u00e4t von innen heraus ist. Deshalb w\u00e4hlen wir nur die besten Materialien aus.<\/p>\n<h3>Entwickelt f\u00fcr Komfort und Langlebigkeit<\/h3>\n<p>Neben ihrer atemberaubenden \u00c4sthetik sind diese <strong>Schwarze Leder-Kappenschuhe f\u00fcr M\u00e4nner<\/strong> wurden f\u00fcr ultimativen Komfort entwickelt. Sie sind mit einer leichten und flexiblen EVA-Sohle ausgestattet, die eine hervorragende D\u00e4mpfung und Unterst\u00fctzung bei jedem Schritt bietet. Die EVA-Sohle bietet au\u00dferdem eine hervorragende Sto\u00dfd\u00e4mpfung, die Erm\u00fcdungserscheinungen des Fu\u00dfes reduziert und diese Schuhe zu einem angenehmen Begleiter durch den Tag macht. Erh\u00e4ltlich in einer breiten Palette von EU-Gr\u00f6\u00dfen von 39 bis 45, gew\u00e4hrleisten wir eine perfekte Passform f\u00fcr jeden anspruchsvollen Kunden.<\/p>\n<h3>Die perfekte Wahl f\u00fcr jede Gelegenheit<\/h3>\n<p>Ganz gleich, ob Sie sich f\u00fcr einen gesch\u00e4ftlichen Anlass kleiden, an einer Hochzeit teilnehmen oder einfach nur einen scharfen, raffinierten Look anstreben, diese Herrenschuhe aus echtem Kalbsleder sind Ihr idealer Begleiter. Ihr best\u00e4ndiger Stil \u00fcberdauert Trends und sorgt daf\u00fcr, dass Sie immer ein raffiniertes Statement abgeben. Investieren Sie in ein Paar Schuhe, das klassisches Design mit modernem Komfort und robuster Konstruktion verbindet. F\u00fcr Unternehmen, die hochwertige Herrenschuhe auf Lager haben m\u00f6chten, sind diese klassischen Kappenschuhe im Gro\u00dfhandel ab einer Mindestbestellmenge von 8 Paar erh\u00e4ltlich und bieten ein hervorragendes Preis-Leistungs-Verh\u00e4ltnis und eine hohe Attraktivit\u00e4t f\u00fcr Ihre Kunden.<\/p>","protected":false},"excerpt":{"rendered":"<ul>\n<li>Fachm\u00e4nnisch gefertigt aus hochwertigem, echtem Kalbsleder.<\/li>\n<li>Raffinierte Kappe mit eleganten Brogue-Details.<\/li>\n<li>Leichte und bequeme EVA-Sohle f\u00fcr ganzt\u00e4gigen Tragekomfort.<\/li>\n<li>Klassische schwarze Farbe f\u00fcr vielseitige Kombinationen mit formeller und legerer Kleidung.<\/li>\n<li>Erh\u00e4ltlich in den EU-Gr\u00f6\u00dfen 39-45.<\/li>\n<li>Gro\u00dfhandelsbestellungen sind willkommen (Mindestbestellmenge 8 Paare).<\/li>\n<\/ul>","protected":false},"featured_media":6861,"template":"","meta":{"_acf_changed":false,"_uag_custom_page_level_css":"","site-sidebar-layout":"default","site-content-layout":"","ast-site-content-layout":"default","site-content-style":"default","site-sidebar-style":"default","ast-global-header-display":"","ast-banner-title-visibility":"","ast-main-header-display":"","ast-hfb-above-header-display":"","ast-hfb-below-header-display":"","ast-hfb-mobile-header-display":"","site-post-title":"","ast-breadcrumbs-content":"","ast-featured-img":"","footer-sml-layout":"","ast-disable-related-posts":"","theme-transparent-header-meta":"","adv-header-id-meta":"","stick-header-meta":"","header-above-stick-meta":"","header-main-stick-meta":"","header-below-stick-meta":"","astra-migrate-meta-layouts":"default","ast-page-background-enabled":"default","ast-page-background-meta":{"desktop":{"background-color":"var(--ast-global-color-4)","background-image":"","background-repeat":"repeat","background-position":"center center","background-size":"auto","background-attachment":"scroll","background-type":"","background-media":"","overlay-type":"","overlay-color":"","overlay-opacity":"","overlay-gradient":""},"tablet":{"background-color":"","background-image":"","background-repeat":"repeat","background-position":"center center","background-size":"auto","background-attachment":"scroll","background-type":"","background-media":"","overlay-type":"","overlay-color":"","overlay-opacity":"","overlay-gradient":""},"mobile":{"background-color":"","background-image":"","background-repeat":"repeat","background-position":"center center","background-size":"auto","background-attachment":"scroll","background-type":"","background-media":"","overlay-type":"","overlay-color":"","overlay-opacity":"","overlay-gradient":""}},"ast-content-background-meta":{"desktop":{"background-color":"var(--ast-global-color-5)","background-image":"","background-repeat":"repeat","background-position":"center center","background-size":"auto","background-attachment":"scroll","background-type":"","background-media":"","overlay-type":"","overlay-color":"","overlay-opacity":"","overlay-gradient":""},"tablet":{"background-color":"var(--ast-global-color-5)","background-image":"","background-repeat":"repeat","background-position":"center center","background-size":"auto","background-attachment":"scroll","background-type":"","background-media":"","overlay-type":"","overlay-color":"","overlay-opacity":"","overlay-gradient":""},"mobile":{"background-color":"var(--ast-global-color-5)","background-image":"","background-repeat":"repeat","background-position":"center center","background-size":"auto","background-attachment":"scroll","background-type":"","background-media":"","overlay-type":"","overlay-color":"","overlay-opacity":"","overlay-gradient":""}}},"product_brand":[],"product_cat":[47,430,1200],"product_tag":[605,202,145,284,438,251,227,254],"class_list":{"0":"post-8294","1":"product","2":"type-product","3":"status-publish","4":"has-post-thumbnail","6":"product_cat-classic","7":"product_cat-men","8":"product_cat-mens-shoes-2","9":"product_tag-black-shoes","10":"product_tag-calf-leather","11":"product_tag-classic-shoes","12":"product_tag-dress-shoes","13":"product_tag-eva-sole","14":"product_tag-formal-shoes","15":"product_tag-leather-shoes","16":"product_tag-wholesale-footwear","17":"desktop-align-center","18":"tablet-align-center","19":"mobile-align-center","21":"first","22":"instock","23":"shipping-taxable","24":"purchasable","25":"product-type-variable","26":"has-default-attributes"},"acf":[],"uagb_featured_image_src":{"full":["https:\/\/turkishtrade.co\/wp-content\/uploads\/2026\/01\/2600NZWMN00010-BLACK.png",453,250,false],"thumbnail":["https:\/\/turkishtrade.co\/wp-content\/uploads\/2026\/01\/2600NZWMN00010-BLACK-150x150.png",150,150,true],"medium":["https:\/\/turkishtrade.co\/wp-content\/uploads\/2026\/01\/2600NZWMN00010-BLACK-300x166.png",300,166,true],"medium_large":["https:\/\/turkishtrade.co\/wp-content\/uploads\/2026\/01\/2600NZWMN00010-BLACK.png",453,250,false],"large":["https:\/\/turkishtrade.co\/wp-content\/uploads\/2026\/01\/2600NZWMN00010-BLACK.png",453,250,false],"1536x1536":["https:\/\/turkishtrade.co\/wp-content\/uploads\/2026\/01\/2600NZWMN00010-BLACK.png",453,250,false],"2048x2048":["https:\/\/turkishtrade.co\/wp-content\/uploads\/2026\/01\/2600NZWMN00010-BLACK.png",453,250,false],"trp-custom-language-flag":["https:\/\/turkishtrade.co\/wp-content\/uploads\/2026\/01\/2600NZWMN00010-BLACK-18x10.png",18,10,true],"woocommerce_thumbnail":["https:\/\/turkishtrade.co\/wp-content\/uploads\/2026\/01\/2600NZWMN00010-BLACK-400x250.png",400,250,true],"woocommerce_single":["https:\/\/turkishtrade.co\/wp-content\/uploads\/2026\/01\/2600NZWMN00010-BLACK.png",453,250,false],"woocommerce_gallery_thumbnail":["https:\/\/turkishtrade.co\/wp-content\/uploads\/2026\/01\/2600NZWMN00010-BLACK-100x100.png",100,100,true]},"uagb_author_info":{"display_name":"python python","author_link":"https:\/\/turkishtrade.co\/de\/author\/"},"uagb_comment_info":0,"uagb_excerpt":"Expertly crafted from premium genuine calf leather. Sophisticated cap-toe design with elegant brogue detailing. Lightweight and comfortable EVA sole for all-day wear. Classic black color for versatile pairing with formal and smart-casual attire. Available in EU sizes 39-45. Wholesale orders welcome (minimum order of 8 pairs).","_links":{"self":[{"href":"https:\/\/turkishtrade.co\/de\/wp-json\/wp\/v2\/product\/8294","targetHints":{"allow":["GET"]}}],"collection":[{"href":"https:\/\/turkishtrade.co\/de\/wp-json\/wp\/v2\/product"}],"about":[{"href":"https:\/\/turkishtrade.co\/de\/wp-json\/wp\/v2\/types\/product"}],"wp:featuredmedia":[{"embeddable":true,"href":"https:\/\/turkishtrade.co\/de\/wp-json\/wp\/v2\/media\/6861"}],"wp:attachment":[{"href":"https:\/\/turkishtrade.co\/de\/wp-json\/wp\/v2\/media?parent=8294"}],"wp:term":[{"taxonomy":"product_brand","embeddable":true,"href":"https:\/\/turkishtrade.co\/de\/wp-json\/wp\/v2\/product_brand?post=8294"},{"taxonomy":"product_cat","embeddable":true,"href":"https:\/\/turkishtrade.co\/de\/wp-json\/wp\/v2\/product_cat?post=8294"},{"taxonomy":"product_tag","embeddable":true,"href":"https:\/\/turkishtrade.co\/de\/wp-json\/wp\/v2\/product_tag?post=8294"}],"curies":[{"name":"wp","href":"https:\/\/api.w.org\/{rel}","templated":true}]}}