{"id":8292,"date":"2026-01-29T14:49:05","date_gmt":"2026-01-29T14:49:05","guid":{"rendered":"https:\/\/turkishtrade.co\/?post_type=product&#038;p=8292"},"modified":"2026-04-09T20:30:08","modified_gmt":"2026-04-09T20:30:08","slug":"mens-black-leather-dress-shoes-2","status":"publish","type":"product","link":"https:\/\/turkishtrade.co\/de\/shop\/mens-black-leather-dress-shoes-2\/","title":{"rendered":"Herrenschuhe aus schwarzem Leder Echt | Herrenschuhe aus schwarzem echtem Leder Klassisch"},"content":{"rendered":"<p>Erweitern Sie Ihre formelle Garderobe mit unseren exquisiten <strong>Schwarze Lederschuhe f\u00fcr M\u00e4nner<\/strong>. Sorgf\u00e4ltig aus hochwertigem, echtem Kalbs- und Ziegenleder gefertigt, sind diese Schuhe der Inbegriff von raffinierter Eleganz und dauerhafter Qualit\u00e4t. Diese klassischen Anzugschuhe wurden f\u00fcr den anspruchsvollen Gentleman entworfen und zeichnen sich durch ein raffiniertes Kappendesign aus, das zeitlose Anziehungskraft ausstrahlt und sie zu einer unverzichtbaren Erg\u00e4nzung f\u00fcr jedes professionelle oder formelle Ensemble macht. Wenn es um unverzichtbares Schuhwerk geht, sind diese <strong>Schwarze Lederschuhe f\u00fcr M\u00e4nner<\/strong> wirklich hervorstechen.<\/p>\n<h3>Unerreichte Handwerkskunst und hochwertige Materialien<\/h3>\n<p>Die \u00fcberlegene Konstruktion dieser <strong>Schwarze Lederschuhe f\u00fcr M\u00e4nner<\/strong> garantiert sowohl tadellosen Stil als auch bemerkenswerten Komfort. Das Obermaterial aus echtem Leder, das aus hochwertigem \u201cic keci d dana hakiki deri\u201d (echtes Ziegen- und Kalbsleder) hergestellt wird, bietet ein luxuri\u00f6ses Gef\u00fchl und eine sch\u00f6ne, strukturierte Oberfl\u00e4che, die mit der Zeit anmutig wird. Jedes Paar ist sorgf\u00e4ltig gen\u00e4ht und zeugt von h\u00f6chster Handwerkskunst und Liebe zum Detail. Die robuste und dennoch flexible Laufsohle aus Leder mit dem unverwechselbaren Pr\u00e4gemuster bietet zuverl\u00e4ssigen Halt und Langlebigkeit und sorgt daf\u00fcr, dass Sie sich auch an anstrengenden Tagen oder unvergesslichen Abenden wohl f\u00fchlen. Dies sind nicht nur irgendwelche <strong>Schwarze Lederschuhe f\u00fcr M\u00e4nner<\/strong>; Sie sind ein Zeichen von Klasse.<\/p>\n<h3>Vielseitigkeit f\u00fcr jede Gelegenheit<\/h3>\n<p>Unser <strong>Schwarze Lederschuhe f\u00fcr M\u00e4nner<\/strong> sind f\u00fcr eine Vielzahl von Anl\u00e4ssen perfekt geeignet. Egal, ob Sie an einem wichtigen Gesch\u00e4ftstreffen, einer anspruchsvollen Hochzeit oder einem Galadinner teilnehmen oder einfach nur Ihre t\u00e4gliche B\u00fcrokleidung aufwerten m\u00f6chten, diese klassischen Schuhe bieten die perfekte Mischung aus Klasse und Professionalit\u00e4t. Die klassische schwarze Farbe garantiert Vielseitigkeit und l\u00e4sst sich m\u00fchelos mit Anz\u00fcgen, Smokings und eleganten Freizeitoutfits kombinieren. Erh\u00e4ltlich in einer breiten Palette von Gr\u00f6\u00dfen von 39 bis 45, finden Sie Ihre perfekte Passform f\u00fcr diese wesentlichen <strong>Schwarze Lederschuhe f\u00fcr M\u00e4nner<\/strong> ist einfach.<\/p>\n<h3>Investition in Stil und Langlebigkeit<\/h3>\n<p>Neben ihrer atemberaubenden \u00c4sthetik sind diese <strong>Schwarze Lederschuhe f\u00fcr M\u00e4nner<\/strong> sind f\u00fcr Langlebigkeit gebaut. Die hochwertigen Materialien und die robuste Konstruktion machen sie nicht nur zu einer Anschaffung, sondern zu einer Investition in Ihren pers\u00f6nlichen Stil. Erleben Sie den Unterschied, den echtes Leder ausmacht: Es ist atmungsaktiv, bequem und passt sich mit der Zeit an Ihren Fu\u00df an - f\u00fcr eine individuelle Passform. Wir wissen, wie wichtig Qualit\u00e4t ist, und diese <strong>Schwarze Lederschuhe f\u00fcr M\u00e4nner<\/strong> sind ein Beweis f\u00fcr unser Engagement f\u00fcr Spitzenleistungen. F\u00fcr alle, die feines Schuhwerk sch\u00e4tzen, sind diese Schuhe die ideale Wahl.<\/p>\n<h3>Gro\u00dfhandelsm\u00f6glichkeiten verf\u00fcgbar<\/h3>\n<p>F\u00fcr Unternehmen, die ihrer Kundschaft Premium-Schuhe anbieten m\u00f6chten, ist unser <strong>Schwarze Lederschuhe f\u00fcr M\u00e4nner<\/strong> sind f\u00fcr den Gro\u00dfhandel erh\u00e4ltlich. Mit einer Mindestbestellmenge von nur 8 Paar k\u00f6nnen Sie sich problemlos mit diesen begehrten klassischen Schuhen eindecken. Bieten Sie Ihren Kunden Schuhe an, die Luxus, Komfort und dauerhaften Stil vereinen, und sorgen Sie so f\u00fcr Zufriedenheit und Folgeauftr\u00e4ge. Investieren Sie in Qualit\u00e4t, investieren Sie in Stil - w\u00e4hlen Sie TurkishTrade f\u00fcr Ihren Bedarf an Premium-Lederschuhen und erleben Sie die unvergleichliche Qualit\u00e4t unserer <strong>Schwarze Lederschuhe f\u00fcr M\u00e4nner<\/strong>.<\/p>","protected":false},"excerpt":{"rendered":"<ul>\n<li>Gefertigt aus hochwertigem echtem Kalbs- und Ziegenleder<\/li>\n<li>Elegantes klassisches Oxford-Design mit Zehenkappe<\/li>\n<li>Erh\u00e4ltlich in einer breiten Palette von Gr\u00f6\u00dfen: 39, 40, 41, 42, 43, 44, 45<\/li>\n<li>Perfekt f\u00fcr formelle Veranstaltungen, Gesch\u00e4ftskleidung und besondere Anl\u00e4sse<\/li>\n<li>Gro\u00dfhandelsm\u00f6glichkeiten vorhanden: Mindestbestellmenge 8 Paare<\/li>\n<\/ul>","protected":false},"featured_media":6858,"template":"","meta":{"_acf_changed":false,"_uag_custom_page_level_css":"","site-sidebar-layout":"default","site-content-layout":"","ast-site-content-layout":"default","site-content-style":"default","site-sidebar-style":"default","ast-global-header-display":"","ast-banner-title-visibility":"","ast-main-header-display":"","ast-hfb-above-header-display":"","ast-hfb-below-header-display":"","ast-hfb-mobile-header-display":"","site-post-title":"","ast-breadcrumbs-content":"","ast-featured-img":"","footer-sml-layout":"","ast-disable-related-posts":"","theme-transparent-header-meta":"","adv-header-id-meta":"","stick-header-meta":"","header-above-stick-meta":"","header-main-stick-meta":"","header-below-stick-meta":"","astra-migrate-meta-layouts":"default","ast-page-background-enabled":"default","ast-page-background-meta":{"desktop":{"background-color":"var(--ast-global-color-4)","background-image":"","background-repeat":"repeat","background-position":"center center","background-size":"auto","background-attachment":"scroll","background-type":"","background-media":"","overlay-type":"","overlay-color":"","overlay-opacity":"","overlay-gradient":""},"tablet":{"background-color":"","background-image":"","background-repeat":"repeat","background-position":"center center","background-size":"auto","background-attachment":"scroll","background-type":"","background-media":"","overlay-type":"","overlay-color":"","overlay-opacity":"","overlay-gradient":""},"mobile":{"background-color":"","background-image":"","background-repeat":"repeat","background-position":"center center","background-size":"auto","background-attachment":"scroll","background-type":"","background-media":"","overlay-type":"","overlay-color":"","overlay-opacity":"","overlay-gradient":""}},"ast-content-background-meta":{"desktop":{"background-color":"var(--ast-global-color-5)","background-image":"","background-repeat":"repeat","background-position":"center center","background-size":"auto","background-attachment":"scroll","background-type":"","background-media":"","overlay-type":"","overlay-color":"","overlay-opacity":"","overlay-gradient":""},"tablet":{"background-color":"var(--ast-global-color-5)","background-image":"","background-repeat":"repeat","background-position":"center center","background-size":"auto","background-attachment":"scroll","background-type":"","background-media":"","overlay-type":"","overlay-color":"","overlay-opacity":"","overlay-gradient":""},"mobile":{"background-color":"var(--ast-global-color-5)","background-image":"","background-repeat":"repeat","background-position":"center center","background-size":"auto","background-attachment":"scroll","background-type":"","background-media":"","overlay-type":"","overlay-color":"","overlay-opacity":"","overlay-gradient":""}}},"product_brand":[],"product_cat":[47,430,1200],"product_tag":[295,405,145,251,952,360,1297,1298],"class_list":{"0":"post-8292","1":"product","2":"type-product","3":"status-publish","4":"has-post-thumbnail","6":"product_cat-classic","7":"product_cat-men","8":"product_cat-mens-shoes-2","9":"product_tag-black-dress-shoes","10":"product_tag-business-shoes","11":"product_tag-classic-shoes","12":"product_tag-formal-shoes","13":"product_tag-genuine-leather-shoes","14":"product_tag-leather-oxfords","15":"product_tag-mens-black-leather-dress-shoes","16":"product_tag-turkishtrade-shoes","17":"desktop-align-center","18":"tablet-align-center","19":"mobile-align-center","21":"first","22":"instock","23":"shipping-taxable","24":"purchasable","25":"product-type-variable","26":"has-default-attributes"},"acf":[],"uagb_featured_image_src":{"full":["https:\/\/turkishtrade.co\/wp-content\/uploads\/2026\/01\/2600NZWMN00008-BLACK.png",453,250,false],"thumbnail":["https:\/\/turkishtrade.co\/wp-content\/uploads\/2026\/01\/2600NZWMN00008-BLACK-150x150.png",150,150,true],"medium":["https:\/\/turkishtrade.co\/wp-content\/uploads\/2026\/01\/2600NZWMN00008-BLACK-300x166.png",300,166,true],"medium_large":["https:\/\/turkishtrade.co\/wp-content\/uploads\/2026\/01\/2600NZWMN00008-BLACK.png",453,250,false],"large":["https:\/\/turkishtrade.co\/wp-content\/uploads\/2026\/01\/2600NZWMN00008-BLACK.png",453,250,false],"1536x1536":["https:\/\/turkishtrade.co\/wp-content\/uploads\/2026\/01\/2600NZWMN00008-BLACK.png",453,250,false],"2048x2048":["https:\/\/turkishtrade.co\/wp-content\/uploads\/2026\/01\/2600NZWMN00008-BLACK.png",453,250,false],"trp-custom-language-flag":["https:\/\/turkishtrade.co\/wp-content\/uploads\/2026\/01\/2600NZWMN00008-BLACK-18x10.png",18,10,true],"woocommerce_thumbnail":["https:\/\/turkishtrade.co\/wp-content\/uploads\/2026\/01\/2600NZWMN00008-BLACK-400x250.png",400,250,true],"woocommerce_single":["https:\/\/turkishtrade.co\/wp-content\/uploads\/2026\/01\/2600NZWMN00008-BLACK.png",453,250,false],"woocommerce_gallery_thumbnail":["https:\/\/turkishtrade.co\/wp-content\/uploads\/2026\/01\/2600NZWMN00008-BLACK-100x100.png",100,100,true]},"uagb_author_info":{"display_name":"python python","author_link":"https:\/\/turkishtrade.co\/de\/author\/"},"uagb_comment_info":0,"uagb_excerpt":"Crafted from premium genuine calf and goat leather Elegant classic cap-toe oxford design Available in a wide range of sizes: 39, 40, 41, 42, 43, 44, 45 Perfect for formal events, business attire, and special occasions Wholesale opportunities available: Minimum order of 8 pairs","_links":{"self":[{"href":"https:\/\/turkishtrade.co\/de\/wp-json\/wp\/v2\/product\/8292","targetHints":{"allow":["GET"]}}],"collection":[{"href":"https:\/\/turkishtrade.co\/de\/wp-json\/wp\/v2\/product"}],"about":[{"href":"https:\/\/turkishtrade.co\/de\/wp-json\/wp\/v2\/types\/product"}],"wp:featuredmedia":[{"embeddable":true,"href":"https:\/\/turkishtrade.co\/de\/wp-json\/wp\/v2\/media\/6858"}],"wp:attachment":[{"href":"https:\/\/turkishtrade.co\/de\/wp-json\/wp\/v2\/media?parent=8292"}],"wp:term":[{"taxonomy":"product_brand","embeddable":true,"href":"https:\/\/turkishtrade.co\/de\/wp-json\/wp\/v2\/product_brand?post=8292"},{"taxonomy":"product_cat","embeddable":true,"href":"https:\/\/turkishtrade.co\/de\/wp-json\/wp\/v2\/product_cat?post=8292"},{"taxonomy":"product_tag","embeddable":true,"href":"https:\/\/turkishtrade.co\/de\/wp-json\/wp\/v2\/product_tag?post=8292"}],"curies":[{"name":"wp","href":"https:\/\/api.w.org\/{rel}","templated":true}]}}