{"id":8291,"date":"2026-01-29T14:49:05","date_gmt":"2026-01-29T14:49:05","guid":{"rendered":"https:\/\/turkishtrade.co\/?post_type=product&#038;p=8291"},"modified":"2026-04-09T20:30:11","modified_gmt":"2026-04-09T20:30:11","slug":"mens-brown-leather-oxford-shoes-2","status":"publish","type":"product","link":"https:\/\/turkishtrade.co\/de\/shop\/mens-brown-leather-oxford-shoes-2\/","title":{"rendered":"Herren Braun Leder Oxford Schuhe Sensational | Premium mit Brogue Detailing"},"content":{"rendered":"<p><strong>Herren Oxford-Schuhe aus braunem Leder<\/strong>. Sensationelle Qualit\u00e4t und Design.<\/p>\n<p>Entdecken Sie den Inbegriff stilvoller Eleganz mit unseren exquisiten <strong>Herren Oxford-Schuhe aus braunem Leder<\/strong>. Diese in sorgf\u00e4ltiger Handarbeit aus hochwertigem, echtem Kalbsleder gefertigten Schuhe wurden f\u00fcr den anspruchsvollen Gentleman entworfen, der sowohl zeitlosen Stil als auch unvergleichliche Qualit\u00e4t sch\u00e4tzt. Der satte, br\u00fcnierte Braunton bietet eine bemerkenswerte Vielseitigkeit und macht diese Oxfords zu einer unverzichtbaren Erg\u00e4nzung f\u00fcr jede anspruchsvolle Garderobe, die sich nahtlos mit Gesch\u00e4ftskleidung, formeller Kleidung und sogar eleganten Freizeit-Ensembles kombinieren l\u00e4sst.<\/p>\n<h3>Un\u00fcbertroffene Handwerkskunst und hervorragende Materialien<\/h3>\n<p>Jedes Paar dieser au\u00dfergew\u00f6hnlichen <strong>Herren Oxford-Schuhe aus braunem Leder<\/strong> zeichnet sich durch hervorragende Handwerkskunst aus. Das Obermaterial besteht aus geschmeidigem und dennoch strapazierf\u00e4higem Kalbsleder, das f\u00fcr seine glatte Textur und seine F\u00e4higkeit bekannt ist, mit der Zeit eine sch\u00f6ne Patina zu entwickeln. Die klassische Oxford-Silhouette wird durch eine raffinierte Kappe und geschmackvolle Brogue-Lochungen aufgewertet, die dem Schuh einen Hauch von traditionellem Charme verleihen, ohne auf moderne Raffinesse zu verzichten. Die fachm\u00e4nnischen N\u00e4hte und die robuste Konstruktion sorgen nicht nur f\u00fcr ein raffiniertes Aussehen, sondern auch f\u00fcr eine dauerhafte Qualit\u00e4t, die den Test der Zeit besteht.<\/p>\n<h3>Entwickelt f\u00fcr ultimativen Komfort und Langlebigkeit<\/h3>\n<p>Neben ihrer beeindruckenden \u00c4sthetik sind diese <strong>Herren Oxford-Schuhe aus braunem Leder<\/strong> sind auf Komfort ausgelegt. Das weiche Innenfutter aus echtem Leder umschmeichelt den Fu\u00df und sorgt f\u00fcr ein atmungsaktives und komfortables Tragegef\u00fchl den ganzen Tag \u00fcber. Ein integriertes EVA-D\u00e4mpfungssystem erh\u00f6ht den Komfort weiter, absorbiert St\u00f6\u00dfe und st\u00fctzt Ihre F\u00fc\u00dfe auch bei langen Arbeitszeiten, egal ob Sie durch Firmenflure laufen oder an besonderen Veranstaltungen teilnehmen. Die robuste, langlebige Sohle bietet hervorragenden Halt und Stabilit\u00e4t, so dass diese Schuhe ebenso praktisch wie elegant sind.<\/p>\n<h3>Vielseitigkeit f\u00fcr jede Gelegenheit<\/h3>\n<p>Das vielseitige Design unserer <strong>Herren Oxford-Schuhe aus braunem Leder<\/strong> macht sie perfekt f\u00fcr eine Vielzahl von Anl\u00e4ssen. Kombinieren Sie sie mit einem scharfen Anzug f\u00fcr wichtige Gesch\u00e4ftstreffen, einem Smoking f\u00fcr formelle Anl\u00e4sse oder einer eleganten Hose und einem Blazer f\u00fcr einen polierten halb-formellen Look. Ihr klassisches Aussehen garantiert Ihnen, dass Sie immer einen selbstbewussten und stilvollen Eindruck machen werden. Die Investition in diese hochwertigen Oxfords bedeutet eine Investition in ein Schuhwerk, das Ihre gesamte Garderobe aufwertet und Ihren tadellosen Geschmack widerspiegelt.<\/p>\n<h3>Gro\u00dfhandelsm\u00f6glichkeiten verf\u00fcgbar<\/h3>\n<p>F\u00fcr Einzelh\u00e4ndler und Unternehmen, die hochwertige Schuhe aus echtem Leder anbieten m\u00f6chten, ist unser <strong>Herren Oxford-Schuhe aus braunem Leder<\/strong> sind f\u00fcr den Gro\u00dfhandel erh\u00e4ltlich. Wir verlangen eine Mindestbestellmenge von 8 Paar, damit Sie eine Reihe von Gr\u00f6\u00dfen vorr\u00e4tig haben und die Anforderungen Ihrer Kundschaft erf\u00fcllen k\u00f6nnen. Bieten Sie Ihren Kunden den Luxus und den Komfort, den sie verdienen, und erweitern Sie Ihren Bestand mit diesen tadellos gefertigten Schuhen.<\/p>","protected":false},"excerpt":{"rendered":"<ul>\n<li>Handgefertigt aus echtem Kalbsleder f\u00fcr h\u00f6chste Qualit\u00e4t und ein luxuri\u00f6ses Gef\u00fchl.<\/li>\n<li>Klassisches Oxford-Design mit eleganter Kappe und dezenter Brogue-Lochung.<\/li>\n<li>Entwickelt f\u00fcr au\u00dfergew\u00f6hnlichen Komfort, ideal f\u00fcr lange Stunden in formellen oder gesch\u00e4ftlichen Situationen.<\/li>\n<li>Erh\u00e4ltlich in einer breiten Palette von EU-Gr\u00f6\u00dfen von 39 bis 45, um die perfekte Passform zu gew\u00e4hrleisten.<\/li>\n<li>Gro\u00dfhandelsanfragen willkommen! Mindestbestellmenge von 8 Paaren.<\/li>\n<\/ul>","protected":false},"featured_media":6857,"template":"","meta":{"_acf_changed":false,"_uag_custom_page_level_css":"","site-sidebar-layout":"default","site-content-layout":"","ast-site-content-layout":"default","site-content-style":"default","site-sidebar-style":"default","ast-global-header-display":"","ast-banner-title-visibility":"","ast-main-header-display":"","ast-hfb-above-header-display":"","ast-hfb-below-header-display":"","ast-hfb-mobile-header-display":"","site-post-title":"","ast-breadcrumbs-content":"","ast-featured-img":"","footer-sml-layout":"","ast-disable-related-posts":"","theme-transparent-header-meta":"","adv-header-id-meta":"","stick-header-meta":"","header-above-stick-meta":"","header-main-stick-meta":"","header-below-stick-meta":"","astra-migrate-meta-layouts":"default","ast-page-background-enabled":"default","ast-page-background-meta":{"desktop":{"background-color":"var(--ast-global-color-4)","background-image":"","background-repeat":"repeat","background-position":"center center","background-size":"auto","background-attachment":"scroll","background-type":"","background-media":"","overlay-type":"","overlay-color":"","overlay-opacity":"","overlay-gradient":""},"tablet":{"background-color":"","background-image":"","background-repeat":"repeat","background-position":"center center","background-size":"auto","background-attachment":"scroll","background-type":"","background-media":"","overlay-type":"","overlay-color":"","overlay-opacity":"","overlay-gradient":""},"mobile":{"background-color":"","background-image":"","background-repeat":"repeat","background-position":"center center","background-size":"auto","background-attachment":"scroll","background-type":"","background-media":"","overlay-type":"","overlay-color":"","overlay-opacity":"","overlay-gradient":""}},"ast-content-background-meta":{"desktop":{"background-color":"var(--ast-global-color-5)","background-image":"","background-repeat":"repeat","background-position":"center center","background-size":"auto","background-attachment":"scroll","background-type":"","background-media":"","overlay-type":"","overlay-color":"","overlay-opacity":"","overlay-gradient":""},"tablet":{"background-color":"var(--ast-global-color-5)","background-image":"","background-repeat":"repeat","background-position":"center center","background-size":"auto","background-attachment":"scroll","background-type":"","background-media":"","overlay-type":"","overlay-color":"","overlay-opacity":"","overlay-gradient":""},"mobile":{"background-color":"var(--ast-global-color-5)","background-image":"","background-repeat":"repeat","background-position":"center center","background-size":"auto","background-attachment":"scroll","background-type":"","background-media":"","overlay-type":"","overlay-color":"","overlay-opacity":"","overlay-gradient":""}}},"product_brand":[],"product_cat":[47,430,1200],"product_tag":[654,830,405,754,1265,201,952,286,255],"class_list":{"0":"post-8291","1":"product","2":"type-product","3":"status-publish","4":"has-post-thumbnail","6":"product_cat-classic","7":"product_cat-men","8":"product_cat-mens-shoes-2","9":"product_tag-brogue-shoes","10":"product_tag-brown-oxford-shoes","11":"product_tag-business-shoes","12":"product_tag-classic-mens-shoes","13":"product_tag-dress-shoes-men","14":"product_tag-formal-footwear","15":"product_tag-genuine-leather-shoes","16":"product_tag-mens-leather-shoes","17":"product_tag-turkish-leather-shoes","18":"desktop-align-center","19":"tablet-align-center","20":"mobile-align-center","22":"first","23":"instock","24":"shipping-taxable","25":"purchasable","26":"product-type-variable","27":"has-default-attributes"},"acf":[],"uagb_featured_image_src":{"full":["https:\/\/turkishtrade.co\/wp-content\/uploads\/2026\/01\/2600NZWMN00007-BLACK.png",453,250,false],"thumbnail":["https:\/\/turkishtrade.co\/wp-content\/uploads\/2026\/01\/2600NZWMN00007-BLACK-150x150.png",150,150,true],"medium":["https:\/\/turkishtrade.co\/wp-content\/uploads\/2026\/01\/2600NZWMN00007-BLACK-300x166.png",300,166,true],"medium_large":["https:\/\/turkishtrade.co\/wp-content\/uploads\/2026\/01\/2600NZWMN00007-BLACK.png",453,250,false],"large":["https:\/\/turkishtrade.co\/wp-content\/uploads\/2026\/01\/2600NZWMN00007-BLACK.png",453,250,false],"1536x1536":["https:\/\/turkishtrade.co\/wp-content\/uploads\/2026\/01\/2600NZWMN00007-BLACK.png",453,250,false],"2048x2048":["https:\/\/turkishtrade.co\/wp-content\/uploads\/2026\/01\/2600NZWMN00007-BLACK.png",453,250,false],"trp-custom-language-flag":["https:\/\/turkishtrade.co\/wp-content\/uploads\/2026\/01\/2600NZWMN00007-BLACK-18x10.png",18,10,true],"woocommerce_thumbnail":["https:\/\/turkishtrade.co\/wp-content\/uploads\/2026\/01\/2600NZWMN00007-BLACK-400x250.png",400,250,true],"woocommerce_single":["https:\/\/turkishtrade.co\/wp-content\/uploads\/2026\/01\/2600NZWMN00007-BLACK.png",453,250,false],"woocommerce_gallery_thumbnail":["https:\/\/turkishtrade.co\/wp-content\/uploads\/2026\/01\/2600NZWMN00007-BLACK-100x100.png",100,100,true]},"uagb_author_info":{"display_name":"python python","author_link":"https:\/\/turkishtrade.co\/de\/author\/"},"uagb_comment_info":0,"uagb_excerpt":"Handcrafted from genuine calfskin leather for superior quality and luxurious feel. Features a classic Oxford design with elegant cap toe and subtle brogue perforations. Designed for exceptional comfort, ideal for long hours in formal or business settings. Available in a wide range of EU sizes from 39 to 45 to ensure the perfect fit. Wholesale&hellip;","_links":{"self":[{"href":"https:\/\/turkishtrade.co\/de\/wp-json\/wp\/v2\/product\/8291","targetHints":{"allow":["GET"]}}],"collection":[{"href":"https:\/\/turkishtrade.co\/de\/wp-json\/wp\/v2\/product"}],"about":[{"href":"https:\/\/turkishtrade.co\/de\/wp-json\/wp\/v2\/types\/product"}],"wp:featuredmedia":[{"embeddable":true,"href":"https:\/\/turkishtrade.co\/de\/wp-json\/wp\/v2\/media\/6857"}],"wp:attachment":[{"href":"https:\/\/turkishtrade.co\/de\/wp-json\/wp\/v2\/media?parent=8291"}],"wp:term":[{"taxonomy":"product_brand","embeddable":true,"href":"https:\/\/turkishtrade.co\/de\/wp-json\/wp\/v2\/product_brand?post=8291"},{"taxonomy":"product_cat","embeddable":true,"href":"https:\/\/turkishtrade.co\/de\/wp-json\/wp\/v2\/product_cat?post=8291"},{"taxonomy":"product_tag","embeddable":true,"href":"https:\/\/turkishtrade.co\/de\/wp-json\/wp\/v2\/product_tag?post=8291"}],"curies":[{"name":"wp","href":"https:\/\/api.w.org\/{rel}","templated":true}]}}