{"id":8231,"date":"2026-01-29T14:48:35","date_gmt":"2026-01-29T14:48:35","guid":{"rendered":"https:\/\/turkishtrade.co\/?post_type=product&#038;p=8231"},"modified":"2026-04-09T20:31:43","modified_gmt":"2026-04-09T20:31:43","slug":"mens-black-chunky-sole-derby-shoes","status":"publish","type":"product","link":"https:\/\/turkishtrade.co\/de\/shop\/mens-black-chunky-sole-derby-shoes\/","title":{"rendered":"Herren Schwarz Chunky Sole Derby Schuhe Unschlagbar | Herren Schwarz Kalbsleder Chunky"},"content":{"rendered":"<p><strong>Schwarze Derby-Schuhe mit klobiger Sohle f\u00fcr M\u00e4nner<\/strong>. Unschlagbare Qualit\u00e4t und Design.<\/p>\n<p>Treten Sie in anspruchsvollem Komfort mit unserem Premium <strong>Schwarze Derby-Schuhe mit klobiger Sohle f\u00fcr M\u00e4nner<\/strong>. Diese fachm\u00e4nnisch aus hochwertigem Kalbsleder gefertigten Schuhe kombinieren zeitloses Design mit modernem Flair. Das satte Schwarz und die subtilen Texturvariationen, darunter eine glatte Zehenkappe und leicht strukturierte Seitenteile, sorgen f\u00fcr einen dynamischen Look, der auff\u00e4llt. Entworfen f\u00fcr den anspruchsvollen Menschen, sind diese <strong>Schwarze Derby-Schuhe mit klobiger Sohle f\u00fcr M\u00e4nner<\/strong> bieten eine unvergleichliche Mischung aus Stil, Komfort und Strapazierf\u00e4higkeit und sind damit eine unverzichtbare Erg\u00e4nzung f\u00fcr jede moderne Garderobe.<\/p>\n<h3>Un\u00fcbertroffener Komfort und hochwertige Materialien<\/h3>\n<p>Erleben Sie luxuri\u00f6sen Komfort bei jedem Schritt, dank der sorgf\u00e4ltigen Konstruktion dieser Derby-Schuhe. Der Innenraum ist vollst\u00e4ndig mit weichem, atmungsaktivem Ziegenleder gef\u00fcttert, das sich mit der Zeit an Ihren Fu\u00df anpasst und f\u00fcr eine angenehme Passform sorgt. Dieses nat\u00fcrliche Futter leitet Feuchtigkeit ab und h\u00e4lt Ihre F\u00fc\u00dfe den ganzen Tag \u00fcber frisch und bequem. Unter dem eleganten Kalbsleder-Obermaterial sorgt eine robuste und leichte EVA-Sohle f\u00fcr au\u00dfergew\u00f6hnliche D\u00e4mpfung und Sto\u00dfabsorption. Diese innovative, klobige Sohle verleiht der klassischen Derby-Silhouette nicht nur einen modernen Touch, sondern sorgt auch f\u00fcr hervorragenden Halt und Stabilit\u00e4t auf verschiedenen Oberfl\u00e4chen. Ob auf den Stra\u00dfen der Stadt oder bei einem l\u00e4ssigen Abendausflug, diese <strong>Schwarze Derby-Schuhe mit klobiger Sohle f\u00fcr M\u00e4nner<\/strong> sind so gebaut, dass sie Sie unterst\u00fctzen.<\/p>\n<h3>Vielseitiger Stil f\u00fcr jede Gelegenheit<\/h3>\n<p>Diese Schuhe sind nicht einfach nur Schuhe, sie sind ein Statement. Der klassische Schn\u00fcrschuh im Derby-Stil mit subtilen, brogue-\u00e4hnlichen Perforationen an den N\u00e4hten bietet eine vielseitige \u00c4sthetik, die nahtlos von legeren zu entspannten Situationen \u00fcbergeht. Kombinieren Sie ihn mit einer ma\u00dfgeschneiderten Hose f\u00fcr einen eleganten Business-Casual-Look, oder kombinieren Sie ihn mit einer dunklen Jeans und einer stilvollen Jacke f\u00fcr ein m\u00fchelos cooles Ensemble. Der tiefschwarze Farbton sorgt f\u00fcr maximale Vielseitigkeit und erg\u00e4nzt eine breite Palette von Farben und Mustern in Ihrem Kleiderschrank. Genie\u00dfen Sie die perfekte Mischung aus traditioneller Handwerkskunst und modernem Design mit diesen auff\u00e4lligen <strong>Schwarze Derby-Schuhe mit klobiger Sohle f\u00fcr M\u00e4nner<\/strong>.<\/p>\n<h3>Langlebigkeit und Handwerkskunst, auf die Sie vertrauen k\u00f6nnen<\/h3>\n<p>Jedes Paar dieser Derby-Schuhe ist ein Zeugnis h\u00f6chster Handwerkskunst. Das hochwertige Kalbsleder wurde aufgrund seiner Langlebigkeit und seiner F\u00e4higkeit, sch\u00f6n zu altern, ausgew\u00e4hlt und entwickelt mit der Zeit eine einzigartige Patina. Die robuste Konstruktion in Kombination mit der widerstandsf\u00e4higen EVA-Sohle macht diese Schuhe zu einem langlebigen Bestandteil Ihrer Sammlung. Erh\u00e4ltlich in einer praktischen Auswahl an europ\u00e4ischen Gr\u00f6\u00dfen von 40 bis 44, ist es ganz einfach, die perfekte Passform zu finden. Wir bieten auch Gro\u00dfbestellungen an, mit einer Mindestabnahme von 16 Paar f\u00fcr den Gro\u00dfhandel. Investieren Sie in Qualit\u00e4t, investieren Sie in Stil und werten Sie Ihre Schuhsammlung mit diesen au\u00dfergew\u00f6hnlichen <strong>Schwarze Derby-Schuhe mit klobiger Sohle f\u00fcr M\u00e4nner<\/strong>.<\/p>","protected":false},"excerpt":{"rendered":"<ul>\n<li>Obermaterial aus hochwertigem Kalbsleder f\u00fcr Strapazierf\u00e4higkeit und anspruchsvollen Stil<\/li>\n<li>Weiches, atmungsaktives Ziegenlederfutter f\u00fcr ganzt\u00e4gigen Komfort<\/li>\n<li>Moderne klobige EVA-Sohle bietet hervorragende Traktion und D\u00e4mpfung<\/li>\n<li>Klassischer Schn\u00fcr-Derby mit dezenten Brogue-Details<\/li>\n<li>Vielseitiges schwarzes Finish, perfekt f\u00fcr l\u00e4ssige und elegante Outfits<\/li>\n<li>Erh\u00e4ltlich in den europ\u00e4ischen Gr\u00f6\u00dfen 40, 41, 42, 43, 44<\/li>\n<li>Gro\u00dfhandelsanfragen sind bei einer Mindestbestellmenge von 16 Paaren willkommen.<\/li>\n<\/ul>","protected":false},"featured_media":6901,"template":"","meta":{"_acf_changed":false,"_uag_custom_page_level_css":"","site-sidebar-layout":"default","site-content-layout":"","ast-site-content-layout":"default","site-content-style":"default","site-sidebar-style":"default","ast-global-header-display":"","ast-banner-title-visibility":"","ast-main-header-display":"","ast-hfb-above-header-display":"","ast-hfb-below-header-display":"","ast-hfb-mobile-header-display":"","site-post-title":"","ast-breadcrumbs-content":"","ast-featured-img":"","footer-sml-layout":"","ast-disable-related-posts":"","theme-transparent-header-meta":"","adv-header-id-meta":"","stick-header-meta":"","header-above-stick-meta":"","header-main-stick-meta":"","header-below-stick-meta":"","astra-migrate-meta-layouts":"default","ast-page-background-enabled":"default","ast-page-background-meta":{"desktop":{"background-color":"var(--ast-global-color-4)","background-image":"","background-repeat":"repeat","background-position":"center center","background-size":"auto","background-attachment":"scroll","background-type":"","background-media":"","overlay-type":"","overlay-color":"","overlay-opacity":"","overlay-gradient":""},"tablet":{"background-color":"","background-image":"","background-repeat":"repeat","background-position":"center center","background-size":"auto","background-attachment":"scroll","background-type":"","background-media":"","overlay-type":"","overlay-color":"","overlay-opacity":"","overlay-gradient":""},"mobile":{"background-color":"","background-image":"","background-repeat":"repeat","background-position":"center center","background-size":"auto","background-attachment":"scroll","background-type":"","background-media":"","overlay-type":"","overlay-color":"","overlay-opacity":"","overlay-gradient":""}},"ast-content-background-meta":{"desktop":{"background-color":"var(--ast-global-color-5)","background-image":"","background-repeat":"repeat","background-position":"center center","background-size":"auto","background-attachment":"scroll","background-type":"","background-media":"","overlay-type":"","overlay-color":"","overlay-opacity":"","overlay-gradient":""},"tablet":{"background-color":"var(--ast-global-color-5)","background-image":"","background-repeat":"repeat","background-position":"center center","background-size":"auto","background-attachment":"scroll","background-type":"","background-media":"","overlay-type":"","overlay-color":"","overlay-opacity":"","overlay-gradient":""},"mobile":{"background-color":"var(--ast-global-color-5)","background-image":"","background-repeat":"repeat","background-position":"center center","background-size":"auto","background-attachment":"scroll","background-type":"","background-media":"","overlay-type":"","overlay-color":"","overlay-opacity":"","overlay-gradient":""}}},"product_brand":[],"product_cat":[48,47,49,430,1200],"product_tag":[407,672,185,449,436,222,189,210],"class_list":{"0":"post-8231","1":"product","2":"type-product","3":"status-publish","4":"has-post-thumbnail","6":"product_cat-casual","7":"product_cat-classic","8":"product_cat-loafer","9":"product_cat-men","10":"product_cat-mens-shoes-2","11":"product_tag-black-derby-shoes","12":"product_tag-brogues","13":"product_tag-calf-leather-shoes","14":"product_tag-casual-shoes","15":"product_tag-chunky-sole","16":"product_tag-comfortable-shoes","17":"product_tag-goat-leather-lining","18":"product_tag-smart-casual","19":"desktop-align-center","20":"tablet-align-center","21":"mobile-align-center","23":"first","24":"instock","25":"shipping-taxable","26":"purchasable","27":"product-type-variable","28":"has-default-attributes"},"acf":[],"uagb_featured_image_src":{"full":["https:\/\/turkishtrade.co\/wp-content\/uploads\/2026\/01\/2600NZTMN00065-BLACK.png",453,250,false],"thumbnail":["https:\/\/turkishtrade.co\/wp-content\/uploads\/2026\/01\/2600NZTMN00065-BLACK-150x150.png",150,150,true],"medium":["https:\/\/turkishtrade.co\/wp-content\/uploads\/2026\/01\/2600NZTMN00065-BLACK-300x166.png",300,166,true],"medium_large":["https:\/\/turkishtrade.co\/wp-content\/uploads\/2026\/01\/2600NZTMN00065-BLACK.png",453,250,false],"large":["https:\/\/turkishtrade.co\/wp-content\/uploads\/2026\/01\/2600NZTMN00065-BLACK.png",453,250,false],"1536x1536":["https:\/\/turkishtrade.co\/wp-content\/uploads\/2026\/01\/2600NZTMN00065-BLACK.png",453,250,false],"2048x2048":["https:\/\/turkishtrade.co\/wp-content\/uploads\/2026\/01\/2600NZTMN00065-BLACK.png",453,250,false],"trp-custom-language-flag":["https:\/\/turkishtrade.co\/wp-content\/uploads\/2026\/01\/2600NZTMN00065-BLACK-18x10.png",18,10,true],"woocommerce_thumbnail":["https:\/\/turkishtrade.co\/wp-content\/uploads\/2026\/01\/2600NZTMN00065-BLACK-400x250.png",400,250,true],"woocommerce_single":["https:\/\/turkishtrade.co\/wp-content\/uploads\/2026\/01\/2600NZTMN00065-BLACK.png",453,250,false],"woocommerce_gallery_thumbnail":["https:\/\/turkishtrade.co\/wp-content\/uploads\/2026\/01\/2600NZTMN00065-BLACK-100x100.png",100,100,true]},"uagb_author_info":{"display_name":"python python","author_link":"https:\/\/turkishtrade.co\/de\/author\/"},"uagb_comment_info":0,"uagb_excerpt":"Premium calf leather upper for durability and sophisticated style Soft, breathable goat leather lining for all-day comfort Modern chunky EVA sole provides excellent traction and cushioning Classic lace-up derby design with subtle brogue detailing Versatile black finish perfect for smart-casual and casual outfits Available in European sizes 40, 41, 42, 43, 44 Wholesale inquiries welcome&hellip;","_links":{"self":[{"href":"https:\/\/turkishtrade.co\/de\/wp-json\/wp\/v2\/product\/8231","targetHints":{"allow":["GET"]}}],"collection":[{"href":"https:\/\/turkishtrade.co\/de\/wp-json\/wp\/v2\/product"}],"about":[{"href":"https:\/\/turkishtrade.co\/de\/wp-json\/wp\/v2\/types\/product"}],"wp:featuredmedia":[{"embeddable":true,"href":"https:\/\/turkishtrade.co\/de\/wp-json\/wp\/v2\/media\/6901"}],"wp:attachment":[{"href":"https:\/\/turkishtrade.co\/de\/wp-json\/wp\/v2\/media?parent=8231"}],"wp:term":[{"taxonomy":"product_brand","embeddable":true,"href":"https:\/\/turkishtrade.co\/de\/wp-json\/wp\/v2\/product_brand?post=8231"},{"taxonomy":"product_cat","embeddable":true,"href":"https:\/\/turkishtrade.co\/de\/wp-json\/wp\/v2\/product_cat?post=8231"},{"taxonomy":"product_tag","embeddable":true,"href":"https:\/\/turkishtrade.co\/de\/wp-json\/wp\/v2\/product_tag?post=8231"}],"curies":[{"name":"wp","href":"https:\/\/api.w.org\/{rel}","templated":true}]}}