{"id":8199,"date":"2026-01-29T14:48:21","date_gmt":"2026-01-29T14:48:21","guid":{"rendered":"https:\/\/turkishtrade.co\/?post_type=product&#038;p=8199"},"modified":"2026-04-09T20:32:57","modified_gmt":"2026-04-09T20:32:57","slug":"mens-brown-leather-derby-shoes-14","status":"publish","type":"product","link":"https:\/\/turkishtrade.co\/de\/shop\/mens-brown-leather-derby-shoes-14\/","title":{"rendered":"Herren Leder Derby Schuhe Amazing | Herren Classic Braun Leder Derby"},"content":{"rendered":"<p><strong>Derby-Schuhe f\u00fcr M\u00e4nner aus braunem Leder<\/strong>. Erstaunliche Qualit\u00e4t und Design.<\/p>\n<p>Treten Sie ein in zeitlose Raffinesse mit unserem <b>Klassische braune Herren-Derby-Schuhe aus Leder mit perforierter Kappe<\/b>. Diese exquisiten Schuhe wurden f\u00fcr den anspruchsvollen Gentleman entworfen und verbinden traditionelle Handwerkskunst mit modernem Komfort. Jedes Paar unserer <b>Derby-Schuhe f\u00fcr M\u00e4nner aus braunem Leder<\/b> sind sorgf\u00e4ltig verarbeitet und bieten einen unvergleichlichen Stil, der sie zu einer vielseitigen Erg\u00e4nzung f\u00fcr jede Garderobe macht. Egal, ob Sie zu einem Gesch\u00e4ftstreffen, einem zwanglosen Treffen oder einer halb-formellen Veranstaltung gehen, diese braunen Leder-Derby-Schuhe sind so konzipiert, dass sie beeindrucken und den ganzen Tag \u00fcber ultimativen Komfort bieten.<\/p>\n<h3>Unerreichte Qualit\u00e4t und Handwerkskunst<\/h3>\n<p>Das Herzst\u00fcck dieser au\u00dfergew\u00f6hnlichen <b>Derby-Schuhe f\u00fcr M\u00e4nner aus braunem Leder<\/b> ist eine Verpflichtung zur Qualit\u00e4t. Das Obermaterial besteht aus erstklassigem, vollnarbigem Kalbsleder (Dana Deri), das f\u00fcr seine glatte Textur, seine reiche Farbtiefe und seine bemerkenswerte Haltbarkeit bekannt ist. Dieses hochwertige Leder sieht nicht nur hervorragend aus, sondern passt sich auch im Laufe der Zeit Ihren F\u00fc\u00dfen an und gew\u00e4hrleistet eine individuelle Passform. Das robuste \u00c4u\u00dfere wird durch ein weiches und atmungsaktives Ziegenlederfutter (keci astar) im Inneren erg\u00e4nzt. Dieses luxuri\u00f6se Futter erh\u00f6ht den Komfort, leitet Feuchtigkeit ab und bietet eine sanfte Umarmung f\u00fcr Ihre F\u00fc\u00dfe, so dass Sie diese klassischen braunen Derby-Schuhe auch \u00fcber l\u00e4ngere Zeitr\u00e4ume hinweg mit Vergn\u00fcgen tragen k\u00f6nnen.<\/p>\n<h3>Komfort und Stil bei jedem Schritt<\/h3>\n<p>Das unverwechselbare Design dieser <b>Derby-Schuhe f\u00fcr M\u00e4nner aus braunem Leder<\/b> hat eine klassische Schn\u00fcrsilhouette, die eine sichere und verstellbare Passform bietet. Die elegante perforierte Kappe f\u00fcgt einen Hauch von raffiniertem Detail hinzu und hebt den Schuh von einem einfachen zu einem Statement. Im Gegensatz zu herk\u00f6mmlichen schweren Sohlen sind unsere Derby-Schuhe mit einer leichten und flexiblen EVA-Sohle (eva taban) ausgestattet. Diese innovative Sohlentechnologie sorgt f\u00fcr eine hervorragende Sto\u00dfd\u00e4mpfung, reduziert Erm\u00fcdungserscheinungen und bietet eine hervorragende Traktion, ohne das schlanke Profil des Schuhs zu beeintr\u00e4chtigen. Dies gew\u00e4hrleistet, dass unsere <b>Derby-Schuhe f\u00fcr M\u00e4nner aus braunem Leder<\/b> sind nicht nur stilvoll, sondern auch unglaublich bequem und erm\u00f6glichen es Ihnen, sich mit Selbstvertrauen und Leichtigkeit zu bewegen.<\/p>\n<h3>Vielseitigkeit f\u00fcr jede Gelegenheit<\/h3>\n<p>Diese <b>Derby-Schuhe f\u00fcr M\u00e4nner aus braunem Leder<\/b> sind der Inbegriff von vielseitigem Schuhwerk. Ihr satter Braunton macht es einfach, sie mit einer breiten Palette von Outfits zu kombinieren, von ma\u00dfgeschneiderten Anz\u00fcgen in Marine oder Grau bis hin zu eleganten Chinos und sogar dunkel gewaschenen Jeans. Tragen Sie sie zu einem formellen Anlass oder tragen Sie sie zu einem eleganten Freizeitlook. Mit ihrer Mischung aus klassischem Design und zeitgem\u00e4\u00dfen Merkmalen sind diese Herren-Derby-Schuhe ein unverzichtbares St\u00fcck f\u00fcr alle, die dauerhaften Stil mit modernem Komfort kombinieren m\u00f6chten. Erleben Sie die perfekte Verschmelzung von Tradition und Innovation mit unseren sorgf\u00e4ltig gefertigten braunen Lederschuhen. Die Mindestbestellmenge f\u00fcr den Gro\u00dfhandel betr\u00e4gt 16 Paar, was sie zu einer hervorragenden Wahl f\u00fcr Einzelh\u00e4ndler macht.<\/p>","protected":false},"excerpt":{"rendered":"<ul>\n<li>Obermaterial aus hochwertigem Kalbsleder f\u00fcr dauerhafte Eleganz und Haltbarkeit.<\/li>\n<li>Luxuri\u00f6ses Ziegenlederfutter sorgt f\u00fcr h\u00f6chsten Komfort und Atmungsaktivit\u00e4t.<\/li>\n<li>Leichte und flexible EVA-Sohle f\u00fcr ganzt\u00e4gigen Tragekomfort.<\/li>\n<li>Klassischer Derby zum Schn\u00fcren mit stilvoller perforierter Kappe.<\/li>\n<li>Perfekt f\u00fcr elegante, legere und halb-formelle Anl\u00e4sse.<\/li>\n<li>Gro\u00dfhandelsanfragen sind bei einer Mindestbestellmenge von 16 Paaren willkommen.<\/li>\n<\/ul>","protected":false},"featured_media":6946,"template":"","meta":{"_acf_changed":false,"_uag_custom_page_level_css":"","site-sidebar-layout":"default","site-content-layout":"","ast-site-content-layout":"default","site-content-style":"default","site-sidebar-style":"default","ast-global-header-display":"","ast-banner-title-visibility":"","ast-main-header-display":"","ast-hfb-above-header-display":"","ast-hfb-below-header-display":"","ast-hfb-mobile-header-display":"","site-post-title":"","ast-breadcrumbs-content":"","ast-featured-img":"","footer-sml-layout":"","ast-disable-related-posts":"","theme-transparent-header-meta":"","adv-header-id-meta":"","stick-header-meta":"","header-above-stick-meta":"","header-main-stick-meta":"","header-below-stick-meta":"","astra-migrate-meta-layouts":"default","ast-page-background-enabled":"default","ast-page-background-meta":{"desktop":{"background-color":"var(--ast-global-color-4)","background-image":"","background-repeat":"repeat","background-position":"center center","background-size":"auto","background-attachment":"scroll","background-type":"","background-media":"","overlay-type":"","overlay-color":"","overlay-opacity":"","overlay-gradient":""},"tablet":{"background-color":"","background-image":"","background-repeat":"repeat","background-position":"center center","background-size":"auto","background-attachment":"scroll","background-type":"","background-media":"","overlay-type":"","overlay-color":"","overlay-opacity":"","overlay-gradient":""},"mobile":{"background-color":"","background-image":"","background-repeat":"repeat","background-position":"center center","background-size":"auto","background-attachment":"scroll","background-type":"","background-media":"","overlay-type":"","overlay-color":"","overlay-opacity":"","overlay-gradient":""}},"ast-content-background-meta":{"desktop":{"background-color":"var(--ast-global-color-5)","background-image":"","background-repeat":"repeat","background-position":"center center","background-size":"auto","background-attachment":"scroll","background-type":"","background-media":"","overlay-type":"","overlay-color":"","overlay-opacity":"","overlay-gradient":""},"tablet":{"background-color":"var(--ast-global-color-5)","background-image":"","background-repeat":"repeat","background-position":"center center","background-size":"auto","background-attachment":"scroll","background-type":"","background-media":"","overlay-type":"","overlay-color":"","overlay-opacity":"","overlay-gradient":""},"mobile":{"background-color":"var(--ast-global-color-5)","background-image":"","background-repeat":"repeat","background-position":"center center","background-size":"auto","background-attachment":"scroll","background-type":"","background-media":"","overlay-type":"","overlay-color":"","overlay-opacity":"","overlay-gradient":""}}},"product_brand":[],"product_cat":[48,47,49,430,1200],"product_tag":[292,202,145,212,438,189,1378,281],"class_list":{"0":"post-8199","1":"product","2":"type-product","3":"status-publish","4":"has-post-thumbnail","6":"product_cat-casual","7":"product_cat-classic","8":"product_cat-loafer","9":"product_cat-men","10":"product_cat-mens-shoes-2","11":"product_tag-brown-leather-shoes","12":"product_tag-calf-leather","13":"product_tag-classic-shoes","14":"product_tag-derby-shoes","15":"product_tag-eva-sole","16":"product_tag-goat-leather-lining","17":"product_tag-perforated-cap-toe","18":"product_tag-wholesale-shoes","19":"desktop-align-center","20":"tablet-align-center","21":"mobile-align-center","23":"first","24":"instock","25":"shipping-taxable","26":"purchasable","27":"product-type-variable","28":"has-default-attributes"},"acf":[],"uagb_featured_image_src":{"full":["https:\/\/turkishtrade.co\/wp-content\/uploads\/2026\/01\/2600NZTMN00049-BROWN.png",453,250,false],"thumbnail":["https:\/\/turkishtrade.co\/wp-content\/uploads\/2026\/01\/2600NZTMN00049-BROWN-150x150.png",150,150,true],"medium":["https:\/\/turkishtrade.co\/wp-content\/uploads\/2026\/01\/2600NZTMN00049-BROWN-300x166.png",300,166,true],"medium_large":["https:\/\/turkishtrade.co\/wp-content\/uploads\/2026\/01\/2600NZTMN00049-BROWN.png",453,250,false],"large":["https:\/\/turkishtrade.co\/wp-content\/uploads\/2026\/01\/2600NZTMN00049-BROWN.png",453,250,false],"1536x1536":["https:\/\/turkishtrade.co\/wp-content\/uploads\/2026\/01\/2600NZTMN00049-BROWN.png",453,250,false],"2048x2048":["https:\/\/turkishtrade.co\/wp-content\/uploads\/2026\/01\/2600NZTMN00049-BROWN.png",453,250,false],"trp-custom-language-flag":["https:\/\/turkishtrade.co\/wp-content\/uploads\/2026\/01\/2600NZTMN00049-BROWN-18x10.png",18,10,true],"woocommerce_thumbnail":["https:\/\/turkishtrade.co\/wp-content\/uploads\/2026\/01\/2600NZTMN00049-BROWN-400x250.png",400,250,true],"woocommerce_single":["https:\/\/turkishtrade.co\/wp-content\/uploads\/2026\/01\/2600NZTMN00049-BROWN.png",453,250,false],"woocommerce_gallery_thumbnail":["https:\/\/turkishtrade.co\/wp-content\/uploads\/2026\/01\/2600NZTMN00049-BROWN-100x100.png",100,100,true]},"uagb_author_info":{"display_name":"python python","author_link":"https:\/\/turkishtrade.co\/de\/author\/"},"uagb_comment_info":0,"uagb_excerpt":"Premium calf leather upper for lasting elegance and durability. Luxurious goat leather lining ensures superior comfort and breathability. Lightweight and flexible EVA sole for all-day wearability. Classic lace-up Derby design with a stylish perforated cap toe. Perfect for both smart casual and semi-formal occasions. Wholesale inquiries welcome for minimum orders of 16 pairs.","_links":{"self":[{"href":"https:\/\/turkishtrade.co\/de\/wp-json\/wp\/v2\/product\/8199","targetHints":{"allow":["GET"]}}],"collection":[{"href":"https:\/\/turkishtrade.co\/de\/wp-json\/wp\/v2\/product"}],"about":[{"href":"https:\/\/turkishtrade.co\/de\/wp-json\/wp\/v2\/types\/product"}],"wp:featuredmedia":[{"embeddable":true,"href":"https:\/\/turkishtrade.co\/de\/wp-json\/wp\/v2\/media\/6946"}],"wp:attachment":[{"href":"https:\/\/turkishtrade.co\/de\/wp-json\/wp\/v2\/media?parent=8199"}],"wp:term":[{"taxonomy":"product_brand","embeddable":true,"href":"https:\/\/turkishtrade.co\/de\/wp-json\/wp\/v2\/product_brand?post=8199"},{"taxonomy":"product_cat","embeddable":true,"href":"https:\/\/turkishtrade.co\/de\/wp-json\/wp\/v2\/product_cat?post=8199"},{"taxonomy":"product_tag","embeddable":true,"href":"https:\/\/turkishtrade.co\/de\/wp-json\/wp\/v2\/product_tag?post=8199"}],"curies":[{"name":"wp","href":"https:\/\/api.w.org\/{rel}","templated":true}]}}