{"id":8143,"date":"2026-01-29T14:47:55","date_gmt":"2026-01-29T14:47:55","guid":{"rendered":"https:\/\/turkishtrade.co\/?post_type=product&#038;p=8143"},"modified":"2026-04-09T20:34:28","modified_gmt":"2026-04-09T20:34:28","slug":"mens-classic-leather-shoes-3","status":"publish","type":"product","link":"https:\/\/turkishtrade.co\/de\/shop\/mens-classic-leather-shoes-3\/","title":{"rendered":"Klassische Herren Lederschuhe Ultimate | Herren Classic Braun Kalbsleder"},"content":{"rendered":"<p>Treten Sie ein in zeitlose Eleganz mit unserem exquisiten <strong>Klassische Lederschuhe f\u00fcr M\u00e4nner<\/strong>. Diese sorgf\u00e4ltig f\u00fcr den modernen Gentleman gefertigten Schuhe vereinen traditionelles Design mit zeitgem\u00e4\u00dfem Komfort und sind damit eine unverzichtbare Erg\u00e4nzung f\u00fcr jede anspruchsvolle Garderobe. Jedes Paar ist ein Beweis f\u00fcr \u00fcberlegene Handwerkskunst, entworfen, um Ihren Stilquotienten zu erh\u00f6hen, egal ob Sie zu einem Gesch\u00e4ftstreffen oder einer formellen Veranstaltung gehen oder einfach nur anspruchsvolle Alltagsschuhe suchen. F\u00fcr diejenigen, die dauerhaften Stil und Qualit\u00e4t zu sch\u00e4tzen wissen, sind diese <strong>Klassische Lederschuhe f\u00fcr M\u00e4nner<\/strong> sind der Gipfel der Schuhkompetenz.<\/p>\n<h3>Unerreichte Qualit\u00e4t und Komfort<\/h3>\n<p>Erleben Sie den Unterschied von hochwertigen Materialien mit unserem <strong>Klassische Lederschuhe f\u00fcr M\u00e4nner<\/strong>. Das Obermaterial ist aus hochwertigem Kalbsleder gefertigt, das f\u00fcr seine geschmeidige Textur, seine Haltbarkeit und seinen nat\u00fcrlichen Glanz bekannt ist. Dieses reiche braune Kalbsleder strahlt nicht nur Luxus aus, sondern passt sich mit der Zeit auch wunderbar an Ihren Fu\u00df an und gew\u00e4hrleistet eine individuelle Passform. Erg\u00e4nzt wird das robuste \u00c4u\u00dfere durch ein aufw\u00e4ndiges Futter aus Ziegenleder, das f\u00fcr au\u00dfergew\u00f6hnliche Atmungsaktivit\u00e4t und ein weiches, angenehmes Gef\u00fchl auf der Haut sorgt, auch bei l\u00e4ngerem Tragen. Diese Elemente sorgen f\u00fcr ein wahrhaft luxuri\u00f6ses Erlebnis vom ersten Moment an. <strong>Klassische Lederschuhe f\u00fcr M\u00e4nner<\/strong>.<\/p>\n<h3>Entwickelt f\u00fcr Stil und Leistung<\/h3>\n<p>Unser <strong>Klassische Lederschuhe f\u00fcr M\u00e4nner<\/strong> zeichnen sich durch ein raffiniertes Schn\u00fcrdesign aus, das perfekt f\u00fcr einen ausgefeilten und anspruchsvollen Look ist. Die zweifarbige braune \u00c4sthetik mit einem glatteren Vorderblatt und einem subtil strukturierten Viertel verleiht dem Schuh eine einzigartige Tiefe und einen besonderen Charakter. Neben ihrem auff\u00e4lligen Erscheinungsbild sind diese Schuhe auf Komfort und Zweckm\u00e4\u00dfigkeit ausgelegt. Die leichte EVA-Sohle bietet eine hervorragende Sto\u00dfd\u00e4mpfung und Flexibilit\u00e4t und sorgt f\u00fcr einen sicheren Schritt und hervorragenden Halt auf verschiedenen Oberfl\u00e4chen. Dieses klassische Design ist in den Gr\u00f6\u00dfen 40 bis 44 erh\u00e4ltlich und deckt damit ein breites Spektrum an Vorlieben ab. Die Investition in diese <strong>Klassische Lederschuhe f\u00fcr M\u00e4nner<\/strong> bedeutet, sich f\u00fcr Stil und dauerhaften Komfort zu entscheiden.<\/p>\n<h3>Die perfekte Wahl f\u00fcr jede Gelegenheit<\/h3>\n<p>Vielseitigkeit ist der Schl\u00fcssel, und diese <strong>Klassische Lederschuhe f\u00fcr M\u00e4nner<\/strong> passen sich hervorragend an die unterschiedlichsten Situationen an. Kombinieren Sie sie mit einem scharfen Anzug f\u00fcr einen starken Eindruck in der Vorstandsetage, oder kombinieren Sie sie mit Chinos und einem Blazer f\u00fcr ein gehobenes Smart-Casual-Ensemble. Dank ihrer dauerhaften Attraktivit\u00e4t und ihrer au\u00dfergew\u00f6hnlichen Konstruktion sind sie nicht nur eine Anschaffung, sondern eine Investition in Ihren pers\u00f6nlichen Stil. Einzelh\u00e4ndler und Unternehmen, die hochwertiges Schuhwerk auf Lager haben m\u00f6chten, k\u00f6nnen diese Premium-Schuhe ab einer Mindestbestellmenge von 16 Paaren im Gro\u00dfhandel erwerben und so ihren Kunden erstklassige Schuhe anbieten. <strong>Klassische Lederschuhe f\u00fcr M\u00e4nner<\/strong> die Sie sicher beeindrucken werden. W\u00e4hlen Sie unser <strong>Klassische Lederschuhe f\u00fcr M\u00e4nner<\/strong> f\u00fcr eine harmonische Mischung aus Stil, Komfort und dauerhafter Qualit\u00e4t, die sich wirklich auszeichnet.<\/p>","protected":false},"excerpt":{"rendered":"<ul>\n<li>Obermaterial aus hochwertigem Kalbsleder f\u00fcr hohe Strapazierf\u00e4higkeit und anspruchsvollen Stil.<\/li>\n<li>Luxuri\u00f6ses Ziegenlederfutter sorgt f\u00fcr Atmungsaktivit\u00e4t und au\u00dfergew\u00f6hnlichen Komfort.<\/li>\n<li>Die leichte und flexible EVA-Sohle bietet hervorragende Traktion und ganzt\u00e4gigen Tragekomfort.<\/li>\n<li>Klassisches Lace-Up-Design, ideal f\u00fcr formelle Anl\u00e4sse, Business oder elegante Freizeitkleidung.<\/li>\n<li>Erh\u00e4ltlich in EU-Gr\u00f6\u00dfen 40-44.<\/li>\n<li>Bei einer Mindestbestellmenge von 16 Paaren sind Gro\u00dfhandelsangebote erh\u00e4ltlich.<\/li>\n<\/ul>","protected":false},"featured_media":6997,"template":"","meta":{"_acf_changed":false,"_uag_custom_page_level_css":"","site-sidebar-layout":"default","site-content-layout":"","ast-site-content-layout":"default","site-content-style":"default","site-sidebar-style":"default","ast-global-header-display":"","ast-banner-title-visibility":"","ast-main-header-display":"","ast-hfb-above-header-display":"","ast-hfb-below-header-display":"","ast-hfb-mobile-header-display":"","site-post-title":"","ast-breadcrumbs-content":"","ast-featured-img":"","footer-sml-layout":"","ast-disable-related-posts":"","theme-transparent-header-meta":"","adv-header-id-meta":"","stick-header-meta":"","header-above-stick-meta":"","header-main-stick-meta":"","header-below-stick-meta":"","astra-migrate-meta-layouts":"default","ast-page-background-enabled":"default","ast-page-background-meta":{"desktop":{"background-color":"var(--ast-global-color-4)","background-image":"","background-repeat":"repeat","background-position":"center center","background-size":"auto","background-attachment":"scroll","background-type":"","background-media":"","overlay-type":"","overlay-color":"","overlay-opacity":"","overlay-gradient":""},"tablet":{"background-color":"","background-image":"","background-repeat":"repeat","background-position":"center center","background-size":"auto","background-attachment":"scroll","background-type":"","background-media":"","overlay-type":"","overlay-color":"","overlay-opacity":"","overlay-gradient":""},"mobile":{"background-color":"","background-image":"","background-repeat":"repeat","background-position":"center center","background-size":"auto","background-attachment":"scroll","background-type":"","background-media":"","overlay-type":"","overlay-color":"","overlay-opacity":"","overlay-gradient":""}},"ast-content-background-meta":{"desktop":{"background-color":"var(--ast-global-color-5)","background-image":"","background-repeat":"repeat","background-position":"center center","background-size":"auto","background-attachment":"scroll","background-type":"","background-media":"","overlay-type":"","overlay-color":"","overlay-opacity":"","overlay-gradient":""},"tablet":{"background-color":"var(--ast-global-color-5)","background-image":"","background-repeat":"repeat","background-position":"center center","background-size":"auto","background-attachment":"scroll","background-type":"","background-media":"","overlay-type":"","overlay-color":"","overlay-opacity":"","overlay-gradient":""},"mobile":{"background-color":"var(--ast-global-color-5)","background-image":"","background-repeat":"repeat","background-position":"center center","background-size":"auto","background-attachment":"scroll","background-type":"","background-media":"","overlay-type":"","overlay-color":"","overlay-opacity":"","overlay-gradient":""}}},"product_brand":[],"product_cat":[47,430,1200],"product_tag":[292,185,1409,284,287,251,189,973],"class_list":{"0":"post-8143","1":"product","2":"type-product","3":"status-publish","4":"has-post-thumbnail","6":"product_cat-classic","7":"product_cat-men","8":"product_cat-mens-shoes-2","9":"product_tag-brown-leather-shoes","10":"product_tag-calf-leather-shoes","11":"product_tag-classic-style-shoes","12":"product_tag-dress-shoes","13":"product_tag-eva-sole-shoes","14":"product_tag-formal-shoes","15":"product_tag-goat-leather-lining","16":"product_tag-mens-classic-leather-shoes","17":"desktop-align-center","18":"tablet-align-center","19":"mobile-align-center","21":"first","22":"instock","23":"shipping-taxable","24":"purchasable","25":"product-type-variable","26":"has-default-attributes"},"acf":[],"uagb_featured_image_src":{"full":["https:\/\/turkishtrade.co\/wp-content\/uploads\/2026\/01\/2600NZTMN00028-CAMEL.png",453,250,false],"thumbnail":["https:\/\/turkishtrade.co\/wp-content\/uploads\/2026\/01\/2600NZTMN00028-CAMEL-150x150.png",150,150,true],"medium":["https:\/\/turkishtrade.co\/wp-content\/uploads\/2026\/01\/2600NZTMN00028-CAMEL-300x166.png",300,166,true],"medium_large":["https:\/\/turkishtrade.co\/wp-content\/uploads\/2026\/01\/2600NZTMN00028-CAMEL.png",453,250,false],"large":["https:\/\/turkishtrade.co\/wp-content\/uploads\/2026\/01\/2600NZTMN00028-CAMEL.png",453,250,false],"1536x1536":["https:\/\/turkishtrade.co\/wp-content\/uploads\/2026\/01\/2600NZTMN00028-CAMEL.png",453,250,false],"2048x2048":["https:\/\/turkishtrade.co\/wp-content\/uploads\/2026\/01\/2600NZTMN00028-CAMEL.png",453,250,false],"trp-custom-language-flag":["https:\/\/turkishtrade.co\/wp-content\/uploads\/2026\/01\/2600NZTMN00028-CAMEL-18x10.png",18,10,true],"woocommerce_thumbnail":["https:\/\/turkishtrade.co\/wp-content\/uploads\/2026\/01\/2600NZTMN00028-CAMEL-400x250.png",400,250,true],"woocommerce_single":["https:\/\/turkishtrade.co\/wp-content\/uploads\/2026\/01\/2600NZTMN00028-CAMEL.png",453,250,false],"woocommerce_gallery_thumbnail":["https:\/\/turkishtrade.co\/wp-content\/uploads\/2026\/01\/2600NZTMN00028-CAMEL-100x100.png",100,100,true]},"uagb_author_info":{"display_name":"python python","author_link":"https:\/\/turkishtrade.co\/de\/author\/"},"uagb_comment_info":0,"uagb_excerpt":"Premium Calf Leather Upper for superior durability and sophisticated style. Luxurious Goat Leather Lining ensures breathability and exceptional comfort. Lightweight and flexible EVA Sole provides excellent traction and all-day wearability. Classic Lace-Up Design ideal for formal events, business, or smart casual attire. Available in EU Sizes 40-44. Wholesale opportunities available with a minimum order of&hellip;","_links":{"self":[{"href":"https:\/\/turkishtrade.co\/de\/wp-json\/wp\/v2\/product\/8143","targetHints":{"allow":["GET"]}}],"collection":[{"href":"https:\/\/turkishtrade.co\/de\/wp-json\/wp\/v2\/product"}],"about":[{"href":"https:\/\/turkishtrade.co\/de\/wp-json\/wp\/v2\/types\/product"}],"wp:featuredmedia":[{"embeddable":true,"href":"https:\/\/turkishtrade.co\/de\/wp-json\/wp\/v2\/media\/6997"}],"wp:attachment":[{"href":"https:\/\/turkishtrade.co\/de\/wp-json\/wp\/v2\/media?parent=8143"}],"wp:term":[{"taxonomy":"product_brand","embeddable":true,"href":"https:\/\/turkishtrade.co\/de\/wp-json\/wp\/v2\/product_brand?post=8143"},{"taxonomy":"product_cat","embeddable":true,"href":"https:\/\/turkishtrade.co\/de\/wp-json\/wp\/v2\/product_cat?post=8143"},{"taxonomy":"product_tag","embeddable":true,"href":"https:\/\/turkishtrade.co\/de\/wp-json\/wp\/v2\/product_tag?post=8143"}],"curies":[{"name":"wp","href":"https:\/\/api.w.org\/{rel}","templated":true}]}}