{"id":8141,"date":"2026-01-29T14:47:54","date_gmt":"2026-01-29T14:47:54","guid":{"rendered":"https:\/\/turkishtrade.co\/?post_type=product&#038;p=8141"},"modified":"2026-04-09T20:34:35","modified_gmt":"2026-04-09T20:34:35","slug":"classic-brown-calf-leather-shoes-2","status":"publish","type":"product","link":"https:\/\/turkishtrade.co\/de\/shop\/classic-brown-calf-leather-shoes-2\/","title":{"rendered":"Klassische braune Kalbslederschuhe Exklusive | Klassische braune Kalbsleder Derby"},"content":{"rendered":"<p>Treten Sie ein in zeitlose Eleganz mit unserem exquisiten <strong>Klassische braune Kalbslederschuhe<\/strong>. Diese sorgf\u00e4ltig f\u00fcr den anspruchsvollen Gentleman gefertigten Derby-Schuhe vereinen traditionelles Design mit modernem Komfort, was sie zu einer unverzichtbaren Erg\u00e4nzung f\u00fcr jede Garderobe macht. Der satte, br\u00fcnierte Braunton dieser Premium-Schuhe verleiht Ihnen einen Hauch von raffiniertem Charme und sorgt daf\u00fcr, dass Sie \u00fcberall ein raffiniertes Statement abgeben. Diese Schuhe sind nicht einfach nur Schuhe, sie sind ein Zeugnis f\u00fcr dauerhaften Stil und unvergleichliche Qualit\u00e4t.<\/p>\n<h3>Un\u00fcbertroffene Handwerkskunst und hochwertige Materialien<\/h3>\n<p>Erleben Sie den Luxus echter Materialien bei jedem Schritt in unserem <strong>Klassische braune Kalbslederschuhe<\/strong>. Das Obermaterial dieser anspruchsvollen Schuhe ist aus hochwertigem <strong>Kalbsleder<\/strong>, ist bekannt f\u00fcr seine au\u00dfergew\u00f6hnliche Strapazierf\u00e4higkeit, seine geschmeidige Weichheit und seine bemerkenswerte F\u00e4higkeit, in W\u00fcrde zu altern. Dieses Premium-Leder bietet ein elegantes, poliertes Finish, das unbestreitbar Klasse ausstrahlt. Innen werden Ihre F\u00fc\u00dfe von einem \u00fcppig weichen und atmungsaktiven Leder umh\u00fcllt. <strong>Futter aus Ziegenleder<\/strong>, und bietet \u00fcberragenden Komfort und effektiven Feuchtigkeitsabtransport f\u00fcr den ganzen Tag. Die akribische Liebe zum Detail bei den N\u00e4hten und der Gesamtkonstruktion spricht B\u00e4nde \u00fcber die Qualit\u00e4t und Hingabe, die in jedes Paar dieser feinen klassischen braunen Kalbslederschuhe flie\u00dft.<\/p>\n<h3>Komfort und Stil in perfekter Harmonie<\/h3>\n<p>Diese Schuhe wurden f\u00fcr tadellosen Stil und h\u00f6chsten Komfort entwickelt und verf\u00fcgen \u00fcber ein innovatives <strong>EVA-Sohle<\/strong>. Diese leichte und hochflexible Sohle bietet eine hervorragende Sto\u00dfd\u00e4mpfung und D\u00e4mpfung, die auch bei l\u00e4ngerem Gehen oder Stehen f\u00fcr Komfort sorgt. Im Gegensatz zu herk\u00f6mmlichen schweren Sohlen verbessert die EVA-Sohle die Beweglichkeit, ohne die klassische \u00c4sthetik des Schuhs zu beeintr\u00e4chtigen. Das schlanke Profil und die elegante Schn\u00fcrung definieren den zeitlosen Derby-Stil perfekt und machen diese <strong>Klassische braune Kalbslederschuhe<\/strong> eignen sich hervorragend f\u00fcr ein breites Spektrum von Anl\u00e4ssen. Von wichtigen Gesch\u00e4ftstreffen und formellen Anl\u00e4ssen bis hin zu anspruchsvollen gesellschaftlichen Zusammenk\u00fcnften - ihr vielseitiger Braunton l\u00e4sst sich m\u00fchelos mit ma\u00dfgeschneiderten Anz\u00fcgen, eleganten Hosen und sogar gehobener Freizeitkleidung kombinieren und macht sie zu einem echten Muss in der Garderobe.<\/p>\n<h3>Ihre erste Wahl f\u00fcr jeden Anlass<\/h3>\n<p>Egal, ob Sie ins B\u00fcro der Gesch\u00e4ftsf\u00fchrung gehen, an einer feierlichen Hochzeit teilnehmen oder einfach nur Ihr Alltagsoutfit aufwerten m\u00f6chten, diese <strong>Klassische braune Kalbslederschuhe<\/strong> sind Ihr idealer Begleiter. Ihre anhaltende Attraktivit\u00e4t sorgt daf\u00fcr, dass sie \u00fcber viele Jahre hinweg ein wichtiger Bestandteil der M\u00e4nnermode bleiben. Erh\u00e4ltlich in einer umfassenden Palette von EU-Gr\u00f6\u00dfen von 40 bis 44, sind wir bestrebt, eine perfekte Passform f\u00fcr jeden Fu\u00df zu gew\u00e4hrleisten und sowohl Komfort als auch Raffinesse zu bieten, die von Dauer sind.<\/p>\n<h3>Exklusive Gro\u00dfhandelsm\u00f6glichkeiten<\/h3>\n<p>Anspruchsvolle Einzelh\u00e4ndler und Unternehmen, die ihrer Kundschaft Premium-Schuhe anbieten m\u00f6chten, k\u00f6nnen diese au\u00dfergew\u00f6hnlichen <strong>Klassische braune Kalbslederschuhe<\/strong> sind sofort f\u00fcr den Gro\u00dfhandel erh\u00e4ltlich. Wir freuen uns \u00fcber Mindestbestellungen von 16 Paaren und bieten Ihnen damit eine hervorragende Gelegenheit, qualitativ hochwertige und gefragte Schuhe auf Lager zu haben, die sich wirklich abheben. Werten Sie Ihren Bestand auf und bieten Sie Ihren Kunden ein Produkt, das sowohl Luxus als auch unvergleichlichen Komfort verk\u00f6rpert, mit diesen herrlichen Classic Brown Calf Leather Shoes.<\/p>","protected":false},"excerpt":{"rendered":"<ul>\n<li>Obermaterial aus hochwertigem Kalbsleder f\u00fcr ein luxuri\u00f6ses Tragegef\u00fchl und lange Haltbarkeit.<\/li>\n<li>Weiches, atmungsaktives Ziegenlederfutter sorgt f\u00fcr ganzt\u00e4gigen Komfort und Frische.<\/li>\n<li>Leichte und flexible EVA-Sohle f\u00fcr hervorragende D\u00e4mpfung und Lauferlebnis.<\/li>\n<li>Zeitlos klassisches Derby-Design in einem vielseitigen, satten Braunton.<\/li>\n<li>Erh\u00e4ltlich in den EU-Gr\u00f6\u00dfen 40-44, f\u00fcr eine perfekte Passform.<\/li>\n<li>Gro\u00dfhandelsanfragen sind bei einer Mindestbestellmenge von 16 Paaren willkommen.<\/li>\n<\/ul>","protected":false},"featured_media":6995,"template":"","meta":{"_acf_changed":false,"_uag_custom_page_level_css":"","site-sidebar-layout":"default","site-content-layout":"","ast-site-content-layout":"default","site-content-style":"default","site-sidebar-style":"default","ast-global-header-display":"","ast-banner-title-visibility":"","ast-main-header-display":"","ast-hfb-above-header-display":"","ast-hfb-below-header-display":"","ast-hfb-mobile-header-display":"","site-post-title":"","ast-breadcrumbs-content":"","ast-featured-img":"","footer-sml-layout":"","ast-disable-related-posts":"","theme-transparent-header-meta":"","adv-header-id-meta":"","stick-header-meta":"","header-above-stick-meta":"","header-main-stick-meta":"","header-below-stick-meta":"","astra-migrate-meta-layouts":"default","ast-page-background-enabled":"default","ast-page-background-meta":{"desktop":{"background-color":"var(--ast-global-color-4)","background-image":"","background-repeat":"repeat","background-position":"center center","background-size":"auto","background-attachment":"scroll","background-type":"","background-media":"","overlay-type":"","overlay-color":"","overlay-opacity":"","overlay-gradient":""},"tablet":{"background-color":"","background-image":"","background-repeat":"repeat","background-position":"center center","background-size":"auto","background-attachment":"scroll","background-type":"","background-media":"","overlay-type":"","overlay-color":"","overlay-opacity":"","overlay-gradient":""},"mobile":{"background-color":"","background-image":"","background-repeat":"repeat","background-position":"center center","background-size":"auto","background-attachment":"scroll","background-type":"","background-media":"","overlay-type":"","overlay-color":"","overlay-opacity":"","overlay-gradient":""}},"ast-content-background-meta":{"desktop":{"background-color":"var(--ast-global-color-5)","background-image":"","background-repeat":"repeat","background-position":"center center","background-size":"auto","background-attachment":"scroll","background-type":"","background-media":"","overlay-type":"","overlay-color":"","overlay-opacity":"","overlay-gradient":""},"tablet":{"background-color":"var(--ast-global-color-5)","background-image":"","background-repeat":"repeat","background-position":"center center","background-size":"auto","background-attachment":"scroll","background-type":"","background-media":"","overlay-type":"","overlay-color":"","overlay-opacity":"","overlay-gradient":""},"mobile":{"background-color":"var(--ast-global-color-5)","background-image":"","background-repeat":"repeat","background-position":"center center","background-size":"auto","background-attachment":"scroll","background-type":"","background-media":"","overlay-type":"","overlay-color":"","overlay-opacity":"","overlay-gradient":""}}},"product_brand":[],"product_cat":[47,430,1200],"product_tag":[1407,405,299,1406,609,287,314,1326,310,262],"class_list":{"0":"post-8141","1":"product","2":"type-product","3":"status-publish","4":"has-post-thumbnail","6":"product_cat-classic","7":"product_cat-men","8":"product_cat-mens-shoes-2","9":"product_tag-brown-leather-dress-shoes","10":"product_tag-business-shoes","11":"product_tag-calf-leather-footwear","12":"product_tag-classic-brown-calf-leather-shoes","13":"product_tag-elegant-mens-shoes","14":"product_tag-eva-sole-shoes","15":"product_tag-formal-mens-shoes","16":"product_tag-goat-leather-lined-shoes","17":"product_tag-mens-derby-shoes","18":"product_tag-wholesale-mens-shoes","19":"desktop-align-center","20":"tablet-align-center","21":"mobile-align-center","23":"first","24":"instock","25":"shipping-taxable","26":"purchasable","27":"product-type-variable","28":"has-default-attributes"},"acf":[],"uagb_featured_image_src":{"full":["https:\/\/turkishtrade.co\/wp-content\/uploads\/2026\/01\/2600NZTMN00026-CAMEL.png",453,250,false],"thumbnail":["https:\/\/turkishtrade.co\/wp-content\/uploads\/2026\/01\/2600NZTMN00026-CAMEL-150x150.png",150,150,true],"medium":["https:\/\/turkishtrade.co\/wp-content\/uploads\/2026\/01\/2600NZTMN00026-CAMEL-300x166.png",300,166,true],"medium_large":["https:\/\/turkishtrade.co\/wp-content\/uploads\/2026\/01\/2600NZTMN00026-CAMEL.png",453,250,false],"large":["https:\/\/turkishtrade.co\/wp-content\/uploads\/2026\/01\/2600NZTMN00026-CAMEL.png",453,250,false],"1536x1536":["https:\/\/turkishtrade.co\/wp-content\/uploads\/2026\/01\/2600NZTMN00026-CAMEL.png",453,250,false],"2048x2048":["https:\/\/turkishtrade.co\/wp-content\/uploads\/2026\/01\/2600NZTMN00026-CAMEL.png",453,250,false],"trp-custom-language-flag":["https:\/\/turkishtrade.co\/wp-content\/uploads\/2026\/01\/2600NZTMN00026-CAMEL-18x10.png",18,10,true],"woocommerce_thumbnail":["https:\/\/turkishtrade.co\/wp-content\/uploads\/2026\/01\/2600NZTMN00026-CAMEL-400x250.png",400,250,true],"woocommerce_single":["https:\/\/turkishtrade.co\/wp-content\/uploads\/2026\/01\/2600NZTMN00026-CAMEL.png",453,250,false],"woocommerce_gallery_thumbnail":["https:\/\/turkishtrade.co\/wp-content\/uploads\/2026\/01\/2600NZTMN00026-CAMEL-100x100.png",100,100,true]},"uagb_author_info":{"display_name":"python python","author_link":"https:\/\/turkishtrade.co\/de\/author\/"},"uagb_comment_info":0,"uagb_excerpt":"Premium calf leather upper for a luxurious feel and lasting durability. Soft, breathable goat leather lining ensures all-day comfort and freshness. Lightweight and flexible EVA sole for superior cushioning and walking experience. Timeless classic Derby design in a versatile, rich brown shade. Available in EU sizes 40-44, ensuring a perfect fit. Wholesale inquiries welcome for&hellip;","_links":{"self":[{"href":"https:\/\/turkishtrade.co\/de\/wp-json\/wp\/v2\/product\/8141","targetHints":{"allow":["GET"]}}],"collection":[{"href":"https:\/\/turkishtrade.co\/de\/wp-json\/wp\/v2\/product"}],"about":[{"href":"https:\/\/turkishtrade.co\/de\/wp-json\/wp\/v2\/types\/product"}],"wp:featuredmedia":[{"embeddable":true,"href":"https:\/\/turkishtrade.co\/de\/wp-json\/wp\/v2\/media\/6995"}],"wp:attachment":[{"href":"https:\/\/turkishtrade.co\/de\/wp-json\/wp\/v2\/media?parent=8141"}],"wp:term":[{"taxonomy":"product_brand","embeddable":true,"href":"https:\/\/turkishtrade.co\/de\/wp-json\/wp\/v2\/product_brand?post=8141"},{"taxonomy":"product_cat","embeddable":true,"href":"https:\/\/turkishtrade.co\/de\/wp-json\/wp\/v2\/product_cat?post=8141"},{"taxonomy":"product_tag","embeddable":true,"href":"https:\/\/turkishtrade.co\/de\/wp-json\/wp\/v2\/product_tag?post=8141"}],"curies":[{"name":"wp","href":"https:\/\/api.w.org\/{rel}","templated":true}]}}