{"id":8139,"date":"2026-01-29T14:47:54","date_gmt":"2026-01-29T14:47:54","guid":{"rendered":"https:\/\/turkishtrade.co\/?post_type=product&#038;p=8139"},"modified":"2026-04-09T20:34:41","modified_gmt":"2026-04-09T20:34:41","slug":"mens-classic-black-leather-shoes","status":"publish","type":"product","link":"https:\/\/turkishtrade.co\/de\/shop\/mens-classic-black-leather-shoes\/","title":{"rendered":"Herren Classic Schwarz Leder Schuhe Best-Selling | Herren Classic Schwarz Kalbsleder"},"content":{"rendered":"<p><strong>Klassische schwarze Lederschuhe f\u00fcr M\u00e4nner<\/strong>. Best-Selling Qualit\u00e4t und Design.<\/p>\n<p>Erweitern Sie Ihre Garderobe mit der unvergleichlichen Eleganz unserer <strong>Klassische schwarze Lederschuhe f\u00fcr M\u00e4nner<\/strong>. Diese f\u00fcr den anspruchsvollen Gentleman entworfenen Schuhe sind der Inbegriff von zeitlosem Stil und \u00fcberragendem Komfort, was sie zu einer unverzichtbaren Erg\u00e4nzung f\u00fcr jede formelle oder gesch\u00e4ftliche Kleidung macht. Jedes Paar ist ein Zeugnis au\u00dfergew\u00f6hnlicher Handwerkskunst und kombiniert hochwertige Materialien mit einem klassischen Design, das nie aus der Mode kommt.<\/p>\n<h3>Un\u00fcbertroffene Handwerkskunst und hochwertige Materialien<\/h3>\n<p>Das Herzst\u00fcck dieser bemerkenswerten Schuhe ist das Engagement f\u00fcr Qualit\u00e4t. Das Obermaterial besteht aus echtem Kalbsleder, das f\u00fcr seine glatte Textur, Langlebigkeit und die F\u00e4higkeit, mit der Zeit eine sch\u00f6ne Patina zu entwickeln, bekannt ist. Dieses hochwertige Material sorgt f\u00fcr einen raffinierten Look, der in jeder Umgebung hervorsticht. Erg\u00e4nzend zum exquisiten \u00c4u\u00dferen ist das Innere mit luxuri\u00f6sem Ziegenleder gef\u00fcttert, das eine unglaublich weiche und atmungsaktive Umgebung f\u00fcr Ihre F\u00fc\u00dfe bietet. Diese Liebe zum Detail sorgt nicht nur f\u00fcr Komfort, sondern auch f\u00fcr Langlebigkeit und macht diese <strong>Klassische schwarze Lederschuhe f\u00fcr M\u00e4nner<\/strong> eine kluge Investition f\u00fcr die kommenden Jahre.<\/p>\n<h3>Entwickelt f\u00fcr Komfort und Stil<\/h3>\n<p>Ihre klassische \u00c4sthetik ist zwar unbestreitbar, aber diese <strong>Klassische schwarze Lederschuhe f\u00fcr M\u00e4nner<\/strong> gehen keine Kompromisse beim Komfort ein. Sie verf\u00fcgen \u00fcber eine innovative EVA-Sohle, ein leichtes und flexibles Material, das f\u00fcr seine hervorragenden Sto\u00dfd\u00e4mpfungs- und D\u00e4mpfungseigenschaften bekannt ist. Ganz gleich, ob Sie einen anstrengenden Arbeitstag bew\u00e4ltigen oder an einer l\u00e4ngeren Veranstaltung teilnehmen, die EVA-Sohle minimiert die Erm\u00fcdung der F\u00fc\u00dfe, so dass Sie sich von morgens bis abends wohl f\u00fchlen. Der Derby zum Schn\u00fcren bietet eine sichere und verstellbare Passform, die f\u00fcr eine Reihe von Fu\u00dfgr\u00f6\u00dfen von 40 bis 44 geeignet ist und daf\u00fcr sorgt, dass Sie jeden Schritt mit Vertrauen und Leichtigkeit gehen k\u00f6nnen. Dies sind wirklich die <strong>Klassische schwarze Lederschuhe f\u00fcr M\u00e4nner<\/strong> nach dem Sie gesucht haben.<\/p>\n<h3>Die perfekte Wahl f\u00fcr jede Gelegenheit<\/h3>\n<p>Vielseitigkeit ist der Schl\u00fcssel zu diesen <strong>Klassische schwarze Lederschuhe f\u00fcr M\u00e4nner<\/strong>. Mit ihrem eleganten schwarzen Finish und der klassischen Silhouette eignen sie sich f\u00fcr eine Vielzahl von Anl\u00e4ssen. Kombinieren Sie sie mit einem scharfen Gesch\u00e4ftsanzug f\u00fcr ein wichtiges Meeting, vervollst\u00e4ndigen Sie Ihr Hochzeitsensemble mit raffinierter Eleganz oder verleihen Sie Ihrem l\u00e4ssigen Outfit einen Hauch von Raffinesse. Sie sind mehr als nur Schuhe, sie sind ein Ausdruck von Klasse und Selbstbewusstsein. F\u00fcr Unternehmen, die ihren Kunden das Beste bieten wollen, sind diese <strong>Klassische schwarze Lederschuhe f\u00fcr M\u00e4nner<\/strong> sind ab einer Mindestbestellmenge von 16 Paaren im Gro\u00dfhandel erh\u00e4ltlich und bieten eine hervorragende Gelegenheit, ein gefragtes Premiumprodukt auf Lager zu haben. Investieren Sie in Qualit\u00e4t, investieren Sie in Stil, investieren Sie in unsere klassischen schwarzen Lederschuhe f\u00fcr Herren.<\/p>","protected":false},"excerpt":{"rendered":"<ul>\n<li><strong>Obermaterial aus hochwertigem Kalbsleder:<\/strong> Sorgf\u00e4ltig aus echtem Kalbsleder gefertigt, bietet er ein luxuri\u00f6ses Gef\u00fchl und ein elegantes, poliertes Finish.<\/li>\n<li><strong>Komfortabel gestaltete EVA-Sohle:<\/strong> Erleben Sie dank der strapazierf\u00e4higen EVA-Sohle leichte Flexibilit\u00e4t und hervorragende D\u00e4mpfung bei jedem Schritt.<\/li>\n<li><strong>Luxuri\u00f6ses Ziegenleder-Futter:<\/strong> Das Futter aus Ziegenleder sorgt f\u00fcr au\u00dfergew\u00f6hnliche Atmungsaktivit\u00e4t, Weichheit und ganzt\u00e4gigen Komfort.<\/li>\n<li><strong>Zeitlos klassisches Design:<\/strong> Diese klassischen schwarzen Lederschuhe f\u00fcr Herren bieten einen vielseitigen Derby-Stil, der sich perfekt f\u00fcr Business, formelle Anl\u00e4sse und besondere Gelegenheiten eignet.<\/li>\n<li><strong>Verf\u00fcgbare Gr\u00f6\u00dfen:<\/strong> Fachm\u00e4nnisch angepasst f\u00fcr die Gr\u00f6\u00dfen 40, 41, 42, 43 und 44, um die perfekte Passform zu gew\u00e4hrleisten.<\/li>\n<li><strong>Verf\u00fcgbarkeit im Gro\u00dfhandel:<\/strong> Diese klassischen schwarzen Lederschuhe f\u00fcr Herren sind ideal f\u00fcr Einzelh\u00e4ndler und k\u00f6nnen bei einer Mindestabnahme von 16 Paar in gro\u00dfen Mengen bestellt werden.<\/li>\n<\/ul>","protected":false},"featured_media":6993,"template":"","meta":{"_acf_changed":false,"_uag_custom_page_level_css":"","site-sidebar-layout":"default","site-content-layout":"","ast-site-content-layout":"default","site-content-style":"default","site-sidebar-style":"default","ast-global-header-display":"","ast-banner-title-visibility":"","ast-main-header-display":"","ast-hfb-above-header-display":"","ast-hfb-below-header-display":"","ast-hfb-mobile-header-display":"","site-post-title":"","ast-breadcrumbs-content":"","ast-featured-img":"","footer-sml-layout":"","ast-disable-related-posts":"","theme-transparent-header-meta":"","adv-header-id-meta":"","stick-header-meta":"","header-above-stick-meta":"","header-main-stick-meta":"","header-below-stick-meta":"","astra-migrate-meta-layouts":"default","ast-page-background-enabled":"default","ast-page-background-meta":{"desktop":{"background-color":"var(--ast-global-color-4)","background-image":"","background-repeat":"repeat","background-position":"center center","background-size":"auto","background-attachment":"scroll","background-type":"","background-media":"","overlay-type":"","overlay-color":"","overlay-opacity":"","overlay-gradient":""},"tablet":{"background-color":"","background-image":"","background-repeat":"repeat","background-position":"center center","background-size":"auto","background-attachment":"scroll","background-type":"","background-media":"","overlay-type":"","overlay-color":"","overlay-opacity":"","overlay-gradient":""},"mobile":{"background-color":"","background-image":"","background-repeat":"repeat","background-position":"center center","background-size":"auto","background-attachment":"scroll","background-type":"","background-media":"","overlay-type":"","overlay-color":"","overlay-opacity":"","overlay-gradient":""}},"ast-content-background-meta":{"desktop":{"background-color":"var(--ast-global-color-5)","background-image":"","background-repeat":"repeat","background-position":"center center","background-size":"auto","background-attachment":"scroll","background-type":"","background-media":"","overlay-type":"","overlay-color":"","overlay-opacity":"","overlay-gradient":""},"tablet":{"background-color":"var(--ast-global-color-5)","background-image":"","background-repeat":"repeat","background-position":"center center","background-size":"auto","background-attachment":"scroll","background-type":"","background-media":"","overlay-type":"","overlay-color":"","overlay-opacity":"","overlay-gradient":""},"mobile":{"background-color":"var(--ast-global-color-5)","background-image":"","background-repeat":"repeat","background-position":"center center","background-size":"auto","background-attachment":"scroll","background-type":"","background-media":"","overlay-type":"","overlay-color":"","overlay-opacity":"","overlay-gradient":""}}},"product_brand":[],"product_cat":[47,430,1200],"product_tag":[196,405,202,145,438,251,1249,324,281],"class_list":{"0":"post-8139","1":"product","2":"type-product","3":"status-publish","4":"has-post-thumbnail","6":"product_cat-classic","7":"product_cat-men","8":"product_cat-mens-shoes-2","9":"product_tag-black-leather-shoes","10":"product_tag-business-shoes","11":"product_tag-calf-leather","12":"product_tag-classic-shoes","13":"product_tag-eva-sole","14":"product_tag-formal-shoes","15":"product_tag-goat-lining","16":"product_tag-mens-dress-shoes","17":"product_tag-wholesale-shoes","18":"desktop-align-center","19":"tablet-align-center","20":"mobile-align-center","22":"first","23":"instock","24":"shipping-taxable","25":"purchasable","26":"product-type-variable","27":"has-default-attributes"},"acf":[],"uagb_featured_image_src":{"full":["https:\/\/turkishtrade.co\/wp-content\/uploads\/2026\/01\/2600NZTMN00024-BLACK.png",453,250,false],"thumbnail":["https:\/\/turkishtrade.co\/wp-content\/uploads\/2026\/01\/2600NZTMN00024-BLACK-150x150.png",150,150,true],"medium":["https:\/\/turkishtrade.co\/wp-content\/uploads\/2026\/01\/2600NZTMN00024-BLACK-300x166.png",300,166,true],"medium_large":["https:\/\/turkishtrade.co\/wp-content\/uploads\/2026\/01\/2600NZTMN00024-BLACK.png",453,250,false],"large":["https:\/\/turkishtrade.co\/wp-content\/uploads\/2026\/01\/2600NZTMN00024-BLACK.png",453,250,false],"1536x1536":["https:\/\/turkishtrade.co\/wp-content\/uploads\/2026\/01\/2600NZTMN00024-BLACK.png",453,250,false],"2048x2048":["https:\/\/turkishtrade.co\/wp-content\/uploads\/2026\/01\/2600NZTMN00024-BLACK.png",453,250,false],"trp-custom-language-flag":["https:\/\/turkishtrade.co\/wp-content\/uploads\/2026\/01\/2600NZTMN00024-BLACK-18x10.png",18,10,true],"woocommerce_thumbnail":["https:\/\/turkishtrade.co\/wp-content\/uploads\/2026\/01\/2600NZTMN00024-BLACK-400x250.png",400,250,true],"woocommerce_single":["https:\/\/turkishtrade.co\/wp-content\/uploads\/2026\/01\/2600NZTMN00024-BLACK.png",453,250,false],"woocommerce_gallery_thumbnail":["https:\/\/turkishtrade.co\/wp-content\/uploads\/2026\/01\/2600NZTMN00024-BLACK-100x100.png",100,100,true]},"uagb_author_info":{"display_name":"python python","author_link":"https:\/\/turkishtrade.co\/de\/author\/"},"uagb_comment_info":0,"uagb_excerpt":"Premium Calf Leather Upper: Meticulously crafted from genuine calf leather, offering a luxurious feel and sleek, polished finish. Comfort-Engineered EVA Sole: Experience lightweight flexibility and superior cushioning with every step, thanks to the durable EVA sole. Luxurious Goat Leather Lining: Designed with a full goat leather lining for exceptional breathability, softness, and all-day comfort. Timeless&hellip;","_links":{"self":[{"href":"https:\/\/turkishtrade.co\/de\/wp-json\/wp\/v2\/product\/8139","targetHints":{"allow":["GET"]}}],"collection":[{"href":"https:\/\/turkishtrade.co\/de\/wp-json\/wp\/v2\/product"}],"about":[{"href":"https:\/\/turkishtrade.co\/de\/wp-json\/wp\/v2\/types\/product"}],"wp:featuredmedia":[{"embeddable":true,"href":"https:\/\/turkishtrade.co\/de\/wp-json\/wp\/v2\/media\/6993"}],"wp:attachment":[{"href":"https:\/\/turkishtrade.co\/de\/wp-json\/wp\/v2\/media?parent=8139"}],"wp:term":[{"taxonomy":"product_brand","embeddable":true,"href":"https:\/\/turkishtrade.co\/de\/wp-json\/wp\/v2\/product_brand?post=8139"},{"taxonomy":"product_cat","embeddable":true,"href":"https:\/\/turkishtrade.co\/de\/wp-json\/wp\/v2\/product_cat?post=8139"},{"taxonomy":"product_tag","embeddable":true,"href":"https:\/\/turkishtrade.co\/de\/wp-json\/wp\/v2\/product_tag?post=8139"}],"curies":[{"name":"wp","href":"https:\/\/api.w.org\/{rel}","templated":true}]}}