{"id":8120,"date":"2026-01-29T14:47:42","date_gmt":"2026-01-29T14:47:42","guid":{"rendered":"https:\/\/turkishtrade.co\/?post_type=product&#038;p=8120"},"modified":"2026-04-09T20:34:46","modified_gmt":"2026-04-09T20:34:46","slug":"mens-classic-brogue-leather-shoes","status":"publish","type":"product","link":"https:\/\/turkishtrade.co\/de\/shop\/mens-classic-brogue-leather-shoes\/","title":{"rendered":"Herren Classic Brogue Lederschuhe Elite | Herren Classic Black Brogue Calf"},"content":{"rendered":"<p>Treten Sie ein in zeitlose Eleganz mit unserem exquisiten <strong>Klassische Brogue-Lederschuhe f\u00fcr M\u00e4nner<\/strong>, sorgf\u00e4ltig entworfen f\u00fcr den modernen Gentleman. Diese raffinierten Schuhe sind der Inbegriff des klassischen Stils und eignen sich sowohl f\u00fcr formelle Anl\u00e4sse als auch f\u00fcr elegante Freizeitaktivit\u00e4ten. Das Obermaterial aus hochwertigem, geschmeidigem Kalbsleder hat ein reichhaltiges, poliertes Finish, das Luxus ausstrahlt und au\u00dfergew\u00f6hnliche Haltbarkeit verspricht. Die komplizierten Brogue-Details an der Schuhspitze und am Vorderblatt verleihen dem Schuh einen besonderen Charakter und machen ihn <strong>Klassische Brogue-Lederschuhe f\u00fcr M\u00e4nner<\/strong> eine auff\u00e4llige Erg\u00e4nzung f\u00fcr jede Garderobe.<\/p>\n<p>Erleben Sie dank der innovativen EVA-Sohle unvergleichlichen Komfort bei jedem Schritt. Diese leichte und dennoch robuste Sohle bietet eine hervorragende D\u00e4mpfung und Flexibilit\u00e4t und sorgt f\u00fcr ganzt\u00e4gigen Tragekomfort, ohne Kompromisse beim Stil einzugehen. Im Gegensatz zu herk\u00f6mmlichen schweren Schuhen sind unsere <strong>Klassische Brogue-Lederschuhe f\u00fcr M\u00e4nner<\/strong> bieten eine erfrischende Mischung aus Komfort und Eleganz. Der Innenraum ist mit hochwertigem Ziegenleder gef\u00fcttert, das f\u00fcr seine unglaubliche Weichheit und Atmungsaktivit\u00e4t bekannt ist. Dieses luxuri\u00f6se Futter leitet Feuchtigkeit ab und h\u00e4lt Ihre F\u00fc\u00dfe trocken und komfortabel - eine entscheidende Eigenschaft f\u00fcr lange Tage im B\u00fcro oder ausgedehnte gesellschaftliche Zusammenk\u00fcnfte.<\/p>\n<h3>Unerreichte Handwerkskunst und Vielseitigkeit<\/h3>\n<p>Jedes Paar dieser <strong>Klassische Brogue-Lederschuhe f\u00fcr M\u00e4nner<\/strong> ist ein Zeugnis h\u00f6chster Handwerkskunst. Von den pr\u00e4zisen N\u00e4hten bis hin zu den perfekt ausgef\u00fchrten Brogue-Perforationen ist jedes Detail sorgf\u00e4ltig durchdacht, um einen Schuh von au\u00dfergew\u00f6hnlicher Qualit\u00e4t zu liefern. Der zeitlose schwarze Farbton sorgt f\u00fcr maximale Vielseitigkeit, so dass Sie sie m\u00fchelos mit einem ma\u00dfgeschneiderten Anzug f\u00fcr Gesch\u00e4ftstreffen, einem eleganten Blazer und Chinos f\u00fcr ein Abendessen oder sogar dunklen Jeans f\u00fcr einen polierten Freizeitlook kombinieren k\u00f6nnen. Erh\u00e4ltlich in einer Reihe von Gr\u00f6\u00dfen von 40 bis 44 (EU), ist es einfach, die perfekte Passform zu finden.<\/p>\n<p>Investieren Sie in Schuhe, die traditionelle \u00c4sthetik mit modernem Komfort verbinden. Unser <strong>Klassische Brogue-Lederschuhe f\u00fcr M\u00e4nner<\/strong> sind nicht einfach nur Schuhe; sie sind ein Erlebnis von raffiniertem Stil und dauerhaftem Komfort. Diese Schuhe sind f\u00fcr die Ewigkeit gebaut und bieten eine zuverl\u00e4ssige und stilvolle Grundlage f\u00fcr Ihre Garderobe f\u00fcr die kommenden Jahre. Egal, ob Sie einen gro\u00dfen Auftritt haben oder einfach nur einen gem\u00fctlichen Abend genie\u00dfen wollen, diese Schuhe sorgen daf\u00fcr, dass Sie dies mit Selbstvertrauen und Anmut tun. F\u00fcr Unternehmen, die Premium-Schuhe anbieten m\u00f6chten, gibt es Gro\u00dfhandelsoptionen mit einer Mindestbestellmenge von 16 Paaren, die eine ausgezeichnete Gelegenheit bieten, hochwertige, gefragte Anzugschuhe auf Lager zu haben.<\/p>","protected":false},"excerpt":{"rendered":"<ul>\n<li>Obermaterial aus hochwertigem Kalbsleder f\u00fcr \u00fcberlegenen Stil und Haltbarkeit<\/li>\n<li>Komfortsteigernde EVA-Sohle bietet leichte D\u00e4mpfung<\/li>\n<li>Weiches Ziegenlederfutter sorgt f\u00fcr Atmungsaktivit\u00e4t und ein luxuri\u00f6ses Gef\u00fchl<\/li>\n<li>Elegante Brogue-Details verleihen einen Hauch von klassischer Raffinesse<\/li>\n<li>Erh\u00e4ltlich in den EU-Gr\u00f6\u00dfen 40, 41, 42, 43, 44<\/li>\n<li>Gro\u00dfhandelsbestellungen sind bei einer Mindestmenge von 16 Paaren willkommen.<\/li>\n<\/ul>","protected":false},"featured_media":6991,"template":"","meta":{"_acf_changed":false,"_uag_custom_page_level_css":"","site-sidebar-layout":"default","site-content-layout":"","ast-site-content-layout":"default","site-content-style":"default","site-sidebar-style":"default","ast-global-header-display":"","ast-banner-title-visibility":"","ast-main-header-display":"","ast-hfb-above-header-display":"","ast-hfb-below-header-display":"","ast-hfb-mobile-header-display":"","site-post-title":"","ast-breadcrumbs-content":"","ast-featured-img":"","footer-sml-layout":"","ast-disable-related-posts":"","theme-transparent-header-meta":"","adv-header-id-meta":"","stick-header-meta":"","header-above-stick-meta":"","header-main-stick-meta":"","header-below-stick-meta":"","astra-migrate-meta-layouts":"default","ast-page-background-enabled":"default","ast-page-background-meta":{"desktop":{"background-color":"var(--ast-global-color-4)","background-image":"","background-repeat":"repeat","background-position":"center center","background-size":"auto","background-attachment":"scroll","background-type":"","background-media":"","overlay-type":"","overlay-color":"","overlay-opacity":"","overlay-gradient":""},"tablet":{"background-color":"","background-image":"","background-repeat":"repeat","background-position":"center center","background-size":"auto","background-attachment":"scroll","background-type":"","background-media":"","overlay-type":"","overlay-color":"","overlay-opacity":"","overlay-gradient":""},"mobile":{"background-color":"","background-image":"","background-repeat":"repeat","background-position":"center center","background-size":"auto","background-attachment":"scroll","background-type":"","background-media":"","overlay-type":"","overlay-color":"","overlay-opacity":"","overlay-gradient":""}},"ast-content-background-meta":{"desktop":{"background-color":"var(--ast-global-color-5)","background-image":"","background-repeat":"repeat","background-position":"center center","background-size":"auto","background-attachment":"scroll","background-type":"","background-media":"","overlay-type":"","overlay-color":"","overlay-opacity":"","overlay-gradient":""},"tablet":{"background-color":"var(--ast-global-color-5)","background-image":"","background-repeat":"repeat","background-position":"center center","background-size":"auto","background-attachment":"scroll","background-type":"","background-media":"","overlay-type":"","overlay-color":"","overlay-opacity":"","overlay-gradient":""},"mobile":{"background-color":"var(--ast-global-color-5)","background-image":"","background-repeat":"repeat","background-position":"center center","background-size":"auto","background-attachment":"scroll","background-type":"","background-media":"","overlay-type":"","overlay-color":"","overlay-opacity":"","overlay-gradient":""}}},"product_brand":[],"product_cat":[47,430,1200],"product_tag":[295,405,185,1405,287,251,1249,286,280],"class_list":{"0":"post-8120","1":"product","2":"type-product","3":"status-publish","4":"has-post-thumbnail","6":"product_cat-classic","7":"product_cat-men","8":"product_cat-mens-shoes-2","9":"product_tag-black-dress-shoes","10":"product_tag-business-shoes","11":"product_tag-calf-leather-shoes","12":"product_tag-classic-brogue-shoes","13":"product_tag-eva-sole-shoes","14":"product_tag-formal-shoes","15":"product_tag-goat-lining","16":"product_tag-mens-leather-shoes","17":"product_tag-smart-casual-shoes","18":"desktop-align-center","19":"tablet-align-center","20":"mobile-align-center","22":"first","23":"instock","24":"shipping-taxable","25":"purchasable","26":"product-type-variable","27":"has-default-attributes"},"acf":[],"uagb_featured_image_src":{"full":["https:\/\/turkishtrade.co\/wp-content\/uploads\/2026\/01\/2600NZTMN00022-BLACK.png",453,250,false],"thumbnail":["https:\/\/turkishtrade.co\/wp-content\/uploads\/2026\/01\/2600NZTMN00022-BLACK-150x150.png",150,150,true],"medium":["https:\/\/turkishtrade.co\/wp-content\/uploads\/2026\/01\/2600NZTMN00022-BLACK-300x166.png",300,166,true],"medium_large":["https:\/\/turkishtrade.co\/wp-content\/uploads\/2026\/01\/2600NZTMN00022-BLACK.png",453,250,false],"large":["https:\/\/turkishtrade.co\/wp-content\/uploads\/2026\/01\/2600NZTMN00022-BLACK.png",453,250,false],"1536x1536":["https:\/\/turkishtrade.co\/wp-content\/uploads\/2026\/01\/2600NZTMN00022-BLACK.png",453,250,false],"2048x2048":["https:\/\/turkishtrade.co\/wp-content\/uploads\/2026\/01\/2600NZTMN00022-BLACK.png",453,250,false],"trp-custom-language-flag":["https:\/\/turkishtrade.co\/wp-content\/uploads\/2026\/01\/2600NZTMN00022-BLACK-18x10.png",18,10,true],"woocommerce_thumbnail":["https:\/\/turkishtrade.co\/wp-content\/uploads\/2026\/01\/2600NZTMN00022-BLACK-400x250.png",400,250,true],"woocommerce_single":["https:\/\/turkishtrade.co\/wp-content\/uploads\/2026\/01\/2600NZTMN00022-BLACK.png",453,250,false],"woocommerce_gallery_thumbnail":["https:\/\/turkishtrade.co\/wp-content\/uploads\/2026\/01\/2600NZTMN00022-BLACK-100x100.png",100,100,true]},"uagb_author_info":{"display_name":"python python","author_link":"https:\/\/turkishtrade.co\/de\/author\/"},"uagb_comment_info":0,"uagb_excerpt":"Premium Calf Leather Upper for superior style and durability Comfort-enhancing EVA Sole provides lightweight cushioning Soft Goat Leather Lining ensures breathability and a luxurious feel Elegant Brogue Detailing adds a touch of classic sophistication Available in EU Sizes 40, 41, 42, 43, 44 Wholesale orders are welcome with a minimum quantity of 16 pairs","_links":{"self":[{"href":"https:\/\/turkishtrade.co\/de\/wp-json\/wp\/v2\/product\/8120","targetHints":{"allow":["GET"]}}],"collection":[{"href":"https:\/\/turkishtrade.co\/de\/wp-json\/wp\/v2\/product"}],"about":[{"href":"https:\/\/turkishtrade.co\/de\/wp-json\/wp\/v2\/types\/product"}],"wp:featuredmedia":[{"embeddable":true,"href":"https:\/\/turkishtrade.co\/de\/wp-json\/wp\/v2\/media\/6991"}],"wp:attachment":[{"href":"https:\/\/turkishtrade.co\/de\/wp-json\/wp\/v2\/media?parent=8120"}],"wp:term":[{"taxonomy":"product_brand","embeddable":true,"href":"https:\/\/turkishtrade.co\/de\/wp-json\/wp\/v2\/product_brand?post=8120"},{"taxonomy":"product_cat","embeddable":true,"href":"https:\/\/turkishtrade.co\/de\/wp-json\/wp\/v2\/product_cat?post=8120"},{"taxonomy":"product_tag","embeddable":true,"href":"https:\/\/turkishtrade.co\/de\/wp-json\/wp\/v2\/product_tag?post=8120"}],"curies":[{"name":"wp","href":"https:\/\/api.w.org\/{rel}","templated":true}]}}