{"id":8115,"date":"2026-01-29T14:47:41","date_gmt":"2026-01-29T14:47:41","guid":{"rendered":"https:\/\/turkishtrade.co\/?post_type=product&#038;p=8115"},"modified":"2026-04-09T20:35:48","modified_gmt":"2026-04-09T20:35:48","slug":"mens-classic-brown-leather-shoes-2","status":"publish","type":"product","link":"https:\/\/turkishtrade.co\/de\/shop\/mens-classic-brown-leather-shoes-2\/","title":{"rendered":"Klassische braune Herren Lederschuhe Authentic | Klassische braune Herren Leder Derby"},"content":{"rendered":"<p>Treten Sie ein in zeitlose Eleganz mit unserem exquisiten <strong>Klassische braune Lederschuhe f\u00fcr M\u00e4nner<\/strong>. Sorgf\u00e4ltig gefertigt, um sowohl Raffinesse als auch unvergleichlichen Komfort zu bieten, sind diese Schuhe eine unverzichtbare Erg\u00e4nzung f\u00fcr die Garderobe eines jeden anspruchsvollen Herren. Entworfen f\u00fcr den modernen Mann, der Qualit\u00e4t und Stil sch\u00e4tzt, sind diese <strong>Klassische braune Herrenschuhe aus Leder<\/strong> gehen nahtlos vom Sitzungssaal in die Abendveranstaltung \u00fcber und sorgen daf\u00fcr, dass Sie immer einen hervorragenden Eindruck hinterlassen.<\/p>\n<h3>Un\u00fcbertroffener Komfort und Qualit\u00e4t<\/h3>\n<p>Erleben Sie die \u00fcberlegene Handwerkskunst dieser hochwertigen <strong>Klassische braune Herrenschuhe aus Leder<\/strong>. Das Obermaterial besteht aus hochwertigem Kalbsleder, das f\u00fcr seine Strapazierf\u00e4higkeit, glatte Textur und elegante Verarbeitung bekannt ist. Innen werden Ihre F\u00fc\u00dfe von einem luxuri\u00f6sen Ziegenlederfutter umh\u00fcllt, das f\u00fcr au\u00dfergew\u00f6hnliche Atmungsaktivit\u00e4t und ein weiches, angenehmes Gef\u00fchl auf der Haut sorgt. Im Gegensatz zu synthetischen Alternativen passt sich unser Ziegenlederfutter mit der Zeit an Ihren Fu\u00df an und sorgt f\u00fcr eine individuelle Passform. Die Grundlage f\u00fcr diese au\u00dfergew\u00f6hnlichen <strong>Klassische braune Herrenschuhe aus Leder<\/strong> ist eine leichte und dennoch robuste EVA-Sohle. Dieses fortschrittliche Sohlenmaterial bietet ausgezeichnete Flexibilit\u00e4t und hervorragende Sto\u00dfd\u00e4mpfung, so dass jeder Schritt m\u00fchelos und bequem ist, auch bei l\u00e4ngerem Tragen.<\/p>\n<h3>Vielseitiger Stil f\u00fcr jede Gelegenheit<\/h3>\n<p>Unser <strong>Klassische braune Lederschuhe f\u00fcr M\u00e4nner<\/strong> zeichnen sich durch ein zeitloses Derby-Design aus, das durch seine offene Schn\u00fcrung eine vielseitige \u00c4sthetik bietet, die eine breite Palette von Outfits erg\u00e4nzt. Der satte Braunton sorgt f\u00fcr einen Hauch von W\u00e4rme und Raffinesse und macht diese Schuhe unglaublich anpassungsf\u00e4hig. Kombinieren Sie sie mit einem scharfen Business-Anzug f\u00fcr einen professionellen Look, oder kombinieren Sie sie mit Chinos und einem eleganten Blazer f\u00fcr ein raffiniertes Smart-Casual-Ensemble. Diese <strong>Klassische braune Herrenschuhe aus Leder<\/strong> eignen sich perfekt f\u00fcr Gesch\u00e4ftstreffen, Hochzeiten, formelle Anl\u00e4sse oder einfach, um Ihren Alltagsstil aufzuwerten. Ihre klassische Ausstrahlung sorgt daf\u00fcr, dass sie \u00fcber Jahre hinweg ein fester Bestandteil Ihrer Sammlung bleiben.<\/p>\n<h3>M\u00f6glichkeiten f\u00fcr den Gro\u00dfhandel<\/h3>\n<p>F\u00fcr Einzelh\u00e4ndler und Unternehmen, die hochwertige Schuhe suchen, ist unser <strong>Klassische braune Lederschuhe f\u00fcr M\u00e4nner<\/strong> sind f\u00fcr den Gro\u00dfhandel erh\u00e4ltlich. Wir bieten attraktive Konditionen mit einer Mindestbestellmenge von 16 Paaren, so dass es einfach ist, sich mit diesen beliebten und stilvollen Schuhen einzudecken. Hergestellt mit einem unersch\u00fctterlichen Engagement f\u00fcr Qualit\u00e4t und klassisches Design, stellen diese Schuhe ein hervorragendes Preis-Leistungs-Verh\u00e4ltnis dar und werden einen breiten Kundenstamm ansprechen. Erweitern Sie Ihren Bestand mit diesen tadellos gestalteten <strong>Klassische braune Herrenschuhe aus Leder<\/strong> und versorgen Sie Ihre Kunden mit Schuhen, die Luxus, Komfort und dauerhaften Stil vereinen. Kontaktieren Sie uns noch heute, um Ihren Gro\u00dfhandelsbedarf f\u00fcr diese au\u00dfergew\u00f6hnlichen Schuhe zu besprechen. <strong>Klassische braune Herrenschuhe aus Leder<\/strong>.<\/p>","protected":false},"excerpt":{"rendered":"<ul>\n<li>Obermaterial aus hochwertigem Kalbsleder f\u00fcr ein luxuri\u00f6ses Aussehen und Gef\u00fchl.<\/li>\n<li>Weiches und atmungsaktives Ziegenlederfutter sorgt f\u00fcr ganzt\u00e4gigen Komfort.<\/li>\n<li>Die leichte und flexible EVA-Sohle bietet eine hervorragende Sto\u00dfd\u00e4mpfung.<\/li>\n<li>Klassisches Derby-Design, vielseitig einsetzbar sowohl f\u00fcr formelle als auch f\u00fcr legere Kleidung.<\/li>\n<li>Erh\u00e4ltlich in den Gr\u00f6\u00dfen 40, 41, 42, 43, 44.<\/li>\n<li>Gro\u00dfhandelsbestellungen sind willkommen, wobei die Mindestbestellmenge 16 Paare betr\u00e4gt.<\/li>\n<\/ul>","protected":false},"featured_media":7006,"template":"","meta":{"_acf_changed":false,"_uag_custom_page_level_css":"","site-sidebar-layout":"default","site-content-layout":"","ast-site-content-layout":"default","site-content-style":"default","site-sidebar-style":"default","ast-global-header-display":"","ast-banner-title-visibility":"","ast-main-header-display":"","ast-hfb-above-header-display":"","ast-hfb-below-header-display":"","ast-hfb-mobile-header-display":"","site-post-title":"","ast-breadcrumbs-content":"","ast-featured-img":"","footer-sml-layout":"","ast-disable-related-posts":"","theme-transparent-header-meta":"","adv-header-id-meta":"","stick-header-meta":"","header-above-stick-meta":"","header-main-stick-meta":"","header-below-stick-meta":"","astra-migrate-meta-layouts":"default","ast-page-background-enabled":"default","ast-page-background-meta":{"desktop":{"background-color":"var(--ast-global-color-4)","background-image":"","background-repeat":"repeat","background-position":"center center","background-size":"auto","background-attachment":"scroll","background-type":"","background-media":"","overlay-type":"","overlay-color":"","overlay-opacity":"","overlay-gradient":""},"tablet":{"background-color":"","background-image":"","background-repeat":"repeat","background-position":"center center","background-size":"auto","background-attachment":"scroll","background-type":"","background-media":"","overlay-type":"","overlay-color":"","overlay-opacity":"","overlay-gradient":""},"mobile":{"background-color":"","background-image":"","background-repeat":"repeat","background-position":"center center","background-size":"auto","background-attachment":"scroll","background-type":"","background-media":"","overlay-type":"","overlay-color":"","overlay-opacity":"","overlay-gradient":""}},"ast-content-background-meta":{"desktop":{"background-color":"var(--ast-global-color-5)","background-image":"","background-repeat":"repeat","background-position":"center center","background-size":"auto","background-attachment":"scroll","background-type":"","background-media":"","overlay-type":"","overlay-color":"","overlay-opacity":"","overlay-gradient":""},"tablet":{"background-color":"var(--ast-global-color-5)","background-image":"","background-repeat":"repeat","background-position":"center center","background-size":"auto","background-attachment":"scroll","background-type":"","background-media":"","overlay-type":"","overlay-color":"","overlay-opacity":"","overlay-gradient":""},"mobile":{"background-color":"var(--ast-global-color-5)","background-image":"","background-repeat":"repeat","background-position":"center center","background-size":"auto","background-attachment":"scroll","background-type":"","background-media":"","overlay-type":"","overlay-color":"","overlay-opacity":"","overlay-gradient":""}}},"product_brand":[],"product_cat":[47,430,1200],"product_tag":[292,185,754,319,287,201,189,1365,324,281],"class_list":{"0":"post-8115","1":"product","2":"type-product","3":"status-publish","4":"has-post-thumbnail","6":"product_cat-classic","7":"product_cat-men","8":"product_cat-mens-shoes-2","9":"product_tag-brown-leather-shoes","10":"product_tag-calf-leather-shoes","11":"product_tag-classic-mens-shoes","12":"product_tag-comfortable-leather-shoes","13":"product_tag-eva-sole-shoes","14":"product_tag-formal-footwear","15":"product_tag-goat-leather-lining","16":"product_tag-mens-classic-brown-leather-shoes","17":"product_tag-mens-dress-shoes","18":"product_tag-wholesale-shoes","19":"desktop-align-center","20":"tablet-align-center","21":"mobile-align-center","23":"first","24":"instock","25":"shipping-taxable","26":"purchasable","27":"product-type-variable","28":"has-default-attributes"},"acf":[],"uagb_featured_image_src":{"full":["https:\/\/turkishtrade.co\/wp-content\/uploads\/2026\/01\/2600NZTMN00017-BROWN.png",453,250,false],"thumbnail":["https:\/\/turkishtrade.co\/wp-content\/uploads\/2026\/01\/2600NZTMN00017-BROWN-150x150.png",150,150,true],"medium":["https:\/\/turkishtrade.co\/wp-content\/uploads\/2026\/01\/2600NZTMN00017-BROWN-300x166.png",300,166,true],"medium_large":["https:\/\/turkishtrade.co\/wp-content\/uploads\/2026\/01\/2600NZTMN00017-BROWN.png",453,250,false],"large":["https:\/\/turkishtrade.co\/wp-content\/uploads\/2026\/01\/2600NZTMN00017-BROWN.png",453,250,false],"1536x1536":["https:\/\/turkishtrade.co\/wp-content\/uploads\/2026\/01\/2600NZTMN00017-BROWN.png",453,250,false],"2048x2048":["https:\/\/turkishtrade.co\/wp-content\/uploads\/2026\/01\/2600NZTMN00017-BROWN.png",453,250,false],"trp-custom-language-flag":["https:\/\/turkishtrade.co\/wp-content\/uploads\/2026\/01\/2600NZTMN00017-BROWN-18x10.png",18,10,true],"woocommerce_thumbnail":["https:\/\/turkishtrade.co\/wp-content\/uploads\/2026\/01\/2600NZTMN00017-BROWN-400x250.png",400,250,true],"woocommerce_single":["https:\/\/turkishtrade.co\/wp-content\/uploads\/2026\/01\/2600NZTMN00017-BROWN.png",453,250,false],"woocommerce_gallery_thumbnail":["https:\/\/turkishtrade.co\/wp-content\/uploads\/2026\/01\/2600NZTMN00017-BROWN-100x100.png",100,100,true]},"uagb_author_info":{"display_name":"python python","author_link":"https:\/\/turkishtrade.co\/de\/author\/"},"uagb_comment_info":0,"uagb_excerpt":"Premium calf leather upper for a luxurious look and feel. Soft and breathable goat leather lining ensures all-day comfort. Lightweight and flexible EVA sole provides superior shock absorption. Classic Derby design, versatile for both formal and smart-casual attire. Available in sizes 40, 41, 42, 43, 44. Wholesale orders are welcome, with a minimum order quantity&hellip;","_links":{"self":[{"href":"https:\/\/turkishtrade.co\/de\/wp-json\/wp\/v2\/product\/8115","targetHints":{"allow":["GET"]}}],"collection":[{"href":"https:\/\/turkishtrade.co\/de\/wp-json\/wp\/v2\/product"}],"about":[{"href":"https:\/\/turkishtrade.co\/de\/wp-json\/wp\/v2\/types\/product"}],"wp:featuredmedia":[{"embeddable":true,"href":"https:\/\/turkishtrade.co\/de\/wp-json\/wp\/v2\/media\/7006"}],"wp:attachment":[{"href":"https:\/\/turkishtrade.co\/de\/wp-json\/wp\/v2\/media?parent=8115"}],"wp:term":[{"taxonomy":"product_brand","embeddable":true,"href":"https:\/\/turkishtrade.co\/de\/wp-json\/wp\/v2\/product_brand?post=8115"},{"taxonomy":"product_cat","embeddable":true,"href":"https:\/\/turkishtrade.co\/de\/wp-json\/wp\/v2\/product_cat?post=8115"},{"taxonomy":"product_tag","embeddable":true,"href":"https:\/\/turkishtrade.co\/de\/wp-json\/wp\/v2\/product_tag?post=8115"}],"curies":[{"name":"wp","href":"https:\/\/api.w.org\/{rel}","templated":true}]}}