{"id":8111,"date":"2026-01-29T14:47:41","date_gmt":"2026-01-29T14:47:41","guid":{"rendered":"https:\/\/turkishtrade.co\/?post_type=product&#038;p=8111"},"modified":"2026-04-09T20:36:02","modified_gmt":"2026-04-09T20:36:02","slug":"mens-classic-tassel-loafers-2","status":"publish","type":"product","link":"https:\/\/turkishtrade.co\/de\/shop\/mens-classic-tassel-loafers-2\/","title":{"rendered":"Herren Classic Tassel Loafers Luxury | Herren Classic Schwarz Kalbsleder"},"content":{"rendered":"<h3>Erh\u00f6hen Sie Ihren Stil mit unseren klassischen Loafers mit Quaste f\u00fcr M\u00e4nner<\/h3>\n<p>Erleben Sie raffinierte Eleganz mit unserem exquisiten <strong>Klassische Loafers mit Quaste f\u00fcr M\u00e4nner<\/strong>, Diese Schuhe wurden sorgf\u00e4ltig gefertigt, um zeitlosen Stil und unvergleichlichen Komfort zu bieten. F\u00fcr den modernen Gentleman entworfen, sind diese Loafer mehr als nur Schuhe; sie sind ein Statement von Raffinesse und Klasse. Perfekt f\u00fcr Gesch\u00e4ftstreffen, formelle Anl\u00e4sse oder zur Aufwertung Ihres l\u00e4ssigen Looks sind diese <strong>Klassische Loafer mit Quasten<\/strong> wird schnell zu einem gesch\u00e4tzten Bestandteil Ihrer Garderobe.<\/p>\n<p>Jedes Paar dieser hochwertigen Loafer ist mit einem Obermaterial aus luxuri\u00f6sem \u2018Dana Deri\u2019 (Kalbsleder) ausgestattet, das f\u00fcr seine weiche Textur, seine Langlebigkeit und seine F\u00e4higkeit, in W\u00fcrde zu altern, bekannt ist. Das satte Schwarz des Hauptteils passt perfekt zu der markanten, strukturierten Vorderseite, die ein stilvolles Pr\u00e4gemuster in einem warmen, antiken Braunton aufweist. Zusammen mit den traditionellen Quasten verleiht diese einzigartige Verzierung den M\u00f6beln einen Hauch von individueller Kunstfertigkeit, die diese <strong>Klassische Loafers mit Quaste f\u00fcr M\u00e4nner<\/strong> abgesehen von gew\u00f6hnlichem Schuhwerk.<\/p>\n<p>Komfort ist oberstes Gebot, und diese <strong>Klassische Loafers mit Quaste f\u00fcr M\u00e4nner<\/strong> liefern. Der Innenraum ist mit weichem \u2018keci astar\u2019 (Ziegenleder) gef\u00fcttert, das eine atmungsaktive und geschmeidige Umgebung f\u00fcr Ihre F\u00fc\u00dfe bietet und auch nach l\u00e4ngerem Tragen f\u00fcr Komfort sorgt. Die strapazierf\u00e4hige \u2018eva taban\u2019 (EVA-Sohle) bietet leichte D\u00e4mpfung und hervorragende Sto\u00dfd\u00e4mpfung sowie einen zuverl\u00e4ssigen Anti-Rutsch-Griff f\u00fcr sichere Schritte auf verschiedenen Oberfl\u00e4chen. Erh\u00e4ltlich in einer Reihe von Gr\u00f6\u00dfen von 40 bis 44, finden Sie m\u00fchelos Ihre perfekte Passform.<\/p>\n<p>Unser Engagement f\u00fcr Qualit\u00e4t sorgt daf\u00fcr, dass jede Naht und jeder Schnitt von h\u00f6chster Handwerkskunst zeugt. Diese klassischen Schuhe verk\u00f6rpern ein Erbe hervorragender Schuhmacherkunst und versprechen Langlebigkeit und dauerhafte Attraktivit\u00e4t. Durch ihr vielseitiges Design eignen sich diese Loafer f\u00fcr eine Vielzahl von Anl\u00e4ssen und gehen nahtlos von der B\u00fcrokleidung bis zur Abendveranstaltung \u00fcber. Ob zu ma\u00dfgeschneiderten Anz\u00fcgen, knackigen Chinos oder raffinierten Jeans, diese hochwertigen Kalbsleder-Slipper bieten eine vielseitige Grundlage f\u00fcr eine Vielzahl von Outfits. Investieren Sie in ein Paar, das B\u00e4nde \u00fcber Ihren anspruchsvollen Geschmack und Ihre Wertsch\u00e4tzung f\u00fcr hochwertige Materialien und klassischen Stil spricht. F\u00fcr Einzelh\u00e4ndler und Unternehmen, die au\u00dfergew\u00f6hnliches Schuhwerk anbieten m\u00f6chten, sind diese anspruchsvollen <strong>Klassische Loafers mit Quaste f\u00fcr M\u00e4nner<\/strong> sind ab einer Mindestbestellmenge von 16 Paaren f\u00fcr den Gro\u00dfhandel erh\u00e4ltlich und damit die ideale Wahl zur Erweiterung Ihrer Premium-Kollektion.<\/p>","protected":false},"excerpt":{"rendered":"<ul>\n<li>Obermaterial aus hochwertigem \u2018dana deri\u2019 (Kalbsleder) f\u00fcr dauerhafte Qualit\u00e4t<\/li>\n<li>Komfortables Futter aus Ziegenleder f\u00fcr ganzt\u00e4gigen Tragekomfort<\/li>\n<li>Strapazierf\u00e4hige \u2018eva taban\u2019 (EVA-Sohle) mit Anti-Rutsch-Griff<\/li>\n<li>Raffinierte, gepr\u00e4gte Vorderseite mit klassischen Quastendetails<\/li>\n<li>Erh\u00e4ltlich in den Gr\u00f6\u00dfen 40, 41, 42, 43, 44<\/li>\n<li>Verf\u00fcgbarkeit im Gro\u00dfhandel: Mindestbestellmenge von 16 Paaren<\/li>\n<\/ul>","protected":false},"featured_media":6986,"template":"","meta":{"_acf_changed":false,"_uag_custom_page_level_css":"","site-sidebar-layout":"default","site-content-layout":"","ast-site-content-layout":"default","site-content-style":"default","site-sidebar-style":"default","ast-global-header-display":"","ast-banner-title-visibility":"","ast-main-header-display":"","ast-hfb-above-header-display":"","ast-hfb-below-header-display":"","ast-hfb-mobile-header-display":"","site-post-title":"","ast-breadcrumbs-content":"","ast-featured-img":"","footer-sml-layout":"","ast-disable-related-posts":"","theme-transparent-header-meta":"","adv-header-id-meta":"","stick-header-meta":"","header-above-stick-meta":"","header-main-stick-meta":"","header-below-stick-meta":"","astra-migrate-meta-layouts":"default","ast-page-background-enabled":"default","ast-page-background-meta":{"desktop":{"background-color":"var(--ast-global-color-4)","background-image":"","background-repeat":"repeat","background-position":"center center","background-size":"auto","background-attachment":"scroll","background-type":"","background-media":"","overlay-type":"","overlay-color":"","overlay-opacity":"","overlay-gradient":""},"tablet":{"background-color":"","background-image":"","background-repeat":"repeat","background-position":"center center","background-size":"auto","background-attachment":"scroll","background-type":"","background-media":"","overlay-type":"","overlay-color":"","overlay-opacity":"","overlay-gradient":""},"mobile":{"background-color":"","background-image":"","background-repeat":"repeat","background-position":"center center","background-size":"auto","background-attachment":"scroll","background-type":"","background-media":"","overlay-type":"","overlay-color":"","overlay-opacity":"","overlay-gradient":""}},"ast-content-background-meta":{"desktop":{"background-color":"var(--ast-global-color-5)","background-image":"","background-repeat":"repeat","background-position":"center center","background-size":"auto","background-attachment":"scroll","background-type":"","background-media":"","overlay-type":"","overlay-color":"","overlay-opacity":"","overlay-gradient":""},"tablet":{"background-color":"var(--ast-global-color-5)","background-image":"","background-repeat":"repeat","background-position":"center center","background-size":"auto","background-attachment":"scroll","background-type":"","background-media":"","overlay-type":"","overlay-color":"","overlay-opacity":"","overlay-gradient":""},"mobile":{"background-color":"var(--ast-global-color-5)","background-image":"","background-repeat":"repeat","background-position":"center center","background-size":"auto","background-attachment":"scroll","background-type":"","background-media":"","overlay-type":"","overlay-color":"","overlay-opacity":"","overlay-gradient":""}}},"product_brand":[],"product_cat":[47,430,1200],"product_tag":[370,513,185,457,418,438,251,189,186,349],"class_list":{"0":"post-8111","1":"product","2":"type-product","3":"status-publish","4":"has-post-thumbnail","6":"product_cat-classic","7":"product_cat-men","8":"product_cat-mens-shoes-2","9":"product_tag-black-loafers","10":"product_tag-business-casual-shoes","11":"product_tag-calf-leather-shoes","12":"product_tag-classic-loafers","13":"product_tag-embossed-leather","14":"product_tag-eva-sole","15":"product_tag-formal-shoes","16":"product_tag-goat-leather-lining","17":"product_tag-mens-loafers","18":"product_tag-tassel-loafers","19":"desktop-align-center","20":"tablet-align-center","21":"mobile-align-center","23":"first","24":"instock","25":"shipping-taxable","26":"purchasable","27":"product-type-variable","28":"has-default-attributes"},"acf":[],"uagb_featured_image_src":{"full":["https:\/\/turkishtrade.co\/wp-content\/uploads\/2026\/01\/2600NZTMN00013-BROWN.png",453,250,false],"thumbnail":["https:\/\/turkishtrade.co\/wp-content\/uploads\/2026\/01\/2600NZTMN00013-BROWN-150x150.png",150,150,true],"medium":["https:\/\/turkishtrade.co\/wp-content\/uploads\/2026\/01\/2600NZTMN00013-BROWN-300x166.png",300,166,true],"medium_large":["https:\/\/turkishtrade.co\/wp-content\/uploads\/2026\/01\/2600NZTMN00013-BROWN.png",453,250,false],"large":["https:\/\/turkishtrade.co\/wp-content\/uploads\/2026\/01\/2600NZTMN00013-BROWN.png",453,250,false],"1536x1536":["https:\/\/turkishtrade.co\/wp-content\/uploads\/2026\/01\/2600NZTMN00013-BROWN.png",453,250,false],"2048x2048":["https:\/\/turkishtrade.co\/wp-content\/uploads\/2026\/01\/2600NZTMN00013-BROWN.png",453,250,false],"trp-custom-language-flag":["https:\/\/turkishtrade.co\/wp-content\/uploads\/2026\/01\/2600NZTMN00013-BROWN-18x10.png",18,10,true],"woocommerce_thumbnail":["https:\/\/turkishtrade.co\/wp-content\/uploads\/2026\/01\/2600NZTMN00013-BROWN-400x250.png",400,250,true],"woocommerce_single":["https:\/\/turkishtrade.co\/wp-content\/uploads\/2026\/01\/2600NZTMN00013-BROWN.png",453,250,false],"woocommerce_gallery_thumbnail":["https:\/\/turkishtrade.co\/wp-content\/uploads\/2026\/01\/2600NZTMN00013-BROWN-100x100.png",100,100,true]},"uagb_author_info":{"display_name":"python python","author_link":"https:\/\/turkishtrade.co\/de\/author\/"},"uagb_comment_info":0,"uagb_excerpt":"Premium 'dana deri' (calf leather) upper for lasting quality Comfortable 'keci astar' (goat leather) lining for all-day wear Durable 'eva taban' (EVA sole) with anti-slip grip Sophisticated embossed front panel with classic tassel details Available in sizes 40, 41, 42, 43, 44 Wholesale availability: Minimum order quantity of 16 pairs","_links":{"self":[{"href":"https:\/\/turkishtrade.co\/de\/wp-json\/wp\/v2\/product\/8111","targetHints":{"allow":["GET"]}}],"collection":[{"href":"https:\/\/turkishtrade.co\/de\/wp-json\/wp\/v2\/product"}],"about":[{"href":"https:\/\/turkishtrade.co\/de\/wp-json\/wp\/v2\/types\/product"}],"wp:featuredmedia":[{"embeddable":true,"href":"https:\/\/turkishtrade.co\/de\/wp-json\/wp\/v2\/media\/6986"}],"wp:attachment":[{"href":"https:\/\/turkishtrade.co\/de\/wp-json\/wp\/v2\/media?parent=8111"}],"wp:term":[{"taxonomy":"product_brand","embeddable":true,"href":"https:\/\/turkishtrade.co\/de\/wp-json\/wp\/v2\/product_brand?post=8111"},{"taxonomy":"product_cat","embeddable":true,"href":"https:\/\/turkishtrade.co\/de\/wp-json\/wp\/v2\/product_cat?post=8111"},{"taxonomy":"product_tag","embeddable":true,"href":"https:\/\/turkishtrade.co\/de\/wp-json\/wp\/v2\/product_tag?post=8111"}],"curies":[{"name":"wp","href":"https:\/\/api.w.org\/{rel}","templated":true}]}}