{"id":8110,"date":"2026-01-29T14:47:41","date_gmt":"2026-01-29T14:47:41","guid":{"rendered":"https:\/\/turkishtrade.co\/?post_type=product&#038;p=8110"},"modified":"2026-04-09T20:36:05","modified_gmt":"2026-04-09T20:36:05","slug":"mens-textured-calf-leather-loafers","status":"publish","type":"product","link":"https:\/\/turkishtrade.co\/de\/shop\/mens-textured-calf-leather-loafers\/","title":{"rendered":"Herren Loafers aus strukturiertem Kalbsleder Garantiert | Herren Classic Textured Vamp Calf"},"content":{"rendered":"<h3>Erweitern Sie Ihre Schuhkollektion mit Premium Loafers aus strukturiertem Kalbsleder f\u00fcr Herren<\/h3>\n<p>Erleben Sie unvergleichlichen Stil und Komfort mit unserem hervorragenden <strong>Herren Loafers aus strukturiertem Kalbsleder<\/strong>. Diese Loafer wurden f\u00fcr den modernen Gentleman entworfen, der feine Handwerkskunst und einen Hauch einzigartiger Eleganz sch\u00e4tzt. Sie sind ein Beweis f\u00fcr \u00fcberlegene Qualit\u00e4t und zeitloses Design. Die auff\u00e4llige Kombination aus glattem, schwarzem Kalbsleder und einem markanten, strukturierten Vorderblatt hebt diese Schuhe von anderen ab und macht sie zu einem Muss f\u00fcr jede anspruchsvolle Garderobe.<\/p>\n<h3>Un\u00fcbertroffene Handwerkskunst und luxuri\u00f6se Materialien<\/h3>\n<p>Jedes Paar dieser klassischen Slipper wird in sorgf\u00e4ltiger Handarbeit hergestellt, um au\u00dfergew\u00f6hnliche Liebe zum Detail und Langlebigkeit zu gew\u00e4hrleisten. Das Obermaterial besteht aus echtem Kalbsleder, das f\u00fcr seine geschmeidige Textur, seine Widerstandsf\u00e4higkeit und seine anspruchsvolle Ausstrahlung bekannt ist. Erg\u00e4nzt wird dieses hochwertige \u00c4u\u00dfere durch ein aufw\u00e4ndiges Futter aus Ziegenleder, das f\u00fcr ein unglaublich weiches, atmungsaktives und komfortables Innenleben sorgt und Ihre F\u00fc\u00dfe bei jedem Schritt umschmeichelt. Dieses Engagement f\u00fcr die Verwendung der besten Materialien garantiert ein luxuri\u00f6ses Erlebnis von dem Moment an, in dem Sie sie anziehen.<\/p>\n<p>Das herausragende Merkmal dieser <strong>Herren Loafers aus strukturiertem Kalbsleder<\/strong> ist zweifelsohne das fesselnde strukturierte Vorderblatt. Dieses komplizierte, schuppenartige Muster in einem satten, tiefen Teal-Farbton bietet einen faszinierenden visuellen Kontrast zum schlichten schwarzen K\u00f6rper des Schuhs. Es ist ein k\u00fchnes und doch raffiniertes Detail, das Selbstvertrauen und Individualit\u00e4t ausstrahlt und es Ihnen erm\u00f6glicht, ein subtiles Statement zu setzen, ohne dabei auf klassische Eleganz zu verzichten. Die Schuhe sind in einer Reihe von Gr\u00f6\u00dfen von 40 bis 44 erh\u00e4ltlich, so dass sie perfekt zu einer Vielzahl von Kunden passen.<\/p>\n<h3>Komfort und Langlebigkeit f\u00fcr den modernen Menschen<\/h3>\n<p>Unter dem raffinierten \u00c4u\u00dferen verbirgt sich eine innovative EVA-Sohle. Diese leichte und flexible Sohle bietet hervorragende D\u00e4mpfung und Sto\u00dfabsorption, so dass diese Slipper auch bei l\u00e4ngerem Tragen bequem sind, egal ob Sie durch die Stra\u00dfen der Stadt fahren oder an einer langen Veranstaltung teilnehmen. Die EVA-Sohle bietet au\u00dferdem eine hohe Strapazierf\u00e4higkeit und Griffigkeit und sorgt f\u00fcr Stabilit\u00e4t und Langlebigkeit. Bei diesen Slippern geht es nicht nur um \u00c4sthetik; sie sind f\u00fcr dauerhaften Komfort und Leistung gebaut und verk\u00f6rpern die perfekte Mischung aus Stil und Zweckm\u00e4\u00dfigkeit.<\/p>\n<h3>Vielseitiger Stil f\u00fcr jede Gelegenheit<\/h3>\n<p>Unser <strong>Herren Loafers aus strukturiertem Kalbsleder<\/strong> sind unglaublich vielseitig und lassen sich m\u00fchelos von formellen Gesch\u00e4ftstreffen zu eleganten Abendveranstaltungen oder anspruchsvollen Freizeitausfl\u00fcgen tragen. Kombinieren Sie sie mit ma\u00dfgeschneiderten Anz\u00fcgen f\u00fcr einen scharfen, professionellen Look, oder kombinieren Sie sie mit schicken Chinos und einem Blazer f\u00fcr ein raffiniertes Wochenend-Ensemble. Dank ihrer klassischen Silhouette mit einem modernen Twist eignen sie sich f\u00fcr eine breite Palette von Modetrends und bieten endlose Stylingm\u00f6glichkeiten f\u00fcr M\u00e4nner, die sowohl Tradition als auch modernes Flair sch\u00e4tzen.<\/p>\n<h3>Gro\u00dfhandelschance<\/h3>\n<p>F\u00fcr Einzelh\u00e4ndler, die ihren Kunden hochwertige Herrenschuhe anbieten m\u00f6chten, sind diese exquisiten Loafer im Gro\u00dfhandel erh\u00e4ltlich. Mit einer Mindestbestellmenge von 16 Paaren k\u00f6nnen Sie sich leicht mit diesen gefragten Schuhen eindecken und Kunden bedienen, die Qualit\u00e4t, Stil und Komfort suchen. Erh\u00f6hen Sie Ihr Inventar mit unserer Kollektion von Luxusschuhen, die Zufriedenheit und anspruchsvolle Attraktivit\u00e4t versprechen.<\/p>","protected":false},"excerpt":{"rendered":"<ul>\n<li>Exquisites Obermaterial aus Kalbsleder mit einzigartigem, strukturiertem Vorderteil<\/li>\n<li>Luxuri\u00f6ses Ziegenlederfutter f\u00fcr h\u00f6chsten Komfort<\/li>\n<li>Leichte und strapazierf\u00e4hige EVA-Sohle f\u00fcr besseren Tragekomfort<\/li>\n<li>Klassisches Slip-on-Design, erh\u00e4ltlich in den Gr\u00f6\u00dfen 40-44<\/li>\n<li>Gro\u00dfhandelsm\u00f6glichkeiten bei einer Mindestbestellmenge von 16 Paaren<\/li>\n<\/ul>","protected":false},"featured_media":6985,"template":"","meta":{"_acf_changed":false,"_uag_custom_page_level_css":"","site-sidebar-layout":"default","site-content-layout":"","ast-site-content-layout":"default","site-content-style":"default","site-sidebar-style":"default","ast-global-header-display":"","ast-banner-title-visibility":"","ast-main-header-display":"","ast-hfb-above-header-display":"","ast-hfb-below-header-display":"","ast-hfb-mobile-header-display":"","site-post-title":"","ast-breadcrumbs-content":"","ast-featured-img":"","footer-sml-layout":"","ast-disable-related-posts":"","theme-transparent-header-meta":"","adv-header-id-meta":"","stick-header-meta":"","header-above-stick-meta":"","header-main-stick-meta":"","header-below-stick-meta":"","astra-migrate-meta-layouts":"default","ast-page-background-enabled":"default","ast-page-background-meta":{"desktop":{"background-color":"var(--ast-global-color-4)","background-image":"","background-repeat":"repeat","background-position":"center center","background-size":"auto","background-attachment":"scroll","background-type":"","background-media":"","overlay-type":"","overlay-color":"","overlay-opacity":"","overlay-gradient":""},"tablet":{"background-color":"","background-image":"","background-repeat":"repeat","background-position":"center center","background-size":"auto","background-attachment":"scroll","background-type":"","background-media":"","overlay-type":"","overlay-color":"","overlay-opacity":"","overlay-gradient":""},"mobile":{"background-color":"","background-image":"","background-repeat":"repeat","background-position":"center center","background-size":"auto","background-attachment":"scroll","background-type":"","background-media":"","overlay-type":"","overlay-color":"","overlay-opacity":"","overlay-gradient":""}},"ast-content-background-meta":{"desktop":{"background-color":"var(--ast-global-color-5)","background-image":"","background-repeat":"repeat","background-position":"center center","background-size":"auto","background-attachment":"scroll","background-type":"","background-media":"","overlay-type":"","overlay-color":"","overlay-opacity":"","overlay-gradient":""},"tablet":{"background-color":"var(--ast-global-color-5)","background-image":"","background-repeat":"repeat","background-position":"center center","background-size":"auto","background-attachment":"scroll","background-type":"","background-media":"","overlay-type":"","overlay-color":"","overlay-opacity":"","overlay-gradient":""},"mobile":{"background-color":"var(--ast-global-color-5)","background-image":"","background-repeat":"repeat","background-position":"center center","background-size":"auto","background-attachment":"scroll","background-type":"","background-media":"","overlay-type":"","overlay-color":"","overlay-opacity":"","overlay-gradient":""}}},"product_brand":[],"product_cat":[47,430,1200],"product_tag":[185,457,438,959,189,786,186,184,1403],"class_list":{"0":"post-8110","1":"product","2":"type-product","3":"status-publish","4":"has-post-thumbnail","6":"product_cat-classic","7":"product_cat-men","8":"product_cat-mens-shoes-2","9":"product_tag-calf-leather-shoes","10":"product_tag-classic-loafers","11":"product_tag-eva-sole","12":"product_tag-formal-casual-shoes","13":"product_tag-goat-leather-lining","14":"product_tag-handcrafted-footwear","15":"product_tag-mens-loafers","16":"product_tag-slip-on-shoes","17":"product_tag-textured-vamp","18":"desktop-align-center","19":"tablet-align-center","20":"mobile-align-center","22":"first","23":"instock","24":"shipping-taxable","25":"purchasable","26":"product-type-variable","27":"has-default-attributes"},"acf":[],"uagb_featured_image_src":{"full":["https:\/\/turkishtrade.co\/wp-content\/uploads\/2026\/01\/2600NZTMN00012-BLACK.png",453,250,false],"thumbnail":["https:\/\/turkishtrade.co\/wp-content\/uploads\/2026\/01\/2600NZTMN00012-BLACK-150x150.png",150,150,true],"medium":["https:\/\/turkishtrade.co\/wp-content\/uploads\/2026\/01\/2600NZTMN00012-BLACK-300x166.png",300,166,true],"medium_large":["https:\/\/turkishtrade.co\/wp-content\/uploads\/2026\/01\/2600NZTMN00012-BLACK.png",453,250,false],"large":["https:\/\/turkishtrade.co\/wp-content\/uploads\/2026\/01\/2600NZTMN00012-BLACK.png",453,250,false],"1536x1536":["https:\/\/turkishtrade.co\/wp-content\/uploads\/2026\/01\/2600NZTMN00012-BLACK.png",453,250,false],"2048x2048":["https:\/\/turkishtrade.co\/wp-content\/uploads\/2026\/01\/2600NZTMN00012-BLACK.png",453,250,false],"trp-custom-language-flag":["https:\/\/turkishtrade.co\/wp-content\/uploads\/2026\/01\/2600NZTMN00012-BLACK-18x10.png",18,10,true],"woocommerce_thumbnail":["https:\/\/turkishtrade.co\/wp-content\/uploads\/2026\/01\/2600NZTMN00012-BLACK-400x250.png",400,250,true],"woocommerce_single":["https:\/\/turkishtrade.co\/wp-content\/uploads\/2026\/01\/2600NZTMN00012-BLACK.png",453,250,false],"woocommerce_gallery_thumbnail":["https:\/\/turkishtrade.co\/wp-content\/uploads\/2026\/01\/2600NZTMN00012-BLACK-100x100.png",100,100,true]},"uagb_author_info":{"display_name":"python python","author_link":"https:\/\/turkishtrade.co\/de\/author\/"},"uagb_comment_info":0,"uagb_excerpt":"Exquisite calf leather upper with unique textured vamp Luxurious goat leather lining for supreme comfort Lightweight and durable EVA sole for enhanced wearability Classic slip-on design available in sizes 40-44 Wholesale opportunities available with a minimum order of 16 pairs","_links":{"self":[{"href":"https:\/\/turkishtrade.co\/de\/wp-json\/wp\/v2\/product\/8110","targetHints":{"allow":["GET"]}}],"collection":[{"href":"https:\/\/turkishtrade.co\/de\/wp-json\/wp\/v2\/product"}],"about":[{"href":"https:\/\/turkishtrade.co\/de\/wp-json\/wp\/v2\/types\/product"}],"wp:featuredmedia":[{"embeddable":true,"href":"https:\/\/turkishtrade.co\/de\/wp-json\/wp\/v2\/media\/6985"}],"wp:attachment":[{"href":"https:\/\/turkishtrade.co\/de\/wp-json\/wp\/v2\/media?parent=8110"}],"wp:term":[{"taxonomy":"product_brand","embeddable":true,"href":"https:\/\/turkishtrade.co\/de\/wp-json\/wp\/v2\/product_brand?post=8110"},{"taxonomy":"product_cat","embeddable":true,"href":"https:\/\/turkishtrade.co\/de\/wp-json\/wp\/v2\/product_cat?post=8110"},{"taxonomy":"product_tag","embeddable":true,"href":"https:\/\/turkishtrade.co\/de\/wp-json\/wp\/v2\/product_tag?post=8110"}],"curies":[{"name":"wp","href":"https:\/\/api.w.org\/{rel}","templated":true}]}}