{"id":8108,"date":"2026-01-29T14:47:41","date_gmt":"2026-01-29T14:47:41","guid":{"rendered":"https:\/\/turkishtrade.co\/?post_type=product&#038;p=8108"},"modified":"2026-04-09T20:36:11","modified_gmt":"2026-04-09T20:36:11","slug":"mens-black-leather-dress-shoes-4","status":"publish","type":"product","link":"https:\/\/turkishtrade.co\/de\/shop\/mens-black-leather-dress-shoes-4\/","title":{"rendered":"M\u00e4nner Schwarz Leder Kleid Schuhe Authentic | Classic Schwarz Kalb Leder M\u00e4nner"},"content":{"rendered":"<p><strong>Schwarze Lederschuhe f\u00fcr M\u00e4nner<\/strong>. Authentische Qualit\u00e4t und Design.<\/p>\n<p>Entdecken Sie den Inbegriff von zeitloser Eleganz und unvergleichlichem Komfort mit unseren Classic Black Calf Leather Men's Dress Shoes. Sorgf\u00e4ltig gefertigt f\u00fcr den anspruchsvollen Gentleman, sind diese exquisiten <\/p>\n<p>Schwarze Lederschuhe f\u00fcr M\u00e4nner<\/p>\n<p> sind so konzipiert, dass sie ein Statement abgeben, egal ob Sie zu einem wichtigen Gesch\u00e4ftstreffen, einer formellen Veranstaltung oder einer besonderen Feier gehen. Jedes Paar verk\u00f6rpert die perfekte Mischung aus traditioneller Handwerkskunst und modernem Komfort und sorgt daf\u00fcr, dass Sie sich wohlf\u00fchlen und gut aussehen.<\/p>\n<h3>Hochwertige Materialien f\u00fcr beste Qualit\u00e4t<\/h3>\n<p>Das Herzst\u00fcck dieser au\u00dfergew\u00f6hnlichen <\/p>\n<p>Schwarze Lederschuhe f\u00fcr M\u00e4nner<\/p>\n<p> ist die Wahl der hochwertigen Materialien. Das Obermaterial besteht aus hochwertigem Kalbsleder, das f\u00fcr seine geschmeidige Textur, seine Langlebigkeit und seine F\u00e4higkeit, mit der Zeit eine reiche Patina zu entwickeln, bekannt ist. Das schlichte schwarze Finish, erg\u00e4nzt durch ein subtiles Strukturmuster auf den Quartieren, sorgt f\u00fcr eine anspruchsvolle \u00c4sthetik, die sowohl vielseitig als auch best\u00e4ndig ist. Innen werden Ihre F\u00fc\u00dfe von einem weichen und atmungsaktiven Futter aus Ziegenleder umschmeichelt, das ein luxuri\u00f6ses Gef\u00fchl vermittelt und eine gute Luftzirkulation f\u00f6rdert, damit Sie sich den ganzen Tag \u00fcber wohl f\u00fchlen.<\/p>\n<h3>Un\u00fcbertroffener Komfort und klassisches Design<\/h3>\n<p>Abgesehen von ihrem auff\u00e4lligen \u00c4u\u00dferen, sind diese <\/p>\n<p>Schwarze Lederschuhe f\u00fcr M\u00e4nner<\/p>\n<p> stellen Ihren Komfort in den Vordergrund. Die leichte und flexible EVA-Sohle bietet hervorragende D\u00e4mpfung und Unterst\u00fctzung und absorbiert den Aufprall bei jedem Schritt. Diese moderne Sohlentechnologie sorgt daf\u00fcr, dass Sie stundenlang auf den Beinen bleiben k\u00f6nnen, ohne zu erm\u00fcden, und macht sie ideal f\u00fcr lange Tage im B\u00fcro oder ausgedehnte Abendveranstaltungen. Die klassische Schn\u00fcrung sorgt f\u00fcr eine sichere und verstellbare Passform, w\u00e4hrend die raffinierte Silhouette diese Schuhe zu einer unverzichtbaren Erg\u00e4nzung f\u00fcr jede formelle Garderobe macht. Erh\u00e4ltlich in den Gr\u00f6\u00dfen 40 bis 44, finden Sie m\u00fchelos Ihre perfekte Passform.<\/p>\n<h3>Vielseitigkeit f\u00fcr jede Gelegenheit<\/h3>\n<p>Unsere klassischen schwarzen Kalbslederschuhe f\u00fcr Herren sind mehr als nur Schuhe; sie sind eine Investition in Stil und Vielseitigkeit. Dank ihres klassischen Designs eignen sie sich f\u00fcr eine Vielzahl von Anl\u00e4ssen und lassen sich nahtlos mit Anz\u00fcgen, Smokings und sogar eleganten Freizeitanz\u00fcgen kombinieren. Werten Sie Ihre Berufskleidung auf, ziehen Sie bei gesellschaftlichen Anl\u00e4ssen die Blicke auf sich, oder genie\u00dfen Sie einfach den raffinierten Komfort von fachm\u00e4nnisch gefertigtem Schuhwerk. F\u00fcr Unternehmen, die hochwertige Produkte anbieten m\u00f6chten, sind diese <\/p>\n<p>Schwarze Lederschuhe f\u00fcr M\u00e4nner<\/p>\n<p> sind im Gro\u00dfhandel ab einer Mindestbestellmenge von 16 Paar erh\u00e4ltlich und damit eine ausgezeichnete Wahl f\u00fcr Einzelh\u00e4ndler, die hochwertige Herrenschuhe suchen.<\/p>","protected":false},"excerpt":{"rendered":"<ul>\n<li>Exquisites Obermaterial aus Kalbsleder f\u00fcr ein anspruchsvolles Finish<\/li>\n<li>Luxuri\u00f6ses Ziegenlederfutter f\u00fcr au\u00dfergew\u00f6hnlichen Komfort<\/li>\n<li>Leichte und flexible EVA-Sohle f\u00fcr ganzt\u00e4gigen Tragekomfort<\/li>\n<li>Zeitlos klassisches Design, perfekt f\u00fcr formelle und gesch\u00e4ftliche Anl\u00e4sse<\/li>\n<li>Gro\u00dfhandel mit einer Mindestbestellmenge von 16 Paaren m\u00f6glich<\/li>\n<\/ul>","protected":false},"featured_media":6982,"template":"","meta":{"_acf_changed":false,"_uag_custom_page_level_css":"","site-sidebar-layout":"default","site-content-layout":"","ast-site-content-layout":"default","site-content-style":"default","site-sidebar-style":"default","ast-global-header-display":"","ast-banner-title-visibility":"","ast-main-header-display":"","ast-hfb-above-header-display":"","ast-hfb-below-header-display":"","ast-hfb-mobile-header-display":"","site-post-title":"","ast-breadcrumbs-content":"","ast-featured-img":"","footer-sml-layout":"","ast-disable-related-posts":"","theme-transparent-header-meta":"","adv-header-id-meta":"","stick-header-meta":"","header-above-stick-meta":"","header-main-stick-meta":"","header-below-stick-meta":"","astra-migrate-meta-layouts":"default","ast-page-background-enabled":"default","ast-page-background-meta":{"desktop":{"background-color":"var(--ast-global-color-4)","background-image":"","background-repeat":"repeat","background-position":"center center","background-size":"auto","background-attachment":"scroll","background-type":"","background-media":"","overlay-type":"","overlay-color":"","overlay-opacity":"","overlay-gradient":""},"tablet":{"background-color":"","background-image":"","background-repeat":"repeat","background-position":"center center","background-size":"auto","background-attachment":"scroll","background-type":"","background-media":"","overlay-type":"","overlay-color":"","overlay-opacity":"","overlay-gradient":""},"mobile":{"background-color":"","background-image":"","background-repeat":"repeat","background-position":"center center","background-size":"auto","background-attachment":"scroll","background-type":"","background-media":"","overlay-type":"","overlay-color":"","overlay-opacity":"","overlay-gradient":""}},"ast-content-background-meta":{"desktop":{"background-color":"var(--ast-global-color-5)","background-image":"","background-repeat":"repeat","background-position":"center center","background-size":"auto","background-attachment":"scroll","background-type":"","background-media":"","overlay-type":"","overlay-color":"","overlay-opacity":"","overlay-gradient":""},"tablet":{"background-color":"var(--ast-global-color-5)","background-image":"","background-repeat":"repeat","background-position":"center center","background-size":"auto","background-attachment":"scroll","background-type":"","background-media":"","overlay-type":"","overlay-color":"","overlay-opacity":"","overlay-gradient":""},"mobile":{"background-color":"var(--ast-global-color-5)","background-image":"","background-repeat":"repeat","background-position":"center center","background-size":"auto","background-attachment":"scroll","background-type":"","background-media":"","overlay-type":"","overlay-color":"","overlay-opacity":"","overlay-gradient":""}}},"product_brand":[],"product_cat":[47,430,1200],"product_tag":[196,405,202,754,438,251,189,324,254],"class_list":{"0":"post-8108","1":"product","2":"type-product","3":"status-publish","4":"has-post-thumbnail","6":"product_cat-classic","7":"product_cat-men","8":"product_cat-mens-shoes-2","9":"product_tag-black-leather-shoes","10":"product_tag-business-shoes","11":"product_tag-calf-leather","12":"product_tag-classic-mens-shoes","13":"product_tag-eva-sole","14":"product_tag-formal-shoes","15":"product_tag-goat-leather-lining","16":"product_tag-mens-dress-shoes","17":"product_tag-wholesale-footwear","18":"desktop-align-center","19":"tablet-align-center","20":"mobile-align-center","22":"first","23":"instock","24":"shipping-taxable","25":"purchasable","26":"product-type-variable","27":"has-default-attributes"},"acf":[],"uagb_featured_image_src":{"full":["https:\/\/turkishtrade.co\/wp-content\/uploads\/2026\/01\/2600NZTMN00010-BLACK.png",453,250,false],"thumbnail":["https:\/\/turkishtrade.co\/wp-content\/uploads\/2026\/01\/2600NZTMN00010-BLACK-150x150.png",150,150,true],"medium":["https:\/\/turkishtrade.co\/wp-content\/uploads\/2026\/01\/2600NZTMN00010-BLACK-300x166.png",300,166,true],"medium_large":["https:\/\/turkishtrade.co\/wp-content\/uploads\/2026\/01\/2600NZTMN00010-BLACK.png",453,250,false],"large":["https:\/\/turkishtrade.co\/wp-content\/uploads\/2026\/01\/2600NZTMN00010-BLACK.png",453,250,false],"1536x1536":["https:\/\/turkishtrade.co\/wp-content\/uploads\/2026\/01\/2600NZTMN00010-BLACK.png",453,250,false],"2048x2048":["https:\/\/turkishtrade.co\/wp-content\/uploads\/2026\/01\/2600NZTMN00010-BLACK.png",453,250,false],"trp-custom-language-flag":["https:\/\/turkishtrade.co\/wp-content\/uploads\/2026\/01\/2600NZTMN00010-BLACK-18x10.png",18,10,true],"woocommerce_thumbnail":["https:\/\/turkishtrade.co\/wp-content\/uploads\/2026\/01\/2600NZTMN00010-BLACK-400x250.png",400,250,true],"woocommerce_single":["https:\/\/turkishtrade.co\/wp-content\/uploads\/2026\/01\/2600NZTMN00010-BLACK.png",453,250,false],"woocommerce_gallery_thumbnail":["https:\/\/turkishtrade.co\/wp-content\/uploads\/2026\/01\/2600NZTMN00010-BLACK-100x100.png",100,100,true]},"uagb_author_info":{"display_name":"python python","author_link":"https:\/\/turkishtrade.co\/de\/author\/"},"uagb_comment_info":0,"uagb_excerpt":"Exquisite calf leather upper for a sophisticated finish Luxurious goat leather lining ensures exceptional comfort Lightweight and flexible EVA sole for all-day wear Timeless classic design, perfect for formal and business occasions Wholesale available with a minimum order of 16 pairs","_links":{"self":[{"href":"https:\/\/turkishtrade.co\/de\/wp-json\/wp\/v2\/product\/8108","targetHints":{"allow":["GET"]}}],"collection":[{"href":"https:\/\/turkishtrade.co\/de\/wp-json\/wp\/v2\/product"}],"about":[{"href":"https:\/\/turkishtrade.co\/de\/wp-json\/wp\/v2\/types\/product"}],"wp:featuredmedia":[{"embeddable":true,"href":"https:\/\/turkishtrade.co\/de\/wp-json\/wp\/v2\/media\/6982"}],"wp:attachment":[{"href":"https:\/\/turkishtrade.co\/de\/wp-json\/wp\/v2\/media?parent=8108"}],"wp:term":[{"taxonomy":"product_brand","embeddable":true,"href":"https:\/\/turkishtrade.co\/de\/wp-json\/wp\/v2\/product_brand?post=8108"},{"taxonomy":"product_cat","embeddable":true,"href":"https:\/\/turkishtrade.co\/de\/wp-json\/wp\/v2\/product_cat?post=8108"},{"taxonomy":"product_tag","embeddable":true,"href":"https:\/\/turkishtrade.co\/de\/wp-json\/wp\/v2\/product_tag?post=8108"}],"curies":[{"name":"wp","href":"https:\/\/api.w.org\/{rel}","templated":true}]}}