{"id":8088,"date":"2026-01-29T14:47:27","date_gmt":"2026-01-29T14:47:27","guid":{"rendered":"https:\/\/turkishtrade.co\/?post_type=product&#038;p=8088"},"modified":"2026-04-09T20:36:24","modified_gmt":"2026-04-09T20:36:24","slug":"mens-black-tassel-loafers","status":"publish","type":"product","link":"https:\/\/turkishtrade.co\/de\/shop\/mens-black-tassel-loafers\/","title":{"rendered":"Herren Schwarz Tassel Loafers Proven | Herren Classic Schwarz Kalbsleder"},"content":{"rendered":"<p><strong>Herren Loafers mit Quasten in Schwarz<\/strong>. Bew\u00e4hrte Qualit\u00e4t und Design.<\/p>\n<p>Entdecken Sie den Inbegriff klassischer Raffinesse mit unseren hochwertigen <strong>Herren Loafers mit Quasten in Schwarz<\/strong>. Diese exquisiten Schuhe wurden f\u00fcr den anspruchsvollen Gentleman entworfen und verbinden nahtlos traditionellen Stil mit modernem Komfort. Jedes Detail dieser Loafer zeugt von der Tradition feiner Schuhmacherkunst und macht sie zu einer unverzichtbaren Erg\u00e4nzung f\u00fcr jede elegante Garderobe. Egal, ob Sie an einer formellen Veranstaltung teilnehmen, ins B\u00fcro gehen oder ein anspruchsvolles gesellschaftliches Beisammensein genie\u00dfen, diese <strong>Herren Loafer mit Quaste schwarz<\/strong> sorgen Sie f\u00fcr ein geschmackvolles Auftreten.<\/p>\n<h3>Unvergleichliche Handwerkskunst und Materialien<\/h3>\n<p>Das Herzst\u00fcck dieser eleganten Schuhe ist das unbedingte Engagement f\u00fcr Qualit\u00e4t. Das Obermaterial besteht aus echtem Kalbsleder, das aufgrund seiner glatten Textur, seines nat\u00fcrlichen Glanzes und seiner bemerkenswerten Strapazierf\u00e4higkeit sorgf\u00e4ltig verarbeitet wurde. Dieses hochwertige Kalbsleder sorgt daf\u00fcr, dass Ihre <strong>Herren Loafers mit Quasten in Schwarz<\/strong> sehen nicht nur spektakul\u00e4r aus, sondern halten auch der Zeit stand und entwickeln mit der Zeit eine einzigartige Patina. Das robuste \u00c4u\u00dfere wird durch ein herrlich weiches Futter aus Ziegenleder erg\u00e4nzt, das Ihre F\u00fc\u00dfe bequem umschmeichelt. Ziegenleder ist bekannt f\u00fcr seine Atmungsaktivit\u00e4t und Biegsamkeit. Es bietet ein luxuri\u00f6ses Gef\u00fchl und hilft, Ihre F\u00fc\u00dfe den ganzen Tag \u00fcber k\u00fchl und trocken zu halten.<\/p>\n<h3>Entworfen f\u00fcr Komfort und Stil<\/h3>\n<p>Komfort ist das A und O, und diese klassischen <strong>Herren Loafers mit Quasten in Schwarz<\/strong> liefern. Die leichte EVA-Sohle bietet au\u00dfergew\u00f6hnliche D\u00e4mpfung und Flexibilit\u00e4t und reduziert die Erm\u00fcdung auch nach langen Stunden des Tragens. Die robuste Konstruktion bietet zuverl\u00e4ssige Traktion und sorgt f\u00fcr Stabilit\u00e4t auf verschiedenen Oberfl\u00e4chen. Die kultige Quaste auf dem Vorderblatt verleiht dem Schuh einen Hauch von besonderem Charme und erh\u00f6ht seine \u00c4sthetik, ohne seine zeitlose Eleganz zu beeintr\u00e4chtigen. Erh\u00e4ltlich in einer breiten Palette von EU-Gr\u00f6\u00dfen von 40 bis 44, ist es m\u00fchelos, die perfekte Passform zu finden, und garantiert ein ma\u00dfgeschneidertes Gef\u00fchl f\u00fcr jeden Tr\u00e4ger.<\/p>\n<h3>Vielseitige Eleganz f\u00fcr jede Gelegenheit<\/h3>\n<p>Die Vielseitigkeit dieser <strong>Herren Loafers mit Quasten in Schwarz<\/strong> macht sie zu einem Eckpfeiler eines jeden stilvollen Ensembles. Kombinieren Sie sie mit einem scharfen Business-Anzug f\u00fcr einen gl\u00e4nzenden professionellen Look, oder tragen Sie sie mit Chinos und einem Blazer f\u00fcr eine l\u00e4ssige \u00c4sthetik. Ihr elegantes schwarzes Finish und ihr klassisches Design machen sie f\u00fcr eine breite Palette von Anl\u00e4ssen geeignet, von Gesch\u00e4ftstreffen und formellen Abendessen bis hin zu Wochenend-Brunches und feierlichen Veranstaltungen. Investieren Sie in Schuhe, die \u00fcber Trends hinausgehen und dauerhaften Stil und Komfort bieten. F\u00fcr Unternehmen, die hochwertige Schuhe anbieten m\u00f6chten, sind diese klassischen Loafer ab einer Mindestbestellmenge von 16 Paar im Gro\u00dfhandel erh\u00e4ltlich und eignen sich perfekt zur Erweiterung Ihrer Premium-Kollektion.<\/p>","protected":false},"excerpt":{"rendered":"<ul>\n<li>Erleben Sie zeitlose Eleganz mit diesen klassischen schwarzen Herren-Slippern mit Quasten.<\/li>\n<li>Gefertigt aus hochwertigem Kalbsleder f\u00fcr ein elegantes, poliertes Finish.<\/li>\n<li>Luxuri\u00f6ses Ziegenlederfutter sorgt f\u00fcr au\u00dfergew\u00f6hnlichen Komfort und Atmungsaktivit\u00e4t.<\/li>\n<li>Die leichte und strapazierf\u00e4hige EVA-Sohle sorgt f\u00fcr hervorragenden Halt und ganzt\u00e4gigen Tragekomfort.<\/li>\n<li>Erh\u00e4ltlich in den EU-Gr\u00f6\u00dfen 40, 41, 42, 43 und 44, um eine perfekte Passform zu gew\u00e4hrleisten.<\/li>\n<li>Mindestbestellmenge von 16 Paaren f\u00fcr den Gro\u00dfhandel erh\u00e4ltlich.<\/li>\n<\/ul>","protected":false},"featured_media":6978,"template":"","meta":{"_acf_changed":false,"_uag_custom_page_level_css":"","site-sidebar-layout":"default","site-content-layout":"","ast-site-content-layout":"default","site-content-style":"default","site-sidebar-style":"default","ast-global-header-display":"","ast-banner-title-visibility":"","ast-main-header-display":"","ast-hfb-above-header-display":"","ast-hfb-below-header-display":"","ast-hfb-mobile-header-display":"","site-post-title":"","ast-breadcrumbs-content":"","ast-featured-img":"","footer-sml-layout":"","ast-disable-related-posts":"","theme-transparent-header-meta":"","adv-header-id-meta":"","stick-header-meta":"","header-above-stick-meta":"","header-main-stick-meta":"","header-below-stick-meta":"","astra-migrate-meta-layouts":"default","ast-page-background-enabled":"default","ast-page-background-meta":{"desktop":{"background-color":"var(--ast-global-color-4)","background-image":"","background-repeat":"repeat","background-position":"center center","background-size":"auto","background-attachment":"scroll","background-type":"","background-media":"","overlay-type":"","overlay-color":"","overlay-opacity":"","overlay-gradient":""},"tablet":{"background-color":"","background-image":"","background-repeat":"repeat","background-position":"center center","background-size":"auto","background-attachment":"scroll","background-type":"","background-media":"","overlay-type":"","overlay-color":"","overlay-opacity":"","overlay-gradient":""},"mobile":{"background-color":"","background-image":"","background-repeat":"repeat","background-position":"center center","background-size":"auto","background-attachment":"scroll","background-type":"","background-media":"","overlay-type":"","overlay-color":"","overlay-opacity":"","overlay-gradient":""}},"ast-content-background-meta":{"desktop":{"background-color":"var(--ast-global-color-5)","background-image":"","background-repeat":"repeat","background-position":"center center","background-size":"auto","background-attachment":"scroll","background-type":"","background-media":"","overlay-type":"","overlay-color":"","overlay-opacity":"","overlay-gradient":""},"tablet":{"background-color":"var(--ast-global-color-5)","background-image":"","background-repeat":"repeat","background-position":"center center","background-size":"auto","background-attachment":"scroll","background-type":"","background-media":"","overlay-type":"","overlay-color":"","overlay-opacity":"","overlay-gradient":""},"mobile":{"background-color":"var(--ast-global-color-5)","background-image":"","background-repeat":"repeat","background-position":"center center","background-size":"auto","background-attachment":"scroll","background-type":"","background-media":"","overlay-type":"","overlay-color":"","overlay-opacity":"","overlay-gradient":""}}},"product_brand":[],"product_cat":[47,430,1200],"product_tag":[370,185,754,438,251,1249,186,280,349,254],"class_list":{"0":"post-8088","1":"product","2":"type-product","3":"status-publish","4":"has-post-thumbnail","6":"product_cat-classic","7":"product_cat-men","8":"product_cat-mens-shoes-2","9":"product_tag-black-loafers","10":"product_tag-calf-leather-shoes","11":"product_tag-classic-mens-shoes","12":"product_tag-eva-sole","13":"product_tag-formal-shoes","14":"product_tag-goat-lining","15":"product_tag-mens-loafers","16":"product_tag-smart-casual-shoes","17":"product_tag-tassel-loafers","18":"product_tag-wholesale-footwear","19":"desktop-align-center","20":"tablet-align-center","21":"mobile-align-center","23":"first","24":"instock","25":"shipping-taxable","26":"purchasable","27":"product-type-variable","28":"has-default-attributes"},"acf":[],"uagb_featured_image_src":{"full":["https:\/\/turkishtrade.co\/wp-content\/uploads\/2026\/01\/2600NZTMN00006-BLACK.png",453,250,false],"thumbnail":["https:\/\/turkishtrade.co\/wp-content\/uploads\/2026\/01\/2600NZTMN00006-BLACK-150x150.png",150,150,true],"medium":["https:\/\/turkishtrade.co\/wp-content\/uploads\/2026\/01\/2600NZTMN00006-BLACK-300x166.png",300,166,true],"medium_large":["https:\/\/turkishtrade.co\/wp-content\/uploads\/2026\/01\/2600NZTMN00006-BLACK.png",453,250,false],"large":["https:\/\/turkishtrade.co\/wp-content\/uploads\/2026\/01\/2600NZTMN00006-BLACK.png",453,250,false],"1536x1536":["https:\/\/turkishtrade.co\/wp-content\/uploads\/2026\/01\/2600NZTMN00006-BLACK.png",453,250,false],"2048x2048":["https:\/\/turkishtrade.co\/wp-content\/uploads\/2026\/01\/2600NZTMN00006-BLACK.png",453,250,false],"trp-custom-language-flag":["https:\/\/turkishtrade.co\/wp-content\/uploads\/2026\/01\/2600NZTMN00006-BLACK-18x10.png",18,10,true],"woocommerce_thumbnail":["https:\/\/turkishtrade.co\/wp-content\/uploads\/2026\/01\/2600NZTMN00006-BLACK-400x250.png",400,250,true],"woocommerce_single":["https:\/\/turkishtrade.co\/wp-content\/uploads\/2026\/01\/2600NZTMN00006-BLACK.png",453,250,false],"woocommerce_gallery_thumbnail":["https:\/\/turkishtrade.co\/wp-content\/uploads\/2026\/01\/2600NZTMN00006-BLACK-100x100.png",100,100,true]},"uagb_author_info":{"display_name":"python python","author_link":"https:\/\/turkishtrade.co\/de\/author\/"},"uagb_comment_info":0,"uagb_excerpt":"Experience timeless elegance with these classic men's black tassel loafers. Crafted from high-quality genuine calf leather for a sleek, polished finish. Luxurious goat leather lining ensures exceptional comfort and breathability. Lightweight and durable EVA sole provides superior grip and all-day wearability. Available in EU sizes 40, 41, 42, 43, 44 to ensure a perfect fit.&hellip;","_links":{"self":[{"href":"https:\/\/turkishtrade.co\/de\/wp-json\/wp\/v2\/product\/8088","targetHints":{"allow":["GET"]}}],"collection":[{"href":"https:\/\/turkishtrade.co\/de\/wp-json\/wp\/v2\/product"}],"about":[{"href":"https:\/\/turkishtrade.co\/de\/wp-json\/wp\/v2\/types\/product"}],"wp:featuredmedia":[{"embeddable":true,"href":"https:\/\/turkishtrade.co\/de\/wp-json\/wp\/v2\/media\/6978"}],"wp:attachment":[{"href":"https:\/\/turkishtrade.co\/de\/wp-json\/wp\/v2\/media?parent=8088"}],"wp:term":[{"taxonomy":"product_brand","embeddable":true,"href":"https:\/\/turkishtrade.co\/de\/wp-json\/wp\/v2\/product_brand?post=8088"},{"taxonomy":"product_cat","embeddable":true,"href":"https:\/\/turkishtrade.co\/de\/wp-json\/wp\/v2\/product_cat?post=8088"},{"taxonomy":"product_tag","embeddable":true,"href":"https:\/\/turkishtrade.co\/de\/wp-json\/wp\/v2\/product_tag?post=8088"}],"curies":[{"name":"wp","href":"https:\/\/api.w.org\/{rel}","templated":true}]}}