{"id":8085,"date":"2026-01-29T14:47:26","date_gmt":"2026-01-29T14:47:26","guid":{"rendered":"https:\/\/turkishtrade.co\/?post_type=product&#038;p=8085"},"modified":"2026-04-09T20:36:35","modified_gmt":"2026-04-09T20:36:35","slug":"mens-classic-calfskin-loafers","status":"publish","type":"product","link":"https:\/\/turkishtrade.co\/de\/shop\/mens-classic-calfskin-loafers\/","title":{"rendered":"Herren Klassische Kalbsleder Loafers Unschlagbar | Herren Schwarz Klassische Kalbsleder Loafers"},"content":{"rendered":"<p>Wir stellen vor: unser exquisites <strong>Klassische Herren Loafers aus Kalbsleder<\/strong>, Diese sorgf\u00e4ltig gefertigten Loafers werten Ihre Schuhsammlung auf. Diese atemberaubenden Loafer verk\u00f6rpern zeitlose Eleganz und moderne Raffinesse, was sie zu einer unverzichtbaren Erg\u00e4nzung der Garderobe jedes anspruchsvollen Gentleman macht. Entworfen f\u00fcr Stil und Komfort, sind diese <strong>Herren-Slipper aus Kalbsleder<\/strong> eignen sich f\u00fcr eine Vielzahl von Anl\u00e4ssen, von wichtigen Gesch\u00e4ftstreffen bis hin zu anspruchsvollen gesellschaftlichen Veranstaltungen.<\/p>\n<h3>Unerreichte Qualit\u00e4t und Handwerkskunst<\/h3>\n<p>Jedes Paar dieser <strong>Klassische Herren Loafers aus Kalbsleder<\/strong> hat ein hochwertiges Obermaterial aus \u2018Dana Deri\u2019 (Kalbsleder), das f\u00fcr einen luxuri\u00f6sen und zugleich langlebigen Look sorgt. Das schlichte schwarze Finish, erg\u00e4nzt durch ein subtil strukturiertes Vorderblatt, sorgt f\u00fcr einen unverwechselbaren visuellen Reiz, der diese Slipper von anderen abhebt. Das hochwertige Kalbsleder sorgt f\u00fcr Langlebigkeit und entwickelt mit der Zeit eine sch\u00f6ne Patina, was diese Slipper zu einer dauerhaften Investition macht. Im Inneren werden Ihre F\u00fc\u00dfe dank des \u2018keci astar\u2019 (Ziegenlederfutter) einen unvergleichlichen Komfort erleben. Dieses weiche, atmungsaktive Futter leitet Feuchtigkeit ab und sorgt daf\u00fcr, dass Ihre F\u00fc\u00dfe den ganzen Tag \u00fcber trocken und bequem bleiben, auch bei l\u00e4ngerem Tragen.<\/p>\n<h3>\u00dcberragender Komfort mit EVA-Sohle<\/h3>\n<p>Komfort ist das A und O, und das bieten diese klassischen Loafer. Sie bestehen aus einer leichten und dennoch robusten \u2018eva taban\u2019 (EVA-Sohle), die f\u00fcr ihre hervorragenden D\u00e4mpfungseigenschaften und Flexibilit\u00e4t bekannt ist. Dieses innovative Sohlenmaterial bietet eine hervorragende Sto\u00dfd\u00e4mpfung, die Erm\u00fcdungserscheinungen reduziert und bei jedem Schritt f\u00fcr ein angenehmes Laufgef\u00fchl sorgt. Die strapazierf\u00e4hige EVA-Sohle bietet au\u00dferdem zuverl\u00e4ssigen Halt und Traktion, was die Stabilit\u00e4t auf verschiedenen Untergr\u00fcnden erh\u00f6ht. Egal, ob Sie durch die Stra\u00dfen der Stadt fahren oder lange stehen, diese <strong>Herren-Slipper aus Kalbsleder<\/strong> versprechen dauerhaften Komfort, ohne Kompromisse beim Stil einzugehen.<\/p>\n<h3>Vielseitiger Stil f\u00fcr jede Gelegenheit<\/h3>\n<p>Unser <strong>Schwarze klassische Herren-Slipper aus Kalbsleder<\/strong> sind so konzipiert, dass sie unglaublich vielseitig sind. Dank ihrer klassischen \u00c4sthetik sind sie ideal f\u00fcr formelle Anl\u00e4sse und lassen sich nahtlos mit Anz\u00fcgen, Blazern und Anzughosen kombinieren. Dank ihrer raffinierten Eleganz k\u00f6nnen sie aber auch zu l\u00e4ssigen Outfits wie Chinos oder dunklen Jeans getragen werden und verleihen Ihrem Alltagslook einen Hauch von Raffinesse. Investieren Sie in ein Paar <strong>Slipper aus Kalbsleder<\/strong> die m\u00fchelos vom Tag in den Abend \u00fcbergehen und daf\u00fcr sorgen, dass Sie immer tadellos gekleidet sind.<\/p>\n<h3>M\u00f6glichkeiten f\u00fcr den Gro\u00dfhandel<\/h3>\n<p>Wir sind stolz darauf, diese Premiumprodukte anbieten zu k\u00f6nnen. <strong>Klassische Herren Loafers aus Kalbsleder<\/strong> f\u00fcr den Gro\u00dfhandelseinkauf. Mit einer Mindestbestellmenge von 16 Paar k\u00f6nnen sich Unternehmen mit diesen gefragten Herrenschuhen eindecken und ihren Kunden au\u00dfergew\u00f6hnliche Qualit\u00e4t und Stil bieten. Erh\u00e4ltlich in den Gr\u00f6\u00dfen 40, 41c, 42c, 43c und 44, sprechen diese Loafer einen breiten Markt an. Erweitern Sie Ihren Bestand mit diesen klassischen <strong>Herren Leder Slipper<\/strong> und versorgen Sie Ihre Kundschaft mit dem Besten, was anspruchsvolle Schuhe zu bieten haben.<\/p>","protected":false},"excerpt":{"rendered":"<ul>\n<li>Obermaterial aus hochwertigem Dana-Deri-Leder (Kalbsleder) f\u00fcr einen raffinierten Look<\/li>\n<li>Weiches \u2018keci astar\u2019-Futter (Ziegenleder) f\u00fcr h\u00f6chsten Komfort<\/li>\n<li>Leichte und haltbare \u2018eva taban\u2019 (EVA-Sohle) f\u00fcr hervorragende D\u00e4mpfung<\/li>\n<li>Elegantes klassisches Design mit einem einzigartigen strukturierten Vamp-Detail<\/li>\n<li>Erh\u00e4ltlich f\u00fcr den Gro\u00dfhandel bei einer Mindestbestellmenge von 16 Paaren<\/li>\n<\/ul>","protected":false},"featured_media":6976,"template":"","meta":{"_acf_changed":false,"_uag_custom_page_level_css":"","site-sidebar-layout":"default","site-content-layout":"","ast-site-content-layout":"default","site-content-style":"default","site-sidebar-style":"default","ast-global-header-display":"","ast-banner-title-visibility":"","ast-main-header-display":"","ast-hfb-above-header-display":"","ast-hfb-below-header-display":"","ast-hfb-mobile-header-display":"","site-post-title":"","ast-breadcrumbs-content":"","ast-featured-img":"","footer-sml-layout":"","ast-disable-related-posts":"","theme-transparent-header-meta":"","adv-header-id-meta":"","stick-header-meta":"","header-above-stick-meta":"","header-main-stick-meta":"","header-below-stick-meta":"","astra-migrate-meta-layouts":"default","ast-page-background-enabled":"default","ast-page-background-meta":{"desktop":{"background-color":"var(--ast-global-color-4)","background-image":"","background-repeat":"repeat","background-position":"center center","background-size":"auto","background-attachment":"scroll","background-type":"","background-media":"","overlay-type":"","overlay-color":"","overlay-opacity":"","overlay-gradient":""},"tablet":{"background-color":"","background-image":"","background-repeat":"repeat","background-position":"center center","background-size":"auto","background-attachment":"scroll","background-type":"","background-media":"","overlay-type":"","overlay-color":"","overlay-opacity":"","overlay-gradient":""},"mobile":{"background-color":"","background-image":"","background-repeat":"repeat","background-position":"center center","background-size":"auto","background-attachment":"scroll","background-type":"","background-media":"","overlay-type":"","overlay-color":"","overlay-opacity":"","overlay-gradient":""}},"ast-content-background-meta":{"desktop":{"background-color":"var(--ast-global-color-5)","background-image":"","background-repeat":"repeat","background-position":"center center","background-size":"auto","background-attachment":"scroll","background-type":"","background-media":"","overlay-type":"","overlay-color":"","overlay-opacity":"","overlay-gradient":""},"tablet":{"background-color":"var(--ast-global-color-5)","background-image":"","background-repeat":"repeat","background-position":"center center","background-size":"auto","background-attachment":"scroll","background-type":"","background-media":"","overlay-type":"","overlay-color":"","overlay-opacity":"","overlay-gradient":""},"mobile":{"background-color":"var(--ast-global-color-5)","background-image":"","background-repeat":"repeat","background-position":"center center","background-size":"auto","background-attachment":"scroll","background-type":"","background-media":"","overlay-type":"","overlay-color":"","overlay-opacity":"","overlay-gradient":""}}},"product_brand":[],"product_cat":[47,430,1200],"product_tag":[370,555,457,284,287,251,189,215,198,186],"class_list":{"0":"post-8085","1":"product","2":"type-product","3":"status-publish","4":"has-post-thumbnail","6":"product_cat-classic","7":"product_cat-men","8":"product_cat-mens-shoes-2","9":"product_tag-black-loafers","10":"product_tag-calfskin-loafers","11":"product_tag-classic-loafers","12":"product_tag-dress-shoes","13":"product_tag-eva-sole-shoes","14":"product_tag-formal-shoes","15":"product_tag-goat-leather-lining","16":"product_tag-leather-loafers","17":"product_tag-mens-fashion","18":"product_tag-mens-loafers","19":"desktop-align-center","20":"tablet-align-center","21":"mobile-align-center","23":"first","24":"instock","25":"shipping-taxable","26":"purchasable","27":"product-type-variable","28":"has-default-attributes"},"acf":[],"uagb_featured_image_src":{"full":["https:\/\/turkishtrade.co\/wp-content\/uploads\/2026\/01\/2600NZTMN00003-BLACK.png",453,250,false],"thumbnail":["https:\/\/turkishtrade.co\/wp-content\/uploads\/2026\/01\/2600NZTMN00003-BLACK-150x150.png",150,150,true],"medium":["https:\/\/turkishtrade.co\/wp-content\/uploads\/2026\/01\/2600NZTMN00003-BLACK-300x166.png",300,166,true],"medium_large":["https:\/\/turkishtrade.co\/wp-content\/uploads\/2026\/01\/2600NZTMN00003-BLACK.png",453,250,false],"large":["https:\/\/turkishtrade.co\/wp-content\/uploads\/2026\/01\/2600NZTMN00003-BLACK.png",453,250,false],"1536x1536":["https:\/\/turkishtrade.co\/wp-content\/uploads\/2026\/01\/2600NZTMN00003-BLACK.png",453,250,false],"2048x2048":["https:\/\/turkishtrade.co\/wp-content\/uploads\/2026\/01\/2600NZTMN00003-BLACK.png",453,250,false],"trp-custom-language-flag":["https:\/\/turkishtrade.co\/wp-content\/uploads\/2026\/01\/2600NZTMN00003-BLACK-18x10.png",18,10,true],"woocommerce_thumbnail":["https:\/\/turkishtrade.co\/wp-content\/uploads\/2026\/01\/2600NZTMN00003-BLACK-400x250.png",400,250,true],"woocommerce_single":["https:\/\/turkishtrade.co\/wp-content\/uploads\/2026\/01\/2600NZTMN00003-BLACK.png",453,250,false],"woocommerce_gallery_thumbnail":["https:\/\/turkishtrade.co\/wp-content\/uploads\/2026\/01\/2600NZTMN00003-BLACK-100x100.png",100,100,true]},"uagb_author_info":{"display_name":"python python","author_link":"https:\/\/turkishtrade.co\/de\/author\/"},"uagb_comment_info":0,"uagb_excerpt":"Premium 'dana deri' (calfskin leather) upper for a refined look Soft 'keci astar' (goat leather) lining for ultimate comfort Lightweight and durable 'eva taban' (EVA sole) for superior cushioning Elegant classic design with a unique textured vamp detail Available for wholesale purchase with a minimum order of 16 pairs","_links":{"self":[{"href":"https:\/\/turkishtrade.co\/de\/wp-json\/wp\/v2\/product\/8085","targetHints":{"allow":["GET"]}}],"collection":[{"href":"https:\/\/turkishtrade.co\/de\/wp-json\/wp\/v2\/product"}],"about":[{"href":"https:\/\/turkishtrade.co\/de\/wp-json\/wp\/v2\/types\/product"}],"wp:featuredmedia":[{"embeddable":true,"href":"https:\/\/turkishtrade.co\/de\/wp-json\/wp\/v2\/media\/6976"}],"wp:attachment":[{"href":"https:\/\/turkishtrade.co\/de\/wp-json\/wp\/v2\/media?parent=8085"}],"wp:term":[{"taxonomy":"product_brand","embeddable":true,"href":"https:\/\/turkishtrade.co\/de\/wp-json\/wp\/v2\/product_brand?post=8085"},{"taxonomy":"product_cat","embeddable":true,"href":"https:\/\/turkishtrade.co\/de\/wp-json\/wp\/v2\/product_cat?post=8085"},{"taxonomy":"product_tag","embeddable":true,"href":"https:\/\/turkishtrade.co\/de\/wp-json\/wp\/v2\/product_tag?post=8085"}],"curies":[{"name":"wp","href":"https:\/\/api.w.org\/{rel}","templated":true}]}}