{"id":8048,"date":"2026-01-29T14:47:15","date_gmt":"2026-01-29T14:47:15","guid":{"rendered":"https:\/\/turkishtrade.co\/?post_type=product&#038;p=8048"},"modified":"2026-04-09T20:37:41","modified_gmt":"2026-04-09T20:37:41","slug":"mens-black-crocodile-leather-shoes","status":"publish","type":"product","link":"https:\/\/turkishtrade.co\/de\/shop\/mens-black-crocodile-leather-shoes\/","title":{"rendered":"Herrenschuhe aus schwarzem Krokodilleder Authentic | Herrenschuhe aus schwarzem, krokodilgepr\u00e4gtem Leder"},"content":{"rendered":"<p><strong>Herrenschuhe aus schwarzem Krokodilleder<\/strong>. Authentische Qualit\u00e4t und Design.<\/p>\n<p>Gehen Sie in unvergleichlichem Stil und Komfort mit unseren exquisiten **Herrenschuhe aus schwarzem Krokodilleder**. Entworfen f\u00fcr den anspruchsvollen Gentleman, diese Schuhe perfekt mischen klassische Eleganz mit modernen Trends, so dass sie eine unverzichtbare Erg\u00e4nzung f\u00fcr jede Garderobe. Mit viel Liebe zum Detail gefertigt, sind diese **Schuhe aus schwarzem Krokodilleder f\u00fcr Herren** mehr als nur Schuhe; sie sind ein Statement der Raffinesse.<\/p>\n<h3>Un\u00fcbertroffene Handwerkskunst und hochwertige Materialien<\/h3>\n<p>Jedes Paar dieser atemberaubenden **Herrenschuhe aus schwarzem Krokodilleder** r\u00fchmt sich eines luxuri\u00f6sen Obermaterials aus Leder mit Krokodilpr\u00e4gung, das eine einzigartige Textur und einen optisch auff\u00e4lligen Reiz bietet. Der tiefschwarze Farbton sorgt f\u00fcr Vielseitigkeit und erg\u00e4nzt m\u00fchelos eine breite Palette von Outfits, von scharfen Business Casual bis hin zu raffinierter Abendgarderobe. Abgesehen von ihrer \u00e4u\u00dferen Sch\u00f6nheit wird der Komfort durch das Futter aus echtem Kalbs- und Ziegenleder garantiert, das ein weiches, atmungsaktives und \u00e4u\u00dferst bequemes Innenleben bietet, das sich mit der Zeit an Ihre F\u00fc\u00dfe anpasst. Diese Premium-Futter ist ein Beweis f\u00fcr die Qualit\u00e4t und Sorgfalt in jedes Paar **Men's Black Crocodile Leather Shoes** gesetzt.<\/p>\n<h3>Entwickelt f\u00fcr Langlebigkeit und Alltagstauglichkeit<\/h3>\n<p>Das Fundament dieser au\u00dfergew\u00f6hnlichen Schuhe ist die robuste EVA-Sohle. Die EVA-Sohle ist bekannt f\u00fcr ihr geringes Gewicht und ihre Langlebigkeit. Sie bietet eine hervorragende Sto\u00dfd\u00e4mpfung und \u00fcberragenden Grip und sorgt f\u00fcr Stabilit\u00e4t und Komfort bei jedem Schritt. Ganz gleich, ob Sie in der Stadt unterwegs sind oder an einer besonderen Veranstaltung teilnehmen, Sie k\u00f6nnen sich auf die dauerhafte Qualit\u00e4t und Leistung dieses bemerkenswerten Schuhwerks verlassen. Erh\u00e4ltlich in einer umfassenden Palette von Gr\u00f6\u00dfen von 40 bis 44, finden Sie Ihre perfekte Passform unter unserer Sammlung von **Herren Schwarz Krokodilleder Schuhe** ist einfach, so dass Sie ma\u00dfgeschneiderten Komfort und Stil zu erleben.<\/p>\n<h3>Vielseitigkeit f\u00fcr jede Gelegenheit<\/h3>\n<p>Diese Schuhe verk\u00f6rpern die \u00c4sthetik des \u2018Casual Classic\u2019. Sie sind so konzipiert, dass sie nahtlos von einer professionellen B\u00fcroumgebung zu einem entspannten Wochenende Versammlung \u00fcbergehen. Kombinieren Sie diese **Herrenschuhe aus schwarzem Krokodilleder** mit ma\u00dfgeschneiderten Hosen f\u00fcr einen scharfen, zeitgen\u00f6ssischen Look, oder kleiden Sie sie mit dunkel gewaschenen Jeans f\u00fcr ein gehobenes l\u00e4ssiges Ensemble. Die ausgepr\u00e4gte Krokodil-Effekt f\u00fcgt einen Hauch von Luxus und Individualit\u00e4t, die diese Schuhe abgesehen von herk\u00f6mmlichen Schuhen setzt.<\/p>\n<h3>Gro\u00dfhandelsm\u00f6glichkeiten verf\u00fcgbar<\/h3>\n<p>F\u00fcr Einzelh\u00e4ndler und Unternehmen, die Premium-Schuhe anbieten m\u00f6chten, sind diese **Schuhe aus schwarzem Krokodilleder f\u00fcr Herren** im Gro\u00dfhandel erh\u00e4ltlich. Mit einer Mindestbestellmenge von 16 Paaren k\u00f6nnen Sie sich leicht mit diesem beliebten Modell eindecken und Ihren Kunden hochwertige und modische Optionen anbieten. Investieren Sie in Schuhe, die B\u00e4nde \u00fcber Qualit\u00e4t und Stil sprechen. W\u00e4hlen Sie unsere **Herrenschuhe aus schwarzem Krokodilleder** f\u00fcr einen gehobenen Look, der Tradition mit modernem Flair verbindet.<\/p>","protected":false},"excerpt":{"rendered":"<ul>\n<li>Werten Sie Ihre Schuhkollektion mit diesen raffinierten **Herrenschuhen aus schwarzem Leder mit Krokodilpr\u00e4gung** auf.<\/li>\n<li>Das unverwechselbare Obermaterial aus Leder mit Krokodileffekt sorgt f\u00fcr einen luxuri\u00f6sen Look.<\/li>\n<li>Erleben Sie h\u00f6chsten Komfort mit echtem Kalbs- und Ziegenlederfutter.<\/li>\n<li>Die strapazierf\u00e4hige und leichte EVA-Sohle sorgt f\u00fcr hervorragenden Halt und lang anhaltenden Tragekomfort.<\/li>\n<li>Erh\u00e4ltlich in den vielseitigen Gr\u00f6\u00dfen 40-44, ideal f\u00fcr den l\u00e4ssigen, klassischen Stil des modernen Gentleman.<\/li>\n<li>Gro\u00dfhandelschancen mit einer Mindestbestellmenge von 16 Paaren f\u00fcr unsere **Herrenschuhe aus schwarzem Krokodilleder**.<\/li>\n<\/ul>","protected":false},"featured_media":6691,"template":"","meta":{"_acf_changed":false,"_uag_custom_page_level_css":"","site-sidebar-layout":"default","site-content-layout":"","ast-site-content-layout":"default","site-content-style":"default","site-sidebar-style":"default","ast-global-header-display":"","ast-banner-title-visibility":"","ast-main-header-display":"","ast-hfb-above-header-display":"","ast-hfb-below-header-display":"","ast-hfb-mobile-header-display":"","site-post-title":"","ast-breadcrumbs-content":"","ast-featured-img":"","footer-sml-layout":"","ast-disable-related-posts":"","theme-transparent-header-meta":"","adv-header-id-meta":"","stick-header-meta":"","header-above-stick-meta":"","header-main-stick-meta":"","header-below-stick-meta":"","astra-migrate-meta-layouts":"default","ast-page-background-enabled":"default","ast-page-background-meta":{"desktop":{"background-color":"var(--ast-global-color-4)","background-image":"","background-repeat":"repeat","background-position":"center center","background-size":"auto","background-attachment":"scroll","background-type":"","background-media":"","overlay-type":"","overlay-color":"","overlay-opacity":"","overlay-gradient":""},"tablet":{"background-color":"","background-image":"","background-repeat":"repeat","background-position":"center center","background-size":"auto","background-attachment":"scroll","background-type":"","background-media":"","overlay-type":"","overlay-color":"","overlay-opacity":"","overlay-gradient":""},"mobile":{"background-color":"","background-image":"","background-repeat":"repeat","background-position":"center center","background-size":"auto","background-attachment":"scroll","background-type":"","background-media":"","overlay-type":"","overlay-color":"","overlay-opacity":"","overlay-gradient":""}},"ast-content-background-meta":{"desktop":{"background-color":"var(--ast-global-color-5)","background-image":"","background-repeat":"repeat","background-position":"center center","background-size":"auto","background-attachment":"scroll","background-type":"","background-media":"","overlay-type":"","overlay-color":"","overlay-opacity":"","overlay-gradient":""},"tablet":{"background-color":"var(--ast-global-color-5)","background-image":"","background-repeat":"repeat","background-position":"center center","background-size":"auto","background-attachment":"scroll","background-type":"","background-media":"","overlay-type":"","overlay-color":"","overlay-opacity":"","overlay-gradient":""},"mobile":{"background-color":"var(--ast-global-color-5)","background-image":"","background-repeat":"repeat","background-position":"center center","background-size":"auto","background-attachment":"scroll","background-type":"","background-media":"","overlay-type":"","overlay-color":"","overlay-opacity":"","overlay-gradient":""}}},"product_brand":[],"product_cat":[48,47,430,1200],"product_tag":[196,1266,1263,1265,287,959,189,1262,1264,262],"class_list":{"0":"post-8048","1":"product","2":"type-product","3":"status-publish","4":"has-post-thumbnail","6":"product_cat-casual","7":"product_cat-classic","8":"product_cat-men","9":"product_cat-mens-shoes-2","10":"product_tag-black-leather-shoes","11":"product_tag-calf-leather-lining","12":"product_tag-crocodile-effect-shoes","13":"product_tag-dress-shoes-men","14":"product_tag-eva-sole-shoes","15":"product_tag-formal-casual-shoes","16":"product_tag-goat-leather-lining","17":"product_tag-mens-black-crocodile-leather-shoes","18":"product_tag-mens-casual-classic-shoes","19":"product_tag-wholesale-mens-shoes","20":"desktop-align-center","21":"tablet-align-center","22":"mobile-align-center","24":"first","25":"instock","26":"shipping-taxable","27":"purchasable","28":"product-type-variable","29":"has-default-attributes"},"acf":[],"uagb_featured_image_src":{"full":["https:\/\/turkishtrade.co\/wp-content\/uploads\/2026\/01\/2600MSOMN00002-BLACK.png",453,250,false],"thumbnail":["https:\/\/turkishtrade.co\/wp-content\/uploads\/2026\/01\/2600MSOMN00002-BLACK-150x150.png",150,150,true],"medium":["https:\/\/turkishtrade.co\/wp-content\/uploads\/2026\/01\/2600MSOMN00002-BLACK-300x166.png",300,166,true],"medium_large":["https:\/\/turkishtrade.co\/wp-content\/uploads\/2026\/01\/2600MSOMN00002-BLACK.png",453,250,false],"large":["https:\/\/turkishtrade.co\/wp-content\/uploads\/2026\/01\/2600MSOMN00002-BLACK.png",453,250,false],"1536x1536":["https:\/\/turkishtrade.co\/wp-content\/uploads\/2026\/01\/2600MSOMN00002-BLACK.png",453,250,false],"2048x2048":["https:\/\/turkishtrade.co\/wp-content\/uploads\/2026\/01\/2600MSOMN00002-BLACK.png",453,250,false],"trp-custom-language-flag":["https:\/\/turkishtrade.co\/wp-content\/uploads\/2026\/01\/2600MSOMN00002-BLACK-18x10.png",18,10,true],"woocommerce_thumbnail":["https:\/\/turkishtrade.co\/wp-content\/uploads\/2026\/01\/2600MSOMN00002-BLACK-400x250.png",400,250,true],"woocommerce_single":["https:\/\/turkishtrade.co\/wp-content\/uploads\/2026\/01\/2600MSOMN00002-BLACK.png",453,250,false],"woocommerce_gallery_thumbnail":["https:\/\/turkishtrade.co\/wp-content\/uploads\/2026\/01\/2600MSOMN00002-BLACK-100x100.png",100,100,true]},"uagb_author_info":{"display_name":"python python","author_link":"https:\/\/turkishtrade.co\/de\/author\/"},"uagb_comment_info":0,"uagb_excerpt":"Elevate your footwear collection with these sophisticated **Men's Black Crocodile Embossed Leather Shoes**. Features a distinctive crocodile effect leather upper for a luxurious appeal. Experience superior comfort with genuine Calf and Goat leather lining. Durable and lightweight EVA sole provides excellent grip and long-lasting wear. Available in versatile sizes 40-44, ideal for the modern gentleman's&hellip;","_links":{"self":[{"href":"https:\/\/turkishtrade.co\/de\/wp-json\/wp\/v2\/product\/8048","targetHints":{"allow":["GET"]}}],"collection":[{"href":"https:\/\/turkishtrade.co\/de\/wp-json\/wp\/v2\/product"}],"about":[{"href":"https:\/\/turkishtrade.co\/de\/wp-json\/wp\/v2\/types\/product"}],"wp:featuredmedia":[{"embeddable":true,"href":"https:\/\/turkishtrade.co\/de\/wp-json\/wp\/v2\/media\/6691"}],"wp:attachment":[{"href":"https:\/\/turkishtrade.co\/de\/wp-json\/wp\/v2\/media?parent=8048"}],"wp:term":[{"taxonomy":"product_brand","embeddable":true,"href":"https:\/\/turkishtrade.co\/de\/wp-json\/wp\/v2\/product_brand?post=8048"},{"taxonomy":"product_cat","embeddable":true,"href":"https:\/\/turkishtrade.co\/de\/wp-json\/wp\/v2\/product_cat?post=8048"},{"taxonomy":"product_tag","embeddable":true,"href":"https:\/\/turkishtrade.co\/de\/wp-json\/wp\/v2\/product_tag?post=8048"}],"curies":[{"name":"wp","href":"https:\/\/api.w.org\/{rel}","templated":true}]}}