{"id":8029,"date":"2026-01-29T14:47:01","date_gmt":"2026-01-29T14:47:01","guid":{"rendered":"https:\/\/turkishtrade.co\/?post_type=product&#038;p=8029"},"modified":"2026-04-09T20:37:53","modified_gmt":"2026-04-09T20:37:53","slug":"mens-brown-leather-derby-shoes-13","status":"publish","type":"product","link":"https:\/\/turkishtrade.co\/de\/shop\/mens-brown-leather-derby-shoes-13\/","title":{"rendered":"Herren Braun Leder Derby Schuhe Best-Selling | Herren Braun Kalbsleder Kappe"},"content":{"rendered":"<p>Treten Sie ein in einen raffinierten Stil mit unserem exquisiten <strong>Derby-Schuhe f\u00fcr M\u00e4nner aus braunem Leder<\/strong>, Der klassische Derby-Schuh ist ein unverzichtbarer Bestandteil der Garderobe jedes anspruchsvollen Mannes. Diese klassischen Derby-Schuhe sind eine unverzichtbare Erg\u00e4nzung f\u00fcr jede anspruchsvolle Herrengarderobe und eignen sich sowohl f\u00fcr gesch\u00e4ftliche als auch f\u00fcr l\u00e4ssige Anl\u00e4sse. Unser <strong>Derby-Schuhe f\u00fcr M\u00e4nner aus braunem Leder<\/strong> sind f\u00fcr diejenigen gedacht, die feine Handwerkskunst und hochwertige Materialien sch\u00e4tzen.<\/p>\n<h3>Un\u00fcbertroffene Qualit\u00e4t und Materialien<\/h3>\n<p>Jedes Paar dieser atemberaubenden <strong>Derby-Schuhe f\u00fcr M\u00e4nner aus braunem Leder<\/strong> besteht aus hochwertigem Kalbsleder, das f\u00fcr seine geschmeidige Textur, seine au\u00dfergew\u00f6hnliche Haltbarkeit und seinen satten, tiefbraunen Farbton bekannt ist. Die nat\u00fcrliche Narbung des Kalbsleders verleiht ihm einen Hauch von raffiniertem Charakter und sorgt daf\u00fcr, dass Ihre Schuhe mit der Zeit sch\u00f6n altern. Neben dem eleganten \u00c4u\u00dferen zeichnet sich das Innere durch ein luxuri\u00f6ses Ziegenlederfutter aus, das Ihren F\u00fc\u00dfen ein au\u00dfergew\u00f6hnlich weiches und atmungsaktives Umfeld bietet. Dieses Engagement f\u00fcr hochwertige Materialien sorgt f\u00fcr maximalen Komfort, auch bei l\u00e4ngerem Tragen. Die detaillierten N\u00e4hte und die robuste Konstruktion sprechen B\u00e4nde \u00fcber die akribische Liebe zum Detail, die in jedes Paar dieser braunen Derby-Schuhe f\u00fcr Herren investiert wird.<\/p>\n<h3>Entworfen f\u00fcr Komfort und Stil<\/h3>\n<p>Die Gestaltung dieser <strong>Derby-Schuhe f\u00fcr M\u00e4nner aus braunem Leder<\/strong> verbindet traditionelle \u00c4sthetik mit modernem Komfort. Mit ihrer klassischen Kappe strahlen diese Schuhe einen raffinierten Charme aus, der sie vielseitig f\u00fcr verschiedene Outfits macht, von ma\u00dfgeschneiderten Anz\u00fcgen bis hin zu eleganten Denims. Die innovative Microlight-Sohle ist ein hervorstechendes Merkmal, das unglaubliche Leichtigkeit und Flexibilit\u00e4t bietet, ohne Kompromisse bei Halt und Grip einzugehen. Im Gegensatz zu schwereren traditionellen Sohlen bietet die Microlight-Sohle eine hervorragende D\u00e4mpfung und reduziert die Erm\u00fcdung des Fu\u00dfes, so dass diese braunen Herrenschuhe aus Leder ideal f\u00fcr das ganzt\u00e4gige Tragen sind. Das subtile, aber unverwechselbare Muster auf der Fersenkappe verleiht diesen Derby-Schuhen einen einzigartigen Touch und hebt sie in Bezug auf Design und Attraktivit\u00e4t von anderen ab.<\/p>\n<h3>Perfekt f\u00fcr Gro\u00dfhandelspartnerschaften<\/h3>\n<p>F\u00fcr Einzelh\u00e4ndler und Unternehmen, die ihren Kunden Premium-Schuhe anbieten m\u00f6chten, ist unser <strong>Derby-Schuhe f\u00fcr M\u00e4nner aus braunem Leder<\/strong> sind f\u00fcr den Gro\u00dfhandel erh\u00e4ltlich. Wir ben\u00f6tigen eine Mindestbestellmenge von 16 Paaren, so dass sich Unternehmen bequem mit diesem beliebten und gefragten Artikel eindecken k\u00f6nnen. Diese klassischen braunen Derby-Schuhe sind in den Gr\u00f6\u00dfen 39 bis 45 erh\u00e4ltlich und sprechen damit eine Vielzahl von Kunden an. Arbeiten Sie mit uns zusammen, um Ihrer Kundschaft hochwertige, stilvolle und bequeme Schuhe anzubieten, die sich auf dem Markt abheben. Werten Sie Ihr Sortiment mit diesen hochwertigen braunen Lederschuhen auf, die sowohl Qualit\u00e4t als auch Kundenzufriedenheit versprechen.<\/p>\n<p>Investieren Sie in Qualit\u00e4t, Komfort und zeitlosen Stil mit unseren au\u00dfergew\u00f6hnlichen <strong>Derby-Schuhe f\u00fcr M\u00e4nner aus braunem Leder<\/strong>. Sie sind nicht einfach nur Schuhe, sie sind ein Statement von Klasse und ein Zeugnis h\u00f6chster Handwerkskunst, das jede Schuhsammlung zu bereichern verspricht.<\/p>","protected":false},"excerpt":{"rendered":"<ul>\n<li>Obermaterial aus hochwertigem Kalbsleder f\u00fcr dauerhafte Haltbarkeit und anspruchsvollen Stil<\/li>\n<li>Luxuri\u00f6ses Ziegenleder-Futter f\u00fcr au\u00dfergew\u00f6hnlichen Komfort und Atmungsaktivit\u00e4t<\/li>\n<li>Leichte und flexible Microlight-Sohle f\u00fcr ganzt\u00e4gigen Komfort und Halt<\/li>\n<li>Klassisches Cap Toe Design f\u00fcr zeitlose Eleganz, geeignet f\u00fcr verschiedene Anl\u00e4sse<\/li>\n<li>Erh\u00e4ltlich in einer umfangreichen Gr\u00f6\u00dfenpalette: 39, 40, 41, 42, 43, 44, 45<\/li>\n<li>M\u00f6glichkeiten f\u00fcr den Gro\u00dfhandel: Mindestbestellmenge von 16 Paaren f\u00fcr Einzelh\u00e4ndler und Unternehmen<\/li>\n<\/ul>","protected":false},"featured_media":7055,"template":"","meta":{"_acf_changed":false,"_uag_custom_page_level_css":"","site-sidebar-layout":"default","site-content-layout":"","ast-site-content-layout":"default","site-content-style":"default","site-sidebar-style":"default","ast-global-header-display":"","ast-banner-title-visibility":"","ast-main-header-display":"","ast-hfb-above-header-display":"","ast-hfb-below-header-display":"","ast-hfb-mobile-header-display":"","site-post-title":"","ast-breadcrumbs-content":"","ast-featured-img":"","footer-sml-layout":"","ast-disable-related-posts":"","theme-transparent-header-meta":"","adv-header-id-meta":"","stick-header-meta":"","header-above-stick-meta":"","header-main-stick-meta":"","header-below-stick-meta":"","astra-migrate-meta-layouts":"default","ast-page-background-enabled":"default","ast-page-background-meta":{"desktop":{"background-color":"var(--ast-global-color-4)","background-image":"","background-repeat":"repeat","background-position":"center center","background-size":"auto","background-attachment":"scroll","background-type":"","background-media":"","overlay-type":"","overlay-color":"","overlay-opacity":"","overlay-gradient":""},"tablet":{"background-color":"","background-image":"","background-repeat":"repeat","background-position":"center center","background-size":"auto","background-attachment":"scroll","background-type":"","background-media":"","overlay-type":"","overlay-color":"","overlay-opacity":"","overlay-gradient":""},"mobile":{"background-color":"","background-image":"","background-repeat":"repeat","background-position":"center center","background-size":"auto","background-attachment":"scroll","background-type":"","background-media":"","overlay-type":"","overlay-color":"","overlay-opacity":"","overlay-gradient":""}},"ast-content-background-meta":{"desktop":{"background-color":"var(--ast-global-color-5)","background-image":"","background-repeat":"repeat","background-position":"center center","background-size":"auto","background-attachment":"scroll","background-type":"","background-media":"","overlay-type":"","overlay-color":"","overlay-opacity":"","overlay-gradient":""},"tablet":{"background-color":"var(--ast-global-color-5)","background-image":"","background-repeat":"repeat","background-position":"center center","background-size":"auto","background-attachment":"scroll","background-type":"","background-media":"","overlay-type":"","overlay-color":"","overlay-opacity":"","overlay-gradient":""},"mobile":{"background-color":"var(--ast-global-color-5)","background-image":"","background-repeat":"repeat","background-position":"center center","background-size":"auto","background-attachment":"scroll","background-type":"","background-media":"","overlay-type":"","overlay-color":"","overlay-opacity":"","overlay-gradient":""}}},"product_brand":[],"product_cat":[47,430,1200],"product_tag":[292,1342,458,809,935,189,535,310,466,281],"class_list":{"0":"post-8029","1":"product","2":"type-product","3":"status-publish","4":"has-post-thumbnail","6":"product_cat-classic","7":"product_cat-men","8":"product_cat-mens-shoes-2","9":"product_tag-brown-leather-shoes","10":"product_tag-calfskin-derby","11":"product_tag-cap-toe-shoes","12":"product_tag-classic-mens-footwear","13":"product_tag-formal-shoes-men","14":"product_tag-goat-leather-lining","15":"product_tag-leather-dress-shoes","16":"product_tag-mens-derby-shoes","17":"product_tag-microlight-sole","18":"product_tag-wholesale-shoes","19":"desktop-align-center","20":"tablet-align-center","21":"mobile-align-center","23":"first","24":"instock","25":"shipping-taxable","26":"purchasable","27":"product-type-variable","28":"has-default-attributes"},"acf":[],"uagb_featured_image_src":{"full":["https:\/\/turkishtrade.co\/wp-content\/uploads\/2026\/01\/2600FKHMN00071-BROWN.png",453,250,false],"thumbnail":["https:\/\/turkishtrade.co\/wp-content\/uploads\/2026\/01\/2600FKHMN00071-BROWN-150x150.png",150,150,true],"medium":["https:\/\/turkishtrade.co\/wp-content\/uploads\/2026\/01\/2600FKHMN00071-BROWN-300x166.png",300,166,true],"medium_large":["https:\/\/turkishtrade.co\/wp-content\/uploads\/2026\/01\/2600FKHMN00071-BROWN.png",453,250,false],"large":["https:\/\/turkishtrade.co\/wp-content\/uploads\/2026\/01\/2600FKHMN00071-BROWN.png",453,250,false],"1536x1536":["https:\/\/turkishtrade.co\/wp-content\/uploads\/2026\/01\/2600FKHMN00071-BROWN.png",453,250,false],"2048x2048":["https:\/\/turkishtrade.co\/wp-content\/uploads\/2026\/01\/2600FKHMN00071-BROWN.png",453,250,false],"trp-custom-language-flag":["https:\/\/turkishtrade.co\/wp-content\/uploads\/2026\/01\/2600FKHMN00071-BROWN-18x10.png",18,10,true],"woocommerce_thumbnail":["https:\/\/turkishtrade.co\/wp-content\/uploads\/2026\/01\/2600FKHMN00071-BROWN-400x250.png",400,250,true],"woocommerce_single":["https:\/\/turkishtrade.co\/wp-content\/uploads\/2026\/01\/2600FKHMN00071-BROWN.png",453,250,false],"woocommerce_gallery_thumbnail":["https:\/\/turkishtrade.co\/wp-content\/uploads\/2026\/01\/2600FKHMN00071-BROWN-100x100.png",100,100,true]},"uagb_author_info":{"display_name":"python python","author_link":"https:\/\/turkishtrade.co\/de\/author\/"},"uagb_comment_info":0,"uagb_excerpt":"Premium Calf Leather Upper for lasting durability and sophisticated style Luxurious Goatskin Leather Lining for exceptional comfort and breathability Lightweight and flexible Microlight Sole for all-day ease and grip Classic Cap Toe design for timeless elegance, suitable for various occasions Available in a comprehensive size range: 39, 40, 41, 42, 43, 44, 45 Wholesale opportunities:&hellip;","_links":{"self":[{"href":"https:\/\/turkishtrade.co\/de\/wp-json\/wp\/v2\/product\/8029","targetHints":{"allow":["GET"]}}],"collection":[{"href":"https:\/\/turkishtrade.co\/de\/wp-json\/wp\/v2\/product"}],"about":[{"href":"https:\/\/turkishtrade.co\/de\/wp-json\/wp\/v2\/types\/product"}],"wp:featuredmedia":[{"embeddable":true,"href":"https:\/\/turkishtrade.co\/de\/wp-json\/wp\/v2\/media\/7055"}],"wp:attachment":[{"href":"https:\/\/turkishtrade.co\/de\/wp-json\/wp\/v2\/media?parent=8029"}],"wp:term":[{"taxonomy":"product_brand","embeddable":true,"href":"https:\/\/turkishtrade.co\/de\/wp-json\/wp\/v2\/product_brand?post=8029"},{"taxonomy":"product_cat","embeddable":true,"href":"https:\/\/turkishtrade.co\/de\/wp-json\/wp\/v2\/product_cat?post=8029"},{"taxonomy":"product_tag","embeddable":true,"href":"https:\/\/turkishtrade.co\/de\/wp-json\/wp\/v2\/product_tag?post=8029"}],"curies":[{"name":"wp","href":"https:\/\/api.w.org\/{rel}","templated":true}]}}