{"id":8028,"date":"2026-01-29T14:47:01","date_gmt":"2026-01-29T14:47:01","guid":{"rendered":"https:\/\/turkishtrade.co\/?post_type=product&#038;p=8028"},"modified":"2026-04-09T20:37:55","modified_gmt":"2026-04-09T20:37:55","slug":"mens-black-calf-leather-oxford-shoes-3","status":"publish","type":"product","link":"https:\/\/turkishtrade.co\/de\/shop\/mens-black-calf-leather-oxford-shoes-3\/","title":{"rendered":"Herren Oxford-Schuhe aus schwarzem Kalbsleder Exklusiv | Herren Classic aus schwarzem Kalbsleder"},"content":{"rendered":"<p><strong>Herren Oxford-Schuhe aus schwarzem Kalbsleder<\/strong>. Exklusive Qualit\u00e4t und Design.<\/p>\n<p>Erleben Sie unvergleichliche Eleganz und zeitlose Raffinesse mit unseren exquisiten <strong>Herren Oxford-Schuhe aus schwarzem Kalbsleder<\/strong>. Diese Schuhe f\u00fcr den anspruchsvollen Gentleman verk\u00f6rpern klassischen Stil und \u00fcberlegenen Komfort und sind eine unverzichtbare Erg\u00e4nzung f\u00fcr jede professionelle oder formelle Garderobe. Mit viel Liebe zum Detail entworfen, verspricht jedes Paar, Ihren Look mit seiner raffinierten Silhouette und hochwertigen Materialien aufzuwerten.<\/p>\n<h3>Unerreichte Qualit\u00e4t und Komfort<\/h3>\n<p>Das Herzst\u00fcck dieser au\u00dfergew\u00f6hnlichen Schuhe ist das Obermaterial aus hochwertigem Kalbsleder, das f\u00fcr seine weiche Textur, Haltbarkeit und Alterungsbest\u00e4ndigkeit bekannt ist. Der satte schwarze Farbton bietet Vielseitigkeit und l\u00e4sst sich nahtlos mit Anz\u00fcgen f\u00fcr Gesch\u00e4ftstreffen, Smokings f\u00fcr besondere Anl\u00e4sse oder sogar mit eleganten Freizeitanz\u00fcgen kombinieren. Im Inneren werden Ihre F\u00fc\u00dfe dank des luxuri\u00f6sen Ziegenlederfutters h\u00f6chsten Komfort erleben. Dieses nat\u00fcrliche Material ist f\u00fcr seine Atmungsaktivit\u00e4t und sein weiches Tragegef\u00fchl bekannt und bietet Ihren F\u00fc\u00dfen den ganzen Tag \u00fcber ein angenehmes Umfeld.<\/p>\n<h3>Innovatives Design und Langlebigkeit<\/h3>\n<p>Die Grundlage unserer <strong>Herren Oxford-Schuhe aus schwarzem Kalbsleder<\/strong> basiert auf einer innovativen Microlight-Sohle. Diese fortschrittliche Sohlentechnologie bietet eine hervorragende D\u00e4mpfung, Flexibilit\u00e4t und bemerkenswerte Leichtigkeit und sorgt f\u00fcr einen komfortablen Schritt, ohne Kompromisse bei der Haltbarkeit oder Griffigkeit einzugehen. Der markante rote Akzent auf der Untersohle verleiht dem klassischen Design einen subtilen Hauch von modernem Flair und hebt diese schwarzen Lederschuhe f\u00fcr Herren von der Masse ab. Die sorgf\u00e4ltigen wei\u00dfen N\u00e4hte um die Sohle herum verdeutlichen die hochwertige Handwerkskunst.<\/p>\n<h3>Perfekt f\u00fcr jeden formellen Anlass<\/h3>\n<p>Ob Sie an einer Gala teilnehmen, eine Vorstandssitzung leiten oder bei einem Networking-Event einen guten Eindruck hinterlassen - diese klassischen Oxford-Schuhe sorgen f\u00fcr Selbstvertrauen und Stil. Das geschlossene Schn\u00fcrsystem sorgt f\u00fcr eine schlanke und sichere Passform, charakteristisch f\u00fcr das kultige Oxford-Design. Erh\u00e4ltlich in einer umfassenden Auswahl an Gr\u00f6\u00dfen von 39 bis 45, gew\u00e4hrleisten wir eine perfekte Passform f\u00fcr ein breites Spektrum von Kunden, die Premium-Schuhe suchen.<\/p>\n<h3>Gro\u00dfhandelschance<\/h3>\n<p>F\u00fcr Unternehmen, die qualitativ hochwertiges Schuhwerk anbieten m\u00f6chten, ist unser <strong>Herren Oxford-Schuhe aus schwarzem Kalbsleder<\/strong> sind f\u00fcr den Gro\u00dfhandel erh\u00e4ltlich. Mit einer Mindestbestellmenge von nur 16 Paar k\u00f6nnen Sie Ihre Kunden mit einem Produkt versorgen, das sowohl Luxus als auch Langlebigkeit verspricht. Investieren Sie in Qualit\u00e4t, investieren Sie in Stil und bieten Sie Ihren Kunden das Beste an klassischem formellem Herrenschuhwerk.<\/p>","protected":false},"excerpt":{"rendered":"<ul>\n<li>Hochwertiges schwarzes Kalbsleder f\u00fcr dauerhafte Eleganz<\/li>\n<li>Luxuri\u00f6ses Ziegenlederfutter f\u00fcr ultimativen Komfort<\/li>\n<li>Leichte und strapazierf\u00e4hige Microlight-Sohle f\u00fcr hervorragende Traktion<\/li>\n<li>Klassischer Oxford-Stil, perfekt f\u00fcr formelle und gesch\u00e4ftliche Anl\u00e4sse<\/li>\n<li>Erh\u00e4ltlich in den Gr\u00f6\u00dfen 39-45 f\u00fcr eine perfekte Passform<\/li>\n<li>Gro\u00dfhandelsanfragen sind bei einer Mindestbestellmenge von 16 Paaren willkommen.<\/li>\n<\/ul>","protected":false},"featured_media":7054,"template":"","meta":{"_acf_changed":false,"_uag_custom_page_level_css":"","site-sidebar-layout":"default","site-content-layout":"","ast-site-content-layout":"default","site-content-style":"default","site-sidebar-style":"default","ast-global-header-display":"","ast-banner-title-visibility":"","ast-main-header-display":"","ast-hfb-above-header-display":"","ast-hfb-below-header-display":"","ast-hfb-mobile-header-display":"","site-post-title":"","ast-breadcrumbs-content":"","ast-featured-img":"","footer-sml-layout":"","ast-disable-related-posts":"","theme-transparent-header-meta":"","adv-header-id-meta":"","stick-header-meta":"","header-above-stick-meta":"","header-main-stick-meta":"","header-below-stick-meta":"","astra-migrate-meta-layouts":"default","ast-page-background-enabled":"default","ast-page-background-meta":{"desktop":{"background-color":"var(--ast-global-color-4)","background-image":"","background-repeat":"repeat","background-position":"center center","background-size":"auto","background-attachment":"scroll","background-type":"","background-media":"","overlay-type":"","overlay-color":"","overlay-opacity":"","overlay-gradient":""},"tablet":{"background-color":"","background-image":"","background-repeat":"repeat","background-position":"center center","background-size":"auto","background-attachment":"scroll","background-type":"","background-media":"","overlay-type":"","overlay-color":"","overlay-opacity":"","overlay-gradient":""},"mobile":{"background-color":"","background-image":"","background-repeat":"repeat","background-position":"center center","background-size":"auto","background-attachment":"scroll","background-type":"","background-media":"","overlay-type":"","overlay-color":"","overlay-opacity":"","overlay-gradient":""}},"ast-content-background-meta":{"desktop":{"background-color":"var(--ast-global-color-5)","background-image":"","background-repeat":"repeat","background-position":"center center","background-size":"auto","background-attachment":"scroll","background-type":"","background-media":"","overlay-type":"","overlay-color":"","overlay-opacity":"","overlay-gradient":""},"tablet":{"background-color":"var(--ast-global-color-5)","background-image":"","background-repeat":"repeat","background-position":"center center","background-size":"auto","background-attachment":"scroll","background-type":"","background-media":"","overlay-type":"","overlay-color":"","overlay-opacity":"","overlay-gradient":""},"mobile":{"background-color":"var(--ast-global-color-5)","background-image":"","background-repeat":"repeat","background-position":"center center","background-size":"auto","background-attachment":"scroll","background-type":"","background-media":"","overlay-type":"","overlay-color":"","overlay-opacity":"","overlay-gradient":""}}},"product_brand":[],"product_cat":[47,430,1200],"product_tag":[405,185,1285,1341,251,189,1340,466,525,262],"class_list":{"0":"post-8028","1":"product","2":"type-product","3":"status-publish","4":"has-post-thumbnail","6":"product_cat-classic","7":"product_cat-men","8":"product_cat-mens-shoes-2","9":"product_tag-business-shoes","10":"product_tag-calf-leather-shoes","11":"product_tag-classic-dress-shoes","12":"product_tag-elegant-oxford-shoes","13":"product_tag-formal-shoes","14":"product_tag-goat-leather-lining","15":"product_tag-mens-black-oxford-shoes","16":"product_tag-microlight-sole","17":"product_tag-premium-leather-footwear","18":"product_tag-wholesale-mens-shoes","19":"desktop-align-center","20":"tablet-align-center","21":"mobile-align-center","23":"first","24":"instock","25":"shipping-taxable","26":"purchasable","27":"product-type-variable","28":"has-default-attributes"},"acf":[],"uagb_featured_image_src":{"full":["https:\/\/turkishtrade.co\/wp-content\/uploads\/2026\/01\/2600FKHMN00070-BLACK.png",453,250,false],"thumbnail":["https:\/\/turkishtrade.co\/wp-content\/uploads\/2026\/01\/2600FKHMN00070-BLACK-150x150.png",150,150,true],"medium":["https:\/\/turkishtrade.co\/wp-content\/uploads\/2026\/01\/2600FKHMN00070-BLACK-300x166.png",300,166,true],"medium_large":["https:\/\/turkishtrade.co\/wp-content\/uploads\/2026\/01\/2600FKHMN00070-BLACK.png",453,250,false],"large":["https:\/\/turkishtrade.co\/wp-content\/uploads\/2026\/01\/2600FKHMN00070-BLACK.png",453,250,false],"1536x1536":["https:\/\/turkishtrade.co\/wp-content\/uploads\/2026\/01\/2600FKHMN00070-BLACK.png",453,250,false],"2048x2048":["https:\/\/turkishtrade.co\/wp-content\/uploads\/2026\/01\/2600FKHMN00070-BLACK.png",453,250,false],"trp-custom-language-flag":["https:\/\/turkishtrade.co\/wp-content\/uploads\/2026\/01\/2600FKHMN00070-BLACK-18x10.png",18,10,true],"woocommerce_thumbnail":["https:\/\/turkishtrade.co\/wp-content\/uploads\/2026\/01\/2600FKHMN00070-BLACK-400x250.png",400,250,true],"woocommerce_single":["https:\/\/turkishtrade.co\/wp-content\/uploads\/2026\/01\/2600FKHMN00070-BLACK.png",453,250,false],"woocommerce_gallery_thumbnail":["https:\/\/turkishtrade.co\/wp-content\/uploads\/2026\/01\/2600FKHMN00070-BLACK-100x100.png",100,100,true]},"uagb_author_info":{"display_name":"python python","author_link":"https:\/\/turkishtrade.co\/de\/author\/"},"uagb_comment_info":0,"uagb_excerpt":"Premium black calf leather upper for lasting elegance Luxurious goat leather lining ensures ultimate comfort Lightweight and durable microlight sole for superior traction Classic Oxford style, perfect for formal and business wear Available in sizes 39-45 for a perfect fit Wholesale inquiries welcome with a minimum order of 16 pairs","_links":{"self":[{"href":"https:\/\/turkishtrade.co\/de\/wp-json\/wp\/v2\/product\/8028","targetHints":{"allow":["GET"]}}],"collection":[{"href":"https:\/\/turkishtrade.co\/de\/wp-json\/wp\/v2\/product"}],"about":[{"href":"https:\/\/turkishtrade.co\/de\/wp-json\/wp\/v2\/types\/product"}],"wp:featuredmedia":[{"embeddable":true,"href":"https:\/\/turkishtrade.co\/de\/wp-json\/wp\/v2\/media\/7054"}],"wp:attachment":[{"href":"https:\/\/turkishtrade.co\/de\/wp-json\/wp\/v2\/media?parent=8028"}],"wp:term":[{"taxonomy":"product_brand","embeddable":true,"href":"https:\/\/turkishtrade.co\/de\/wp-json\/wp\/v2\/product_brand?post=8028"},{"taxonomy":"product_cat","embeddable":true,"href":"https:\/\/turkishtrade.co\/de\/wp-json\/wp\/v2\/product_cat?post=8028"},{"taxonomy":"product_tag","embeddable":true,"href":"https:\/\/turkishtrade.co\/de\/wp-json\/wp\/v2\/product_tag?post=8028"}],"curies":[{"name":"wp","href":"https:\/\/api.w.org\/{rel}","templated":true}]}}