{"id":8027,"date":"2026-01-29T14:47:01","date_gmt":"2026-01-29T14:47:01","guid":{"rendered":"https:\/\/turkishtrade.co\/?post_type=product&#038;p=8027"},"modified":"2026-04-09T20:37:57","modified_gmt":"2026-04-09T20:37:57","slug":"mens-brown-leather-derby-shoes-11","status":"publish","type":"product","link":"https:\/\/turkishtrade.co\/de\/shop\/mens-brown-leather-derby-shoes-11\/","title":{"rendered":"Herren Braun Leder Derby Schuhe Echt | Klassisch Braun Kalbsleder Derby"},"content":{"rendered":"<p>Treten Sie ein in einen raffinierten Stil mit unserem exquisiten <strong>Derby-Schuhe f\u00fcr M\u00e4nner aus braunem Leder<\/strong>. Diese Schuhe wurden f\u00fcr den modernen Gentleman entworfen, der sowohl Eleganz als auch Komfort sch\u00e4tzt, und sind ein Zeugnis h\u00f6chster Handwerkskunst. Jedes Paar wird sorgf\u00e4ltig aus feinstem, echtem Kalbsleder gefertigt und bietet ein reichhaltiges, br\u00fcniertes, braunes Finish, das sich mit dem Alter vertieft und eine einzigartige Patina bildet. Die klassische Derby-Silhouette, die sich durch ein offenes Schn\u00fcrsystem auszeichnet, sorgt f\u00fcr einen vielseitigen Look, der m\u00fchelos vom Sitzungssaal bis zu Abendveranstaltungen reicht und diese Schuhe zu einem unverzichtbaren Paar macht. <strong>Derby-Schuhe f\u00fcr M\u00e4nner aus braunem Leder<\/strong> f\u00fcr jeden anspruchsvollen Kleiderschrank.<\/p>\n<p>Das Engagement f\u00fcr Qualit\u00e4t erstreckt sich auf jedes Detail dieser bemerkenswerten <strong>Derby-Schuhe f\u00fcr M\u00e4nner aus braunem Leder<\/strong>. Neben dem markanten \u00c4u\u00dferen erwartet Sie ein Innenfutter aus herrlich weichem Ziegenleder. Dieses nat\u00fcrliche Futter bietet au\u00dfergew\u00f6hnliche Atmungsaktivit\u00e4t und feuchtigkeitsableitende Eigenschaften, die daf\u00fcr sorgen, dass Ihre F\u00fc\u00dfe den ganzen Tag \u00fcber bequem und frisch bleiben, egal zu welchem Anlass. Verabschieden Sie sich von Unannehmlichkeiten und begr\u00fc\u00dfen Sie ein Lauferlebnis, das durch Luxus und die au\u00dfergew\u00f6hnliche Qualit\u00e4t unserer Schuhe neu definiert wird. <strong>Derby-Schuhe f\u00fcr M\u00e4nner aus braunem Leder<\/strong>.<\/p>\n<h3>Un\u00fcbertroffener Komfort und Langlebigkeit<\/h3>\n<p>Das Besondere an diesen <strong>Derby-Schuhe f\u00fcr M\u00e4nner aus braunem Leder<\/strong> apart ist die innovative Microlight-Sohle. Diese fortschrittliche Sohlentechnologie bietet eine perfekte Balance aus Leichtigkeit, Flexibilit\u00e4t und robuster Haltbarkeit. Sie bietet eine hervorragende Sto\u00dfd\u00e4mpfung und Traktion und ist damit ideal f\u00fcr langes Tragen ohne Erm\u00fcdung. Ganz gleich, ob Sie durch die Stra\u00dfen der Stadt laufen oder lange Pr\u00e4sentationen halten, die Microlight-Sohle sorgt f\u00fcr einen ged\u00e4mpften und stabilen Schritt, so dass Ihre Schuhe \u00fcber Jahre hinweg in einem tadellosen Zustand bleiben. Investieren Sie in ein Paar <strong>Derby-Schuhe f\u00fcr M\u00e4nner aus braunem Leder<\/strong> die sowohl Stil als auch Langlebigkeit versprechen.<\/p>\n<p>Unsere klassischen Derby-Schuhe aus braunem Kalbsleder sind in einer breiten Palette europ\u00e4ischer Gr\u00f6\u00dfen von 39 bis 45 erh\u00e4ltlich, so dass sie f\u00fcr eine Vielzahl von Kunden perfekt passen. Diese vielseitigen Schuhe sind nicht einfach nur Schuhe; sie sind eine Investition in zeitlosen Stil und dauerhafte Qualit\u00e4t. Kombinieren Sie sie mit ma\u00dfgeschneiderten Anz\u00fcgen f\u00fcr einen eleganten, formellen Look, oder tragen Sie sie zu Chinos und einem Blazer f\u00fcr ein raffiniertes, l\u00e4ssiges Ensemble. Der satte Braunton bietet eine unglaubliche Flexibilit\u00e4t bei der Paarung und macht diese <strong>Derby-Schuhe f\u00fcr M\u00e4nner aus braunem Leder<\/strong> eine unverzichtbare Erg\u00e4nzung f\u00fcr jede anspruchsvolle Garderobe.<\/p>\n<h3>M\u00f6glichkeiten f\u00fcr den Gro\u00dfhandel<\/h3>\n<p>F\u00fcr Unternehmen, die Premium-Schuhe anbieten m\u00f6chten, bieten wir mit Stolz Gro\u00dfhandelsm\u00f6glichkeiten f\u00fcr unsere au\u00dfergew\u00f6hnlichen <strong>Derby-Schuhe f\u00fcr M\u00e4nner aus braunem Leder<\/strong>. Mit einer Mindestbestellmenge von nur 16 Paaren k\u00f6nnen Sie sich problemlos mit diesen gefragten, klassischen Modellen eindecken, die Ihre Kundschaft sicher beeindrucken werden. Arbeiten Sie mit uns zusammen und bringen Sie unvergleichliche Qualit\u00e4t und anspruchsvolles Design in Ihre Kollektion. Erweitern Sie Ihren Bestand mit diesen klassischen <strong>Derby-Schuhe f\u00fcr M\u00e4nner aus braunem Leder<\/strong> und die Nachfrage nach luxuri\u00f6sen Herrenschuhen befriedigen.<\/p>","protected":false},"excerpt":{"rendered":"<ul>\n<li>Handgefertigt aus echtem Kalbsleder f\u00fcr ein luxuri\u00f6ses Finish und einen satten Braunton<\/li>\n<li>Weiches und atmungsaktives Ziegenlederfutter f\u00fcr ultimativen Komfort den ganzen Tag<\/li>\n<li>Ausgestattet mit einer leichten Microlight-Sohle f\u00fcr au\u00dfergew\u00f6hnliche Haltbarkeit, Flexibilit\u00e4t und Traktion<\/li>\n<li>Klassischer Derby-Stil mit offener Schn\u00fcrung, perfekt f\u00fcr formelle und l\u00e4ssige Anl\u00e4sse<\/li>\n<li>Erh\u00e4ltlich in den europ\u00e4ischen Gr\u00f6\u00dfen 39, 40, 41, 42, 43, 44 und 45<\/li>\n<li>Gro\u00dfhandelsm\u00f6glichkeiten bei einer Mindestbestellmenge von 16 Paaren<\/li>\n<\/ul>","protected":false},"featured_media":7053,"template":"","meta":{"_acf_changed":false,"_uag_custom_page_level_css":"","site-sidebar-layout":"default","site-content-layout":"","ast-site-content-layout":"default","site-content-style":"default","site-sidebar-style":"default","ast-global-header-display":"","ast-banner-title-visibility":"","ast-main-header-display":"","ast-hfb-above-header-display":"","ast-hfb-below-header-display":"","ast-hfb-mobile-header-display":"","site-post-title":"","ast-breadcrumbs-content":"","ast-featured-img":"","footer-sml-layout":"","ast-disable-related-posts":"","theme-transparent-header-meta":"","adv-header-id-meta":"","stick-header-meta":"","header-above-stick-meta":"","header-main-stick-meta":"","header-below-stick-meta":"","astra-migrate-meta-layouts":"default","ast-page-background-enabled":"default","ast-page-background-meta":{"desktop":{"background-color":"var(--ast-global-color-4)","background-image":"","background-repeat":"repeat","background-position":"center center","background-size":"auto","background-attachment":"scroll","background-type":"","background-media":"","overlay-type":"","overlay-color":"","overlay-opacity":"","overlay-gradient":""},"tablet":{"background-color":"","background-image":"","background-repeat":"repeat","background-position":"center center","background-size":"auto","background-attachment":"scroll","background-type":"","background-media":"","overlay-type":"","overlay-color":"","overlay-opacity":"","overlay-gradient":""},"mobile":{"background-color":"","background-image":"","background-repeat":"repeat","background-position":"center center","background-size":"auto","background-attachment":"scroll","background-type":"","background-media":"","overlay-type":"","overlay-color":"","overlay-opacity":"","overlay-gradient":""}},"ast-content-background-meta":{"desktop":{"background-color":"var(--ast-global-color-5)","background-image":"","background-repeat":"repeat","background-position":"center center","background-size":"auto","background-attachment":"scroll","background-type":"","background-media":"","overlay-type":"","overlay-color":"","overlay-opacity":"","overlay-gradient":""},"tablet":{"background-color":"var(--ast-global-color-5)","background-image":"","background-repeat":"repeat","background-position":"center center","background-size":"auto","background-attachment":"scroll","background-type":"","background-media":"","overlay-type":"","overlay-color":"","overlay-opacity":"","overlay-gradient":""},"mobile":{"background-color":"var(--ast-global-color-5)","background-image":"","background-repeat":"repeat","background-position":"center center","background-size":"auto","background-attachment":"scroll","background-type":"","background-media":"","overlay-type":"","overlay-color":"","overlay-opacity":"","overlay-gradient":""}}},"product_brand":[],"product_cat":[47,430,1200],"product_tag":[292,185,809,212,609,314,189,324,466,281],"class_list":{"0":"post-8027","1":"product","2":"type-product","3":"status-publish","4":"has-post-thumbnail","6":"product_cat-classic","7":"product_cat-men","8":"product_cat-mens-shoes-2","9":"product_tag-brown-leather-shoes","10":"product_tag-calf-leather-shoes","11":"product_tag-classic-mens-footwear","12":"product_tag-derby-shoes","13":"product_tag-elegant-mens-shoes","14":"product_tag-formal-mens-shoes","15":"product_tag-goat-leather-lining","16":"product_tag-mens-dress-shoes","17":"product_tag-microlight-sole","18":"product_tag-wholesale-shoes","19":"desktop-align-center","20":"tablet-align-center","21":"mobile-align-center","23":"first","24":"instock","25":"shipping-taxable","26":"purchasable","27":"product-type-variable","28":"has-default-attributes"},"acf":[],"uagb_featured_image_src":{"full":["https:\/\/turkishtrade.co\/wp-content\/uploads\/2026\/01\/2600FKHMN00069-BROWN.png",453,250,false],"thumbnail":["https:\/\/turkishtrade.co\/wp-content\/uploads\/2026\/01\/2600FKHMN00069-BROWN-150x150.png",150,150,true],"medium":["https:\/\/turkishtrade.co\/wp-content\/uploads\/2026\/01\/2600FKHMN00069-BROWN-300x166.png",300,166,true],"medium_large":["https:\/\/turkishtrade.co\/wp-content\/uploads\/2026\/01\/2600FKHMN00069-BROWN.png",453,250,false],"large":["https:\/\/turkishtrade.co\/wp-content\/uploads\/2026\/01\/2600FKHMN00069-BROWN.png",453,250,false],"1536x1536":["https:\/\/turkishtrade.co\/wp-content\/uploads\/2026\/01\/2600FKHMN00069-BROWN.png",453,250,false],"2048x2048":["https:\/\/turkishtrade.co\/wp-content\/uploads\/2026\/01\/2600FKHMN00069-BROWN.png",453,250,false],"trp-custom-language-flag":["https:\/\/turkishtrade.co\/wp-content\/uploads\/2026\/01\/2600FKHMN00069-BROWN-18x10.png",18,10,true],"woocommerce_thumbnail":["https:\/\/turkishtrade.co\/wp-content\/uploads\/2026\/01\/2600FKHMN00069-BROWN-400x250.png",400,250,true],"woocommerce_single":["https:\/\/turkishtrade.co\/wp-content\/uploads\/2026\/01\/2600FKHMN00069-BROWN.png",453,250,false],"woocommerce_gallery_thumbnail":["https:\/\/turkishtrade.co\/wp-content\/uploads\/2026\/01\/2600FKHMN00069-BROWN-100x100.png",100,100,true]},"uagb_author_info":{"display_name":"python python","author_link":"https:\/\/turkishtrade.co\/de\/author\/"},"uagb_comment_info":0,"uagb_excerpt":"Handcrafted from genuine calf leather for a luxurious finish and rich brown hue Features a soft and breathable goat leather lining for ultimate all-day comfort Equipped with a lightweight Microlight sole for exceptional durability, flexibility, and traction Classic Derby style with an open lacing system, perfect for formal and smart-casual occasions Available in European sizes&hellip;","_links":{"self":[{"href":"https:\/\/turkishtrade.co\/de\/wp-json\/wp\/v2\/product\/8027","targetHints":{"allow":["GET"]}}],"collection":[{"href":"https:\/\/turkishtrade.co\/de\/wp-json\/wp\/v2\/product"}],"about":[{"href":"https:\/\/turkishtrade.co\/de\/wp-json\/wp\/v2\/types\/product"}],"wp:featuredmedia":[{"embeddable":true,"href":"https:\/\/turkishtrade.co\/de\/wp-json\/wp\/v2\/media\/7053"}],"wp:attachment":[{"href":"https:\/\/turkishtrade.co\/de\/wp-json\/wp\/v2\/media?parent=8027"}],"wp:term":[{"taxonomy":"product_brand","embeddable":true,"href":"https:\/\/turkishtrade.co\/de\/wp-json\/wp\/v2\/product_brand?post=8027"},{"taxonomy":"product_cat","embeddable":true,"href":"https:\/\/turkishtrade.co\/de\/wp-json\/wp\/v2\/product_cat?post=8027"},{"taxonomy":"product_tag","embeddable":true,"href":"https:\/\/turkishtrade.co\/de\/wp-json\/wp\/v2\/product_tag?post=8027"}],"curies":[{"name":"wp","href":"https:\/\/api.w.org\/{rel}","templated":true}]}}