{"id":8025,"date":"2026-01-29T14:47:01","date_gmt":"2026-01-29T14:47:01","guid":{"rendered":"https:\/\/turkishtrade.co\/?post_type=product&#038;p=8025"},"modified":"2026-04-09T20:38:02","modified_gmt":"2026-04-09T20:38:02","slug":"mens-brown-leather-monk-strap-shoes","status":"publish","type":"product","link":"https:\/\/turkishtrade.co\/de\/shop\/mens-brown-leather-monk-strap-shoes\/","title":{"rendered":"M\u00e4nner Braun Leder M\u00f6nchsriemen Schuhe Amazing | M\u00e4nner Braun Perforierte Kalbsleder"},"content":{"rendered":"<p><strong>Braune M\u00f6nchsriemenschuhe aus Leder f\u00fcr M\u00e4nner<\/strong>. Erstaunliche Qualit\u00e4t und Design.<\/p>\n<p>Entdecken Sie zeitlose Eleganz und unvergleichlichen Komfort mit unseren exquisiten <strong>Braune M\u00f6nchsriemenschuhe aus Leder f\u00fcr M\u00e4nner<\/strong>. Diese sorgf\u00e4ltig f\u00fcr den modernen Gentleman gefertigten Schuhe vereinen klassische Raffinesse mit zeitgen\u00f6ssischen Designelementen. Jedes Paar zeichnet sich durch \u00fcberlegene Kunstfertigkeit aus, was sie zu einer unverzichtbaren Erg\u00e4nzung f\u00fcr jede anspruchsvolle Garderobe macht. Erleben Sie den Luxus der hochwertigen Materialien und der fachm\u00e4nnischen Konstruktion, die diese au\u00dfergew\u00f6hnlichen Schuhe auszeichnen. <strong>Braune M\u00f6nchsriemenschuhe aus Leder f\u00fcr M\u00e4nner<\/strong>.<\/p>\n<h3>Unerreichte Qualit\u00e4t und Handwerkskunst<\/h3>\n<p>Unser <strong>Braune M\u00f6nchsriemenschuhe aus Leder f\u00fcr M\u00e4nner<\/strong> sind aus feinstem echtem Kalbsleder gefertigt und bieten ein luxuri\u00f6ses Aussehen und Gef\u00fchl, das mit dem Alter nur noch besser wird. Der satte Braunton ist vielseitig und erg\u00e4nzt m\u00fchelos eine Reihe von Outfits, von Business-Kleidung bis zu eleganten Freizeit-Ensembles. Die raffinierten perforierten Details auf dem Vorderblatt sorgen f\u00fcr eine unverwechselbare Textur und verbesserte Atmungsaktivit\u00e4t, so dass Ihre F\u00fc\u00dfe den ganzen Tag \u00fcber bequem bleiben. Unter dem eleganten \u00c4u\u00dferen befindet sich ein geschmeidiges Ziegenlederfutter, das Ihre F\u00fc\u00dfe weich umschmeichelt und ein au\u00dfergew\u00f6hnliches Ma\u00df an Komfort und feuchtigkeitsableitenden Eigenschaften bietet.<\/p>\n<h3>Entworfen f\u00fcr Stil und Komfort<\/h3>\n<p>Neben ihrer atemberaubenden \u00c4sthetik sind diese <strong>Braune M\u00f6nchsriemenschuhe aus Leder f\u00fcr M\u00e4nner<\/strong> sind auf Funktionalit\u00e4t und Langlebigkeit ausgelegt. Die leichte Microlight-Sohle bietet hervorragende Traktion und Flexibilit\u00e4t und macht die Schuhe auch bei l\u00e4ngerem Tragen unglaublich bequem, ohne dass die schlanke Silhouette darunter leidet. Diese innovative Sohlentechnologie sorgt daf\u00fcr, dass die Schuhe trotz ihrer robusten Konstruktion erstaunlich leicht bleiben und die F\u00fc\u00dfe nicht erm\u00fcden. Die klassische Zehenkappe und der verstellbare M\u00f6nchsriemen mit poliertem Schnallenverschluss tragen nicht nur zu ihrem raffinierten Aussehen bei, sondern bieten auch eine sichere und individuelle Passform.<\/p>\n<h3>Vielseitigkeit f\u00fcr jede Gelegenheit<\/h3>\n<p>Egal, ob Sie zu einer formellen Veranstaltung, einem Gesch\u00e4ftstreffen oder einem anspruchsvollen gesellschaftlichen Anlass gehen, diese <strong>Braune M\u00f6nchsriemenschuhe aus Leder f\u00fcr M\u00e4nner<\/strong> sind Ihr perfekter Begleiter. Ihr zeitloses Design macht sie unglaublich vielseitig, sodass Sie m\u00fchelos vom Tag zum Abend \u00fcbergehen k\u00f6nnen. Kombinieren Sie sie mit einem ma\u00dfgeschneiderten Anzug f\u00fcr einen scharfen, professionellen Look, oder tragen Sie sie mit Chinos und einem Sportmantel f\u00fcr einen l\u00e4ssigen Look. Erh\u00e4ltlich in den Gr\u00f6\u00dfen 39 bis 45, bieten wir jedem Kunden, der auf der Suche nach hochwertigem Schuhwerk ist, die perfekte Passform. F\u00fcr Unternehmen, diese Premium <strong>Braune M\u00f6nchsriemenschuhe aus Leder f\u00fcr M\u00e4nner<\/strong> sind ab einer Mindestbestellmenge von 16 Paar im Gro\u00dfhandel erh\u00e4ltlich und damit eine ausgezeichnete Wahl f\u00fcr Einzelh\u00e4ndler, die luxuri\u00f6se Herrenschuhe auf Lager haben.<\/p>","protected":false},"excerpt":{"rendered":"<ul>\n<li>Obermaterial aus hochwertigem Kalbsleder in sattem Braun<\/li>\n<li>Atmungsaktives Ziegenlederfutter f\u00fcr ultimativen Komfort<\/li>\n<li>Leichte und strapazierf\u00e4hige Microlight-Sohle f\u00fcr ganzt\u00e4gigen Tragekomfort<\/li>\n<li>Stilvolles, perforiertes Design mit klassischer Kappe<\/li>\n<li>Mit einem eleganten Monk Strap mit Schnallenverschluss<\/li>\n<li>Erh\u00e4ltlich in den Gr\u00f6\u00dfen 39-45 f\u00fcr eine perfekte Passform<\/li>\n<li>Mindestbestellmenge von 16 Paaren f\u00fcr Gro\u00dfhandelsk\u00e4ufe<\/li>\n<\/ul>","protected":false},"featured_media":7051,"template":"","meta":{"_acf_changed":false,"_uag_custom_page_level_css":"","site-sidebar-layout":"default","site-content-layout":"","ast-site-content-layout":"default","site-content-style":"default","site-sidebar-style":"default","ast-global-header-display":"","ast-banner-title-visibility":"","ast-main-header-display":"","ast-hfb-above-header-display":"","ast-hfb-below-header-display":"","ast-hfb-mobile-header-display":"","site-post-title":"","ast-breadcrumbs-content":"","ast-featured-img":"","footer-sml-layout":"","ast-disable-related-posts":"","theme-transparent-header-meta":"","adv-header-id-meta":"","stick-header-meta":"","header-above-stick-meta":"","header-main-stick-meta":"","header-below-stick-meta":"","astra-migrate-meta-layouts":"default","ast-page-background-enabled":"default","ast-page-background-meta":{"desktop":{"background-color":"var(--ast-global-color-4)","background-image":"","background-repeat":"repeat","background-position":"center center","background-size":"auto","background-attachment":"scroll","background-type":"","background-media":"","overlay-type":"","overlay-color":"","overlay-opacity":"","overlay-gradient":""},"tablet":{"background-color":"","background-image":"","background-repeat":"repeat","background-position":"center center","background-size":"auto","background-attachment":"scroll","background-type":"","background-media":"","overlay-type":"","overlay-color":"","overlay-opacity":"","overlay-gradient":""},"mobile":{"background-color":"","background-image":"","background-repeat":"repeat","background-position":"center center","background-size":"auto","background-attachment":"scroll","background-type":"","background-media":"","overlay-type":"","overlay-color":"","overlay-opacity":"","overlay-gradient":""}},"ast-content-background-meta":{"desktop":{"background-color":"var(--ast-global-color-5)","background-image":"","background-repeat":"repeat","background-position":"center center","background-size":"auto","background-attachment":"scroll","background-type":"","background-media":"","overlay-type":"","overlay-color":"","overlay-opacity":"","overlay-gradient":""},"tablet":{"background-color":"var(--ast-global-color-5)","background-image":"","background-repeat":"repeat","background-position":"center center","background-size":"auto","background-attachment":"scroll","background-type":"","background-media":"","overlay-type":"","overlay-color":"","overlay-opacity":"","overlay-gradient":""},"mobile":{"background-color":"var(--ast-global-color-5)","background-image":"","background-repeat":"repeat","background-position":"center center","background-size":"auto","background-attachment":"scroll","background-type":"","background-media":"","overlay-type":"","overlay-color":"","overlay-opacity":"","overlay-gradient":""}}},"product_brand":[],"product_cat":[47,430,1200],"product_tag":[292,451,458,809,251,189,324,466,261,686],"class_list":{"0":"post-8025","1":"product","2":"type-product","3":"status-publish","4":"has-post-thumbnail","6":"product_cat-classic","7":"product_cat-men","8":"product_cat-mens-shoes-2","9":"product_tag-brown-leather-shoes","10":"product_tag-calfskin-leather","11":"product_tag-cap-toe-shoes","12":"product_tag-classic-mens-footwear","13":"product_tag-formal-shoes","14":"product_tag-goat-leather-lining","15":"product_tag-mens-dress-shoes","16":"product_tag-microlight-sole","17":"product_tag-monk-strap-shoes","18":"product_tag-perforated-shoes","19":"desktop-align-center","20":"tablet-align-center","21":"mobile-align-center","23":"first","24":"instock","25":"shipping-taxable","26":"purchasable","27":"product-type-variable","28":"has-default-attributes"},"acf":[],"uagb_featured_image_src":{"full":["https:\/\/turkishtrade.co\/wp-content\/uploads\/2026\/01\/2600FKHMN00067-BROWN.png",453,250,false],"thumbnail":["https:\/\/turkishtrade.co\/wp-content\/uploads\/2026\/01\/2600FKHMN00067-BROWN-150x150.png",150,150,true],"medium":["https:\/\/turkishtrade.co\/wp-content\/uploads\/2026\/01\/2600FKHMN00067-BROWN-300x166.png",300,166,true],"medium_large":["https:\/\/turkishtrade.co\/wp-content\/uploads\/2026\/01\/2600FKHMN00067-BROWN.png",453,250,false],"large":["https:\/\/turkishtrade.co\/wp-content\/uploads\/2026\/01\/2600FKHMN00067-BROWN.png",453,250,false],"1536x1536":["https:\/\/turkishtrade.co\/wp-content\/uploads\/2026\/01\/2600FKHMN00067-BROWN.png",453,250,false],"2048x2048":["https:\/\/turkishtrade.co\/wp-content\/uploads\/2026\/01\/2600FKHMN00067-BROWN.png",453,250,false],"trp-custom-language-flag":["https:\/\/turkishtrade.co\/wp-content\/uploads\/2026\/01\/2600FKHMN00067-BROWN-18x10.png",18,10,true],"woocommerce_thumbnail":["https:\/\/turkishtrade.co\/wp-content\/uploads\/2026\/01\/2600FKHMN00067-BROWN-400x250.png",400,250,true],"woocommerce_single":["https:\/\/turkishtrade.co\/wp-content\/uploads\/2026\/01\/2600FKHMN00067-BROWN.png",453,250,false],"woocommerce_gallery_thumbnail":["https:\/\/turkishtrade.co\/wp-content\/uploads\/2026\/01\/2600FKHMN00067-BROWN-100x100.png",100,100,true]},"uagb_author_info":{"display_name":"python python","author_link":"https:\/\/turkishtrade.co\/de\/author\/"},"uagb_comment_info":0,"uagb_excerpt":"Premium calfskin leather upper in a rich brown finish Breathable goat leather lining for ultimate comfort Lightweight and durable microlight sole for all-day wear Stylish perforated design with classic cap-toe detail Features an elegant single monk strap with buckle fastening Available in sizes 39-45 to ensure a perfect fit Minimum order quantity of 16 pairs&hellip;","_links":{"self":[{"href":"https:\/\/turkishtrade.co\/de\/wp-json\/wp\/v2\/product\/8025","targetHints":{"allow":["GET"]}}],"collection":[{"href":"https:\/\/turkishtrade.co\/de\/wp-json\/wp\/v2\/product"}],"about":[{"href":"https:\/\/turkishtrade.co\/de\/wp-json\/wp\/v2\/types\/product"}],"wp:featuredmedia":[{"embeddable":true,"href":"https:\/\/turkishtrade.co\/de\/wp-json\/wp\/v2\/media\/7051"}],"wp:attachment":[{"href":"https:\/\/turkishtrade.co\/de\/wp-json\/wp\/v2\/media?parent=8025"}],"wp:term":[{"taxonomy":"product_brand","embeddable":true,"href":"https:\/\/turkishtrade.co\/de\/wp-json\/wp\/v2\/product_brand?post=8025"},{"taxonomy":"product_cat","embeddable":true,"href":"https:\/\/turkishtrade.co\/de\/wp-json\/wp\/v2\/product_cat?post=8025"},{"taxonomy":"product_tag","embeddable":true,"href":"https:\/\/turkishtrade.co\/de\/wp-json\/wp\/v2\/product_tag?post=8025"}],"curies":[{"name":"wp","href":"https:\/\/api.w.org\/{rel}","templated":true}]}}