{"id":8018,"date":"2026-01-29T14:47:00","date_gmt":"2026-01-29T14:47:00","guid":{"rendered":"https:\/\/turkishtrade.co\/?post_type=product&#038;p=8018"},"modified":"2026-04-09T20:38:23","modified_gmt":"2026-04-09T20:38:23","slug":"mens-classic-leather-slip-on-shoes","status":"publish","type":"product","link":"https:\/\/turkishtrade.co\/de\/shop\/mens-classic-leather-slip-on-shoes\/","title":{"rendered":"Klassische Herren-Slipper aus Leder Best-Selling | Klassische Herren-Slipper aus Kalbsleder"},"content":{"rendered":"<p><strong>Klassische Leder-Slipper f\u00fcr M\u00e4nner<\/strong>. Best-Selling Qualit\u00e4t und Design.<\/p>\n<p>Treten Sie ein in eine Welt von raffinierter Eleganz und un\u00fcbertroffenem Komfort mit unseren exquisiten <strong>Klassische Leder-Slipper f\u00fcr M\u00e4nner<\/strong>. Diese sorgf\u00e4ltig f\u00fcr den anspruchsvollen Gentleman entworfenen Schuhe vereinen traditionelle Handwerkskunst mit moderner Innovation. Egal, ob Sie an einer formellen Veranstaltung teilnehmen, ins B\u00fcro gehen oder einen l\u00e4ssigen Ausflug machen, diese Slipper sind der Inbegriff von vielseitiger Raffinesse und verleihen jedem Ensemble einen besonderen Touch.<\/p>\n<h3>Un\u00fcbertroffene Handwerkskunst und hochwertige Materialien<\/h3>\n<p>Jedes Paar dieser atemberaubenden <strong>Klassische Leder-Slipper f\u00fcr M\u00e4nner<\/strong> ist ein Zeugnis h\u00f6chster Kunstfertigkeit. Das \u00c4u\u00dfere ist aus erstklassigem Kalbsleder gefertigt, das f\u00fcr seine au\u00dfergew\u00f6hnliche Haltbarkeit, seine geschmeidige Textur und seinen luxuri\u00f6sen Glanz bekannt ist. Dieses hochwertige Leder sieht nicht nur pr\u00e4chtig aus, sondern passt sich mit der Zeit auch wunderbar an Ihren Fu\u00df an und sorgt f\u00fcr eine individuelle Passform. Erg\u00e4nzt wird das robuste \u00c4u\u00dfere durch ein Innenfutter aus weichem Ziegenleder. Dieses nat\u00fcrliche Futter ist bekannt f\u00fcr seine Atmungsaktivit\u00e4t und seine unglaubliche Weichheit, die bei jedem Schritt ein luxuri\u00f6ses Erlebnis bietet und Ihre F\u00fc\u00dfe den ganzen Tag \u00fcber bequem h\u00e4lt.<\/p>\n<h3>Fortschrittlicher Komfort mit Microlight-Sohle<\/h3>\n<p>Neben ihrer atemberaubenden \u00c4sthetik sind diese <strong>Klassische Leder-Slipper f\u00fcr M\u00e4nner<\/strong> stellen Ihren Komfort in den Vordergrund. Sie sind mit einer fortschrittlichen Microlight-Sohle ausgestattet, einem revolution\u00e4ren Material, das f\u00fcr seine leichten Eigenschaften und hervorragende Flexibilit\u00e4t ausgew\u00e4hlt wurde. Diese innovative Sohle bietet eine exzellente Sto\u00dfd\u00e4mpfung, die Erm\u00fcdungserscheinungen reduziert und diese Schuhe ideal f\u00fcr langes Tragen macht. Die Microlight-Sohle bietet au\u00dferdem eine zuverl\u00e4ssige Traktion und sorgt f\u00fcr Stabilit\u00e4t auf verschiedenen Untergr\u00fcnden. Erh\u00e4ltlich in einer umfassenden Auswahl an Gr\u00f6\u00dfen von 39 bis 45 (EU), gew\u00e4hrleisten wir eine perfekte Passform f\u00fcr ein breites Spektrum von Kunden.<\/p>\n<h3>Zeitloser Stil und Vielseitigkeit<\/h3>\n<p>Das klassische Slip-on-Design dieser Schuhe strahlt einen Hauch von unaufdringlichem Luxus aus und macht sie zu einer unverzichtbaren Erg\u00e4nzung f\u00fcr jede Garderobe. Ihre klaren Linien und ihr raffiniertes Profil machen sie unglaublich vielseitig. Kombinieren Sie sie mit ma\u00dfgeschneiderten Anz\u00fcgen f\u00fcr einen scharfen, professionellen Look, oder kombinieren Sie sie mit Chinos und einem schicken Blazer f\u00fcr eine gehobene Business-Casual-\u00c4sthetik. Der satte, tiefe Navy-Farbton (oder klassisches Schwarz, je nach Lichtverh\u00e4ltnissen) sorgt daf\u00fcr, dass sie eine breite Palette von Farben und Stilen erg\u00e4nzen, und festigt ihren Status als Grundnahrungsmittel f\u00fcr jeden Mann, der sowohl Mode als auch Funktion sch\u00e4tzt.<\/p>\n<h3>M\u00f6glichkeiten f\u00fcr den Gro\u00dfhandel<\/h3>\n<p>Wir sind stolz darauf, diese au\u00dfergew\u00f6hnlichen Classic Men's Calf Leather Slip-On Schuhe f\u00fcr den Gro\u00dfhandel anbieten zu k\u00f6nnen. Mit einer Mindestbestellmenge von nur 16 Paaren sind diese gefragten Schuhe eine hervorragende Gelegenheit f\u00fcr Einzelh\u00e4ndler, die ihre Schuhkollektion mit hochwertigen, handgefertigten Artikeln erweitern m\u00f6chten. Erleben Sie die Mischung aus Luxus, Komfort und dauerhaftem Stil, die nur von sorgf\u00e4ltig gefertigten Lederschuhen herr\u00fchrt. Setzen Sie sich noch heute mit uns in Verbindung, um Ihren Gro\u00dfhandelsbedarf zu besprechen und Ihrer anspruchsvollen Kundschaft diese herrlichen klassischen Herren-Slipper aus Leder anzubieten.<\/p>","protected":false},"excerpt":{"rendered":"<ul>\n<li>Gefertigt aus hochwertigem Kalbsleder f\u00fcr au\u00dfergew\u00f6hnliche Haltbarkeit und zeitlose Eleganz.<\/li>\n<li>Luxuri\u00f6ses Ziegenlederfutter bietet unvergleichlichen Komfort und Atmungsaktivit\u00e4t.<\/li>\n<li>Mit leichter, flexibler Microlight-Sohle f\u00fcr ganzt\u00e4gigen Tragekomfort.<\/li>\n<li>Das raffinierte Slip-on-Design sorgt f\u00fcr m\u00fchelosen Stil und Komfort.<\/li>\n<li>Erh\u00e4ltlich in den EU-Gr\u00f6\u00dfen 39, 40, 41, 42, 43, 44 und 45.<\/li>\n<li>Mindestbestellmenge: 16 Paar. Ideal f\u00fcr Gro\u00dfhandelspartner und Einzelh\u00e4ndler.<\/li>\n<\/ul>","protected":false},"featured_media":7043,"template":"","meta":{"_acf_changed":false,"_uag_custom_page_level_css":"","site-sidebar-layout":"default","site-content-layout":"","ast-site-content-layout":"default","site-content-style":"default","site-sidebar-style":"default","ast-global-header-display":"","ast-banner-title-visibility":"","ast-main-header-display":"","ast-hfb-above-header-display":"","ast-hfb-below-header-display":"","ast-hfb-mobile-header-display":"","site-post-title":"","ast-breadcrumbs-content":"","ast-featured-img":"","footer-sml-layout":"","ast-disable-related-posts":"","theme-transparent-header-meta":"","adv-header-id-meta":"","stick-header-meta":"","header-above-stick-meta":"","header-main-stick-meta":"","header-below-stick-meta":"","astra-migrate-meta-layouts":"default","ast-page-background-enabled":"default","ast-page-background-meta":{"desktop":{"background-color":"var(--ast-global-color-4)","background-image":"","background-repeat":"repeat","background-position":"center center","background-size":"auto","background-attachment":"scroll","background-type":"","background-media":"","overlay-type":"","overlay-color":"","overlay-opacity":"","overlay-gradient":""},"tablet":{"background-color":"","background-image":"","background-repeat":"repeat","background-position":"center center","background-size":"auto","background-attachment":"scroll","background-type":"","background-media":"","overlay-type":"","overlay-color":"","overlay-opacity":"","overlay-gradient":""},"mobile":{"background-color":"","background-image":"","background-repeat":"repeat","background-position":"center center","background-size":"auto","background-attachment":"scroll","background-type":"","background-media":"","overlay-type":"","overlay-color":"","overlay-opacity":"","overlay-gradient":""}},"ast-content-background-meta":{"desktop":{"background-color":"var(--ast-global-color-5)","background-image":"","background-repeat":"repeat","background-position":"center center","background-size":"auto","background-attachment":"scroll","background-type":"","background-media":"","overlay-type":"","overlay-color":"","overlay-opacity":"","overlay-gradient":""},"tablet":{"background-color":"var(--ast-global-color-5)","background-image":"","background-repeat":"repeat","background-position":"center center","background-size":"auto","background-attachment":"scroll","background-type":"","background-media":"","overlay-type":"","overlay-color":"","overlay-opacity":"","overlay-gradient":""},"mobile":{"background-color":"var(--ast-global-color-5)","background-image":"","background-repeat":"repeat","background-position":"center center","background-size":"auto","background-attachment":"scroll","background-type":"","background-media":"","overlay-type":"","overlay-color":"","overlay-opacity":"","overlay-gradient":""}}},"product_brand":[],"product_cat":[47,430,1200],"product_tag":[513,185,181,314,189,1336,466,1155,255,254],"class_list":{"0":"post-8018","1":"product","2":"type-product","3":"status-publish","4":"has-post-thumbnail","6":"product_cat-classic","7":"product_cat-men","8":"product_cat-mens-shoes-2","9":"product_tag-business-casual-shoes","10":"product_tag-calf-leather-shoes","11":"product_tag-comfortable-dress-shoes","12":"product_tag-formal-mens-shoes","13":"product_tag-goat-leather-lining","14":"product_tag-mens-classic-leather-slip-on-shoes","15":"product_tag-microlight-sole","16":"product_tag-slip-on-loafers","17":"product_tag-turkish-leather-shoes","18":"product_tag-wholesale-footwear","19":"desktop-align-center","20":"tablet-align-center","21":"mobile-align-center","23":"first","24":"instock","25":"shipping-taxable","26":"purchasable","27":"product-type-variable","28":"has-default-attributes"},"acf":[],"uagb_featured_image_src":{"full":["https:\/\/turkishtrade.co\/wp-content\/uploads\/2026\/01\/2600FKHMN00060-DARK-BLUE.png",453,250,false],"thumbnail":["https:\/\/turkishtrade.co\/wp-content\/uploads\/2026\/01\/2600FKHMN00060-DARK-BLUE-150x150.png",150,150,true],"medium":["https:\/\/turkishtrade.co\/wp-content\/uploads\/2026\/01\/2600FKHMN00060-DARK-BLUE-300x166.png",300,166,true],"medium_large":["https:\/\/turkishtrade.co\/wp-content\/uploads\/2026\/01\/2600FKHMN00060-DARK-BLUE.png",453,250,false],"large":["https:\/\/turkishtrade.co\/wp-content\/uploads\/2026\/01\/2600FKHMN00060-DARK-BLUE.png",453,250,false],"1536x1536":["https:\/\/turkishtrade.co\/wp-content\/uploads\/2026\/01\/2600FKHMN00060-DARK-BLUE.png",453,250,false],"2048x2048":["https:\/\/turkishtrade.co\/wp-content\/uploads\/2026\/01\/2600FKHMN00060-DARK-BLUE.png",453,250,false],"trp-custom-language-flag":["https:\/\/turkishtrade.co\/wp-content\/uploads\/2026\/01\/2600FKHMN00060-DARK-BLUE-18x10.png",18,10,true],"woocommerce_thumbnail":["https:\/\/turkishtrade.co\/wp-content\/uploads\/2026\/01\/2600FKHMN00060-DARK-BLUE-400x250.png",400,250,true],"woocommerce_single":["https:\/\/turkishtrade.co\/wp-content\/uploads\/2026\/01\/2600FKHMN00060-DARK-BLUE.png",453,250,false],"woocommerce_gallery_thumbnail":["https:\/\/turkishtrade.co\/wp-content\/uploads\/2026\/01\/2600FKHMN00060-DARK-BLUE-100x100.png",100,100,true]},"uagb_author_info":{"display_name":"python python","author_link":"https:\/\/turkishtrade.co\/de\/author\/"},"uagb_comment_info":0,"uagb_excerpt":"Crafted from premium calf leather for exceptional durability and timeless elegance. Luxurious goat leather lining provides unparalleled comfort and breathability. Features a lightweight, flexible microlight sole for all-day wearability. Sophisticated slip-on design ensures effortless style and convenience. Available in EU sizes 39, 40, 41, 42, 43, 44, and 45. Minimum order quantity: 16 pairs. Ideal&hellip;","_links":{"self":[{"href":"https:\/\/turkishtrade.co\/de\/wp-json\/wp\/v2\/product\/8018","targetHints":{"allow":["GET"]}}],"collection":[{"href":"https:\/\/turkishtrade.co\/de\/wp-json\/wp\/v2\/product"}],"about":[{"href":"https:\/\/turkishtrade.co\/de\/wp-json\/wp\/v2\/types\/product"}],"wp:featuredmedia":[{"embeddable":true,"href":"https:\/\/turkishtrade.co\/de\/wp-json\/wp\/v2\/media\/7043"}],"wp:attachment":[{"href":"https:\/\/turkishtrade.co\/de\/wp-json\/wp\/v2\/media?parent=8018"}],"wp:term":[{"taxonomy":"product_brand","embeddable":true,"href":"https:\/\/turkishtrade.co\/de\/wp-json\/wp\/v2\/product_brand?post=8018"},{"taxonomy":"product_cat","embeddable":true,"href":"https:\/\/turkishtrade.co\/de\/wp-json\/wp\/v2\/product_cat?post=8018"},{"taxonomy":"product_tag","embeddable":true,"href":"https:\/\/turkishtrade.co\/de\/wp-json\/wp\/v2\/product_tag?post=8018"}],"curies":[{"name":"wp","href":"https:\/\/api.w.org\/{rel}","templated":true}]}}