{"id":8000,"date":"2026-01-29T14:46:45","date_gmt":"2026-01-29T14:46:45","guid":{"rendered":"https:\/\/turkishtrade.co\/?post_type=product&#038;p=8000"},"modified":"2026-04-09T20:38:31","modified_gmt":"2026-04-09T20:38:31","slug":"mens-brown-calfskin-loafers","status":"publish","type":"product","link":"https:\/\/turkishtrade.co\/de\/shop\/mens-brown-calfskin-loafers\/","title":{"rendered":"Herren Loafers aus braunem Kalbsleder Authentic | Herren Loafers aus braunem Kalbsleder Classic"},"content":{"rendered":"<p><strong>Herren Loafers aus braunem Kalbsleder<\/strong>. Authentische Qualit\u00e4t und Design.<\/p>\n<p>Entdecken Sie den Inbegriff von zeitloser Eleganz und unvergleichlichem Komfort mit unseren exquisiten <strong>Klassische braune Herren Loafers aus Kalbsleder<\/strong>. Diese Loafer wurden f\u00fcr den anspruchsvollen Gentleman entworfen und verbinden nahtlos traditionelle Handwerkskunst mit moderner Innovation, was sie zu einer unverzichtbaren Erg\u00e4nzung f\u00fcr jede hochwertige Schuhkollektion macht. Von Gesch\u00e4ftstreffen bis hin zu eleganten gesellschaftlichen Anl\u00e4ssen, diese vielseitigen Loafer versprechen, Ihren Stilquotienten mit m\u00fcheloser Anmut zu erh\u00f6hen.<\/p>\n<h3>Unerreichte Qualit\u00e4t und Handwerkskunst<\/h3>\n<p>Jedes Paar unserer <strong>Herren-Slipper aus braunem Kalbsleder<\/strong> wird sorgf\u00e4ltig aus feinstem 100% Kalbsleder gefertigt. Dieses hochwertige Material ist bekannt f\u00fcr seine geschmeidige Textur, seine au\u00dfergew\u00f6hnliche Strapazierf\u00e4higkeit und seine F\u00e4higkeit, mit der Zeit eine sch\u00f6ne Patina zu entwickeln, die daf\u00fcr sorgt, dass Ihre Schuhe mit jedem Tragen besser aussehen. Der satte, tiefbraune Farbton, der durch elegante Paspeln und ein dezentes Metallemblem erg\u00e4nzt wird, strahlt einen unaufdringlichen Luxus aus, der seinesgleichen sucht. Wir sind stolz auf die akribische Liebe zum Detail, die sich in jeder einzelnen Naht widerspiegelt und unser Engagement f\u00fcr Qualit\u00e4t widerspiegelt, die den Test der Zeit besteht.<\/p>\n<h3>H\u00f6chster Komfort, den ganzen Tag lang<\/h3>\n<p>Erleben Sie luxuri\u00f6sen Komfort von dem Moment an, in dem Sie in diese Loafer schl\u00fcpfen. Der Innenraum ist mit echtem Ziegenleder gef\u00fcttert, das f\u00fcr seine unglaubliche Weichheit und hervorragende Atmungsaktivit\u00e4t bekannt ist. Dieses nat\u00fcrliche Futter leitet Feuchtigkeit ab und h\u00e4lt Ihre F\u00fc\u00dfe den ganzen Tag \u00fcber trocken und komfortabel, auch bei l\u00e4ngerem Tragen. Erg\u00e4nzt wird das weiche Innenfutter durch unsere innovative Microlight-Sohle. Diese fortschrittliche Sohlentechnologie sorgt f\u00fcr ein unglaublich leichtes Tragegef\u00fchl, au\u00dfergew\u00f6hnliche Flexibilit\u00e4t und eine hervorragende Sto\u00dfd\u00e4mpfung, die Erm\u00fcdungserscheinungen des Fu\u00dfes reduziert und einen stabilen Stand gew\u00e4hrleistet. Diese Eigenschaften ergeben zusammen ein Paar <strong>Herren-Slipper aus braunem Kalbsleder<\/strong> die Sie tagein, tagaus tragen m\u00f6chten.<\/p>\n<h3>Perfekt f\u00fcr Gro\u00dfhandelspartnerschaften<\/h3>\n<p>F\u00fcr Einzelh\u00e4ndler, die ihren Kunden hochwertige Premium-Schuhe anbieten m\u00f6chten, sind diese klassischen braunen Kalbsleder-Slipper eine hervorragende Gelegenheit. Ihr zeitloser Reiz und ihre hochwertige Konstruktion machen sie zu einem begehrten Artikel. Wir bieten Gro\u00dfhandelsbestellungen mit einer Mindestabnahmemenge von 16 Paaren an, was eine ideale L\u00f6sung f\u00fcr Boutiquen, Kaufh\u00e4user und Online-H\u00e4ndler darstellt, die luxuri\u00f6ses und dennoch praktisches Schuhwerk auf Lager haben wollen. Erh\u00e4ltlich in einer umfassenden Gr\u00f6\u00dfenauswahl von EU 39 bis 45, passen diese Loafer zu einem breiten Spektrum Ihrer Kundschaft und sorgen f\u00fcr ein maximales Umsatzpotenzial. Investieren Sie in diese au\u00dfergew\u00f6hnlichen <strong>braune Kalbsleder-Slipper<\/strong> und bieten Ihren Kunden eine Mischung aus Tradition und modernem Komfort.<\/p>","protected":false},"excerpt":{"rendered":"<ul>\n<li>Gefertigt aus 100% Premium-Kalbsleder f\u00fcr \u00fcberlegene Haltbarkeit und eine reiche Textur.<\/li>\n<li>Luxuri\u00f6s gef\u00fcttert mit echtem Ziegenleder, das f\u00fcr au\u00dfergew\u00f6hnliche Atmungsaktivit\u00e4t und Komfort sorgt.<\/li>\n<li>Die leichte und flexible Microlight-Sohle bietet ganzt\u00e4gigen Komfort und hervorragenden Halt.<\/li>\n<li>Klassischer Slipper, der sich sowohl f\u00fcr formelle als auch f\u00fcr legere Kleidung eignet.<\/li>\n<li>Erh\u00e4ltlich in einer breiten Palette von EU-Gr\u00f6\u00dfen: 39, 40, 41, 42, 43, 44, 45.<\/li>\n<li>M\u00f6glichkeit f\u00fcr den Gro\u00dfhandel: Mindestbestellmenge von 16 Paaren.<\/li>\n<\/ul>","protected":false},"featured_media":7040,"template":"","meta":{"_acf_changed":false,"_uag_custom_page_level_css":"","site-sidebar-layout":"default","site-content-layout":"","ast-site-content-layout":"default","site-content-style":"default","site-sidebar-style":"default","ast-global-header-display":"","ast-banner-title-visibility":"","ast-main-header-display":"","ast-hfb-above-header-display":"","ast-hfb-below-header-display":"","ast-hfb-mobile-header-display":"","site-post-title":"","ast-breadcrumbs-content":"","ast-featured-img":"","footer-sml-layout":"","ast-disable-related-posts":"","theme-transparent-header-meta":"","adv-header-id-meta":"","stick-header-meta":"","header-above-stick-meta":"","header-main-stick-meta":"","header-below-stick-meta":"","astra-migrate-meta-layouts":"default","ast-page-background-enabled":"default","ast-page-background-meta":{"desktop":{"background-color":"var(--ast-global-color-4)","background-image":"","background-repeat":"repeat","background-position":"center center","background-size":"auto","background-attachment":"scroll","background-type":"","background-media":"","overlay-type":"","overlay-color":"","overlay-opacity":"","overlay-gradient":""},"tablet":{"background-color":"","background-image":"","background-repeat":"repeat","background-position":"center center","background-size":"auto","background-attachment":"scroll","background-type":"","background-media":"","overlay-type":"","overlay-color":"","overlay-opacity":"","overlay-gradient":""},"mobile":{"background-color":"","background-image":"","background-repeat":"repeat","background-position":"center center","background-size":"auto","background-attachment":"scroll","background-type":"","background-media":"","overlay-type":"","overlay-color":"","overlay-opacity":"","overlay-gradient":""}},"ast-content-background-meta":{"desktop":{"background-color":"var(--ast-global-color-5)","background-image":"","background-repeat":"repeat","background-position":"center center","background-size":"auto","background-attachment":"scroll","background-type":"","background-media":"","overlay-type":"","overlay-color":"","overlay-opacity":"","overlay-gradient":""},"tablet":{"background-color":"var(--ast-global-color-5)","background-image":"","background-repeat":"repeat","background-position":"center center","background-size":"auto","background-attachment":"scroll","background-type":"","background-media":"","overlay-type":"","overlay-color":"","overlay-opacity":"","overlay-gradient":""},"mobile":{"background-color":"var(--ast-global-color-5)","background-image":"","background-repeat":"repeat","background-position":"center center","background-size":"auto","background-attachment":"scroll","background-type":"","background-media":"","overlay-type":"","overlay-color":"","overlay-opacity":"","overlay-gradient":""}}},"product_brand":[],"product_cat":[47,430,1200],"product_tag":[147,555,145,1249,215,186,466,374,184,254],"class_list":{"0":"post-8000","1":"product","2":"type-product","3":"status-publish","4":"has-post-thumbnail","6":"product_cat-classic","7":"product_cat-men","8":"product_cat-mens-shoes-2","9":"product_tag-brown-loafers","10":"product_tag-calfskin-loafers","11":"product_tag-classic-shoes","12":"product_tag-goat-lining","13":"product_tag-leather-loafers","14":"product_tag-mens-loafers","15":"product_tag-microlight-sole","16":"product_tag-premium-loafers","17":"product_tag-slip-on-shoes","18":"product_tag-wholesale-footwear","19":"desktop-align-center","20":"tablet-align-center","21":"mobile-align-center","23":"first","24":"instock","25":"shipping-taxable","26":"purchasable","27":"product-type-variable","28":"has-default-attributes"},"acf":[],"uagb_featured_image_src":{"full":["https:\/\/turkishtrade.co\/wp-content\/uploads\/2026\/01\/2600FKHMN00057-DARK-BLUE.png",453,250,false],"thumbnail":["https:\/\/turkishtrade.co\/wp-content\/uploads\/2026\/01\/2600FKHMN00057-DARK-BLUE-150x150.png",150,150,true],"medium":["https:\/\/turkishtrade.co\/wp-content\/uploads\/2026\/01\/2600FKHMN00057-DARK-BLUE-300x166.png",300,166,true],"medium_large":["https:\/\/turkishtrade.co\/wp-content\/uploads\/2026\/01\/2600FKHMN00057-DARK-BLUE.png",453,250,false],"large":["https:\/\/turkishtrade.co\/wp-content\/uploads\/2026\/01\/2600FKHMN00057-DARK-BLUE.png",453,250,false],"1536x1536":["https:\/\/turkishtrade.co\/wp-content\/uploads\/2026\/01\/2600FKHMN00057-DARK-BLUE.png",453,250,false],"2048x2048":["https:\/\/turkishtrade.co\/wp-content\/uploads\/2026\/01\/2600FKHMN00057-DARK-BLUE.png",453,250,false],"trp-custom-language-flag":["https:\/\/turkishtrade.co\/wp-content\/uploads\/2026\/01\/2600FKHMN00057-DARK-BLUE-18x10.png",18,10,true],"woocommerce_thumbnail":["https:\/\/turkishtrade.co\/wp-content\/uploads\/2026\/01\/2600FKHMN00057-DARK-BLUE-400x250.png",400,250,true],"woocommerce_single":["https:\/\/turkishtrade.co\/wp-content\/uploads\/2026\/01\/2600FKHMN00057-DARK-BLUE.png",453,250,false],"woocommerce_gallery_thumbnail":["https:\/\/turkishtrade.co\/wp-content\/uploads\/2026\/01\/2600FKHMN00057-DARK-BLUE-100x100.png",100,100,true]},"uagb_author_info":{"display_name":"python python","author_link":"https:\/\/turkishtrade.co\/de\/author\/"},"uagb_comment_info":0,"uagb_excerpt":"Crafted from 100% premium calfskin leather for superior durability and a rich texture. Luxuriously lined with genuine goat leather, ensuring exceptional breathability and comfort. Features a lightweight and flexible microlight sole, providing all-day comfort and excellent grip. Classic slip-on loafer design suitable for both formal and casual smart attire. Available in a comprehensive range of&hellip;","_links":{"self":[{"href":"https:\/\/turkishtrade.co\/de\/wp-json\/wp\/v2\/product\/8000","targetHints":{"allow":["GET"]}}],"collection":[{"href":"https:\/\/turkishtrade.co\/de\/wp-json\/wp\/v2\/product"}],"about":[{"href":"https:\/\/turkishtrade.co\/de\/wp-json\/wp\/v2\/types\/product"}],"wp:featuredmedia":[{"embeddable":true,"href":"https:\/\/turkishtrade.co\/de\/wp-json\/wp\/v2\/media\/7040"}],"wp:attachment":[{"href":"https:\/\/turkishtrade.co\/de\/wp-json\/wp\/v2\/media?parent=8000"}],"wp:term":[{"taxonomy":"product_brand","embeddable":true,"href":"https:\/\/turkishtrade.co\/de\/wp-json\/wp\/v2\/product_brand?post=8000"},{"taxonomy":"product_cat","embeddable":true,"href":"https:\/\/turkishtrade.co\/de\/wp-json\/wp\/v2\/product_cat?post=8000"},{"taxonomy":"product_tag","embeddable":true,"href":"https:\/\/turkishtrade.co\/de\/wp-json\/wp\/v2\/product_tag?post=8000"}],"curies":[{"name":"wp","href":"https:\/\/api.w.org\/{rel}","templated":true}]}}