{"id":7996,"date":"2026-01-29T14:46:44","date_gmt":"2026-01-29T14:46:44","guid":{"rendered":"https:\/\/turkishtrade.co\/?post_type=product&#038;p=7996"},"modified":"2026-04-09T20:38:41","modified_gmt":"2026-04-09T20:38:41","slug":"mens-brown-leather-monk-strap-shoes-3","status":"publish","type":"product","link":"https:\/\/turkishtrade.co\/de\/shop\/mens-brown-leather-monk-strap-shoes-3\/","title":{"rendered":"M\u00e4nner Braun Leder Monk Strap Schuhe Best-Selling | M\u00e4nner Classic Braun Croc-gepr\u00e4gtes Leder"},"content":{"rendered":"<p><strong>Braune M\u00f6nchsriemenschuhe aus Leder f\u00fcr M\u00e4nner<\/strong>. Best-Selling Qualit\u00e4t und Design.<\/p>\n<p>Erleben Sie unvergleichliche Raffinesse mit unserem ausgezeichneten <strong>Braune M\u00f6nchsriemenschuhe aus Leder f\u00fcr M\u00e4nner<\/strong>. Diese exquisiten Schuhe sind mehr als nur Schuhwerk; sie sind ein Statement f\u00fcr zeitlose Eleganz und modernen Komfort, sorgf\u00e4ltig gefertigt f\u00fcr den anspruchsvollen Gentleman. Unser <strong>Braune M\u00f6nchsriemenschuhe aus Leder f\u00fcr M\u00e4nner<\/strong> verbinden nahtlos traditionelles Design mit modernen Merkmalen und sorgen daf\u00fcr, dass Sie bei einem Gesch\u00e4ftstreffen oder einer besonderen Veranstaltung gut aussehen und sich wohl f\u00fchlen.<\/p>\n<h3>Erleben Sie un\u00fcbertroffene Handwerkskunst<\/h3>\n<p>Jedes Paar dieser klassischen M\u00f6nchsriemenschuhe ist ein Zeugnis h\u00f6chster Handwerkskunst. Das Obermaterial aus hochwertigem Kalbsleder verspricht Langlebigkeit und ein luxuri\u00f6ses Tragegef\u00fchl, das mit dem Alter nur noch besser wird. Das Innere ist mit weichem, atmungsaktivem Ziegenleder gef\u00fcttert und bietet vom ersten Moment an ein unglaublich komfortables Gef\u00fchl. Diese Liebe zum Detail bei der Materialauswahl stellt sicher, dass unsere <strong>Braune M\u00f6nchsriemenschuhe aus Leder f\u00fcr M\u00e4nner<\/strong> bieten dauerhaften Verschlei\u00df und au\u00dfergew\u00f6hnlichen Komfort.<\/p>\n<h3>Die Faszination des Kroko-Pr\u00e4gedesigns<\/h3>\n<p>Was diese Schuhe wirklich auszeichnet, ist ihre einzigartige \u00c4sthetik. Die Spitze und das Vorderblatt weisen eine unverwechselbare Kroko-Pr\u00e4gung auf, die dem sattbraunen Leder einen Hauch von exotischem Flair und Raffinesse verleiht. Dieses subtile und doch auff\u00e4llige Detail wird durch das glatte, genarbte Leder des Riemens und der Ferse wunderbar kontrastiert und sorgt f\u00fcr eine dynamische Optik. Der klassische Monk Strap, der mit einer eleganten Schnalle verschlossen wird, tr\u00e4gt nicht nur zum edlen Look des Schuhs bei, sondern sorgt auch f\u00fcr einen sicheren und verstellbaren Sitz. Diese <strong>Braune M\u00f6nchsriemenschuhe aus Leder f\u00fcr M\u00e4nner<\/strong> ziehen die Blicke auf sich und erg\u00e4nzen jedes formelle oder leger-elegante Outfit.<\/p>\n<h3>Komfort und Langlebigkeit bei jedem Schritt<\/h3>\n<p>Neben ihrem atemberaubenden Aussehen sind diese <strong>Braune M\u00f6nchsriemenschuhe aus Leder f\u00fcr M\u00e4nner<\/strong> sind f\u00fcr ultimativen Komfort und Widerstandsf\u00e4higkeit entwickelt worden. Die Microlight-Sohle bietet au\u00dfergew\u00f6hnliche Leichtigkeit und Flexibilit\u00e4t und reduziert die Erm\u00fcdung des Fu\u00dfes auch nach langen Stunden des Tragens. Diese innovative Sohlentechnologie bietet hervorragende Griffigkeit und Sto\u00dfd\u00e4mpfung, so dass sich jeder Schritt m\u00fchelos anf\u00fchlt. Die Kombination aus hochwertigem Kalbsleder, Ziegenlederfutter und einer strapazierf\u00e4higen Microlight-Sohle garantiert, dass diese Schuhe nicht nur stilvoll sind, sondern auch eine praktische und langlebige Erg\u00e4nzung Ihrer Garderobe darstellen.<\/p>\n<h3>Gro\u00dfhandelschance f\u00fcr Premium-Schuhe<\/h3>\n<p>F\u00fcr Einzelh\u00e4ndler und Unternehmen, die hochwertige, modische Herrenschuhe anbieten m\u00f6chten, ist unser <strong>Braune M\u00f6nchsriemenschuhe aus Leder f\u00fcr M\u00e4nner<\/strong> sind f\u00fcr den Gro\u00dfhandel erh\u00e4ltlich. Bei einer Mindestbestellmenge von 16 Paar k\u00f6nnen Sie eine Reihe von Gr\u00f6\u00dfen (39-45) vorr\u00e4tig halten, um die Anforderungen Ihrer Kunden zu erf\u00fcllen. Diese klassischen und modernen M\u00f6nchsriemenschuhe sind die ideale Wahl f\u00fcr modebewusste Kunden, die luxuri\u00f6se Materialien und fachm\u00e4nnische Verarbeitung zu sch\u00e4tzen wissen. Arbeiten Sie mit uns zusammen, um Ihren Kunden ein Produkt zu bieten, das sich durch Qualit\u00e4t und Stil auszeichnet.<\/p>","protected":false},"excerpt":{"rendered":"<ul>\n<li>Handgefertigt aus hochwertigem Kalbsleder<\/li>\n<li>Unverwechselbares Design mit Krokodilpr\u00e4gung im Zehenbereich und am Vorderblatt<\/li>\n<li>Luxuri\u00f6ses Ziegenlederfutter f\u00fcr h\u00f6chsten Komfort<\/li>\n<li>Leichte und strapazierf\u00e4hige Microlight-Sohle f\u00fcr ganzt\u00e4gigen Tragekomfort<\/li>\n<li>Klassischer Monk Strap mit schlankem Schnallenverschluss<\/li>\n<li>Erh\u00e4ltlich in den Gr\u00f6\u00dfen 39, 40, 41, 42, 43, 44, 45<\/li>\n<li>Gro\u00dfhandelsbestellungen sind willkommen (Mindestbestellmenge: 16 Paare)<\/li>\n<\/ul>","protected":false},"featured_media":7036,"template":"","meta":{"_acf_changed":false,"_uag_custom_page_level_css":"","site-sidebar-layout":"default","site-content-layout":"","ast-site-content-layout":"default","site-content-style":"default","site-sidebar-style":"default","ast-global-header-display":"","ast-banner-title-visibility":"","ast-main-header-display":"","ast-hfb-above-header-display":"","ast-hfb-below-header-display":"","ast-hfb-mobile-header-display":"","site-post-title":"","ast-breadcrumbs-content":"","ast-featured-img":"","footer-sml-layout":"","ast-disable-related-posts":"","theme-transparent-header-meta":"","adv-header-id-meta":"","stick-header-meta":"","header-above-stick-meta":"","header-main-stick-meta":"","header-below-stick-meta":"","astra-migrate-meta-layouts":"default","ast-page-background-enabled":"default","ast-page-background-meta":{"desktop":{"background-color":"var(--ast-global-color-4)","background-image":"","background-repeat":"repeat","background-position":"center center","background-size":"auto","background-attachment":"scroll","background-type":"","background-media":"","overlay-type":"","overlay-color":"","overlay-opacity":"","overlay-gradient":""},"tablet":{"background-color":"","background-image":"","background-repeat":"repeat","background-position":"center center","background-size":"auto","background-attachment":"scroll","background-type":"","background-media":"","overlay-type":"","overlay-color":"","overlay-opacity":"","overlay-gradient":""},"mobile":{"background-color":"","background-image":"","background-repeat":"repeat","background-position":"center center","background-size":"auto","background-attachment":"scroll","background-type":"","background-media":"","overlay-type":"","overlay-color":"","overlay-opacity":"","overlay-gradient":""}},"ast-content-background-meta":{"desktop":{"background-color":"var(--ast-global-color-5)","background-image":"","background-repeat":"repeat","background-position":"center center","background-size":"auto","background-attachment":"scroll","background-type":"","background-media":"","overlay-type":"","overlay-color":"","overlay-opacity":"","overlay-gradient":""},"tablet":{"background-color":"var(--ast-global-color-5)","background-image":"","background-repeat":"repeat","background-position":"center center","background-size":"auto","background-attachment":"scroll","background-type":"","background-media":"","overlay-type":"","overlay-color":"","overlay-opacity":"","overlay-gradient":""},"mobile":{"background-color":"var(--ast-global-color-5)","background-image":"","background-repeat":"repeat","background-position":"center center","background-size":"auto","background-attachment":"scroll","background-type":"","background-media":"","overlay-type":"","overlay-color":"","overlay-opacity":"","overlay-gradient":""}}},"product_brand":[],"product_cat":[47,430,1200],"product_tag":[292,405,566,1333,251,189,324,466,508,262],"class_list":{"0":"post-7996","1":"product","2":"type-product","3":"status-publish","4":"has-post-thumbnail","6":"product_cat-classic","7":"product_cat-men","8":"product_cat-mens-shoes-2","9":"product_tag-brown-leather-shoes","10":"product_tag-business-shoes","11":"product_tag-calfskin-shoes","12":"product_tag-classic-monk-shoes","13":"product_tag-formal-shoes","14":"product_tag-goat-leather-lining","15":"product_tag-mens-dress-shoes","16":"product_tag-microlight-sole","17":"product_tag-single-monk-strap","18":"product_tag-wholesale-mens-shoes","19":"desktop-align-center","20":"tablet-align-center","21":"mobile-align-center","23":"first","24":"instock","25":"shipping-taxable","26":"purchasable","27":"product-type-variable","28":"has-default-attributes"},"acf":[],"uagb_featured_image_src":{"full":["https:\/\/turkishtrade.co\/wp-content\/uploads\/2026\/01\/2600FKHMN00053-BROWN.png",453,250,false],"thumbnail":["https:\/\/turkishtrade.co\/wp-content\/uploads\/2026\/01\/2600FKHMN00053-BROWN-150x150.png",150,150,true],"medium":["https:\/\/turkishtrade.co\/wp-content\/uploads\/2026\/01\/2600FKHMN00053-BROWN-300x166.png",300,166,true],"medium_large":["https:\/\/turkishtrade.co\/wp-content\/uploads\/2026\/01\/2600FKHMN00053-BROWN.png",453,250,false],"large":["https:\/\/turkishtrade.co\/wp-content\/uploads\/2026\/01\/2600FKHMN00053-BROWN.png",453,250,false],"1536x1536":["https:\/\/turkishtrade.co\/wp-content\/uploads\/2026\/01\/2600FKHMN00053-BROWN.png",453,250,false],"2048x2048":["https:\/\/turkishtrade.co\/wp-content\/uploads\/2026\/01\/2600FKHMN00053-BROWN.png",453,250,false],"trp-custom-language-flag":["https:\/\/turkishtrade.co\/wp-content\/uploads\/2026\/01\/2600FKHMN00053-BROWN-18x10.png",18,10,true],"woocommerce_thumbnail":["https:\/\/turkishtrade.co\/wp-content\/uploads\/2026\/01\/2600FKHMN00053-BROWN-400x250.png",400,250,true],"woocommerce_single":["https:\/\/turkishtrade.co\/wp-content\/uploads\/2026\/01\/2600FKHMN00053-BROWN.png",453,250,false],"woocommerce_gallery_thumbnail":["https:\/\/turkishtrade.co\/wp-content\/uploads\/2026\/01\/2600FKHMN00053-BROWN-100x100.png",100,100,true]},"uagb_author_info":{"display_name":"python python","author_link":"https:\/\/turkishtrade.co\/de\/author\/"},"uagb_comment_info":0,"uagb_excerpt":"Handcrafted from premium calfskin leather Features a distinctive croc-embossed toe and vamp design Luxurious goat leather lining for superior comfort Lightweight and durable microlight sole for all-day wear Classic single monk strap with a sleek buckle closure Available in sizes 39, 40, 41, 42, 43, 44, 45 Wholesale orders are welcome (minimum order: 16 pairs)","_links":{"self":[{"href":"https:\/\/turkishtrade.co\/de\/wp-json\/wp\/v2\/product\/7996","targetHints":{"allow":["GET"]}}],"collection":[{"href":"https:\/\/turkishtrade.co\/de\/wp-json\/wp\/v2\/product"}],"about":[{"href":"https:\/\/turkishtrade.co\/de\/wp-json\/wp\/v2\/types\/product"}],"wp:featuredmedia":[{"embeddable":true,"href":"https:\/\/turkishtrade.co\/de\/wp-json\/wp\/v2\/media\/7036"}],"wp:attachment":[{"href":"https:\/\/turkishtrade.co\/de\/wp-json\/wp\/v2\/media?parent=7996"}],"wp:term":[{"taxonomy":"product_brand","embeddable":true,"href":"https:\/\/turkishtrade.co\/de\/wp-json\/wp\/v2\/product_brand?post=7996"},{"taxonomy":"product_cat","embeddable":true,"href":"https:\/\/turkishtrade.co\/de\/wp-json\/wp\/v2\/product_cat?post=7996"},{"taxonomy":"product_tag","embeddable":true,"href":"https:\/\/turkishtrade.co\/de\/wp-json\/wp\/v2\/product_tag?post=7996"}],"curies":[{"name":"wp","href":"https:\/\/api.w.org\/{rel}","templated":true}]}}