{"id":7991,"date":"2026-01-29T14:46:44","date_gmt":"2026-01-29T14:46:44","guid":{"rendered":"https:\/\/turkishtrade.co\/?post_type=product&#038;p=7991"},"modified":"2026-04-09T20:38:53","modified_gmt":"2026-04-09T20:38:53","slug":"mens-classic-black-dress-shoes","status":"publish","type":"product","link":"https:\/\/turkishtrade.co\/de\/shop\/mens-classic-black-dress-shoes\/","title":{"rendered":"Herrenschuhe Classic Schwarz Kleid Schuhe Proven | Classic Herrenschuhe Schwarz Kalbsleder Kleid"},"content":{"rendered":"<p><strong>Klassische schwarze Schuhe f\u00fcr M\u00e4nner<\/strong>. Bew\u00e4hrte Qualit\u00e4t und Design.<\/p>\n<p>Erweitern Sie Ihre Kollektion an formellen Schuhen mit unseren exquisiten <strong>Klassische schwarze Schuhe f\u00fcr M\u00e4nner<\/strong>. Diese Schuhe wurden f\u00fcr den anspruchsvollen Gentleman entworfen und vereinen zeitlosen Stil mit modernem Komfort und Haltbarkeit. Gefertigt aus feinstem Kalbsleder, verf\u00fcgen diese formellen Schuhe \u00fcber eine unverwechselbare strukturierte Frontplatte, die ihrer klassischen Silhouette einen einzigartigen Hauch von Raffinesse verleiht. Ob Sie an einem wichtigen Gesch\u00e4ftstreffen, einer eleganten Hochzeit oder einer raffinierten Abendveranstaltung teilnehmen, diese <strong>Klassische schwarze Schuhe f\u00fcr M\u00e4nner<\/strong> werden garantiert einen bleibenden Eindruck hinterlassen. Entdecken Sie das ultimative Paar <strong>Klassische schwarze Schuhe f\u00fcr M\u00e4nner<\/strong> die Tradition mit modernem Flair verbinden.<\/p>\n<h3>Unerreichte Handwerkskunst und hochwertige Materialien<\/h3>\n<p>Die hervorragende Qualit\u00e4t dieser <strong>Klassische schwarze Schuhe f\u00fcr M\u00e4nner<\/strong> beginnt mit ihrer sorgf\u00e4ltigen Konstruktion. Das Obermaterial besteht aus echtem Kalbsleder, das f\u00fcr seine Geschmeidigkeit, Haltbarkeit und seinen nat\u00fcrlichen Glanz bekannt ist. Dieses hochwertige Material sorgt daf\u00fcr, dass Ihre Schuhe nicht nur au\u00dfergew\u00f6hnlich aussehen, sondern auch dem Test der Zeit standhalten und \u00fcber Jahre hinweg eine reiche Patina entwickeln. Im Inneren erleben Ihre F\u00fc\u00dfe unvergleichlichen Luxus mit einem Futter aus vollem Ziegenleder. Dieses weiche, atmungsaktive Futter leitet Feuchtigkeit ab und sorgt daf\u00fcr, dass sich Ihre F\u00fc\u00dfe den ganzen Tag \u00fcber wohlf\u00fchlen und frisch bleiben, was diese Schuhe zum idealen Schuhwerk macht. <strong>Klassische schwarze Schuhe f\u00fcr M\u00e4nner<\/strong> f\u00fcr langes Tragen. Erleben Sie die wahre Essenz von Premium-Schuhen mit diesen eleganten schwarzen Kleidungsschuhen.<\/p>\n<h3>Anspruchsvoller Stil mit modernem Komfort<\/h3>\n<p>Neben ihrer atemberaubenden \u00c4sthetik sind diese <strong>Klassische schwarze Schuhe f\u00fcr M\u00e4nner<\/strong> sind auf h\u00f6chsten Komfort ausgelegt. Die innovative Microlight-Sohle bietet au\u00dfergew\u00f6hnliche Leichtigkeit und Flexibilit\u00e4t und reduziert die Erm\u00fcdung des Fu\u00dfes, die bei herk\u00f6mmlichen Schuhen h\u00e4ufig auftritt. Das strapazierf\u00e4hige und dennoch gepolsterte Design bietet hervorragenden Halt, wie das auff\u00e4llige rot-schwarz gemusterte Unterteil zeigt, und sorgt f\u00fcr Vertrauen bei jedem Schritt. Der Schn\u00fcrverschluss sorgt f\u00fcr eine sichere und verstellbare Passform, die sich der einzigartigen Form Ihres Fu\u00dfes anpasst. Die elegante, leicht spitz zulaufende Spitze und das raffinierte, strukturierte Detail auf dem Vorderblatt machen diese <strong>Klassische schwarze Schuhe f\u00fcr M\u00e4nner<\/strong> eine vielseitige Erg\u00e4nzung f\u00fcr jede formelle oder halbformelle Garderobe, die den anspruchsvollen Stil des modernen Mannes definiert. Sie werden nichts Besseres finden <strong>Klassische schwarze Schuhe f\u00fcr M\u00e4nner<\/strong> sowohl f\u00fcr das Aussehen als auch f\u00fcr die Haptik.<\/p>\n<h3>Ideal f\u00fcr Gro\u00dfh\u00e4ndler und Einzelh\u00e4ndler<\/h3>\n<p>F\u00fcr Einzelh\u00e4ndler, die hochwertige, modische Schuhe anbieten wollen, sind diese <strong>Klassische schwarze Schuhe f\u00fcr M\u00e4nner<\/strong> sind f\u00fcr den Gro\u00dfhandel erh\u00e4ltlich. Mit einer Mindestbestellmenge von nur 16 Paaren k\u00f6nnen Unternehmen diese beliebten Gr\u00f6\u00dfen (EU 39-45) problemlos auf Lager halten und einen breiten Kundenstamm bedienen. Mit einer Mischung aus klassischem Design, hochwertigen Materialien und au\u00dfergew\u00f6hnlichem Komfort sind diese schwarzen Kalbslederschuhe eine kluge Investition f\u00fcr jede Herrenmode-Boutique und jedes Schuhgesch\u00e4ft. Bieten Sie Ihren Kunden die Eleganz und Qualit\u00e4t, die sie verdienen, mit diesen erstklassigen <strong>Klassische schwarze Schuhe f\u00fcr M\u00e4nner<\/strong>.<\/p>\n<p>Investieren Sie in Schuhe, die B\u00e4nde \u00fcber Ihren Stil sprechen. Unser <strong>Klassische schwarze Schuhe f\u00fcr M\u00e4nner<\/strong> sind mehr als nur ein Paar Schuhe; sie sind ein Statement f\u00fcr Raffinesse und Qualit\u00e4t. Erleben Sie die perfekte Verschmelzung von Tradition und Innovation, entworfen, um Ihre feinste Kleidung zu erg\u00e4nzen. Wenn es um dauerhaften Stil und Komfort geht, sind dies die definitiven <strong>Klassische schwarze Schuhe f\u00fcr M\u00e4nner<\/strong>.<\/p>","protected":false},"excerpt":{"rendered":"<ul>\n<li>Obermaterial aus hochwertigem Kalbsleder f\u00fcr dauerhafte Eleganz<\/li>\n<li>Luxuri\u00f6ses Ziegenlederfutter sorgt f\u00fcr Atmungsaktivit\u00e4t und Komfort<\/li>\n<li>Leichte Microlight-Sohle f\u00fcr ganzt\u00e4giges Tragen ohne Erm\u00fcdung<\/li>\n<li>Markante strukturierte Details verleihen diesen klassischen schwarzen Herrenschuhen ein raffiniertes Flair<\/li>\n<li>Erh\u00e4ltlich in EU-Gr\u00f6\u00dfen: 39, 40, 41, 42, 43, 44, 45<\/li>\n<li>Bei einer Mindestbestellmenge von 16 Paaren sind Gro\u00dfhandelsangebote erh\u00e4ltlich.<\/li>\n<\/ul>","protected":false},"featured_media":7031,"template":"","meta":{"_acf_changed":false,"_uag_custom_page_level_css":"","site-sidebar-layout":"default","site-content-layout":"","ast-site-content-layout":"default","site-content-style":"default","site-sidebar-style":"default","ast-global-header-display":"","ast-banner-title-visibility":"","ast-main-header-display":"","ast-hfb-above-header-display":"","ast-hfb-below-header-display":"","ast-hfb-mobile-header-display":"","site-post-title":"","ast-breadcrumbs-content":"","ast-featured-img":"","footer-sml-layout":"","ast-disable-related-posts":"","theme-transparent-header-meta":"","adv-header-id-meta":"","stick-header-meta":"","header-above-stick-meta":"","header-main-stick-meta":"","header-below-stick-meta":"","astra-migrate-meta-layouts":"default","ast-page-background-enabled":"default","ast-page-background-meta":{"desktop":{"background-color":"var(--ast-global-color-4)","background-image":"","background-repeat":"repeat","background-position":"center center","background-size":"auto","background-attachment":"scroll","background-type":"","background-media":"","overlay-type":"","overlay-color":"","overlay-opacity":"","overlay-gradient":""},"tablet":{"background-color":"","background-image":"","background-repeat":"repeat","background-position":"center center","background-size":"auto","background-attachment":"scroll","background-type":"","background-media":"","overlay-type":"","overlay-color":"","overlay-opacity":"","overlay-gradient":""},"mobile":{"background-color":"","background-image":"","background-repeat":"repeat","background-position":"center center","background-size":"auto","background-attachment":"scroll","background-type":"","background-media":"","overlay-type":"","overlay-color":"","overlay-opacity":"","overlay-gradient":""}},"ast-content-background-meta":{"desktop":{"background-color":"var(--ast-global-color-5)","background-image":"","background-repeat":"repeat","background-position":"center center","background-size":"auto","background-attachment":"scroll","background-type":"","background-media":"","overlay-type":"","overlay-color":"","overlay-opacity":"","overlay-gradient":""},"tablet":{"background-color":"var(--ast-global-color-5)","background-image":"","background-repeat":"repeat","background-position":"center center","background-size":"auto","background-attachment":"scroll","background-type":"","background-media":"","overlay-type":"","overlay-color":"","overlay-opacity":"","overlay-gradient":""},"mobile":{"background-color":"var(--ast-global-color-5)","background-image":"","background-repeat":"repeat","background-position":"center center","background-size":"auto","background-attachment":"scroll","background-type":"","background-media":"","overlay-type":"","overlay-color":"","overlay-opacity":"","overlay-gradient":""}}},"product_brand":[],"product_cat":[47,430,1200],"product_tag":[196,405,566,1331,189,324,466,1332,262],"class_list":{"0":"post-7991","1":"product","2":"type-product","3":"status-publish","4":"has-post-thumbnail","6":"product_cat-classic","7":"product_cat-men","8":"product_cat-mens-shoes-2","9":"product_tag-black-leather-shoes","10":"product_tag-business-shoes","11":"product_tag-calfskin-shoes","12":"product_tag-classic-formal-shoes","13":"product_tag-goat-leather-lining","14":"product_tag-mens-dress-shoes","15":"product_tag-microlight-sole","16":"product_tag-textured-dress-shoes","17":"product_tag-wholesale-mens-shoes","18":"desktop-align-center","19":"tablet-align-center","20":"mobile-align-center","22":"first","23":"instock","24":"shipping-taxable","25":"purchasable","26":"product-type-variable","27":"has-default-attributes"},"acf":[],"uagb_featured_image_src":{"full":["https:\/\/turkishtrade.co\/wp-content\/uploads\/2026\/01\/2600FKHMN00048-BLACK.png",453,250,false],"thumbnail":["https:\/\/turkishtrade.co\/wp-content\/uploads\/2026\/01\/2600FKHMN00048-BLACK-150x150.png",150,150,true],"medium":["https:\/\/turkishtrade.co\/wp-content\/uploads\/2026\/01\/2600FKHMN00048-BLACK-300x166.png",300,166,true],"medium_large":["https:\/\/turkishtrade.co\/wp-content\/uploads\/2026\/01\/2600FKHMN00048-BLACK.png",453,250,false],"large":["https:\/\/turkishtrade.co\/wp-content\/uploads\/2026\/01\/2600FKHMN00048-BLACK.png",453,250,false],"1536x1536":["https:\/\/turkishtrade.co\/wp-content\/uploads\/2026\/01\/2600FKHMN00048-BLACK.png",453,250,false],"2048x2048":["https:\/\/turkishtrade.co\/wp-content\/uploads\/2026\/01\/2600FKHMN00048-BLACK.png",453,250,false],"trp-custom-language-flag":["https:\/\/turkishtrade.co\/wp-content\/uploads\/2026\/01\/2600FKHMN00048-BLACK-18x10.png",18,10,true],"woocommerce_thumbnail":["https:\/\/turkishtrade.co\/wp-content\/uploads\/2026\/01\/2600FKHMN00048-BLACK-400x250.png",400,250,true],"woocommerce_single":["https:\/\/turkishtrade.co\/wp-content\/uploads\/2026\/01\/2600FKHMN00048-BLACK.png",453,250,false],"woocommerce_gallery_thumbnail":["https:\/\/turkishtrade.co\/wp-content\/uploads\/2026\/01\/2600FKHMN00048-BLACK-100x100.png",100,100,true]},"uagb_author_info":{"display_name":"python python","author_link":"https:\/\/turkishtrade.co\/de\/author\/"},"uagb_comment_info":0,"uagb_excerpt":"Premium Calfskin Leather Upper for lasting elegance Luxurious Goat Leather Lining ensures breathability and comfort Lightweight Microlight Sole for all-day wear without fatigue Distinctive Textured Detail adds sophisticated flair to these Men's Classic Black Dress Shoes Available in EU Sizes: 39, 40, 41, 42, 43, 44, 45 Wholesale opportunities available with a minimum order of&hellip;","_links":{"self":[{"href":"https:\/\/turkishtrade.co\/de\/wp-json\/wp\/v2\/product\/7991","targetHints":{"allow":["GET"]}}],"collection":[{"href":"https:\/\/turkishtrade.co\/de\/wp-json\/wp\/v2\/product"}],"about":[{"href":"https:\/\/turkishtrade.co\/de\/wp-json\/wp\/v2\/types\/product"}],"wp:featuredmedia":[{"embeddable":true,"href":"https:\/\/turkishtrade.co\/de\/wp-json\/wp\/v2\/media\/7031"}],"wp:attachment":[{"href":"https:\/\/turkishtrade.co\/de\/wp-json\/wp\/v2\/media?parent=7991"}],"wp:term":[{"taxonomy":"product_brand","embeddable":true,"href":"https:\/\/turkishtrade.co\/de\/wp-json\/wp\/v2\/product_brand?post=7991"},{"taxonomy":"product_cat","embeddable":true,"href":"https:\/\/turkishtrade.co\/de\/wp-json\/wp\/v2\/product_cat?post=7991"},{"taxonomy":"product_tag","embeddable":true,"href":"https:\/\/turkishtrade.co\/de\/wp-json\/wp\/v2\/product_tag?post=7991"}],"curies":[{"name":"wp","href":"https:\/\/api.w.org\/{rel}","templated":true}]}}