{"id":7968,"date":"2026-01-29T14:46:26","date_gmt":"2026-01-29T14:46:26","guid":{"rendered":"https:\/\/turkishtrade.co\/?post_type=product&#038;p=7968"},"modified":"2026-04-09T20:39:14","modified_gmt":"2026-04-09T20:39:14","slug":"mens-brown-leather-brogue-shoes-2","status":"publish","type":"product","link":"https:\/\/turkishtrade.co\/de\/shop\/mens-brown-leather-brogue-shoes-2\/","title":{"rendered":"Herren Brogue-Schuhe aus braunem Leder Proven | Herren Brogue-Schuhe aus braunem Premium-Leder"},"content":{"rendered":"<p><strong>Herren Brogue-Schuhe aus braunem Leder<\/strong>. Bew\u00e4hrte Qualit\u00e4t und Design.<\/p>\n<p>Erleben Sie zeitlose Raffinesse mit unseren exquisiten <strong>Herren Premium Braun Leder Brogue Schuhe<\/strong>. Sorgf\u00e4ltig f\u00fcr den anspruchsvollen Gentleman gefertigt, verk\u00f6rpern diese Schuhe klassische Eleganz und \u00fcberlegenen Komfort. Jedes Paar unserer <strong>Brogue-Schuhe aus braunem Leder f\u00fcr M\u00e4nner<\/strong> ist ein Zeugnis traditioneller Schuhmacherkunst, das Ihren Stil aufwertet, egal ob Sie zu einer formellen Veranstaltung oder einem wichtigen Gesch\u00e4ftstreffen gehen oder einfach nur einen l\u00e4ssigen Ausflug machen. Der satte, tiefbraune Farbton des Leders bietet eine bemerkenswerte Vielseitigkeit und macht diese Schuhe zu einem Grundnahrungsmittel f\u00fcr jede gut gekleidete Garderobe.<\/p>\n<h3>Un\u00fcbertroffene Handwerkskunst und hochwertige Materialien<\/h3>\n<p>Das Herzst\u00fcck dieser au\u00dfergew\u00f6hnlichen <strong>Brogue-Schuhe aus braunem Leder f\u00fcr M\u00e4nner<\/strong> liegt das feinste Kalbsleder. Dieses hochwertige \u2018Dana Derisi\u2019 bietet ein glattes, poliertes Finish, das mit der Zeit eine einzigartige Patina entwickelt. Die aufwendigen Brogue-Details mit ihren charakteristischen Perforationen und Zacken entlang der N\u00e4hte zeigen ein traditionelles Design, das ewig modisch bleibt. Neben ihrem atemberaubenden \u00c4u\u00dferen steht bei diesen Schuhen auch Ihr Komfort im Vordergrund. Der Innenraum ist mit echtem Ziegenleder (\u2018i\u00e7i ke\u00e7i astar\u2019) gef\u00fcttert, das eine unvergleichliche Atmungsaktivit\u00e4t und eine weiche, bequeme Umarmung f\u00fcr Ihre F\u00fc\u00dfe w\u00e4hrend des ganzen Tages bietet. Diese Liebe zum Detail im Inneren sorgt f\u00fcr ein luxuri\u00f6ses Gef\u00fchl bei jedem Ihrer Schritte.<\/p>\n<h3>Fortschrittlicher Komfort mit Microlight-Sohle<\/h3>\n<p>W\u00e4hrend sich die \u00c4sthetik am klassischen Design orientiert, bietet die Technik modernen Komfort. Unser <strong>Brogue-Schuhe aus braunem Leder f\u00fcr M\u00e4nner<\/strong> verf\u00fcgen \u00fcber eine innovative Microlight-Sohle (\u2018Microlight Taban\u2019). Diese fortschrittliche Sohlentechnologie sorgt f\u00fcr au\u00dfergew\u00f6hnliche Leichtigkeit und Flexibilit\u00e4t und reduziert die Erm\u00fcdung des Fu\u00dfes erheblich, ohne Kompromisse bei der Haltbarkeit oder dem Grip einzugehen. Die robuste und dennoch leichte Konstruktion sorgt daf\u00fcr, dass Sie diese Schuhe auch \u00fcber l\u00e4ngere Zeitr\u00e4ume problemlos tragen k\u00f6nnen und dabei sowohl Halt als auch D\u00e4mpfung genie\u00dfen. Erh\u00e4ltlich in einer breiten Palette von Gr\u00f6\u00dfen von 39 bis 45 (EU), gew\u00e4hrleisten wir eine perfekte Passform f\u00fcr eine Vielzahl von Kunden, die auf der Suche nach Premium-Schuhen sind. <strong>Brogue-Schuhe aus braunem Leder f\u00fcr M\u00e4nner<\/strong>.<\/p>\n<h3>Die perfekte Wahl f\u00fcr Gro\u00dfeink\u00e4ufer<\/h3>\n<p>F\u00fcr Unternehmen, die hochwertige, klassische Schuhe suchen, ist unser <strong>Herren Premium Braun Leder Brogue Schuhe<\/strong> sind eine ideale Wahl. Wir bieten diese gro\u00dfartigen Schuhe f\u00fcr den Gro\u00dfhandel an, mit einer Mindestbestellmenge von nur 16 Paar. So k\u00f6nnen Einzelh\u00e4ndler und Distributoren eine Reihe von Gr\u00f6\u00dfen vorr\u00e4tig halten und die Kundennachfrage nach anspruchsvollen, langlebigen und bequemen Schuhen erf\u00fcllen. Investieren Sie in ein Produkt, das traditionellen Stil mit zeitgem\u00e4\u00dfem Komfort verbindet, und sorgen Sie so f\u00fcr Kundenzufriedenheit und Folgeauftr\u00e4ge. Diese klassischen <strong>Brogue-Schuhe aus braunem Leder f\u00fcr M\u00e4nner<\/strong> sind mehr als nur Schuhe; sie sind eine Investition in Stil und Qualit\u00e4t.<\/p>","protected":false},"excerpt":{"rendered":"<ul>\n<li>Obermaterial aus hochwertigem Kalbsleder<\/li>\n<li>Luxuri\u00f6ses Ziegenleder-Futter<\/li>\n<li>Leichte und strapazierf\u00e4hige Microlight-Sohle<\/li>\n<li>Klassisches Full Brogue-Design mit eleganter Perforation<\/li>\n<li>Erh\u00e4ltlich in den Gr\u00f6\u00dfen 39-45 (EU)<\/li>\n<li>Gro\u00dfhandelsbestellungen sind bei einer Mindestmenge von 16 Paaren willkommen.<\/li>\n<\/ul>","protected":false},"featured_media":7023,"template":"","meta":{"_acf_changed":false,"_uag_custom_page_level_css":"","site-sidebar-layout":"default","site-content-layout":"","ast-site-content-layout":"default","site-content-style":"default","site-sidebar-style":"default","ast-global-header-display":"","ast-banner-title-visibility":"","ast-main-header-display":"","ast-hfb-above-header-display":"","ast-hfb-below-header-display":"","ast-hfb-mobile-header-display":"","site-post-title":"","ast-breadcrumbs-content":"","ast-featured-img":"","footer-sml-layout":"","ast-disable-related-posts":"","theme-transparent-header-meta":"","adv-header-id-meta":"","stick-header-meta":"","header-above-stick-meta":"","header-main-stick-meta":"","header-below-stick-meta":"","astra-migrate-meta-layouts":"default","ast-page-background-enabled":"default","ast-page-background-meta":{"desktop":{"background-color":"var(--ast-global-color-4)","background-image":"","background-repeat":"repeat","background-position":"center center","background-size":"auto","background-attachment":"scroll","background-type":"","background-media":"","overlay-type":"","overlay-color":"","overlay-opacity":"","overlay-gradient":""},"tablet":{"background-color":"","background-image":"","background-repeat":"repeat","background-position":"center center","background-size":"auto","background-attachment":"scroll","background-type":"","background-media":"","overlay-type":"","overlay-color":"","overlay-opacity":"","overlay-gradient":""},"mobile":{"background-color":"","background-image":"","background-repeat":"repeat","background-position":"center center","background-size":"auto","background-attachment":"scroll","background-type":"","background-media":"","overlay-type":"","overlay-color":"","overlay-opacity":"","overlay-gradient":""}},"ast-content-background-meta":{"desktop":{"background-color":"var(--ast-global-color-5)","background-image":"","background-repeat":"repeat","background-position":"center center","background-size":"auto","background-attachment":"scroll","background-type":"","background-media":"","overlay-type":"","overlay-color":"","overlay-opacity":"","overlay-gradient":""},"tablet":{"background-color":"var(--ast-global-color-5)","background-image":"","background-repeat":"repeat","background-position":"center center","background-size":"auto","background-attachment":"scroll","background-type":"","background-media":"","overlay-type":"","overlay-color":"","overlay-opacity":"","overlay-gradient":""},"mobile":{"background-color":"var(--ast-global-color-5)","background-image":"","background-repeat":"repeat","background-position":"center center","background-size":"auto","background-attachment":"scroll","background-type":"","background-media":"","overlay-type":"","overlay-color":"","overlay-opacity":"","overlay-gradient":""}}},"product_brand":[],"product_cat":[47,430,1200],"product_tag":[292,405,566,1285,251,700,466,281,702],"class_list":{"0":"post-7968","1":"product","2":"type-product","3":"status-publish","4":"has-post-thumbnail","6":"product_cat-classic","7":"product_cat-men","8":"product_cat-mens-shoes-2","9":"product_tag-brown-leather-shoes","10":"product_tag-business-shoes","11":"product_tag-calfskin-shoes","12":"product_tag-classic-dress-shoes","13":"product_tag-formal-shoes","14":"product_tag-mens-brogue-shoes","15":"product_tag-microlight-sole","16":"product_tag-wholesale-shoes","17":"product_tag-wingtip-shoes","18":"desktop-align-center","19":"tablet-align-center","20":"mobile-align-center","22":"first","23":"instock","24":"shipping-taxable","25":"purchasable","26":"product-type-variable","27":"has-default-attributes"},"acf":[],"uagb_featured_image_src":{"full":["https:\/\/turkishtrade.co\/wp-content\/uploads\/2026\/01\/2600FKHMN00040-BROWN.png",453,250,false],"thumbnail":["https:\/\/turkishtrade.co\/wp-content\/uploads\/2026\/01\/2600FKHMN00040-BROWN-150x150.png",150,150,true],"medium":["https:\/\/turkishtrade.co\/wp-content\/uploads\/2026\/01\/2600FKHMN00040-BROWN-300x166.png",300,166,true],"medium_large":["https:\/\/turkishtrade.co\/wp-content\/uploads\/2026\/01\/2600FKHMN00040-BROWN.png",453,250,false],"large":["https:\/\/turkishtrade.co\/wp-content\/uploads\/2026\/01\/2600FKHMN00040-BROWN.png",453,250,false],"1536x1536":["https:\/\/turkishtrade.co\/wp-content\/uploads\/2026\/01\/2600FKHMN00040-BROWN.png",453,250,false],"2048x2048":["https:\/\/turkishtrade.co\/wp-content\/uploads\/2026\/01\/2600FKHMN00040-BROWN.png",453,250,false],"trp-custom-language-flag":["https:\/\/turkishtrade.co\/wp-content\/uploads\/2026\/01\/2600FKHMN00040-BROWN-18x10.png",18,10,true],"woocommerce_thumbnail":["https:\/\/turkishtrade.co\/wp-content\/uploads\/2026\/01\/2600FKHMN00040-BROWN-400x250.png",400,250,true],"woocommerce_single":["https:\/\/turkishtrade.co\/wp-content\/uploads\/2026\/01\/2600FKHMN00040-BROWN.png",453,250,false],"woocommerce_gallery_thumbnail":["https:\/\/turkishtrade.co\/wp-content\/uploads\/2026\/01\/2600FKHMN00040-BROWN-100x100.png",100,100,true]},"uagb_author_info":{"display_name":"python python","author_link":"https:\/\/turkishtrade.co\/de\/author\/"},"uagb_comment_info":0,"uagb_excerpt":"Premium Calfskin Leather Upper Luxurious Goat Leather Lining Lightweight and Durable Microlight Sole Classic Full Brogue Design with Elegant Perforations Available in Sizes 39-45 (EU) Wholesale orders are welcome with a minimum quantity of 16 pairs.","_links":{"self":[{"href":"https:\/\/turkishtrade.co\/de\/wp-json\/wp\/v2\/product\/7968","targetHints":{"allow":["GET"]}}],"collection":[{"href":"https:\/\/turkishtrade.co\/de\/wp-json\/wp\/v2\/product"}],"about":[{"href":"https:\/\/turkishtrade.co\/de\/wp-json\/wp\/v2\/types\/product"}],"wp:featuredmedia":[{"embeddable":true,"href":"https:\/\/turkishtrade.co\/de\/wp-json\/wp\/v2\/media\/7023"}],"wp:attachment":[{"href":"https:\/\/turkishtrade.co\/de\/wp-json\/wp\/v2\/media?parent=7968"}],"wp:term":[{"taxonomy":"product_brand","embeddable":true,"href":"https:\/\/turkishtrade.co\/de\/wp-json\/wp\/v2\/product_brand?post=7968"},{"taxonomy":"product_cat","embeddable":true,"href":"https:\/\/turkishtrade.co\/de\/wp-json\/wp\/v2\/product_cat?post=7968"},{"taxonomy":"product_tag","embeddable":true,"href":"https:\/\/turkishtrade.co\/de\/wp-json\/wp\/v2\/product_tag?post=7968"}],"curies":[{"name":"wp","href":"https:\/\/api.w.org\/{rel}","templated":true}]}}