{"id":7936,"date":"2026-01-29T14:46:07","date_gmt":"2026-01-29T14:46:07","guid":{"rendered":"https:\/\/turkishtrade.co\/?post_type=product&#038;p=7936"},"modified":"2026-04-09T20:40:00","modified_gmt":"2026-04-09T20:40:00","slug":"mens-brown-suede-derby-shoes-3","status":"publish","type":"product","link":"https:\/\/turkishtrade.co\/de\/shop\/mens-brown-suede-derby-shoes-3\/","title":{"rendered":"Herren Braun Wildleder Derby Schuhe Authentic | Premium | Kalbsleder &amp;"},"content":{"rendered":"<p><strong>Herren Derby-Schuhe aus braunem Wildleder<\/strong>. Authentische Qualit\u00e4t und Design.<\/p>\n<p>Erleben Sie anspruchsvollen Komfort und zeitlosen Stil mit unseren au\u00dfergew\u00f6hnlichen <strong>Herren Derby-Schuhe aus braunem Wildleder<\/strong>. Diese Schuhe wurden f\u00fcr den anspruchsvollen Gentleman entworfen und verbinden perfekt klassische \u00c4sthetik mit modernem Komfort. Gefertigt aus hochwertigem Kalbsleder mit einem luxuri\u00f6sen Wildleder-Finish, sind diese Derby-Schuhe eine unverzichtbare Erg\u00e4nzung f\u00fcr jede Garderobe und bieten unvergleichliche Vielseitigkeit f\u00fcr legere und halbformale Anl\u00e4sse.<\/p>\n<p>Erleben Sie die \u00fcberragende Qualit\u00e4t und die sorgf\u00e4ltige Handwerkskunst, die in jedem Paar dieser stilvollen Produkte steckt. <strong style=\"font-weight: bold\">Herren Derby-Schuhe aus braunem Wildleder<\/strong>.<\/p>\n<h3>Un\u00fcbertroffene Handwerkskunst und hochwertige Materialien<\/h3>\n<p>Jedes Paar unserer <strong>Herren Derby-Schuhe aus braunem Wildleder<\/strong> ist ein Beweis f\u00fcr die hohe Qualit\u00e4t von Konstruktion und Material. Das Obermaterial ist sorgf\u00e4ltig aus echtem Kalbsleder gefertigt, das f\u00fcr seine geschmeidige Textur und bemerkenswerte Haltbarkeit bekannt ist. Das reiche braune Wildleder strahlt eine raffinierte Eleganz aus, die sowohl modern als auch klassisch ist.<\/p>\n<p>Im Inneren werden Ihre F\u00fc\u00dfe von einem weichen und atmungsaktiven Ziegenlederfutter umh\u00fcllt, das auch bei l\u00e4ngerem Tragen den ganzen Tag \u00fcber maximalen Komfort bietet. Diese durchdachte Kombination hochwertiger Materialien unterstreicht nicht nur die \u00c4sthetik, sondern sorgt auch f\u00fcr ein lang anhaltendes Tragegef\u00fchl und einen au\u00dfergew\u00f6hnlichen Komfort.<\/p>\n<p>Die Liebe zum Detail zeigt sich in jeder Naht und verspricht ein Produkt, das den Test der Zeit \u00fcberdauert.<\/p>\n<h3>Entwickelt f\u00fcr optimalen Komfort und Langlebigkeit<\/h3>\n<p>Komfort ist oberstes Gebot, und diese <strong>Herren Derby-Schuhe aus braunem Wildleder<\/strong> wurden entwickelt, um zu \u00fcberzeugen. Sie verf\u00fcgen \u00fcber eine leichte und flexible EVA-Sohle, die ausgezeichnete D\u00e4mpfung, hervorragende Sto\u00dfd\u00e4mpfung und verbesserte Flexibilit\u00e4t bietet, wodurch sie ideal f\u00fcr den ganzen Tag zu tragen. Die strukturierte Sohle bietet au\u00dferdem zuverl\u00e4ssige Traktion, sorgt f\u00fcr Stabilit\u00e4t auf verschiedenen Oberfl\u00e4chen und tr\u00e4gt zur allgemeinen Haltbarkeit des Schuhs bei.<\/p>\n<p>Ganz gleich, ob Sie sich durch die belebten Stra\u00dfen der Stadt bewegen, einen Tag im B\u00fcro verbringen oder einen Wochenendausflug genie\u00dfen, diese Derby-Schuhe sorgen f\u00fcr Komfort, ohne dass Sie jemals Kompromisse beim Stil eingehen m\u00fcssen. Die robuste Konstruktion bedeutet, dass Sie sich auf diese Schuhe verlassen k\u00f6nnen. <strong style=\"font-weight: bold\">Herren Derby-Schuhe aus braunem Wildleder<\/strong> Sie sind eine sinnvolle Investition in Ihre Schuhsammlung.<\/p>\n<h3>Vielseitiger Stil f\u00fcr jede Gelegenheit<\/h3>\n<p>Die klassische Derby-Silhouette, kombiniert mit der zeitlosen Attraktivit\u00e4t von braunem Wildleder, macht diese Schuhe unglaublich vielseitig. Sie sind die perfekte Wahl, um eine breite Palette von Outfits aufzuwerten. Kombinieren Sie sie mit ma\u00dfgeschneiderten Hosen f\u00fcr einen eleganten Freizeitlook, mit Chinos f\u00fcr ein raffiniertes und dennoch entspanntes Ensemble oder sogar mit dunkel gewaschenen Jeans f\u00fcr ein ausgefeiltes Freizeitoutfit.<\/p>\n<p>Diese <strong style=\"font-weight: bold\">Herren Derby-Schuhe aus braunem Wildleder<\/strong> lassen sich m\u00fchelos vom legeren Gesch\u00e4ftsalltag bis hin zu Wochenendveranstaltungen tragen und sind damit eine gute Wahl f\u00fcr fast jeden Anlass. Ihre schlichte Eleganz sorgt daf\u00fcr, dass sie ein breites Spektrum an Stilen und Farben erg\u00e4nzen und dem modernen Mann, der sowohl Raffinesse als auch Leichtigkeit sucht, endlose Stylingm\u00f6glichkeiten bieten.<\/p>\n<h3>Gro\u00dfhandelschance f\u00fcr Unternehmen<\/h3>\n<p>F\u00fcr Einzelh\u00e4ndler und Unternehmen, die hochwertige Schuhe auf Lager haben m\u00f6chten, ist unser <strong>Herren Derby-Schuhe aus braunem Wildleder<\/strong> sind sofort f\u00fcr den Gro\u00dfhandel erh\u00e4ltlich. Mit einer praktischen Mindestbestellmenge von nur 16 Paaren k\u00f6nnen Sie Ihren Kunden problemlos hochwertige Derby-Schuhe aus Kalbsleder anbieten, die au\u00dfergew\u00f6hnliche Handwerkskunst mit wettbewerbsf\u00e4higen Preisen kombinieren.<\/p>\n<p>Diese begehrten Schuhe sind in einer breiten Palette von europ\u00e4ischen Gr\u00f6\u00dfen von 39 bis 45 erh\u00e4ltlich. Erweitern Sie Ihr Produktangebot und bedienen Sie anspruchsvolle Kunden mit diesen stilvollen und gut verarbeiteten <strong style=\"font-weight: bold\">Herren Derby-Schuhe aus braunem Wildleder<\/strong>, die f\u00fcr ihre universelle Attraktivit\u00e4t und Qualit\u00e4t bekannt sind.<\/p>","protected":false},"excerpt":{"rendered":"<ul>\n<li>Obermaterial aus hochwertigem Kalbsleder f\u00fcr ein luxuri\u00f6ses Gef\u00fchl und ein elegantes Wildleder-Finish<\/li>\n<li>Weiches und atmungsaktives Ziegenlederfutter f\u00fcr ganzt\u00e4gigen Komfort<\/li>\n<li>Leichte und flexible EVA-Sohle f\u00fcr hervorragende D\u00e4mpfung, Traktion und Haltbarkeit<\/li>\n<li>Zeitloser Derby-Stil, der sowohl zu l\u00e4ssigen als auch zu klassischen Ensembles passt<\/li>\n<li>Erh\u00e4ltlich in den europ\u00e4ischen Gr\u00f6\u00dfen 39-45<\/li>\n<li><strong>Gro\u00dfhandelsbestellungen willkommen (mindestens 16 Paare)<\/strong><\/li>\n<\/ul>","protected":false},"featured_media":7083,"template":"","meta":{"_acf_changed":false,"_uag_custom_page_level_css":"","site-sidebar-layout":"default","site-content-layout":"","ast-site-content-layout":"default","site-content-style":"default","site-sidebar-style":"default","ast-global-header-display":"","ast-banner-title-visibility":"","ast-main-header-display":"","ast-hfb-above-header-display":"","ast-hfb-below-header-display":"","ast-hfb-mobile-header-display":"","site-post-title":"","ast-breadcrumbs-content":"","ast-featured-img":"","footer-sml-layout":"","ast-disable-related-posts":"","theme-transparent-header-meta":"","adv-header-id-meta":"","stick-header-meta":"","header-above-stick-meta":"","header-main-stick-meta":"","header-below-stick-meta":"","astra-migrate-meta-layouts":"default","ast-page-background-enabled":"default","ast-page-background-meta":{"desktop":{"background-color":"var(--ast-global-color-4)","background-image":"","background-repeat":"repeat","background-position":"center center","background-size":"auto","background-attachment":"scroll","background-type":"","background-media":"","overlay-type":"","overlay-color":"","overlay-opacity":"","overlay-gradient":""},"tablet":{"background-color":"","background-image":"","background-repeat":"repeat","background-position":"center center","background-size":"auto","background-attachment":"scroll","background-type":"","background-media":"","overlay-type":"","overlay-color":"","overlay-opacity":"","overlay-gradient":""},"mobile":{"background-color":"","background-image":"","background-repeat":"repeat","background-position":"center center","background-size":"auto","background-attachment":"scroll","background-type":"","background-media":"","overlay-type":"","overlay-color":"","overlay-opacity":"","overlay-gradient":""}},"ast-content-background-meta":{"desktop":{"background-color":"var(--ast-global-color-5)","background-image":"","background-repeat":"repeat","background-position":"center center","background-size":"auto","background-attachment":"scroll","background-type":"","background-media":"","overlay-type":"","overlay-color":"","overlay-opacity":"","overlay-gradient":""},"tablet":{"background-color":"var(--ast-global-color-5)","background-image":"","background-repeat":"repeat","background-position":"center center","background-size":"auto","background-attachment":"scroll","background-type":"","background-media":"","overlay-type":"","overlay-color":"","overlay-opacity":"","overlay-gradient":""},"mobile":{"background-color":"var(--ast-global-color-5)","background-image":"","background-repeat":"repeat","background-position":"center center","background-size":"auto","background-attachment":"scroll","background-type":"","background-media":"","overlay-type":"","overlay-color":"","overlay-opacity":"","overlay-gradient":""}}},"product_brand":[],"product_cat":[48,47,430,1200],"product_tag":[561,185,449,754,438,1249,1257,283,281],"class_list":{"0":"post-7936","1":"product","2":"type-product","3":"status-publish","4":"has-post-thumbnail","6":"product_cat-casual","7":"product_cat-classic","8":"product_cat-men","9":"product_cat-mens-shoes-2","10":"product_tag-brown-derby","11":"product_tag-calf-leather-shoes","12":"product_tag-casual-shoes","13":"product_tag-classic-mens-shoes","14":"product_tag-eva-sole","15":"product_tag-goat-lining","16":"product_tag-mens-brown-suede-derby-shoes","17":"product_tag-suede-shoes","18":"product_tag-wholesale-shoes","19":"desktop-align-center","20":"tablet-align-center","21":"mobile-align-center","23":"first","24":"instock","25":"shipping-taxable","26":"purchasable","27":"product-type-variable","28":"has-default-attributes"},"acf":[],"uagb_featured_image_src":{"full":["https:\/\/turkishtrade.co\/wp-content\/uploads\/2026\/01\/2600FKHMN00023-DARK-BROWN.png",453,250,false],"thumbnail":["https:\/\/turkishtrade.co\/wp-content\/uploads\/2026\/01\/2600FKHMN00023-DARK-BROWN-150x150.png",150,150,true],"medium":["https:\/\/turkishtrade.co\/wp-content\/uploads\/2026\/01\/2600FKHMN00023-DARK-BROWN-300x166.png",300,166,true],"medium_large":["https:\/\/turkishtrade.co\/wp-content\/uploads\/2026\/01\/2600FKHMN00023-DARK-BROWN.png",453,250,false],"large":["https:\/\/turkishtrade.co\/wp-content\/uploads\/2026\/01\/2600FKHMN00023-DARK-BROWN.png",453,250,false],"1536x1536":["https:\/\/turkishtrade.co\/wp-content\/uploads\/2026\/01\/2600FKHMN00023-DARK-BROWN.png",453,250,false],"2048x2048":["https:\/\/turkishtrade.co\/wp-content\/uploads\/2026\/01\/2600FKHMN00023-DARK-BROWN.png",453,250,false],"trp-custom-language-flag":["https:\/\/turkishtrade.co\/wp-content\/uploads\/2026\/01\/2600FKHMN00023-DARK-BROWN-18x10.png",18,10,true],"woocommerce_thumbnail":["https:\/\/turkishtrade.co\/wp-content\/uploads\/2026\/01\/2600FKHMN00023-DARK-BROWN-400x250.png",400,250,true],"woocommerce_single":["https:\/\/turkishtrade.co\/wp-content\/uploads\/2026\/01\/2600FKHMN00023-DARK-BROWN.png",453,250,false],"woocommerce_gallery_thumbnail":["https:\/\/turkishtrade.co\/wp-content\/uploads\/2026\/01\/2600FKHMN00023-DARK-BROWN-100x100.png",100,100,true]},"uagb_author_info":{"display_name":"python python","author_link":"https:\/\/turkishtrade.co\/de\/author\/"},"uagb_comment_info":0,"uagb_excerpt":"Premium calf leather upper for a luxurious feel and elegant suede finish Soft and breathable goat leather lining for all-day comfort Lightweight and flexible EVA sole for superior cushioning, traction, and durability Timeless Derby style suitable for both casual and classic ensembles Available in European sizes 39-45 Wholesale orders welcome (minimum 16 pairs)","_links":{"self":[{"href":"https:\/\/turkishtrade.co\/de\/wp-json\/wp\/v2\/product\/7936","targetHints":{"allow":["GET"]}}],"collection":[{"href":"https:\/\/turkishtrade.co\/de\/wp-json\/wp\/v2\/product"}],"about":[{"href":"https:\/\/turkishtrade.co\/de\/wp-json\/wp\/v2\/types\/product"}],"wp:featuredmedia":[{"embeddable":true,"href":"https:\/\/turkishtrade.co\/de\/wp-json\/wp\/v2\/media\/7083"}],"wp:attachment":[{"href":"https:\/\/turkishtrade.co\/de\/wp-json\/wp\/v2\/media?parent=7936"}],"wp:term":[{"taxonomy":"product_brand","embeddable":true,"href":"https:\/\/turkishtrade.co\/de\/wp-json\/wp\/v2\/product_brand?post=7936"},{"taxonomy":"product_cat","embeddable":true,"href":"https:\/\/turkishtrade.co\/de\/wp-json\/wp\/v2\/product_cat?post=7936"},{"taxonomy":"product_tag","embeddable":true,"href":"https:\/\/turkishtrade.co\/de\/wp-json\/wp\/v2\/product_tag?post=7936"}],"curies":[{"name":"wp","href":"https:\/\/api.w.org\/{rel}","templated":true}]}}