{"id":7931,"date":"2026-01-29T14:46:06","date_gmt":"2026-01-29T14:46:06","guid":{"rendered":"https:\/\/turkishtrade.co\/?post_type=product&#038;p=7931"},"modified":"2026-04-09T20:40:14","modified_gmt":"2026-04-09T20:40:14","slug":"mens-brown-leather-derby-shoes-10","status":"publish","type":"product","link":"https:\/\/turkishtrade.co\/de\/shop\/mens-brown-leather-derby-shoes-10\/","title":{"rendered":"Braune Leder-Derby-Schuhe f\u00fcr Herren Elite | Premium | Kalbsleder &amp;"},"content":{"rendered":"<h3>Erh\u00f6hen Sie Ihren Stil mit Premium-Derby-Schuhen aus braunem Leder f\u00fcr Herren<\/h3>\n<p>Erleben Sie zeitlose Eleganz und unvergleichlichen Komfort mit unseren sorgf\u00e4ltig gefertigten <strong>Derby-Schuhe f\u00fcr M\u00e4nner aus braunem Leder<\/strong>. Diese Schuhe wurden f\u00fcr den anspruchsvollen Gentleman entworfen und verbinden klassische \u00c4sthetik mit moderner Funktionalit\u00e4t, was sie zu einer unverzichtbaren Erg\u00e4nzung f\u00fcr jede anspruchsvolle Garderobe macht.<\/p>\n<p>Ob Sie zu einem Gesch\u00e4ftstreffen, einem zwanglosen Ausflug oder einer besonderen Veranstaltung gehen, diese <strong>Derby-Schuhe f\u00fcr M\u00e4nner aus braunem Leder<\/strong> werden Sie mit jedem Schritt ein Zeichen setzen.<\/p>\n<h3>Unvergleichliche Handwerkskunst und Materialien<\/h3>\n<p>Jedes Paar dieser au\u00dfergew\u00f6hnlichen <strong>Derby-Schuhe f\u00fcr M\u00e4nner aus braunem Leder<\/strong> ist ein Zeugnis f\u00fcr \u00fcberlegene Handwerkskunst. Das Obermaterial ist aus hochwertigem Kalbsleder gefertigt, das f\u00fcr seine geschmeidige Textur, seinen satten Braunton und seine bemerkenswerte Haltbarkeit bekannt ist. Dieses Premium-Leder sieht nicht nur luxuri\u00f6s aus, sondern passt sich mit der Zeit auch an Ihren Fu\u00df an und sorgt f\u00fcr eine individuelle Passform.<\/p>\n<p>Im Inneren werden Ihre F\u00fc\u00dfe von einem weichen, atmungsaktiven Ziegenlederfutter umh\u00fcllt, das den ganzen Tag \u00fcber f\u00fcr maximalen Komfort und Bel\u00fcftung sorgt. Die sorgf\u00e4ltige Auswahl der Materialien garantiert sowohl ein luxuri\u00f6ses Gef\u00fchl als auch eine lange Lebensdauer und macht diese <strong>Derby-Schuhe f\u00fcr M\u00e4nner aus braunem Leder<\/strong> auseinander.<\/p>\n<h3>Entwickelt f\u00fcr Komfort und Langlebigkeit<\/h3>\n<p>Erleben Sie ganzt\u00e4gigen Komfort, ohne Kompromisse beim Stil einzugehen. Unser <strong>Derby-Schuhe f\u00fcr M\u00e4nner aus braunem Leder<\/strong> sind mit einer leichten und dennoch unglaublich haltbaren EVA-Sohle ausgestattet. Dieses innovative Sohlenmaterial bietet eine hervorragende Sto\u00dfd\u00e4mpfung, reduziert Erm\u00fcdungserscheinungen und bietet einen flexiblen Schritt.<\/p>\n<p>Die robuste Konstruktion in Kombination mit der EVA-Sohle sorgt daf\u00fcr, dass diese Schuhe der t\u00e4glichen Beanspruchung standhalten und \u00fcber Jahre hinweg eine zuverl\u00e4ssige Wahl sind.<\/p>\n<p>Erh\u00e4ltlich in einer breiten Palette von Gr\u00f6\u00dfen von 39 bis 45 (EU), finden Sie Ihre perfekte Passform f\u00fcr diese stilvollen <strong>Derby-Schuhe f\u00fcr M\u00e4nner aus braunem Leder<\/strong> ist m\u00fchelos.<\/p>\n<h3>Vielseitiger Stil f\u00fcr jede Gelegenheit<\/h3>\n<p>Das klassische Derby-Design dieser <strong>Derby-Schuhe f\u00fcr M\u00e4nner aus braunem Leder<\/strong> macht sie unglaublich vielseitig. Die satte braune Farbe erg\u00e4nzt m\u00fchelos verschiedene Outfits, von scharfen Ma\u00dfanz\u00fcgen bis hin zu eleganten Freizeithosen und Denim. Dank ihres raffinierten Aussehens eignen sie sich f\u00fcr formelle Gesch\u00e4ftsumgebungen, w\u00e4hrend ihre bequeme Konstruktion einen nahtlosen \u00dcbergang zur Wochenendkleidung erm\u00f6glicht.<\/p>\n<p>Investieren Sie in ein Paar <strong>Derby-Schuhe f\u00fcr M\u00e4nner aus braunem Leder<\/strong> die sowohl stilvolle Eleganz als auch praktische Tragbarkeit f\u00fcr jede Gelegenheit bieten.<\/p>\n<h3>Gro\u00dfhandelschance f\u00fcr Unternehmen<\/h3>\n<p>F\u00fcr Einzelh\u00e4ndler, die ihrer Kundschaft Premium-Schuhe anbieten m\u00f6chten, ist unser <strong>Derby-Schuhe f\u00fcr M\u00e4nner aus braunem Leder<\/strong> sind f\u00fcr den Gro\u00dfhandel erh\u00e4ltlich. Mit einer Mindestbestellmenge von nur 16 Paar k\u00f6nnen Unternehmen diese gefragten, hochwertigen Schuhe problemlos auf Lager halten. Bieten Sie Ihren Kunden das Beste an Herrenschuhen - unsere au\u00dfergew\u00f6hnlichen <strong>Derby-Schuhe f\u00fcr M\u00e4nner aus braunem Leder<\/strong> - und beobachten Sie, wie Ihr Umsatz steigt.<\/p>","protected":false},"excerpt":{"rendered":"<ul>\n<li>Exquisites Kalbsleder f\u00fcr einen raffinierten Look<\/li>\n<li>Weiches und atmungsaktives Ziegenlederfutter f\u00fcr h\u00f6chsten Komfort<\/li>\n<li>Leichte und strapazierf\u00e4hige EVA-Sohle f\u00fcr ganzt\u00e4gigen Tragekomfort<\/li>\n<li>Klassischer Derby-Schuh, perfekt f\u00fcr legere und formelle Anl\u00e4sse<\/li>\n<li>Erh\u00e4ltlich in den Gr\u00f6\u00dfen 39-45 (EU)<\/li>\n<li>Gro\u00dfhandel m\u00f6glich (Mindestbestellmenge: 16 Paare)<\/li>\n<\/ul>","protected":false},"featured_media":7073,"template":"","meta":{"_acf_changed":false,"_uag_custom_page_level_css":"","site-sidebar-layout":"default","site-content-layout":"","ast-site-content-layout":"default","site-content-style":"default","site-sidebar-style":"default","ast-global-header-display":"","ast-banner-title-visibility":"","ast-main-header-display":"","ast-hfb-above-header-display":"","ast-hfb-below-header-display":"","ast-hfb-mobile-header-display":"","site-post-title":"","ast-breadcrumbs-content":"","ast-featured-img":"","footer-sml-layout":"","ast-disable-related-posts":"","theme-transparent-header-meta":"","adv-header-id-meta":"","stick-header-meta":"","header-above-stick-meta":"","header-main-stick-meta":"","header-below-stick-meta":"","astra-migrate-meta-layouts":"default","ast-page-background-enabled":"default","ast-page-background-meta":{"desktop":{"background-color":"var(--ast-global-color-4)","background-image":"","background-repeat":"repeat","background-position":"center center","background-size":"auto","background-attachment":"scroll","background-type":"","background-media":"","overlay-type":"","overlay-color":"","overlay-opacity":"","overlay-gradient":""},"tablet":{"background-color":"","background-image":"","background-repeat":"repeat","background-position":"center center","background-size":"auto","background-attachment":"scroll","background-type":"","background-media":"","overlay-type":"","overlay-color":"","overlay-opacity":"","overlay-gradient":""},"mobile":{"background-color":"","background-image":"","background-repeat":"repeat","background-position":"center center","background-size":"auto","background-attachment":"scroll","background-type":"","background-media":"","overlay-type":"","overlay-color":"","overlay-opacity":"","overlay-gradient":""}},"ast-content-background-meta":{"desktop":{"background-color":"var(--ast-global-color-5)","background-image":"","background-repeat":"repeat","background-position":"center center","background-size":"auto","background-attachment":"scroll","background-type":"","background-media":"","overlay-type":"","overlay-color":"","overlay-opacity":"","overlay-gradient":""},"tablet":{"background-color":"var(--ast-global-color-5)","background-image":"","background-repeat":"repeat","background-position":"center center","background-size":"auto","background-attachment":"scroll","background-type":"","background-media":"","overlay-type":"","overlay-color":"","overlay-opacity":"","overlay-gradient":""},"mobile":{"background-color":"var(--ast-global-color-5)","background-image":"","background-repeat":"repeat","background-position":"center center","background-size":"auto","background-attachment":"scroll","background-type":"","background-media":"","overlay-type":"","overlay-color":"","overlay-opacity":"","overlay-gradient":""}}},"product_brand":[],"product_cat":[48,47,430,1200],"product_tag":[218,202,449,145,212,438,227,198,281],"class_list":{"0":"post-7931","1":"product","2":"type-product","3":"status-publish","4":"has-post-thumbnail","6":"product_cat-casual","7":"product_cat-classic","8":"product_cat-men","9":"product_cat-mens-shoes-2","10":"product_tag-brown-shoes","11":"product_tag-calf-leather","12":"product_tag-casual-shoes","13":"product_tag-classic-shoes","14":"product_tag-derby-shoes","15":"product_tag-eva-sole","16":"product_tag-leather-shoes","17":"product_tag-mens-fashion","18":"product_tag-wholesale-shoes","19":"desktop-align-center","20":"tablet-align-center","21":"mobile-align-center","23":"first","24":"instock","25":"shipping-taxable","26":"purchasable","27":"product-type-variable","28":"has-default-attributes"},"acf":[],"uagb_featured_image_src":{"full":["https:\/\/turkishtrade.co\/wp-content\/uploads\/2026\/01\/2600FKHMN00018-BROWN.png",453,250,false],"thumbnail":["https:\/\/turkishtrade.co\/wp-content\/uploads\/2026\/01\/2600FKHMN00018-BROWN-150x150.png",150,150,true],"medium":["https:\/\/turkishtrade.co\/wp-content\/uploads\/2026\/01\/2600FKHMN00018-BROWN-300x166.png",300,166,true],"medium_large":["https:\/\/turkishtrade.co\/wp-content\/uploads\/2026\/01\/2600FKHMN00018-BROWN.png",453,250,false],"large":["https:\/\/turkishtrade.co\/wp-content\/uploads\/2026\/01\/2600FKHMN00018-BROWN.png",453,250,false],"1536x1536":["https:\/\/turkishtrade.co\/wp-content\/uploads\/2026\/01\/2600FKHMN00018-BROWN.png",453,250,false],"2048x2048":["https:\/\/turkishtrade.co\/wp-content\/uploads\/2026\/01\/2600FKHMN00018-BROWN.png",453,250,false],"trp-custom-language-flag":["https:\/\/turkishtrade.co\/wp-content\/uploads\/2026\/01\/2600FKHMN00018-BROWN-18x10.png",18,10,true],"woocommerce_thumbnail":["https:\/\/turkishtrade.co\/wp-content\/uploads\/2026\/01\/2600FKHMN00018-BROWN-400x250.png",400,250,true],"woocommerce_single":["https:\/\/turkishtrade.co\/wp-content\/uploads\/2026\/01\/2600FKHMN00018-BROWN.png",453,250,false],"woocommerce_gallery_thumbnail":["https:\/\/turkishtrade.co\/wp-content\/uploads\/2026\/01\/2600FKHMN00018-BROWN-100x100.png",100,100,true]},"uagb_author_info":{"display_name":"python python","author_link":"https:\/\/turkishtrade.co\/de\/author\/"},"uagb_comment_info":0,"uagb_excerpt":"Exquisite calf leather upper for a sophisticated look Soft and breathable goat leather lining for superior comfort Lightweight and durable EVA sole for all-day wear Classic derby shoe design, perfect for both casual and formal attire Available in sizes 39-45 (EU) Wholesale opportunities available (Minimum order: 16 pairs)","_links":{"self":[{"href":"https:\/\/turkishtrade.co\/de\/wp-json\/wp\/v2\/product\/7931","targetHints":{"allow":["GET"]}}],"collection":[{"href":"https:\/\/turkishtrade.co\/de\/wp-json\/wp\/v2\/product"}],"about":[{"href":"https:\/\/turkishtrade.co\/de\/wp-json\/wp\/v2\/types\/product"}],"wp:featuredmedia":[{"embeddable":true,"href":"https:\/\/turkishtrade.co\/de\/wp-json\/wp\/v2\/media\/7073"}],"wp:attachment":[{"href":"https:\/\/turkishtrade.co\/de\/wp-json\/wp\/v2\/media?parent=7931"}],"wp:term":[{"taxonomy":"product_brand","embeddable":true,"href":"https:\/\/turkishtrade.co\/de\/wp-json\/wp\/v2\/product_brand?post=7931"},{"taxonomy":"product_cat","embeddable":true,"href":"https:\/\/turkishtrade.co\/de\/wp-json\/wp\/v2\/product_cat?post=7931"},{"taxonomy":"product_tag","embeddable":true,"href":"https:\/\/turkishtrade.co\/de\/wp-json\/wp\/v2\/product_tag?post=7931"}],"curies":[{"name":"wp","href":"https:\/\/api.w.org\/{rel}","templated":true}]}}