{"id":7930,"date":"2026-01-29T14:46:06","date_gmt":"2026-01-29T14:46:06","guid":{"rendered":"https:\/\/turkishtrade.co\/?post_type=product&#038;p=7930"},"modified":"2026-04-09T20:40:18","modified_gmt":"2026-04-09T20:40:18","slug":"mens-navy-leather-derby-shoes-4","status":"publish","type":"product","link":"https:\/\/turkishtrade.co\/de\/shop\/mens-navy-leather-derby-shoes-4\/","title":{"rendered":"Herren Navy Leder Derby Schuhe Exklusiv | Premium - Erh\u00f6hen Sie Ihren Stil!"},"content":{"rendered":"<p><strong>Marineblaue Leder-Derby-Schuhe f\u00fcr M\u00e4nner<\/strong>. Exklusive Qualit\u00e4t und Design.<\/p>\n<p>Erleben Sie anspruchsvollen Komfort mit unserem exquisiten <strong>Marineblaue Leder-Derby-Schuhe f\u00fcr M\u00e4nner<\/strong>. Diese Derby-Schuhe wurden f\u00fcr den modernen Mann entworfen, der sowohl Stil als auch Substanz sch\u00e4tzt. Sie sind eine unverzichtbare Erg\u00e4nzung f\u00fcr jede anspruchsvolle Garderobe. Mit viel Liebe zum Detail gefertigt, verk\u00f6rpert jedes Paar eine Mischung aus klassischer Eleganz und zeitgem\u00e4\u00dfer Vielseitigkeit, was sie perfekt f\u00fcr eine Vielzahl von Anl\u00e4ssen macht, von legeren Ausfl\u00fcgen bis hin zu l\u00e4ssig-eleganten Events.<\/p>\n<h3>Un\u00fcbertroffene Handwerkskunst und hochwertige Materialien<\/h3>\n<p>Unser <strong>Marineblaue Leder-Derby-Schuhe f\u00fcr M\u00e4nner<\/strong> sind aus hochwertigem, echtem Kalbsleder gefertigt und bieten ein luxuri\u00f6ses Gef\u00fchl und au\u00dfergew\u00f6hnliche Haltbarkeit. Der satte marineblaue Farbton bietet eine unverwechselbare Alternative zu traditionellem Schwarz oder Braun und l\u00e4sst sich m\u00fchelos mit verschiedenen Outfits kombinieren.<\/p>\n<p>Im Inneren bietet das weiche und atmungsaktive Ziegenlederfutter h\u00f6chsten Komfort und sorgt den ganzen Tag f\u00fcr ein angenehmes Tragegef\u00fchl. Die Grundlage f\u00fcr diese au\u00dfergew\u00f6hnlichen <strong>Marineblaue Leder-Derby-Schuhe f\u00fcr M\u00e4nner<\/strong> ist eine robuste und dennoch unglaublich leichte EVA-Sohle.<\/p>\n<p>Diese fortschrittliche Sohlentechnologie bietet hervorragende D\u00e4mpfung, exzellente Sto\u00dfd\u00e4mpfung und verl\u00e4ssliche Traktion, so dass Sie mit Vertrauen und Leichtigkeit gehen k\u00f6nnen.<\/p>\n<h3>Zeitloser Stil trifft auf allt\u00e4glichen Komfort<\/h3>\n<p>Die \u201cCasual Classic\u201d-Design\u00e4sthetik dieser Derby-Schuhe sorgt daf\u00fcr, dass sie Saison f\u00fcr Saison relevant bleiben. Die klaren Linien und subtilen Details tragen zu einem raffinierten Look bei, der m\u00fchelos von einem entspannten Wochenendbrunch zu einer formelleren Abendveranstaltung \u00fcbergehen kann.<\/p>\n<p>Egal, ob Sie sie mit einer ma\u00dfgeschneiderten Hose, einer Chinohose oder einem hochwertigen Jeansstoff kombinieren, diese <strong>Marineblaue Leder-Derby-Schuhe f\u00fcr M\u00e4nner<\/strong> werten Ihr Ensemble garantiert auf. Wir wissen, wie wichtig eine perfekte Passform ist. Deshalb sind diese eleganten Schuhe in einer breiten Palette von EU-Gr\u00f6\u00dfen von 39 bis 45 erh\u00e4ltlich.<\/p>\n<h3>Gro\u00dfhandelschance f\u00fcr Unternehmen<\/h3>\n<p>F\u00fcr Einzelh\u00e4ndler und Unternehmen, die hochwertige Schuhe anbieten m\u00f6chten, ist unser <strong>Marineblaue Leder-Derby-Schuhe f\u00fcr M\u00e4nner<\/strong> sind f\u00fcr den Gro\u00dfhandel erh\u00e4ltlich. Mit einer Mindestbestellmenge von nur 16 Paaren k\u00f6nnen Sie sich problemlos mit diesem beliebten Modell eindecken. Diese Schuhe sind eine fantastische Investition, denn sie vereinen hochwertige Materialien, fachm\u00e4nnische Verarbeitung und ein universell ansprechendes Design.<\/p>\n<p>Bieten Sie Ihren Kunden das Beste an Herrenschuhen, mit dem Komfort und dem Stil unserer au\u00dfergew\u00f6hnlichen <strong>Marineblaue Leder-Derby-Schuhe f\u00fcr M\u00e4nner<\/strong>. Erleben Sie die perfekte Mischung aus Tradition und Innovation bei jedem Schritt.<\/p>","protected":false},"excerpt":{"rendered":"<ul>\n<li>Fachm\u00e4nnisch gefertigt aus echtem Kalbsleder f\u00fcr ein anspruchsvolles Finish.<\/li>\n<li>Das weiche und atmungsaktive Ziegenlederfutter sorgt f\u00fcr ganzt\u00e4gigen Komfort.<\/li>\n<li>Ausgestattet mit einer leichten, langlebigen EVA-Sohle f\u00fcr hervorragende D\u00e4mpfung und Traktion.<\/li>\n<li>Zeitloses, l\u00e4ssiges, klassisches Design in der vielseitigen Farbe Marineblau.<\/li>\n<li>Erh\u00e4ltlich in einer breiten Palette von Gr\u00f6\u00dfen: EU 39, 40, 41, 42, 43, 44, 45.<\/li>\n<li>Mindestbestellmenge: 16 Paar, ideal f\u00fcr den Gro\u00dfhandel.<\/li>\n<li>Gro\u00dfhandelspreise f\u00fcr Gro\u00dfbestellungen verf\u00fcgbar.<\/li>\n<\/ul>","protected":false},"featured_media":7071,"template":"","meta":{"_acf_changed":false,"_uag_custom_page_level_css":"","site-sidebar-layout":"default","site-content-layout":"","ast-site-content-layout":"default","site-content-style":"default","site-sidebar-style":"default","ast-global-header-display":"","ast-banner-title-visibility":"","ast-main-header-display":"","ast-hfb-above-header-display":"","ast-hfb-below-header-display":"","ast-hfb-mobile-header-display":"","site-post-title":"","ast-breadcrumbs-content":"","ast-featured-img":"","footer-sml-layout":"","ast-disable-related-posts":"","theme-transparent-header-meta":"","adv-header-id-meta":"","stick-header-meta":"","header-above-stick-meta":"","header-main-stick-meta":"","header-below-stick-meta":"","astra-migrate-meta-layouts":"default","ast-page-background-enabled":"default","ast-page-background-meta":{"desktop":{"background-color":"var(--ast-global-color-4)","background-image":"","background-repeat":"repeat","background-position":"center center","background-size":"auto","background-attachment":"scroll","background-type":"","background-media":"","overlay-type":"","overlay-color":"","overlay-opacity":"","overlay-gradient":""},"tablet":{"background-color":"","background-image":"","background-repeat":"repeat","background-position":"center center","background-size":"auto","background-attachment":"scroll","background-type":"","background-media":"","overlay-type":"","overlay-color":"","overlay-opacity":"","overlay-gradient":""},"mobile":{"background-color":"","background-image":"","background-repeat":"repeat","background-position":"center center","background-size":"auto","background-attachment":"scroll","background-type":"","background-media":"","overlay-type":"","overlay-color":"","overlay-opacity":"","overlay-gradient":""}},"ast-content-background-meta":{"desktop":{"background-color":"var(--ast-global-color-5)","background-image":"","background-repeat":"repeat","background-position":"center center","background-size":"auto","background-attachment":"scroll","background-type":"","background-media":"","overlay-type":"","overlay-color":"","overlay-opacity":"","overlay-gradient":""},"tablet":{"background-color":"var(--ast-global-color-5)","background-image":"","background-repeat":"repeat","background-position":"center center","background-size":"auto","background-attachment":"scroll","background-type":"","background-media":"","overlay-type":"","overlay-color":"","overlay-opacity":"","overlay-gradient":""},"mobile":{"background-color":"var(--ast-global-color-5)","background-image":"","background-repeat":"repeat","background-position":"center center","background-size":"auto","background-attachment":"scroll","background-type":"","background-media":"","overlay-type":"","overlay-color":"","overlay-opacity":"","overlay-gradient":""}}},"product_brand":[],"product_cat":[48,47,430,1200],"product_tag":[646,202,449,145,438,1249,198,286,614,254],"class_list":{"0":"post-7930","1":"product","2":"type-product","3":"status-publish","4":"has-post-thumbnail","6":"product_cat-casual","7":"product_cat-classic","8":"product_cat-men","9":"product_cat-mens-shoes-2","10":"product_tag-blue-shoes","11":"product_tag-calf-leather","12":"product_tag-casual-shoes","13":"product_tag-classic-shoes","14":"product_tag-eva-sole","15":"product_tag-goat-lining","16":"product_tag-mens-fashion","17":"product_tag-mens-leather-shoes","18":"product_tag-navy-derby-shoes","19":"product_tag-wholesale-footwear","20":"desktop-align-center","21":"tablet-align-center","22":"mobile-align-center","24":"first","25":"instock","26":"shipping-taxable","27":"purchasable","28":"product-type-variable","29":"has-default-attributes"},"acf":[],"uagb_featured_image_src":{"full":["https:\/\/turkishtrade.co\/wp-content\/uploads\/2026\/01\/2600FKHMN00017-DARK-BLUE.png",453,250,false],"thumbnail":["https:\/\/turkishtrade.co\/wp-content\/uploads\/2026\/01\/2600FKHMN00017-DARK-BLUE-150x150.png",150,150,true],"medium":["https:\/\/turkishtrade.co\/wp-content\/uploads\/2026\/01\/2600FKHMN00017-DARK-BLUE-300x166.png",300,166,true],"medium_large":["https:\/\/turkishtrade.co\/wp-content\/uploads\/2026\/01\/2600FKHMN00017-DARK-BLUE.png",453,250,false],"large":["https:\/\/turkishtrade.co\/wp-content\/uploads\/2026\/01\/2600FKHMN00017-DARK-BLUE.png",453,250,false],"1536x1536":["https:\/\/turkishtrade.co\/wp-content\/uploads\/2026\/01\/2600FKHMN00017-DARK-BLUE.png",453,250,false],"2048x2048":["https:\/\/turkishtrade.co\/wp-content\/uploads\/2026\/01\/2600FKHMN00017-DARK-BLUE.png",453,250,false],"trp-custom-language-flag":["https:\/\/turkishtrade.co\/wp-content\/uploads\/2026\/01\/2600FKHMN00017-DARK-BLUE-18x10.png",18,10,true],"woocommerce_thumbnail":["https:\/\/turkishtrade.co\/wp-content\/uploads\/2026\/01\/2600FKHMN00017-DARK-BLUE-400x250.png",400,250,true],"woocommerce_single":["https:\/\/turkishtrade.co\/wp-content\/uploads\/2026\/01\/2600FKHMN00017-DARK-BLUE.png",453,250,false],"woocommerce_gallery_thumbnail":["https:\/\/turkishtrade.co\/wp-content\/uploads\/2026\/01\/2600FKHMN00017-DARK-BLUE-100x100.png",100,100,true]},"uagb_author_info":{"display_name":"python python","author_link":"https:\/\/turkishtrade.co\/de\/author\/"},"uagb_comment_info":0,"uagb_excerpt":"Expertly crafted from genuine calf leather for a sophisticated finish. Features a soft and breathable goat leather lining for all-day comfort. Equipped with a lightweight, durable EVA sole for superior cushioning and traction. Timeless Casual Classic design in a versatile navy blue color. Available in a wide range of sizes: EU 39, 40, 41, 42,&hellip;","_links":{"self":[{"href":"https:\/\/turkishtrade.co\/de\/wp-json\/wp\/v2\/product\/7930","targetHints":{"allow":["GET"]}}],"collection":[{"href":"https:\/\/turkishtrade.co\/de\/wp-json\/wp\/v2\/product"}],"about":[{"href":"https:\/\/turkishtrade.co\/de\/wp-json\/wp\/v2\/types\/product"}],"wp:featuredmedia":[{"embeddable":true,"href":"https:\/\/turkishtrade.co\/de\/wp-json\/wp\/v2\/media\/7071"}],"wp:attachment":[{"href":"https:\/\/turkishtrade.co\/de\/wp-json\/wp\/v2\/media?parent=7930"}],"wp:term":[{"taxonomy":"product_brand","embeddable":true,"href":"https:\/\/turkishtrade.co\/de\/wp-json\/wp\/v2\/product_brand?post=7930"},{"taxonomy":"product_cat","embeddable":true,"href":"https:\/\/turkishtrade.co\/de\/wp-json\/wp\/v2\/product_cat?post=7930"},{"taxonomy":"product_tag","embeddable":true,"href":"https:\/\/turkishtrade.co\/de\/wp-json\/wp\/v2\/product_tag?post=7930"}],"curies":[{"name":"wp","href":"https:\/\/api.w.org\/{rel}","templated":true}]}}