{"id":7912,"date":"2026-01-29T14:45:47","date_gmt":"2026-01-29T14:45:47","guid":{"rendered":"https:\/\/turkishtrade.co\/?post_type=product&#038;p=7912"},"modified":"2026-04-09T20:40:27","modified_gmt":"2026-04-09T20:40:27","slug":"mens-black-leather-loafers-11","status":"publish","type":"product","link":"https:\/\/turkishtrade.co\/de\/shop\/mens-black-leather-loafers-11\/","title":{"rendered":"Herren Schwarz Leder Loafers Exklusiv | Premium | L\u00e4ssig Klassisch Stil"},"content":{"rendered":"<p><strong>Herren Loafers aus schwarzem Leder<\/strong>. Exklusive Qualit\u00e4t und Design.<\/p>\n<p>Erleben Sie unvergleichlichen Stil und Komfort mit unserem exquisiten <b>Herren Loafers aus schwarzem Leder<\/b>. Diese hochwertigen Loafer sind sorgf\u00e4ltig verarbeitet und bieten eine perfekte Mischung aus klassischer \u00c4sthetik und moderner Funktionalit\u00e4t. Das Obermaterial aus echtem Kalbsleder 100% hat eine raffinierte Textur, die jedem Outfit einen Hauch von Raffinesse verleiht.<\/p>\n<p>Egal, ob Sie sich f\u00fcr ein legeres Gesch\u00e4ftstreffen oder ein entspanntes Wochenende herausputzen wollen, diese <b>Herren Slipper aus schwarzem Leder<\/b> sind Ihr idealer Begleiter.<\/p>\n<h3>Unerreichter Komfort und Qualit\u00e4t bei jedem Schritt<\/h3>\n<p>Erleben Sie den Unterschied durch \u00fcberlegene Handwerkskunst. Unser <b>Herren Loafers aus schwarzem Leder<\/b> sind mit einem \u00fcppig weichen Ziegenlederfutter ausgestattet, das f\u00fcr au\u00dfergew\u00f6hnliche Atmungsaktivit\u00e4t und ein angenehmes Gef\u00fchl auf der Haut sorgt. Dieses nat\u00fcrliche Futter leitet Feuchtigkeit ab und h\u00e4lt Ihre F\u00fc\u00dfe den ganzen Tag \u00fcber bequem und trocken.<\/p>\n<p>Die leichte EVA-Sohle bietet eine hervorragende Sto\u00dfd\u00e4mpfung und Flexibilit\u00e4t und sorgt daf\u00fcr, dass jeder Schritt ged\u00e4mpft wird. Die langlebige Konstruktion dieser <b>Kalbsleder-Slipper<\/b> garantiert eine lange Lebensdauer und macht sie zu einer sinnvollen Investition in Ihre Schuhsammlung.<\/p>\n<p>Wir wissen, wie wichtig eine perfekte Passform ist. Deshalb sind diese eleganten Slipper in einer breiten Palette von Gr\u00f6\u00dfen von 39 bis 45 erh\u00e4ltlich. Das \u201cCasual Classic\u201d-Design verk\u00f6rpert Vielseitigkeit und erm\u00f6glicht <b>Schwarze Leder-Slipper f\u00fcr M\u00e4nner<\/b> f\u00fcr den nahtlosen \u00dcbergang von semi-formellen Anl\u00e4ssen zu allt\u00e4glicher Freizeitkleidung.<\/p>\n<p>Die robuste EVA-Sohle, die auf dem Produktbild zu sehen ist, bietet optimalen Halt und Stabilit\u00e4t und sorgt f\u00fcr Vertrauen auf verschiedenen Untergr\u00fcnden.<\/p>\n<h3>Vielseitiger Stil f\u00fcr jede Gelegenheit<\/h3>\n<p>Unser <b>Herren Loafers aus schwarzem Leder<\/b> sind mehr als nur Schuhe; sie sind ein Statement f\u00fcr anspruchsvollen Geschmack. Die zeitlose schwarze Farbe macht sie unglaublich vielseitig und l\u00e4sst sich m\u00fchelos mit Anz\u00fcgen, Chinos oder Jeans kombinieren. Die klassische Loafer-Silhouette, die durch die feinen Details des Kalbsleders unterstrichen wird, sorgt daf\u00fcr, dass Sie immer poliert und gut gekleidet aussehen.<\/p>\n<p>Diese <b>klassische Herren-Slipper<\/b> wurden f\u00fcr den modernen Gentleman entworfen, der sowohl auf Stil als auch auf Zweckm\u00e4\u00dfigkeit Wert legt. Mit ihrem best\u00e4ndigen Design und ihrer bequemen Passform werden Sie immer wieder zu diesen schwarzen Leder-Slippern greifen.<\/p>\n<p>F\u00fcr Unternehmen, die hochwertige Schuhe anbieten m\u00f6chten, ist unser <b>Herren Slipper aus schwarzem Leder<\/b> sind f\u00fcr den Gro\u00dfhandel erh\u00e4ltlich. Mit einer Mindestbestellmenge von nur 16 Paar k\u00f6nnen Sie sich mit diesen begehrten Schuhen eindecken und Ihren Kunden erstklassige Schuhe anbieten, die Haltbarkeit, Komfort und unbestreitbaren Stil vereinen. Erweitern Sie Ihre Garderobe oder Ihren Bestand mit diesen au\u00dfergew\u00f6hnlichen <b>Kalbsleder-Slipper<\/b> heute.<\/p>","protected":false},"excerpt":{"rendered":"<ul>\n<li>Gefertigt aus 100% echtem Kalbsleder f\u00fcr h\u00f6chste Haltbarkeit und Eleganz.<\/li>\n<li>Das luxuri\u00f6se Ziegenlederfutter sorgt f\u00fcr Atmungsaktivit\u00e4t und au\u00dfergew\u00f6hnlichen Komfort.<\/li>\n<li>Ausgestattet mit einer leichten und flexiblen EVA-Sohle f\u00fcr ganzt\u00e4gige D\u00e4mpfung und Unterst\u00fctzung.<\/li>\n<li>Ein vielseitiger Casual Classic Loafer, perfekt f\u00fcr verschiedene Anl\u00e4sse.<\/li>\n<li>Erh\u00e4ltlich in einer breiten Palette von Gr\u00f6\u00dfen von 39 bis 45.<\/li>\n<li>Gro\u00dfhandelsoptionen sind f\u00fcr Gro\u00dfbestellungen verf\u00fcgbar (mindestens 16 Paare).<\/li>\n<\/ul>","protected":false},"featured_media":7065,"template":"","meta":{"_acf_changed":false,"_uag_custom_page_level_css":"","site-sidebar-layout":"default","site-content-layout":"","ast-site-content-layout":"default","site-content-style":"default","site-sidebar-style":"default","ast-global-header-display":"","ast-banner-title-visibility":"","ast-main-header-display":"","ast-hfb-above-header-display":"","ast-hfb-below-header-display":"","ast-hfb-mobile-header-display":"","site-post-title":"","ast-breadcrumbs-content":"","ast-featured-img":"","footer-sml-layout":"","ast-disable-related-posts":"","theme-transparent-header-meta":"","adv-header-id-meta":"","stick-header-meta":"","header-above-stick-meta":"","header-main-stick-meta":"","header-below-stick-meta":"","astra-migrate-meta-layouts":"default","ast-page-background-enabled":"default","ast-page-background-meta":{"desktop":{"background-color":"var(--ast-global-color-4)","background-image":"","background-repeat":"repeat","background-position":"center center","background-size":"auto","background-attachment":"scroll","background-type":"","background-media":"","overlay-type":"","overlay-color":"","overlay-opacity":"","overlay-gradient":""},"tablet":{"background-color":"","background-image":"","background-repeat":"repeat","background-position":"center center","background-size":"auto","background-attachment":"scroll","background-type":"","background-media":"","overlay-type":"","overlay-color":"","overlay-opacity":"","overlay-gradient":""},"mobile":{"background-color":"","background-image":"","background-repeat":"repeat","background-position":"center center","background-size":"auto","background-attachment":"scroll","background-type":"","background-media":"","overlay-type":"","overlay-color":"","overlay-opacity":"","overlay-gradient":""}},"ast-content-background-meta":{"desktop":{"background-color":"var(--ast-global-color-5)","background-image":"","background-repeat":"repeat","background-position":"center center","background-size":"auto","background-attachment":"scroll","background-type":"","background-media":"","overlay-type":"","overlay-color":"","overlay-opacity":"","overlay-gradient":""},"tablet":{"background-color":"var(--ast-global-color-5)","background-image":"","background-repeat":"repeat","background-position":"center center","background-size":"auto","background-attachment":"scroll","background-type":"","background-media":"","overlay-type":"","overlay-color":"","overlay-opacity":"","overlay-gradient":""},"mobile":{"background-color":"var(--ast-global-color-5)","background-image":"","background-repeat":"repeat","background-position":"center center","background-size":"auto","background-attachment":"scroll","background-type":"","background-media":"","overlay-type":"","overlay-color":"","overlay-opacity":"","overlay-gradient":""}}},"product_brand":[],"product_cat":[48,47,430,1200],"product_tag":[185,1247,290,909,287,959,189,733,372,936],"class_list":{"0":"post-7912","1":"product","2":"type-product","3":"status-publish","4":"has-post-thumbnail","6":"product_cat-casual","7":"product_cat-classic","8":"product_cat-men","9":"product_cat-mens-shoes-2","10":"product_tag-calf-leather-shoes","11":"product_tag-casual-classic-loafers","12":"product_tag-comfortable-mens-shoes","13":"product_tag-durable-loafers","14":"product_tag-eva-sole-shoes","15":"product_tag-formal-casual-shoes","16":"product_tag-goat-leather-lining","17":"product_tag-mens-black-leather-loafers","18":"product_tag-mens-slip-on-shoes","19":"product_tag-premium-mens-footwear","20":"desktop-align-center","21":"tablet-align-center","22":"mobile-align-center","24":"first","25":"instock","26":"shipping-taxable","27":"purchasable","28":"product-type-variable","29":"has-default-attributes"},"acf":[],"uagb_featured_image_src":{"full":["https:\/\/turkishtrade.co\/wp-content\/uploads\/2026\/01\/2600FKHMN00014-BLACK.png",453,250,false],"thumbnail":["https:\/\/turkishtrade.co\/wp-content\/uploads\/2026\/01\/2600FKHMN00014-BLACK-150x150.png",150,150,true],"medium":["https:\/\/turkishtrade.co\/wp-content\/uploads\/2026\/01\/2600FKHMN00014-BLACK-300x166.png",300,166,true],"medium_large":["https:\/\/turkishtrade.co\/wp-content\/uploads\/2026\/01\/2600FKHMN00014-BLACK.png",453,250,false],"large":["https:\/\/turkishtrade.co\/wp-content\/uploads\/2026\/01\/2600FKHMN00014-BLACK.png",453,250,false],"1536x1536":["https:\/\/turkishtrade.co\/wp-content\/uploads\/2026\/01\/2600FKHMN00014-BLACK.png",453,250,false],"2048x2048":["https:\/\/turkishtrade.co\/wp-content\/uploads\/2026\/01\/2600FKHMN00014-BLACK.png",453,250,false],"trp-custom-language-flag":["https:\/\/turkishtrade.co\/wp-content\/uploads\/2026\/01\/2600FKHMN00014-BLACK-18x10.png",18,10,true],"woocommerce_thumbnail":["https:\/\/turkishtrade.co\/wp-content\/uploads\/2026\/01\/2600FKHMN00014-BLACK-400x250.png",400,250,true],"woocommerce_single":["https:\/\/turkishtrade.co\/wp-content\/uploads\/2026\/01\/2600FKHMN00014-BLACK.png",453,250,false],"woocommerce_gallery_thumbnail":["https:\/\/turkishtrade.co\/wp-content\/uploads\/2026\/01\/2600FKHMN00014-BLACK-100x100.png",100,100,true]},"uagb_author_info":{"display_name":"python python","author_link":"https:\/\/turkishtrade.co\/de\/author\/"},"uagb_comment_info":0,"uagb_excerpt":"Crafted from 100% Genuine Calf Leather for superior durability and elegance. Features a luxurious Goat Leather Lining, ensuring breathability and exceptional comfort. Equipped with a lightweight and flexible EVA Sole for all-day cushioning and support. Designed in a versatile Casual Classic loafer style, perfect for various occasions. Available in a comprehensive range of sizes from&hellip;","_links":{"self":[{"href":"https:\/\/turkishtrade.co\/de\/wp-json\/wp\/v2\/product\/7912","targetHints":{"allow":["GET"]}}],"collection":[{"href":"https:\/\/turkishtrade.co\/de\/wp-json\/wp\/v2\/product"}],"about":[{"href":"https:\/\/turkishtrade.co\/de\/wp-json\/wp\/v2\/types\/product"}],"wp:featuredmedia":[{"embeddable":true,"href":"https:\/\/turkishtrade.co\/de\/wp-json\/wp\/v2\/media\/7065"}],"wp:attachment":[{"href":"https:\/\/turkishtrade.co\/de\/wp-json\/wp\/v2\/media?parent=7912"}],"wp:term":[{"taxonomy":"product_brand","embeddable":true,"href":"https:\/\/turkishtrade.co\/de\/wp-json\/wp\/v2\/product_brand?post=7912"},{"taxonomy":"product_cat","embeddable":true,"href":"https:\/\/turkishtrade.co\/de\/wp-json\/wp\/v2\/product_cat?post=7912"},{"taxonomy":"product_tag","embeddable":true,"href":"https:\/\/turkishtrade.co\/de\/wp-json\/wp\/v2\/product_tag?post=7912"}],"curies":[{"name":"wp","href":"https:\/\/api.w.org\/{rel}","templated":true}]}}