{"id":7910,"date":"2026-01-29T14:45:47","date_gmt":"2026-01-29T14:45:47","guid":{"rendered":"https:\/\/turkishtrade.co\/?post_type=product&#038;p=7910"},"modified":"2026-04-09T20:40:35","modified_gmt":"2026-04-09T20:40:35","slug":"mens-classic-brown-leather-oxford-shoes","status":"publish","type":"product","link":"https:\/\/turkishtrade.co\/de\/shop\/mens-classic-brown-leather-oxford-shoes\/","title":{"rendered":"Klassische braune Leder-Oxford-Schuhe f\u00fcr Herren Unschlagbar | Erh\u00f6hen Sie Ihren Stil"},"content":{"rendered":"<h3>Erleben Sie zeitlose Eleganz mit unseren klassischen braunen Leder-Oxford-Schuhen f\u00fcr Herren<\/h3>\n<p>Erleben Sie Raffinesse und unvergleichlichen Komfort mit unserem exquisiten <strong>Klassische braune Leder-Oxford-Schuhe f\u00fcr M\u00e4nner<\/strong>. Sorgf\u00e4ltig f\u00fcr den modernen Gentleman gefertigt, stellen diese Schuhe die perfekte Mischung aus traditionellem Design und zeitgem\u00e4\u00dfem Komfort dar. Ob f\u00fcr ein Gesch\u00e4ftstreffen, eine formelle Veranstaltung oder einfach zur Aufwertung Ihrer Alltagskleidung, diese Oxfords sind dazu bestimmt, einen bleibenden Eindruck zu hinterlassen.<\/p>\n<h3>Hervorragende Handwerkskunst und hochwertige Materialien<\/h3>\n<p>Unser Engagement f\u00fcr Qualit\u00e4t beginnt schon bei der Auswahl der hochwertigen Materialien. Das Obermaterial besteht aus echtem Kalbsleder, das f\u00fcr seine geschmeidige Textur, seinen nat\u00fcrlichen Glanz und seine bemerkenswerte Haltbarkeit bekannt ist. Der satte Braunton ist vielseitig und passt m\u00fchelos zu einer Vielzahl von Outfits, vom Ma\u00dfanzug bis zum eleganten Freizeitoutfit.<\/p>\n<p>Innen werden Ihre F\u00fc\u00dfe von einem luxuri\u00f6sen Ziegenlederfutter umh\u00fcllt, das den ganzen Tag \u00fcber Atmungsaktivit\u00e4t und au\u00dfergew\u00f6hnlichen Komfort gew\u00e4hrleistet. Das weiche Innenfutter verhindert Reibung und leitet Feuchtigkeit ab, damit sich Ihre F\u00fc\u00dfe frisch anf\u00fchlen.<\/p>\n<p>Dahinter verbirgt sich eine leichte und dennoch robuste EVA-Sohle. Im Gegensatz zu herk\u00f6mmlichen schweren Sohlen bietet die EVA-Sohle eine hervorragende Sto\u00dfd\u00e4mpfung, wodurch Erm\u00fcdungserscheinungen reduziert werden und diese <strong>Klassische braune Leder-Oxford-Schuhe f\u00fcr M\u00e4nner<\/strong> Unglaublich bequem f\u00fcr langes Tragen. Die robuste Konstruktion sorgt daf\u00fcr, dass diese Schuhe f\u00fcr viele Jahre ein fester Bestandteil Ihrer Garderobe sein werden und sowohl Stil als auch Substanz bieten.<\/p>\n<h3>Vielseitigkeit f\u00fcr jede Gelegenheit<\/h3>\n<p>Die klassische Zehenkappe sorgt f\u00fcr einen Hauch von raffinierter Eleganz und macht diese <strong>Klassische braune Leder-Oxford-Schuhe f\u00fcr M\u00e4nner<\/strong> geeignet f\u00fcr eine Vielzahl von Anl\u00e4ssen. Sie sind die ideale Wahl f\u00fcr Berufst\u00e4tige, Studenten und alle, die einen dauerhaften Stil zu sch\u00e4tzen wissen.<\/p>\n<p>Mit einem umfassenden Angebot an europ\u00e4ischen Gr\u00f6\u00dfen von 39 bis 45 sprechen wir einen breiten Kundenkreis an und gew\u00e4hrleisten eine perfekte Passform f\u00fcr unterschiedliche Fu\u00dfgr\u00f6\u00dfen.<\/p>\n<p>Vom Sitzungssaal bis zum Wochenendspaziergang passen sich diese Schuhe nahtlos an Ihren Lebensstil an und verk\u00f6rpern die Essenz des \u201cCasual Classic\u201d Schuhwerks.<\/p>\n<h3>Gro\u00dfhandelsm\u00f6glichkeiten verf\u00fcgbar<\/h3>\n<p>F\u00fcr Unternehmen, die hochwertige Schuhe anbieten m\u00f6chten, bieten wir gerne Gro\u00dfhandelsoptionen f\u00fcr unsere klassischen braunen Oxford-Schuhe aus Leder f\u00fcr Herren an. Mit einer Mindestbestellmenge von nur 16 Paar k\u00f6nnen Sie Ihr Inventar mit hochwertigen, begehrten Schuhen best\u00fccken, die Kundenzufriedenheit versprechen.<\/p>\n<p>Arbeiten Sie mit uns zusammen, um Ihren Kunden einen au\u00dfergew\u00f6hnlichen Wert und Stil zu bieten, der durch wettbewerbsf\u00e4hige Preise und hervorragende Handwerkskunst gest\u00fctzt wird. Erweitern Sie noch heute Ihr Produktangebot mit diesen zeitlosen, vielseitigen Oxfords und erf\u00fcllen Sie die Nachfrage nach eleganten Herrenschuhen.<\/p>","protected":false},"excerpt":{"rendered":"<ul>\n<li>Gefertigt aus hochwertigem Kalbsleder f\u00fcr \u00fcberlegene Haltbarkeit und Stil.<\/li>\n<li>Ein luxuri\u00f6ses Ziegenlederfutter sorgt f\u00fcr ultimativen Komfort und Atmungsaktivit\u00e4t.<\/li>\n<li>Ausgestattet mit einer leichten und sto\u00dfd\u00e4mpfenden EVA-Sohle f\u00fcr ganzt\u00e4gigen Tragekomfort.<\/li>\n<li>Zeitloser Oxford-Schuh mit Zehenkappe, perfekt f\u00fcr formelle und l\u00e4ssige Anl\u00e4sse.<\/li>\n<li>Erh\u00e4ltlich in den europ\u00e4ischen Gr\u00f6\u00dfen 39 bis 45.<\/li>\n<li>Bei einer Mindestbestellmenge von 16 Paaren sind Gro\u00dfhandelsangebote erh\u00e4ltlich.<\/li>\n<\/ul>","protected":false},"featured_media":7061,"template":"","meta":{"_acf_changed":false,"_uag_custom_page_level_css":"","site-sidebar-layout":"default","site-content-layout":"","ast-site-content-layout":"default","site-content-style":"default","site-sidebar-style":"default","ast-global-header-display":"","ast-banner-title-visibility":"","ast-main-header-display":"","ast-hfb-above-header-display":"","ast-hfb-below-header-display":"","ast-hfb-mobile-header-display":"","site-post-title":"","ast-breadcrumbs-content":"","ast-featured-img":"","footer-sml-layout":"","ast-disable-related-posts":"","theme-transparent-header-meta":"","adv-header-id-meta":"","stick-header-meta":"","header-above-stick-meta":"","header-main-stick-meta":"","header-below-stick-meta":"","astra-migrate-meta-layouts":"default","ast-page-background-enabled":"default","ast-page-background-meta":{"desktop":{"background-color":"var(--ast-global-color-4)","background-image":"","background-repeat":"repeat","background-position":"center center","background-size":"auto","background-attachment":"scroll","background-type":"","background-media":"","overlay-type":"","overlay-color":"","overlay-opacity":"","overlay-gradient":""},"tablet":{"background-color":"","background-image":"","background-repeat":"repeat","background-position":"center center","background-size":"auto","background-attachment":"scroll","background-type":"","background-media":"","overlay-type":"","overlay-color":"","overlay-opacity":"","overlay-gradient":""},"mobile":{"background-color":"","background-image":"","background-repeat":"repeat","background-position":"center center","background-size":"auto","background-attachment":"scroll","background-type":"","background-media":"","overlay-type":"","overlay-color":"","overlay-opacity":"","overlay-gradient":""}},"ast-content-background-meta":{"desktop":{"background-color":"var(--ast-global-color-5)","background-image":"","background-repeat":"repeat","background-position":"center center","background-size":"auto","background-attachment":"scroll","background-type":"","background-media":"","overlay-type":"","overlay-color":"","overlay-opacity":"","overlay-gradient":""},"tablet":{"background-color":"var(--ast-global-color-5)","background-image":"","background-repeat":"repeat","background-position":"center center","background-size":"auto","background-attachment":"scroll","background-type":"","background-media":"","overlay-type":"","overlay-color":"","overlay-opacity":"","overlay-gradient":""},"mobile":{"background-color":"var(--ast-global-color-5)","background-image":"","background-repeat":"repeat","background-position":"center center","background-size":"auto","background-attachment":"scroll","background-type":"","background-media":"","overlay-type":"","overlay-color":"","overlay-opacity":"","overlay-gradient":""}}},"product_brand":[],"product_cat":[48,47,430,1200],"product_tag":[292,405,566,644,287,251,360,281],"class_list":{"0":"post-7910","1":"product","2":"type-product","3":"status-publish","4":"has-post-thumbnail","6":"product_cat-casual","7":"product_cat-classic","8":"product_cat-men","9":"product_cat-mens-shoes-2","10":"product_tag-brown-leather-shoes","11":"product_tag-business-shoes","12":"product_tag-calfskin-shoes","13":"product_tag-classic-footwear","14":"product_tag-eva-sole-shoes","15":"product_tag-formal-shoes","16":"product_tag-leather-oxfords","17":"product_tag-wholesale-shoes","18":"desktop-align-center","19":"tablet-align-center","20":"mobile-align-center","22":"first","23":"instock","24":"shipping-taxable","25":"purchasable","26":"product-type-variable","27":"has-default-attributes"},"acf":[],"uagb_featured_image_src":{"full":["https:\/\/turkishtrade.co\/wp-content\/uploads\/2026\/01\/2600FKHMN00012-BROWN.png",453,250,false],"thumbnail":["https:\/\/turkishtrade.co\/wp-content\/uploads\/2026\/01\/2600FKHMN00012-BROWN-150x150.png",150,150,true],"medium":["https:\/\/turkishtrade.co\/wp-content\/uploads\/2026\/01\/2600FKHMN00012-BROWN-300x166.png",300,166,true],"medium_large":["https:\/\/turkishtrade.co\/wp-content\/uploads\/2026\/01\/2600FKHMN00012-BROWN.png",453,250,false],"large":["https:\/\/turkishtrade.co\/wp-content\/uploads\/2026\/01\/2600FKHMN00012-BROWN.png",453,250,false],"1536x1536":["https:\/\/turkishtrade.co\/wp-content\/uploads\/2026\/01\/2600FKHMN00012-BROWN.png",453,250,false],"2048x2048":["https:\/\/turkishtrade.co\/wp-content\/uploads\/2026\/01\/2600FKHMN00012-BROWN.png",453,250,false],"trp-custom-language-flag":["https:\/\/turkishtrade.co\/wp-content\/uploads\/2026\/01\/2600FKHMN00012-BROWN-18x10.png",18,10,true],"woocommerce_thumbnail":["https:\/\/turkishtrade.co\/wp-content\/uploads\/2026\/01\/2600FKHMN00012-BROWN-400x250.png",400,250,true],"woocommerce_single":["https:\/\/turkishtrade.co\/wp-content\/uploads\/2026\/01\/2600FKHMN00012-BROWN.png",453,250,false],"woocommerce_gallery_thumbnail":["https:\/\/turkishtrade.co\/wp-content\/uploads\/2026\/01\/2600FKHMN00012-BROWN-100x100.png",100,100,true]},"uagb_author_info":{"display_name":"python python","author_link":"https:\/\/turkishtrade.co\/de\/author\/"},"uagb_comment_info":0,"uagb_excerpt":"Crafted from premium calfskin leather for superior durability and style. Features a luxurious goat leather lining for ultimate comfort and breathability. Equipped with a lightweight and shock-absorbent EVA sole for all-day wear. Timeless cap-toe Oxford design, perfect for both formal and smart-casual occasions. Available in European sizes 39 to 45. Wholesale opportunities available with a&hellip;","_links":{"self":[{"href":"https:\/\/turkishtrade.co\/de\/wp-json\/wp\/v2\/product\/7910","targetHints":{"allow":["GET"]}}],"collection":[{"href":"https:\/\/turkishtrade.co\/de\/wp-json\/wp\/v2\/product"}],"about":[{"href":"https:\/\/turkishtrade.co\/de\/wp-json\/wp\/v2\/types\/product"}],"wp:featuredmedia":[{"embeddable":true,"href":"https:\/\/turkishtrade.co\/de\/wp-json\/wp\/v2\/media\/7061"}],"wp:attachment":[{"href":"https:\/\/turkishtrade.co\/de\/wp-json\/wp\/v2\/media?parent=7910"}],"wp:term":[{"taxonomy":"product_brand","embeddable":true,"href":"https:\/\/turkishtrade.co\/de\/wp-json\/wp\/v2\/product_brand?post=7910"},{"taxonomy":"product_cat","embeddable":true,"href":"https:\/\/turkishtrade.co\/de\/wp-json\/wp\/v2\/product_cat?post=7910"},{"taxonomy":"product_tag","embeddable":true,"href":"https:\/\/turkishtrade.co\/de\/wp-json\/wp\/v2\/product_tag?post=7910"}],"curies":[{"name":"wp","href":"https:\/\/api.w.org\/{rel}","templated":true}]}}