{"id":7909,"date":"2026-01-29T14:45:47","date_gmt":"2026-01-29T14:45:47","guid":{"rendered":"https:\/\/turkishtrade.co\/?post_type=product&#038;p=7909"},"modified":"2026-04-09T20:40:39","modified_gmt":"2026-04-09T20:40:39","slug":"mens-brown-leather-oxford-shoes","status":"publish","type":"product","link":"https:\/\/turkishtrade.co\/de\/shop\/mens-brown-leather-oxford-shoes\/","title":{"rendered":"Herren Oxford-Schuhe aus braunem Leder Luxus | Premium | Komfort &amp; Stil"},"content":{"rendered":"<p><strong>Herren Oxford-Schuhe aus braunem Leder<\/strong>. Luxuri\u00f6se Qualit\u00e4t und Design.<\/p>\n<p>Entdecken Sie den Inbegriff von zeitlosem Stil und unvergleichlichem Komfort mit unseren exquisiten <strong>Herren Oxford-Schuhe aus braunem Leder<\/strong>. Sorgf\u00e4ltig gefertigt, um den h\u00f6chsten Qualit\u00e4ts- und Designstandards zu entsprechen, sind diese Schuhe die perfekte Mischung aus klassischer Eleganz und moderner Vielseitigkeit.<\/p>\n<p>Egal, ob Sie sich f\u00fcr eine formelle Veranstaltung oder ein Gesch\u00e4ftstreffen kleiden oder einfach nur Ihren Freizeitlook aufpeppen m\u00f6chten, diese <strong>Herren Oxford-Schuhe aus braunem Leder<\/strong> wird daf\u00fcr sorgen, dass Sie selbstbewusst und kultiviert auftreten und einen bleibenden Eindruck hinterlassen.<\/p>\n<h3>Un\u00fcbertroffene Handwerkskunst und hochwertige Materialien<\/h3>\n<p>Jedes Paar dieser au\u00dfergew\u00f6hnlichen <strong>Herren Oxford-Schuhe aus braunem Leder<\/strong> ist ein Zeugnis h\u00f6chster Kunstfertigkeit und Liebe zum Detail. Das Obermaterial ist fachm\u00e4nnisch aus echtem Leder gefertigt. <em>Kalbsleder<\/em>, Es ist bekannt f\u00fcr seine geschmeidige Textur, seine au\u00dfergew\u00f6hnliche Haltbarkeit und seinen satten, tiefbraunen Farbton, der mit zunehmendem Alter immer besser wird.<\/p>\n<p>Dieses hochwertige Material sorgt f\u00fcr einen polierten Look, der den Test der Zeit \u00fcberdauert. Innen werden Ihre F\u00fc\u00dfe dank des weichen und atmungsaktiven Materials in Luxus gebettet. <em>Futter aus Ziegenleder<\/em>. Dieses nat\u00fcrliche Futter leitet Feuchtigkeit ab und sorgt f\u00fcr maximalen Komfort und ein frisches Gef\u00fchl, auch bei l\u00e4ngerem Tragen, was unsere <strong>Herren Oxford-Schuhe aus braunem Leder<\/strong> von den \u00fcbrigen.<\/p>\n<p>Im Gegensatz zu vielen traditionellen Schuhen ist unser Design leicht und dennoch robust. <em>EVA-Sohle<\/em>. Dieses innovative Sohlenmaterial bietet hervorragende D\u00e4mpfung, exzellente Sto\u00dfd\u00e4mpfung und verbesserte Flexibilit\u00e4t, was sie zu den vielleicht bequemsten und praktischsten <strong>Herren Oxford-Schuhe aus braunem Leder<\/strong> die Sie jemals besitzen werden.<\/p>\n<h3>Vielseitiger Stil f\u00fcr jede Gelegenheit<\/h3>\n<p>Das klassische Cap-Toe-Design dieser <strong>Herren Oxford-Schuhe aus braunem Leder<\/strong> macht sie zu einem unverzichtbaren Bestandteil der Garderobe eines jeden anspruchsvollen Mannes. Ihr satter Braunton bietet eine unglaubliche Vielseitigkeit und l\u00e4sst sich m\u00fchelos mit einer Vielzahl von Outfits kombinieren, von scharfen Business-Anz\u00fcgen bis hin zu ma\u00dfgeschneiderten Chinos und Freizeithosen.<\/p>\n<p>Perfekt f\u00fcr das B\u00fcro, Hochzeiten, besondere Anl\u00e4sse oder einfach, um Ihrer Alltagskleidung einen Hauch von Raffinesse zu verleihen, diese \u201cCasual Classic\u201d <strong>Herren Oxford-Schuhe aus braunem Leder<\/strong> passen sich m\u00fchelos an Ihren Lebensstil an. Erh\u00e4ltlich in einer umfassenden Gr\u00f6\u00dfenauswahl von 39 bis 45, sind wir bestrebt, eine perfekte Passform f\u00fcr jeden Kunden zu gew\u00e4hrleisten und ihren Status als unverzichtbar zu festigen <strong>Herren Oxford-Schuhe aus braunem Leder<\/strong>.<\/p>\n<h3>Gro\u00dfhandelschance f\u00fcr Unternehmen<\/h3>\n<p>F\u00fcr Einzelh\u00e4ndler und Unternehmen, die Premium-Schuhe anbieten wollen, sind diese hochentwickelten <strong>Herren Oxford-Schuhe aus braunem Leder<\/strong> sind f\u00fcr den Gro\u00dfhandel erh\u00e4ltlich. Profitieren Sie von wettbewerbsf\u00e4higen Preisen und hervorragender Qualit\u00e4t, die Ihre Kundschaft beeindrucken und Ihr Produktangebot verbessern wird.<\/p>\n<p>Mit einer Mindestbestellmenge von nur 16 Paaren k\u00f6nnen Sie sich problemlos mit diesen gefragten <strong>Herren Oxford-Schuhe aus braunem Leder<\/strong> und bieten Sie Ihren Kunden ein Produkt an, das Luxus, Komfort und zeitlose Attraktivit\u00e4t vereint.<\/p>\n<p>Werten Sie Ihr Angebot mit Schuhen auf, die sich auf dem Markt abheben und ein breites Publikum ansprechen, das Qualit\u00e4t und Stil sucht.<\/p>","protected":false},"excerpt":{"rendered":"<ul>\n<li>Pr\u00e4mie <strong>Herren Oxford-Schuhe aus braunem Leder<\/strong> mit raffiniertem Cap Toe Design<\/li>\n<li>Das Obermaterial aus echtem Kalbsleder sorgt f\u00fcr \u00fcberragende Strapazierf\u00e4higkeit und eine reiche \u00c4sthetik<\/li>\n<li>Luxuri\u00f6ses Ziegenlederfutter sorgt f\u00fcr au\u00dfergew\u00f6hnliche Atmungsaktivit\u00e4t und ganzt\u00e4gigen Komfort<\/li>\n<li>Leichte und flexible EVA-Sohle f\u00fcr verbesserte D\u00e4mpfung und Unterst\u00fctzung<\/li>\n<li>Erh\u00e4ltlich in einer breiten Palette von Gr\u00f6\u00dfen von 39 bis 45<\/li>\n<li>Gro\u00dfhandelspreis bei einer Mindestbestellmenge von 16 Paaren erh\u00e4ltlich<\/li>\n<\/ul>","protected":false},"featured_media":7059,"template":"","meta":{"_acf_changed":false,"_uag_custom_page_level_css":"","site-sidebar-layout":"default","site-content-layout":"","ast-site-content-layout":"default","site-content-style":"default","site-sidebar-style":"default","ast-global-header-display":"","ast-banner-title-visibility":"","ast-main-header-display":"","ast-hfb-above-header-display":"","ast-hfb-below-header-display":"","ast-hfb-mobile-header-display":"","site-post-title":"","ast-breadcrumbs-content":"","ast-featured-img":"","footer-sml-layout":"","ast-disable-related-posts":"","theme-transparent-header-meta":"","adv-header-id-meta":"","stick-header-meta":"","header-above-stick-meta":"","header-main-stick-meta":"","header-below-stick-meta":"","astra-migrate-meta-layouts":"default","ast-page-background-enabled":"default","ast-page-background-meta":{"desktop":{"background-color":"var(--ast-global-color-4)","background-image":"","background-repeat":"repeat","background-position":"center center","background-size":"auto","background-attachment":"scroll","background-type":"","background-media":"","overlay-type":"","overlay-color":"","overlay-opacity":"","overlay-gradient":""},"tablet":{"background-color":"","background-image":"","background-repeat":"repeat","background-position":"center center","background-size":"auto","background-attachment":"scroll","background-type":"","background-media":"","overlay-type":"","overlay-color":"","overlay-opacity":"","overlay-gradient":""},"mobile":{"background-color":"","background-image":"","background-repeat":"repeat","background-position":"center center","background-size":"auto","background-attachment":"scroll","background-type":"","background-media":"","overlay-type":"","overlay-color":"","overlay-opacity":"","overlay-gradient":""}},"ast-content-background-meta":{"desktop":{"background-color":"var(--ast-global-color-5)","background-image":"","background-repeat":"repeat","background-position":"center center","background-size":"auto","background-attachment":"scroll","background-type":"","background-media":"","overlay-type":"","overlay-color":"","overlay-opacity":"","overlay-gradient":""},"tablet":{"background-color":"var(--ast-global-color-5)","background-image":"","background-repeat":"repeat","background-position":"center center","background-size":"auto","background-attachment":"scroll","background-type":"","background-media":"","overlay-type":"","overlay-color":"","overlay-opacity":"","overlay-gradient":""},"mobile":{"background-color":"var(--ast-global-color-5)","background-image":"","background-repeat":"repeat","background-position":"center center","background-size":"auto","background-attachment":"scroll","background-type":"","background-media":"","overlay-type":"","overlay-color":"","overlay-opacity":"","overlay-gradient":""}}},"product_brand":[],"product_cat":[48,47,430,1200],"product_tag":[830,566,1241,1242,287,251,803,1240,324,281],"class_list":{"0":"post-7909","1":"product","2":"type-product","3":"status-publish","4":"has-post-thumbnail","6":"product_cat-casual","7":"product_cat-classic","8":"product_cat-men","9":"product_cat-mens-shoes-2","10":"product_tag-brown-oxford-shoes","11":"product_tag-calfskin-shoes","12":"product_tag-cap-toe-oxford","13":"product_tag-casual-classic-shoes","14":"product_tag-eva-sole-shoes","15":"product_tag-formal-shoes","16":"product_tag-leather-oxford-shoes","17":"product_tag-mens-brown-leather-oxford-shoes","18":"product_tag-mens-dress-shoes","19":"product_tag-wholesale-shoes","20":"desktop-align-center","21":"tablet-align-center","22":"mobile-align-center","24":"first","25":"instock","26":"shipping-taxable","27":"purchasable","28":"product-type-variable","29":"has-default-attributes"},"acf":[],"uagb_featured_image_src":{"full":["https:\/\/turkishtrade.co\/wp-content\/uploads\/2026\/01\/2600FKHMN00011-BROWN.png",453,250,false],"thumbnail":["https:\/\/turkishtrade.co\/wp-content\/uploads\/2026\/01\/2600FKHMN00011-BROWN-150x150.png",150,150,true],"medium":["https:\/\/turkishtrade.co\/wp-content\/uploads\/2026\/01\/2600FKHMN00011-BROWN-300x166.png",300,166,true],"medium_large":["https:\/\/turkishtrade.co\/wp-content\/uploads\/2026\/01\/2600FKHMN00011-BROWN.png",453,250,false],"large":["https:\/\/turkishtrade.co\/wp-content\/uploads\/2026\/01\/2600FKHMN00011-BROWN.png",453,250,false],"1536x1536":["https:\/\/turkishtrade.co\/wp-content\/uploads\/2026\/01\/2600FKHMN00011-BROWN.png",453,250,false],"2048x2048":["https:\/\/turkishtrade.co\/wp-content\/uploads\/2026\/01\/2600FKHMN00011-BROWN.png",453,250,false],"trp-custom-language-flag":["https:\/\/turkishtrade.co\/wp-content\/uploads\/2026\/01\/2600FKHMN00011-BROWN-18x10.png",18,10,true],"woocommerce_thumbnail":["https:\/\/turkishtrade.co\/wp-content\/uploads\/2026\/01\/2600FKHMN00011-BROWN-400x250.png",400,250,true],"woocommerce_single":["https:\/\/turkishtrade.co\/wp-content\/uploads\/2026\/01\/2600FKHMN00011-BROWN.png",453,250,false],"woocommerce_gallery_thumbnail":["https:\/\/turkishtrade.co\/wp-content\/uploads\/2026\/01\/2600FKHMN00011-BROWN-100x100.png",100,100,true]},"uagb_author_info":{"display_name":"python python","author_link":"https:\/\/turkishtrade.co\/de\/author\/"},"uagb_comment_info":0,"uagb_excerpt":"Premium Men's Brown Leather Oxford Shoes with a sophisticated Cap Toe design Crafted from genuine Calfskin Leather Upper for superior durability and a rich aesthetic Luxurious Goat Leather Lining ensures exceptional breathability and all-day comfort Features a lightweight and flexible EVA Sole for enhanced cushioning and support Available in a comprehensive range of sizes from&hellip;","_links":{"self":[{"href":"https:\/\/turkishtrade.co\/de\/wp-json\/wp\/v2\/product\/7909","targetHints":{"allow":["GET"]}}],"collection":[{"href":"https:\/\/turkishtrade.co\/de\/wp-json\/wp\/v2\/product"}],"about":[{"href":"https:\/\/turkishtrade.co\/de\/wp-json\/wp\/v2\/types\/product"}],"wp:featuredmedia":[{"embeddable":true,"href":"https:\/\/turkishtrade.co\/de\/wp-json\/wp\/v2\/media\/7059"}],"wp:attachment":[{"href":"https:\/\/turkishtrade.co\/de\/wp-json\/wp\/v2\/media?parent=7909"}],"wp:term":[{"taxonomy":"product_brand","embeddable":true,"href":"https:\/\/turkishtrade.co\/de\/wp-json\/wp\/v2\/product_brand?post=7909"},{"taxonomy":"product_cat","embeddable":true,"href":"https:\/\/turkishtrade.co\/de\/wp-json\/wp\/v2\/product_cat?post=7909"},{"taxonomy":"product_tag","embeddable":true,"href":"https:\/\/turkishtrade.co\/de\/wp-json\/wp\/v2\/product_tag?post=7909"}],"curies":[{"name":"wp","href":"https:\/\/api.w.org\/{rel}","templated":true}]}}