{"id":7903,"date":"2026-01-29T14:45:46","date_gmt":"2026-01-29T14:45:46","guid":{"rendered":"https:\/\/turkishtrade.co\/?post_type=product&#038;p=7903"},"modified":"2026-04-09T20:41:04","modified_gmt":"2026-04-09T20:41:04","slug":"mens-calfskin-suede-sneakers","status":"publish","type":"product","link":"https:\/\/turkishtrade.co\/de\/shop\/mens-calfskin-suede-sneakers\/","title":{"rendered":"Herren-Sneakers aus Kalbsleder Amazing | Premium mit Ziegenleder-Futter"},"content":{"rendered":"<p><strong>Herren-Sneakers aus Kalbsleder<\/strong>. Erstaunliche Qualit\u00e4t und Design.<\/p>\n<p>Treten Sie ein in unvergleichlichen Komfort und raffinierten Stil mit unseren Premium-Sneakers aus Kalbsleder f\u00fcr Herren. Entworfen f\u00fcr den modernen Mann, der sowohl \u00c4sthetik als auch Tragbarkeit sch\u00e4tzt, sind diese exquisiten Sneaker ein Zeugnis f\u00fcr \u00fcberlegene Handwerkskunst. Jedes Paar dieser luxuri\u00f6sen <strong>Herren-Sneakers aus Kalbsleder<\/strong> ist eine raffinierte Alternative zu traditionellem Schuhwerk und eignet sich sowohl f\u00fcr Freizeitausfl\u00fcge als auch f\u00fcr elegante Anl\u00e4sse.<\/p>\n<h3>Unerreichte Qualit\u00e4t und Handwerkskunst<\/h3>\n<p>Unser <strong>Herren-Sneakers aus Kalbsleder<\/strong> haben ein Obermaterial aus echtem Kalbsveloursleder, das f\u00fcr seine weiche Textur, Haltbarkeit und sein elegantes Aussehen bekannt ist. Die satten, erdigen T\u00f6ne des Wildleders f\u00fcgen sich nahtlos in aktuelle Modetrends ein und machen sie zu einer vielseitigen Erg\u00e4nzung f\u00fcr jede Garderobe. Neben dem exquisiten \u00c4u\u00dferen ist das Innere mit hochwertigem Ziegenleder gef\u00fcttert, das sich unglaublich weich anf\u00fchlt und eine hervorragende Atmungsaktivit\u00e4t bietet, die Ihre F\u00fc\u00dfe bequem umschlie\u00dft. Diese durchdachte Kombination aus hochwertigen Materialien sorgt daf\u00fcr, dass diese Sneaker nicht nur au\u00dfergew\u00f6hnlich aussehen, sondern auch den Test der Zeit bestehen.<\/p>\n<h3>Entwickelt f\u00fcr h\u00f6chsten Komfort und Unterst\u00fctzung<\/h3>\n<p>Erleben Sie das Gehen auf Wolken mit der fortschrittlichen EVA-Sohle, die in diesen bemerkenswerten <strong>Herren-Sneakers aus Kalbsleder<\/strong>. Die leichte und flexible EVA-Sohle bietet eine hervorragende Sto\u00dfd\u00e4mpfung, die den Aufprall reduziert und den ganzen Tag \u00fcber f\u00fcr anhaltenden Komfort sorgt. Egal, ob Sie durch die Stra\u00dfen der Stadt fahren oder einen gem\u00fctlichen Spaziergang genie\u00dfen, das ergonomische Design sorgt f\u00fcr eine optimale Unterst\u00fctzung Ihrer F\u00fc\u00dfe. Die sorgf\u00e4ltige Auswahl einer EVA-Sohle in Kombination mit dem weichen Ziegenlederfutter macht diese Sneaker zu einem wahren Vergn\u00fcgen, das Sie Stunde um Stunde tragen k\u00f6nnen.<\/p>\n<h3>Vielseitiger Stil f\u00fcr jede Gelegenheit<\/h3>\n<p>Diese <strong>Herren-Sneakers aus Kalbsleder<\/strong> sind mehr als nur Schuhe; sie sind ein Statement f\u00fcr anspruchsvollen Freizeitstil. Ihr vielseitiges Design erlaubt es, sie m\u00fchelos mit Jeans, Chinos oder sogar ma\u00dfgeschneiderten Hosen f\u00fcr ein l\u00e4ssiges Ensemble zu kombinieren. Sie sind in einer breiten Palette von Gr\u00f6\u00dfen von 40 bis 44 erh\u00e4ltlich und sprechen damit einen gro\u00dfen Kundenkreis an. F\u00fcr Unternehmen, die hochwertiges und modisches Schuhwerk anbieten wollen, sind diese Sneaker eine ausgezeichnete Wahl. Mit einer Mindestbestellmenge von nur 16 Paar stellen sie eine ideale Gelegenheit f\u00fcr den Gro\u00dfhandel dar, Ihr Produktangebot mit hochwertigen Herrenschuhen zu bereichern, die sowohl Stil als auch dauerhafte Qualit\u00e4t versprechen.<\/p>","protected":false},"excerpt":{"rendered":"<ul>\n<li><b>\u00dcberlegene Materialien:<\/b> Gefertigt aus echtem Kalbsveloursleder f\u00fcr ein luxuri\u00f6ses Gef\u00fchl und einen anspruchsvollen Look.<\/li>\n<li><b>Ultimativer Komfort:<\/b> Mit weichem, atmungsaktivem Ziegenlederfutter und einer leichten EVA-Sohle f\u00fcr ganzt\u00e4gigen Tragekomfort.<\/li>\n<li><b>Stilvolles Design:<\/b> Kombiniert klassische Sneaker-\u00c4sthetik mit moderner Eleganz, perfekt f\u00fcr verschiedene Outfits.<\/li>\n<li><b>Verf\u00fcgbare Gr\u00f6\u00dfen:<\/b> Erh\u00e4ltlich in den europ\u00e4ischen Gr\u00f6\u00dfen 40, 41, 42, 43 und 44.<\/li>\n<li><b>Gelegenheit f\u00fcr den Gro\u00dfhandel:<\/b> Erh\u00e4ltlich f\u00fcr den Gro\u00dfeinkauf mit einer Mindestbestellmenge von 16 Paaren.<\/li>\n<\/ul>","protected":false},"featured_media":7100,"template":"","meta":{"_acf_changed":false,"_uag_custom_page_level_css":"","site-sidebar-layout":"default","site-content-layout":"","ast-site-content-layout":"default","site-content-style":"default","site-sidebar-style":"default","ast-global-header-display":"","ast-banner-title-visibility":"","ast-main-header-display":"","ast-hfb-above-header-display":"","ast-hfb-below-header-display":"","ast-hfb-mobile-header-display":"","site-post-title":"","ast-breadcrumbs-content":"","ast-featured-img":"","footer-sml-layout":"","ast-disable-related-posts":"","theme-transparent-header-meta":"","adv-header-id-meta":"","stick-header-meta":"","header-above-stick-meta":"","header-main-stick-meta":"","header-below-stick-meta":"","astra-migrate-meta-layouts":"default","ast-page-background-enabled":"default","ast-page-background-meta":{"desktop":{"background-color":"var(--ast-global-color-4)","background-image":"","background-repeat":"repeat","background-position":"center center","background-size":"auto","background-attachment":"scroll","background-type":"","background-media":"","overlay-type":"","overlay-color":"","overlay-opacity":"","overlay-gradient":""},"tablet":{"background-color":"","background-image":"","background-repeat":"repeat","background-position":"center center","background-size":"auto","background-attachment":"scroll","background-type":"","background-media":"","overlay-type":"","overlay-color":"","overlay-opacity":"","overlay-gradient":""},"mobile":{"background-color":"","background-image":"","background-repeat":"repeat","background-position":"center center","background-size":"auto","background-attachment":"scroll","background-type":"","background-media":"","overlay-type":"","overlay-color":"","overlay-opacity":"","overlay-gradient":""}},"ast-content-background-meta":{"desktop":{"background-color":"var(--ast-global-color-5)","background-image":"","background-repeat":"repeat","background-position":"center center","background-size":"auto","background-attachment":"scroll","background-type":"","background-media":"","overlay-type":"","overlay-color":"","overlay-opacity":"","overlay-gradient":""},"tablet":{"background-color":"var(--ast-global-color-5)","background-image":"","background-repeat":"repeat","background-position":"center center","background-size":"auto","background-attachment":"scroll","background-type":"","background-media":"","overlay-type":"","overlay-color":"","overlay-opacity":"","overlay-gradient":""},"mobile":{"background-color":"var(--ast-global-color-5)","background-image":"","background-repeat":"repeat","background-position":"center center","background-size":"auto","background-attachment":"scroll","background-type":"","background-media":"","overlay-type":"","overlay-color":"","overlay-opacity":"","overlay-gradient":""}}},"product_brand":[],"product_cat":[430,1200,50,51],"product_tag":[1358,1360,1359,189,365,270,787,1124,254],"class_list":{"0":"post-7903","1":"product","2":"type-product","3":"status-publish","4":"has-post-thumbnail","6":"product_cat-men","7":"product_cat-mens-shoes-2","8":"product_cat-sneakers","9":"product_cat-sports","10":"product_tag-calfskin-suede-sneakers","11":"product_tag-comfortable-mens-sneakers","12":"product_tag-eva-sole-sneakers","13":"product_tag-goat-leather-lining","14":"product_tag-luxury-sneakers","15":"product_tag-mens-leather-sneakers","16":"product_tag-premium-mens-shoes","17":"product_tag-stylish-sneakers","18":"product_tag-wholesale-footwear","19":"desktop-align-center","20":"tablet-align-center","21":"mobile-align-center","23":"first","24":"instock","25":"shipping-taxable","26":"purchasable","27":"product-type-variable","28":"has-default-attributes"},"acf":[],"uagb_featured_image_src":{"full":["https:\/\/turkishtrade.co\/wp-content\/uploads\/2026\/01\/2600FKHMN00005-BEIGE.png",453,250,false],"thumbnail":["https:\/\/turkishtrade.co\/wp-content\/uploads\/2026\/01\/2600FKHMN00005-BEIGE-150x150.png",150,150,true],"medium":["https:\/\/turkishtrade.co\/wp-content\/uploads\/2026\/01\/2600FKHMN00005-BEIGE-300x166.png",300,166,true],"medium_large":["https:\/\/turkishtrade.co\/wp-content\/uploads\/2026\/01\/2600FKHMN00005-BEIGE.png",453,250,false],"large":["https:\/\/turkishtrade.co\/wp-content\/uploads\/2026\/01\/2600FKHMN00005-BEIGE.png",453,250,false],"1536x1536":["https:\/\/turkishtrade.co\/wp-content\/uploads\/2026\/01\/2600FKHMN00005-BEIGE.png",453,250,false],"2048x2048":["https:\/\/turkishtrade.co\/wp-content\/uploads\/2026\/01\/2600FKHMN00005-BEIGE.png",453,250,false],"trp-custom-language-flag":["https:\/\/turkishtrade.co\/wp-content\/uploads\/2026\/01\/2600FKHMN00005-BEIGE-18x10.png",18,10,true],"woocommerce_thumbnail":["https:\/\/turkishtrade.co\/wp-content\/uploads\/2026\/01\/2600FKHMN00005-BEIGE-400x250.png",400,250,true],"woocommerce_single":["https:\/\/turkishtrade.co\/wp-content\/uploads\/2026\/01\/2600FKHMN00005-BEIGE.png",453,250,false],"woocommerce_gallery_thumbnail":["https:\/\/turkishtrade.co\/wp-content\/uploads\/2026\/01\/2600FKHMN00005-BEIGE-100x100.png",100,100,true]},"uagb_author_info":{"display_name":"python python","author_link":"https:\/\/turkishtrade.co\/de\/author\/"},"uagb_comment_info":0,"uagb_excerpt":"Superior Materials: Crafted from genuine calfskin suede for a luxurious feel and sophisticated look. Ultimate Comfort: Features a soft, breathable goat leather lining and a lightweight EVA sole for all-day wear. Stylish Design: Blends classic sneaker aesthetics with modern elegance, perfect for various outfits. Available Sizes: Offered in European sizes 40, 41, 42, 43, and&hellip;","_links":{"self":[{"href":"https:\/\/turkishtrade.co\/de\/wp-json\/wp\/v2\/product\/7903","targetHints":{"allow":["GET"]}}],"collection":[{"href":"https:\/\/turkishtrade.co\/de\/wp-json\/wp\/v2\/product"}],"about":[{"href":"https:\/\/turkishtrade.co\/de\/wp-json\/wp\/v2\/types\/product"}],"wp:featuredmedia":[{"embeddable":true,"href":"https:\/\/turkishtrade.co\/de\/wp-json\/wp\/v2\/media\/7100"}],"wp:attachment":[{"href":"https:\/\/turkishtrade.co\/de\/wp-json\/wp\/v2\/media?parent=7903"}],"wp:term":[{"taxonomy":"product_brand","embeddable":true,"href":"https:\/\/turkishtrade.co\/de\/wp-json\/wp\/v2\/product_brand?post=7903"},{"taxonomy":"product_cat","embeddable":true,"href":"https:\/\/turkishtrade.co\/de\/wp-json\/wp\/v2\/product_cat?post=7903"},{"taxonomy":"product_tag","embeddable":true,"href":"https:\/\/turkishtrade.co\/de\/wp-json\/wp\/v2\/product_tag?post=7903"}],"curies":[{"name":"wp","href":"https:\/\/api.w.org\/{rel}","templated":true}]}}