{"id":7902,"date":"2026-01-29T14:45:46","date_gmt":"2026-01-29T14:45:46","guid":{"rendered":"https:\/\/turkishtrade.co\/?post_type=product&#038;p=7902"},"modified":"2026-04-09T20:41:07","modified_gmt":"2026-04-09T20:41:07","slug":"mens-olive-green-leather-sneakers","status":"publish","type":"product","link":"https:\/\/turkishtrade.co\/de\/shop\/mens-olive-green-leather-sneakers\/","title":{"rendered":"Olivgr\u00fcne Leder-Sneakers f\u00fcr M\u00e4nner Garantiert"},"content":{"rendered":"<p><strong>Olivegr\u00fcne Leder-Sneakers f\u00fcr M\u00e4nner<\/strong>. Garantierte Qualit\u00e4t und Design.<\/p>\n<p>Erweitern Sie Ihre Schuhkollektion mit unseren exquisiten <strong>Olivegr\u00fcne Leder-Sneakers f\u00fcr M\u00e4nner<\/strong>. Diese Sneaker wurden f\u00fcr den modernen Mann entworfen, der sowohl einen raffinierten Stil als auch unvergleichlichen Komfort sch\u00e4tzt, und sind ein Beweis f\u00fcr \u00fcberlegene Handwerkskunst. Der unverwechselbare olivgr\u00fcne Farbton aus hochwertigem Kalbsleder kreiert einen Look, der sowohl auff\u00e4llig als auch vielseitig ist und sie zu einer unverzichtbaren Erg\u00e4nzung jeder anspruchsvollen Garderobe macht.<\/p>\n<h3>Unerreichte Qualit\u00e4t und Komfort<\/h3>\n<p>Das aus echtem Kalbsleder gefertigte Obermaterial dieser bemerkenswerten <strong>M\u00e4nner olivgr\u00fcn Leder Turnschuhe<\/strong> bietet au\u00dfergew\u00f6hnliche Haltbarkeit und ein luxuri\u00f6ses Gef\u00fchl. Kalbsleder ist f\u00fcr seine glatte Textur und Verschlei\u00dffestigkeit bekannt und sorgt daf\u00fcr, dass Ihre Sneaker ihr elegantes Aussehen \u00fcber lange Zeit behalten. Innen werden Ihre F\u00fc\u00dfe von einem \u00fcppig weichen Ziegenlederfutter umh\u00fcllt. Dieses nat\u00fcrliche Futtermaterial ist bekannt f\u00fcr seine Atmungsaktivit\u00e4t, die f\u00fcr eine optimale Luftzirkulation und Feuchtigkeitsabtransport sorgt. So bleiben Ihre F\u00fc\u00dfe den ganzen Tag \u00fcber trocken und bequem, auch bei l\u00e4ngerem Tragen. Verabschieden Sie sich von Unannehmlichkeiten und begr\u00fc\u00dfen Sie ein wahrhaft erstklassiges Erlebnis.<\/p>\n<h3>Innovatives Design und allt\u00e4gliche Vielseitigkeit<\/h3>\n<p>Diese olivgr\u00fcnen Ledersneakers zeichnen sich nicht nur durch ihre luxuri\u00f6sen Materialien, sondern auch durch ihre durchdachte \u00c4sthetik aus. Die klaren Linien und die subtilen Steppdetails an den Seiten verleihen dem Schuh eine moderne Note und schaffen einen perfekten Ausgleich zwischen klassischer Eleganz und modernem Casual-Appeal. Die makellose wei\u00dfe EVA-Sohle bietet nicht nur einen auff\u00e4lligen Kontrast zum olivgr\u00fcnen Obermaterial, sondern sorgt auch f\u00fcr eine leichte D\u00e4mpfung und hervorragende Sto\u00dfd\u00e4mpfung. Ganz gleich, ob Sie durch die Stra\u00dfen der Stadt schlendern, einen l\u00e4ssigen Wochenendausflug genie\u00dfen oder sich f\u00fcr ein l\u00e4ssiges Event herausputzen, diese Sneaker sind Ihr perfekter Begleiter. Sie erg\u00e4nzen m\u00fchelos eine breite Palette von Outfits, von Chinos und Jeans bis hin zu ma\u00dfgeschneiderten Hosen, und sorgen daf\u00fcr, dass Sie immer stilvoll auftreten.<\/p>\n<h3>Langlebigkeit trifft auf ethische Beschaffung<\/h3>\n<p>Unser Engagement f\u00fcr Qualit\u00e4t erstreckt sich auf jedes Detail. Die robuste Konstruktion und die hochwertigen Materialien sorgen daf\u00fcr, dass diese <strong>M\u00e4nner olivgr\u00fcn Leder Turnschuhe<\/strong> sind f\u00fcr die Ewigkeit gemacht. Wir verwenden feinstes Kalbs- und Ziegenleder aus verantwortungsvoller Beschaffung, um ein Produkt zu schaffen, das nicht nur gut aussieht, sondern sich auch gut tr\u00e4gt. Erh\u00e4ltlich in einer breiten Palette von EU-Gr\u00f6\u00dfen von 40 bis 44, ist es einfach, die perfekte Passform zu finden. Erleben Sie die Verschmelzung von traditioneller Schuhmacherkunst mit moderner Komforttechnologie.<\/p>\n<h3>Gro\u00dfhandelsm\u00f6glichkeiten verf\u00fcgbar<\/h3>\n<p>F\u00fcr Unternehmen, die ihren Kunden Premium-Schuhe anbieten m\u00f6chten, sind diese au\u00dfergew\u00f6hnlichen Sneaker im Gro\u00dfhandel erh\u00e4ltlich. Wir verlangen eine Mindestbestellmenge von nur 16 Paar, was es einfach macht, sich mit einem sehr gefragten Produkt einzudecken, das Luxus, Komfort und zeitlosen Stil vereint. Arbeiten Sie mit uns zusammen, um Ihre Kunden mit den besten Freizeitschuhen f\u00fcr Herren zu versorgen. Unser <strong>Olivegr\u00fcne Leder-Sneakers f\u00fcr M\u00e4nner<\/strong> sind ein sicherer Hit f\u00fcr Ihr Inventar.<\/p>","protected":false},"excerpt":{"rendered":"<ul>\n<li>Hochwertiges olivgr\u00fcnes Oberleder (Kalbsleder) f\u00fcr Strapazierf\u00e4higkeit und Stil.<\/li>\n<li>Luxuri\u00f6ses Ziegenlederfutter sorgt f\u00fcr Atmungsaktivit\u00e4t und Komfort.<\/li>\n<li>Leichte und st\u00fctzende EVA-Sohle f\u00fcr ganzt\u00e4gigen Tragekomfort.<\/li>\n<li>Modernes, l\u00e4ssiges Design, perfekt f\u00fcr verschiedene Outfits und Anl\u00e4sse.<\/li>\n<li>Erh\u00e4ltlich in den EU-Gr\u00f6\u00dfen 40-44.<\/li>\n<li>Diese olivgr\u00fcnen Ledersneakers f\u00fcr Herren sind ab einer Mindestbestellmenge von 16 Paaren im Gro\u00dfhandel erh\u00e4ltlich.<\/li>\n<\/ul>","protected":false},"featured_media":7099,"template":"","meta":{"_acf_changed":false,"_uag_custom_page_level_css":"","site-sidebar-layout":"default","site-content-layout":"","ast-site-content-layout":"default","site-content-style":"default","site-sidebar-style":"default","ast-global-header-display":"","ast-banner-title-visibility":"","ast-main-header-display":"","ast-hfb-above-header-display":"","ast-hfb-below-header-display":"","ast-hfb-mobile-header-display":"","site-post-title":"","ast-breadcrumbs-content":"","ast-featured-img":"","footer-sml-layout":"","ast-disable-related-posts":"","theme-transparent-header-meta":"","adv-header-id-meta":"","stick-header-meta":"","header-above-stick-meta":"","header-main-stick-meta":"","header-below-stick-meta":"","astra-migrate-meta-layouts":"default","ast-page-background-enabled":"default","ast-page-background-meta":{"desktop":{"background-color":"var(--ast-global-color-4)","background-image":"","background-repeat":"repeat","background-position":"center center","background-size":"auto","background-attachment":"scroll","background-type":"","background-media":"","overlay-type":"","overlay-color":"","overlay-opacity":"","overlay-gradient":""},"tablet":{"background-color":"","background-image":"","background-repeat":"repeat","background-position":"center center","background-size":"auto","background-attachment":"scroll","background-type":"","background-media":"","overlay-type":"","overlay-color":"","overlay-opacity":"","overlay-gradient":""},"mobile":{"background-color":"","background-image":"","background-repeat":"repeat","background-position":"center center","background-size":"auto","background-attachment":"scroll","background-type":"","background-media":"","overlay-type":"","overlay-color":"","overlay-opacity":"","overlay-gradient":""}},"ast-content-background-meta":{"desktop":{"background-color":"var(--ast-global-color-5)","background-image":"","background-repeat":"repeat","background-position":"center center","background-size":"auto","background-attachment":"scroll","background-type":"","background-media":"","overlay-type":"","overlay-color":"","overlay-opacity":"","overlay-gradient":""},"tablet":{"background-color":"var(--ast-global-color-5)","background-image":"","background-repeat":"repeat","background-position":"center center","background-size":"auto","background-attachment":"scroll","background-type":"","background-media":"","overlay-type":"","overlay-color":"","overlay-opacity":"","overlay-gradient":""},"mobile":{"background-color":"var(--ast-global-color-5)","background-image":"","background-repeat":"repeat","background-position":"center center","background-size":"auto","background-attachment":"scroll","background-type":"","background-media":"","overlay-type":"","overlay-color":"","overlay-opacity":"","overlay-gradient":""}}},"product_brand":[],"product_cat":[48,430,1200,50],"product_tag":[451,1117,438,189,1351,1348,1350,1353,1352,262],"class_list":{"0":"post-7902","1":"product","2":"type-product","3":"status-publish","4":"has-post-thumbnail","6":"product_cat-casual","7":"product_cat-men","8":"product_cat-mens-shoes-2","9":"product_cat-sneakers","10":"product_tag-calfskin-leather","11":"product_tag-comfortable-sneakers","12":"product_tag-eva-sole","13":"product_tag-goat-leather-lining","14":"product_tag-green-casual-shoes","15":"product_tag-mens-fashion-sneakers","16":"product_tag-mens-olive-green-leather-sneakers","17":"product_tag-olive-green-shoes","18":"product_tag-premium-quality-footwear","19":"product_tag-wholesale-mens-shoes","20":"desktop-align-center","21":"tablet-align-center","22":"mobile-align-center","24":"first","25":"instock","26":"shipping-taxable","27":"purchasable","28":"product-type-variable","29":"has-default-attributes"},"acf":[],"uagb_featured_image_src":{"full":["https:\/\/turkishtrade.co\/wp-content\/uploads\/2026\/01\/2600FKHMN00004-GREEN.png",453,250,false],"thumbnail":["https:\/\/turkishtrade.co\/wp-content\/uploads\/2026\/01\/2600FKHMN00004-GREEN-150x150.png",150,150,true],"medium":["https:\/\/turkishtrade.co\/wp-content\/uploads\/2026\/01\/2600FKHMN00004-GREEN-300x166.png",300,166,true],"medium_large":["https:\/\/turkishtrade.co\/wp-content\/uploads\/2026\/01\/2600FKHMN00004-GREEN.png",453,250,false],"large":["https:\/\/turkishtrade.co\/wp-content\/uploads\/2026\/01\/2600FKHMN00004-GREEN.png",453,250,false],"1536x1536":["https:\/\/turkishtrade.co\/wp-content\/uploads\/2026\/01\/2600FKHMN00004-GREEN.png",453,250,false],"2048x2048":["https:\/\/turkishtrade.co\/wp-content\/uploads\/2026\/01\/2600FKHMN00004-GREEN.png",453,250,false],"trp-custom-language-flag":["https:\/\/turkishtrade.co\/wp-content\/uploads\/2026\/01\/2600FKHMN00004-GREEN-18x10.png",18,10,true],"woocommerce_thumbnail":["https:\/\/turkishtrade.co\/wp-content\/uploads\/2026\/01\/2600FKHMN00004-GREEN-400x250.png",400,250,true],"woocommerce_single":["https:\/\/turkishtrade.co\/wp-content\/uploads\/2026\/01\/2600FKHMN00004-GREEN.png",453,250,false],"woocommerce_gallery_thumbnail":["https:\/\/turkishtrade.co\/wp-content\/uploads\/2026\/01\/2600FKHMN00004-GREEN-100x100.png",100,100,true]},"uagb_author_info":{"display_name":"python python","author_link":"https:\/\/turkishtrade.co\/de\/author\/"},"uagb_comment_info":0,"uagb_excerpt":"Premium olive green leather upper (calfskin) for durability and style. Luxurious goat leather lining ensures breathability and comfort. Lightweight and supportive EVA sole for all-day wear. Modern casual design, perfect for various outfits and occasions. Available in EU sizes 40-44. Wholesale opportunities available for these men's olive green leather sneakers with a minimum order of&hellip;","_links":{"self":[{"href":"https:\/\/turkishtrade.co\/de\/wp-json\/wp\/v2\/product\/7902","targetHints":{"allow":["GET"]}}],"collection":[{"href":"https:\/\/turkishtrade.co\/de\/wp-json\/wp\/v2\/product"}],"about":[{"href":"https:\/\/turkishtrade.co\/de\/wp-json\/wp\/v2\/types\/product"}],"wp:featuredmedia":[{"embeddable":true,"href":"https:\/\/turkishtrade.co\/de\/wp-json\/wp\/v2\/media\/7099"}],"wp:attachment":[{"href":"https:\/\/turkishtrade.co\/de\/wp-json\/wp\/v2\/media?parent=7902"}],"wp:term":[{"taxonomy":"product_brand","embeddable":true,"href":"https:\/\/turkishtrade.co\/de\/wp-json\/wp\/v2\/product_brand?post=7902"},{"taxonomy":"product_cat","embeddable":true,"href":"https:\/\/turkishtrade.co\/de\/wp-json\/wp\/v2\/product_cat?post=7902"},{"taxonomy":"product_tag","embeddable":true,"href":"https:\/\/turkishtrade.co\/de\/wp-json\/wp\/v2\/product_tag?post=7902"}],"curies":[{"name":"wp","href":"https:\/\/api.w.org\/{rel}","templated":true}]}}