{"id":6199,"date":"2026-01-14T14:20:12","date_gmt":"2026-01-14T14:20:12","guid":{"rendered":"https:\/\/turkishtrade.co\/product\/mens-classic-leather-brogues\/"},"modified":"2026-04-09T19:09:25","modified_gmt":"2026-04-09T19:09:25","slug":"mens-classic-leather-brogues","status":"publish","type":"product","link":"https:\/\/turkishtrade.co\/de\/shop\/mens-classic-leather-brogues\/","title":{"rendered":"Klassische Herren Leder Brogues - Premium Kalbsleder Dress Schuhe"},"content":{"rendered":"<p><strong>Klassische Brogues aus Leder f\u00fcr M\u00e4nner<\/strong><\/p>\n<p>Treten Sie ein in zeitlose Eleganz mit unserem exquisiten <b>Klassische Brogues aus Leder f\u00fcr M\u00e4nner<\/b>. Diese sorgf\u00e4ltig bis zur Perfektion gefertigten Premium-Anzugschuhe bieten eine Mischung aus traditionellem Stil und modernem Komfort, was sie zu einer unverzichtbaren Erg\u00e4nzung f\u00fcr die Garderobe jedes anspruchsvollen Gentleman macht. Erh\u00e4ltlich in raffiniertem, sattem Braun und vielseitigem Marineblau, sind diese <b>Klassische Brogues aus Leder f\u00fcr M\u00e4nner<\/b> sind so konzipiert, dass sie ein Zeichen setzen, egal ob Sie zu einem wichtigen Gesch\u00e4ftstreffen oder einer formellen Veranstaltung gehen oder einfach Ihre allt\u00e4gliche Freizeitkleidung aufwerten wollen.<\/p>\n<p>Unsere Sammlung von <b>Klassische Brogues aus Leder f\u00fcr M\u00e4nner<\/b> sorgt daf\u00fcr, dass Sie immer tadellos gekleidet sind.<\/p>\n<h3>Unvergleichliche Handwerkskunst und Materialien<\/h3>\n<p>Jedes Paar dieser hochwertigen <b>Klassische Brogues aus Leder f\u00fcr M\u00e4nner<\/b> wird nur aus den besten Materialien hergestellt. Das Obermaterial besteht aus geschmeidigem, hochwertigem Kalbsleder, das f\u00fcr seine Langlebigkeit, seine glatte Oberfl\u00e4che und seine F\u00e4higkeit, sch\u00f6n zu altern, bekannt ist. Dieses hochwertige \u00c4u\u00dfere wird durch ein unglaublich weiches Ziegenlederfutter erg\u00e4nzt, das Atmungsaktivit\u00e4t und au\u00dfergew\u00f6hnlichen Komfort bei jedem Schritt gew\u00e4hrleistet.<\/p>\n<p>Die filigranen Brogue-Details an der Kappe und den Seiten verleihen dem Schuh einen Hauch von klassischer Raffinesse und spiegeln das Erbe feiner Schuhmacherei wider. Wenn Sie sich f\u00fcr unsere <b>Klassische Brogues aus Leder f\u00fcr M\u00e4nner<\/b>, entscheiden Sie sich f\u00fcr unvergleichliche Qualit\u00e4t und einen Schuh, der auf Langlebigkeit ausgelegt ist.<\/p>\n<h3>Komfort und Langlebigkeit - f\u00fcr Sie entwickelt<\/h3>\n<p>Der Komfort steht nicht hinter dem Stil zur\u00fcck. Unser <b>Klassische Brogues aus Leder f\u00fcr M\u00e4nner<\/b> sind mit einer robusten Gummisohle ausgestattet, die f\u00fcr hervorragenden Halt und lang anhaltenden Tragekomfort sorgt. Die dezente Absatzh\u00f6he von 1 bis 3 cm bietet genau die richtige Menge an Auftrieb f\u00fcr eine raffinierte Silhouette, ohne Kompromisse bei Stabilit\u00e4t oder Komfort einzugehen.<\/p>\n<p>Diese <b>Klassische Brogues aus Leder f\u00fcr M\u00e4nner<\/b> sind so gebaut, dass sie den Strapazen des t\u00e4glichen Tragens standhalten und gleichzeitig ihr makelloses Aussehen bewahren. Mit Gr\u00f6\u00dfen von 39 bis 45 EU decken wir ein breites Spektrum an F\u00fc\u00dfen ab und sorgen f\u00fcr eine perfekte Passform und einen tadellosen Look. Erleben Sie den dauerhaften Komfort und den ausgezeichneten Stil unserer <b>Klassische Brogues aus Leder f\u00fcr M\u00e4nner<\/b>.<\/p>\n<h3>Ideal f\u00fcr Gro\u00dfeink\u00e4ufer<\/h3>\n<p>F\u00fcr Einzelh\u00e4ndler und Unternehmen, die ihrer Kundschaft hochwertige Schuhe anbieten wollen, sind diese <b>Klassische Brogues aus Leder f\u00fcr M\u00e4nner<\/b> sind eine ausgezeichnete Wahl. Wir bieten diese hochwertigen Schuhe f\u00fcr den Gro\u00dfhandel mit einer Mindestbestellmenge von nur 8 Paar an. Dies erm\u00f6glicht eine flexible Lagerhaltung, die sowohl Boutiquen als auch gr\u00f6\u00dfere Einzelh\u00e4ndler anspricht.<\/p>\n<p>Auftr\u00e4ge f\u00fcr unser <b>Klassische Brogues aus Leder f\u00fcr M\u00e4nner<\/b> werden mit einer gesch\u00e4tzten Lieferzeit von ca. 12 Tagen zuz\u00fcglich des Standardversands bearbeitet, so dass ein reibungsloser und effizienter Beschaffungsprozess f\u00fcr Ihr Unternehmen gew\u00e4hrleistet ist.<\/p>\n<p>Erh\u00f6hen Sie Ihren Bestand und bieten Sie Ihren Kunden <b>Klassische Brogues aus Leder f\u00fcr M\u00e4nner<\/b> die sich wirklich durch Qualit\u00e4t und Design auszeichnen. Diese Brogues sind nicht einfach nur Schuhe, sie sind eine Investition in Stil und dauerhaften Komfort f\u00fcr Ihre anspruchsvollsten Kunden.<\/p>","protected":false},"excerpt":{"rendered":"<ul>\n<li>Hochwertiges Au\u00dfenmaterial: 100% Echtes Kalbsleder<\/li>\n<li>Luxuri\u00f6ses Innenfutter: Weiches Ziegenleder<\/li>\n<li>Langlebig &amp; komfortabel Sohle: Gummi<\/li>\n<li>Stilvolle Absatzh\u00f6he: 1-3 cm f\u00fcr dezenten Auftrieb<\/li>\n<li>Verf\u00fcgbare Gr\u00f6\u00dfen: EU 39, 40, 41, 42, 43, 44, 45<\/li>\n<li>Mindestbestellung: 8 Paare (Ideal f\u00fcr Gro\u00dfhandelskunden)<\/li>\n<li>Gesch\u00e4tzte Lieferung: 12 Tage + Versand<\/li>\n<\/ul>","protected":false},"featured_media":4141,"template":"","meta":{"_acf_changed":false,"_uag_custom_page_level_css":"","site-sidebar-layout":"default","site-content-layout":"","ast-site-content-layout":"default","site-content-style":"default","site-sidebar-style":"default","ast-global-header-display":"","ast-banner-title-visibility":"","ast-main-header-display":"","ast-hfb-above-header-display":"","ast-hfb-below-header-display":"","ast-hfb-mobile-header-display":"","site-post-title":"","ast-breadcrumbs-content":"","ast-featured-img":"","footer-sml-layout":"","ast-disable-related-posts":"","theme-transparent-header-meta":"default","adv-header-id-meta":"","stick-header-meta":"","header-above-stick-meta":"","header-main-stick-meta":"","header-below-stick-meta":"","astra-migrate-meta-layouts":"set","ast-page-background-enabled":"default","ast-page-background-meta":{"desktop":{"background-color":"var(--ast-global-color-4)","background-image":"","background-repeat":"repeat","background-position":"center center","background-size":"auto","background-attachment":"scroll","background-type":"","background-media":"","overlay-type":"","overlay-color":"","overlay-opacity":"","overlay-gradient":""},"tablet":{"background-color":"","background-image":"","background-repeat":"repeat","background-position":"center center","background-size":"auto","background-attachment":"scroll","background-type":"","background-media":"","overlay-type":"","overlay-color":"","overlay-opacity":"","overlay-gradient":""},"mobile":{"background-color":"","background-image":"","background-repeat":"repeat","background-position":"center center","background-size":"auto","background-attachment":"scroll","background-type":"","background-media":"","overlay-type":"","overlay-color":"","overlay-opacity":"","overlay-gradient":""}},"ast-content-background-meta":{"desktop":{"background-color":"var(--ast-global-color-5)","background-image":"","background-repeat":"repeat","background-position":"center center","background-size":"auto","background-attachment":"scroll","background-type":"","background-media":"","overlay-type":"","overlay-color":"","overlay-opacity":"","overlay-gradient":""},"tablet":{"background-color":"var(--ast-global-color-5)","background-image":"","background-repeat":"repeat","background-position":"center center","background-size":"auto","background-attachment":"scroll","background-type":"","background-media":"","overlay-type":"","overlay-color":"","overlay-opacity":"","overlay-gradient":""},"mobile":{"background-color":"var(--ast-global-color-5)","background-image":"","background-repeat":"repeat","background-position":"center center","background-size":"auto","background-attachment":"scroll","background-type":"","background-media":"","overlay-type":"","overlay-color":"","overlay-opacity":"","overlay-gradient":""}}},"product_brand":[],"product_cat":[48,47,49,430,40],"product_tag":[898,405,566,896,251,189,535,685,1183,1181,632,1182,281,702],"class_list":{"0":"post-6199","1":"product","2":"type-product","3":"status-publish","4":"has-post-thumbnail","6":"product_cat-casual","7":"product_cat-classic","8":"product_cat-loafer","9":"product_cat-men","10":"product_cat-mens-shoes","11":"product_tag-brown-brogues","12":"product_tag-business-shoes","13":"product_tag-calfskin-shoes","14":"product_tag-classic-brogues","15":"product_tag-formal-shoes","16":"product_tag-goat-leather-lining","17":"product_tag-leather-dress-shoes","18":"product_tag-mens-brogues","19":"product_tag-navy-brogues","20":"product_tag-oxford-brogues","21":"product_tag-premium-leather-shoes","22":"product_tag-rubber-sole-shoes","23":"product_tag-wholesale-shoes","24":"product_tag-wingtip-shoes","25":"desktop-align-center","26":"tablet-align-center","27":"mobile-align-center","29":"first","30":"instock","31":"featured","32":"shipping-taxable","33":"purchasable","34":"product-type-variable","35":"has-default-attributes"},"acf":[],"uagb_featured_image_src":{"full":["https:\/\/turkishtrade.co\/wp-content\/uploads\/2026\/01\/2400EJOMN00396-BROWN-TOV_10-5-USD-1.png",453,250,false],"thumbnail":["https:\/\/turkishtrade.co\/wp-content\/uploads\/2026\/01\/2400EJOMN00396-BROWN-TOV_10-5-USD-1-150x150.png",150,150,true],"medium":["https:\/\/turkishtrade.co\/wp-content\/uploads\/2026\/01\/2400EJOMN00396-BROWN-TOV_10-5-USD-1-300x166.png",300,166,true],"medium_large":["https:\/\/turkishtrade.co\/wp-content\/uploads\/2026\/01\/2400EJOMN00396-BROWN-TOV_10-5-USD-1.png",453,250,false],"large":["https:\/\/turkishtrade.co\/wp-content\/uploads\/2026\/01\/2400EJOMN00396-BROWN-TOV_10-5-USD-1.png",453,250,false],"1536x1536":["https:\/\/turkishtrade.co\/wp-content\/uploads\/2026\/01\/2400EJOMN00396-BROWN-TOV_10-5-USD-1.png",453,250,false],"2048x2048":["https:\/\/turkishtrade.co\/wp-content\/uploads\/2026\/01\/2400EJOMN00396-BROWN-TOV_10-5-USD-1.png",453,250,false],"trp-custom-language-flag":["https:\/\/turkishtrade.co\/wp-content\/uploads\/2026\/01\/2400EJOMN00396-BROWN-TOV_10-5-USD-1-18x10.png",18,10,true],"woocommerce_thumbnail":["https:\/\/turkishtrade.co\/wp-content\/uploads\/2026\/01\/2400EJOMN00396-BROWN-TOV_10-5-USD-1-400x250.png",400,250,true],"woocommerce_single":["https:\/\/turkishtrade.co\/wp-content\/uploads\/2026\/01\/2400EJOMN00396-BROWN-TOV_10-5-USD-1.png",453,250,false],"woocommerce_gallery_thumbnail":["https:\/\/turkishtrade.co\/wp-content\/uploads\/2026\/01\/2400EJOMN00396-BROWN-TOV_10-5-USD-1-100x100.png",100,100,true]},"uagb_author_info":{"display_name":"yaser olabi","author_link":"https:\/\/turkishtrade.co\/de\/author\/"},"uagb_comment_info":0,"uagb_excerpt":"Premium Outer Material: 100% Genuine Calf Leather Luxurious Inner Lining: Soft Goat Leather Durable &amp; Comfortable Sole: Rubber Stylish Heel Height: 1-3 cm for subtle lift Available Sizes: EU 39, 40, 41, 42, 43, 44, 45 Minimum Order: 8 Pairs (Ideal for wholesale buyers) Estimated Delivery: 12 Days + Shipping","_links":{"self":[{"href":"https:\/\/turkishtrade.co\/de\/wp-json\/wp\/v2\/product\/6199","targetHints":{"allow":["GET"]}}],"collection":[{"href":"https:\/\/turkishtrade.co\/de\/wp-json\/wp\/v2\/product"}],"about":[{"href":"https:\/\/turkishtrade.co\/de\/wp-json\/wp\/v2\/types\/product"}],"wp:featuredmedia":[{"embeddable":true,"href":"https:\/\/turkishtrade.co\/de\/wp-json\/wp\/v2\/media\/4141"}],"wp:attachment":[{"href":"https:\/\/turkishtrade.co\/de\/wp-json\/wp\/v2\/media?parent=6199"}],"wp:term":[{"taxonomy":"product_brand","embeddable":true,"href":"https:\/\/turkishtrade.co\/de\/wp-json\/wp\/v2\/product_brand?post=6199"},{"taxonomy":"product_cat","embeddable":true,"href":"https:\/\/turkishtrade.co\/de\/wp-json\/wp\/v2\/product_cat?post=6199"},{"taxonomy":"product_tag","embeddable":true,"href":"https:\/\/turkishtrade.co\/de\/wp-json\/wp\/v2\/product_tag?post=6199"}],"curies":[{"name":"wp","href":"https:\/\/api.w.org\/{rel}","templated":true}]}}