{"id":6189,"date":"2026-01-14T14:18:52","date_gmt":"2026-01-14T14:18:52","guid":{"rendered":"https:\/\/turkishtrade.co\/product\/men-classic-leather-loafers-4\/"},"modified":"2026-04-09T19:09:53","modified_gmt":"2026-04-09T19:09:53","slug":"mens-classic-leather-loafers-4","status":"publish","type":"product","link":"https:\/\/turkishtrade.co\/de\/shop\/mens-classic-leather-loafers-4\/","title":{"rendered":"Klassische braune Herren-Loafer aus Leder mit Schnalle"},"content":{"rendered":"<p><strong>Klassische Leder-Loafer f\u00fcr M\u00e4nner<\/strong><\/p>\n<p>Erleben Sie Raffinesse mit unserem exquisiten <b>Klassische Leder-Loafer f\u00fcr M\u00e4nner<\/b>, f\u00fcr den modernen Gentleman, der Stil und Komfort sch\u00e4tzt. Diese Loafer sind mehr als nur Schuhe; sie sind ein Statement von Eleganz und Qualit\u00e4t, sorgf\u00e4ltig gefertigt, um jedes Ensemble aufzuwerten. Erleben Sie unvergleichlichen Luxus mit unseren Premium <b>Klassische Leder-Slipper f\u00fcr M\u00e4nner<\/b>, Die Schuhe sind perfekt f\u00fcr eine Reihe von Anl\u00e4ssen.<\/p>\n<p>Das \u00c4u\u00dfere dieser au\u00dfergew\u00f6hnlichen Schuhe ist aus hochwertigem Material gefertigt. <b>Kalbsleder<\/b>, ist bekannt f\u00fcr seine glatte Textur, seine Langlebigkeit und seine F\u00e4higkeit, sch\u00f6n zu altern. Dieses hochwertige Material gew\u00e4hrleistet, dass Ihr <b>Klassische Leder-Slipper f\u00fcr M\u00e4nner<\/b> behalten ihr makelloses Aussehen \u00fcber Jahre hinweg und bieten eine polierte Oberfl\u00e4che, die ins Auge sticht. Im Inneren werden Ihre F\u00fc\u00dfe in ultimativen Komfort durch die geschmeidige <b>Futter aus Ziegenleder<\/b>.<\/p>\n<p>Dieses nat\u00fcrliche Material ist bekannt f\u00fcr seine Atmungsaktivit\u00e4t und Weichheit. Es passt sich Ihrem Fu\u00df an und sorgt f\u00fcr ganzt\u00e4gigen Komfort, egal ob Sie im B\u00fcro oder bei einer besonderen Veranstaltung sind.<\/p>\n<p>Sie werden die Haptik dieser Produkte zu sch\u00e4tzen wissen. <b>Klassische Leder-Slipper f\u00fcr M\u00e4nner<\/b>.<\/p>\n<p>Darunter befindet sich eine robuste <b>Gummisohle<\/b> bietet hervorragende Griffigkeit und lange Haltbarkeit und macht diese <b>Klassische Leder-Slipper f\u00fcr M\u00e4nner<\/b> eine praktische Wahl f\u00fcr das t\u00e4gliche Tragen. Der dezente 1-3 cm hohe Absatz verleiht dem Schuh einen Hauch von Raffinesse, ohne den Komfort zu beeintr\u00e4chtigen, so dass er auch \u00fcber l\u00e4ngere Zeitr\u00e4ume hinweg ohne Erm\u00fcdung getragen werden kann. Mit den verf\u00fcgbaren Gr\u00f6\u00dfen von 39 bis 45 bedienen wir ein breites Spektrum anspruchsvoller Kunden, die das Beste suchen. <b>Klassische Leder-Slipper f\u00fcr M\u00e4nner<\/b>.<\/p>\n<p>Das zeitlose Design, akzentuiert mit einer raffinierten Schnalle, macht diese <b>Klassische Leder-Slipper f\u00fcr M\u00e4nner<\/b> unglaublich vielseitig. Sie gehen nahtlos \u00fcber von professioneller Gesch\u00e4ftskleidung zu legeren Outfits oder sogar zu formelleren Anl\u00e4ssen, bei denen ein entspanntes, aber poliertes Aussehen erw\u00fcnscht ist. Die Investition in diese <b>Klassische Leder-Slipper f\u00fcr M\u00e4nner<\/b> bedeutet, in ein Grundelement der Garderobe zu investieren, das Selbstvertrauen und raffinierten Geschmack ausstrahlt.<\/p>\n<h3>Gelegenheit f\u00fcr den Gro\u00dfhandel mit Premium-Herrenschuhen<\/h3>\n<p>F\u00fcr unsere Gro\u00dfhandelspartner sind diese Premium <b>Klassische Leder-Slipper f\u00fcr M\u00e4nner<\/b> sind bei einer Mindestbestellmenge von 200 Paar erh\u00e4ltlich. Wir sind stolz auf unsere effiziente Produktion mit einer Vorlaufzeit von nur 12 Tagen plus Versand, so dass Sie Ihren Lagerbestand schnell mit hochwertigen Schuhen auff\u00fcllen k\u00f6nnen, die stark nachgefragt werden. Bieten Sie Ihren Kunden das Beste an Komfort, Stil und Langlebigkeit mit diesen unverzichtbaren <b>Klassische Leder-Slipper f\u00fcr M\u00e4nner<\/b>.<\/p>\n<p>Kontaktieren Sie uns noch heute, um mehr \u00fcber unsere wettbewerbsf\u00e4higen Preise zu erfahren und Ihre Gro\u00dfbestellung aufzugeben.<\/p>","protected":false},"excerpt":{"rendered":"<ul>\n<li><b>\u00c4u\u00dferes Material:<\/b> Hochwertiges Kalbsleder<\/li>\n<li><b>Material der Innenausstattung:<\/b> Futter aus weichem Ziegenleder<\/li>\n<li><b>Seezunge:<\/b> Strapazierf\u00e4higer Gummi<\/li>\n<li><b>Absatzh\u00f6he:<\/b> 1-3 cm<\/li>\n<li><b>Verf\u00fcgbare Gr\u00f6\u00dfen:<\/b> 39, 40, 41, 42, 43, 44, 45<\/li>\n<li><b>Bulk-Verf\u00fcgbarkeit:<\/b> Mindestbestellmenge von 200 Paaren<\/li>\n<li><b>Lieferzeiten:<\/b> 12 Tage + Versand<\/li>\n<\/ul>","protected":false},"featured_media":4143,"template":"","meta":{"_acf_changed":false,"_uag_custom_page_level_css":"","site-sidebar-layout":"default","site-content-layout":"","ast-site-content-layout":"default","site-content-style":"default","site-sidebar-style":"default","ast-global-header-display":"","ast-banner-title-visibility":"","ast-main-header-display":"","ast-hfb-above-header-display":"","ast-hfb-below-header-display":"","ast-hfb-mobile-header-display":"","site-post-title":"","ast-breadcrumbs-content":"","ast-featured-img":"","footer-sml-layout":"","ast-disable-related-posts":"","theme-transparent-header-meta":"default","adv-header-id-meta":"","stick-header-meta":"","header-above-stick-meta":"","header-main-stick-meta":"","header-below-stick-meta":"","astra-migrate-meta-layouts":"set","ast-page-background-enabled":"default","ast-page-background-meta":{"desktop":{"background-color":"var(--ast-global-color-4)","background-image":"","background-repeat":"repeat","background-position":"center center","background-size":"auto","background-attachment":"scroll","background-type":"","background-media":"","overlay-type":"","overlay-color":"","overlay-opacity":"","overlay-gradient":""},"tablet":{"background-color":"","background-image":"","background-repeat":"repeat","background-position":"center center","background-size":"auto","background-attachment":"scroll","background-type":"","background-media":"","overlay-type":"","overlay-color":"","overlay-opacity":"","overlay-gradient":""},"mobile":{"background-color":"","background-image":"","background-repeat":"repeat","background-position":"center center","background-size":"auto","background-attachment":"scroll","background-type":"","background-media":"","overlay-type":"","overlay-color":"","overlay-opacity":"","overlay-gradient":""}},"ast-content-background-meta":{"desktop":{"background-color":"var(--ast-global-color-5)","background-image":"","background-repeat":"repeat","background-position":"center center","background-size":"auto","background-attachment":"scroll","background-type":"","background-media":"","overlay-type":"","overlay-color":"","overlay-opacity":"","overlay-gradient":""},"tablet":{"background-color":"var(--ast-global-color-5)","background-image":"","background-repeat":"repeat","background-position":"center center","background-size":"auto","background-attachment":"scroll","background-type":"","background-media":"","overlay-type":"","overlay-color":"","overlay-opacity":"","overlay-gradient":""},"mobile":{"background-color":"var(--ast-global-color-5)","background-image":"","background-repeat":"repeat","background-position":"center center","background-size":"auto","background-attachment":"scroll","background-type":"","background-media":"","overlay-type":"","overlay-color":"","overlay-opacity":"","overlay-gradient":""}}},"product_brand":[],"product_cat":[47,430,40],"product_tag":[147,315,405,451,457,284,251,189,215,186,192,280,281],"class_list":{"0":"post-6189","1":"product","2":"type-product","3":"status-publish","4":"has-post-thumbnail","6":"product_cat-classic","7":"product_cat-men","8":"product_cat-mens-shoes","9":"product_tag-brown-loafers","10":"product_tag-buckle-loafers","11":"product_tag-business-shoes","12":"product_tag-calfskin-leather","13":"product_tag-classic-loafers","14":"product_tag-dress-shoes","15":"product_tag-formal-shoes","16":"product_tag-goat-leather-lining","17":"product_tag-leather-loafers","18":"product_tag-mens-loafers","19":"product_tag-rubber-sole","20":"product_tag-smart-casual-shoes","21":"product_tag-wholesale-shoes","22":"desktop-align-center","23":"tablet-align-center","24":"mobile-align-center","26":"first","27":"instock","28":"featured","29":"shipping-taxable","30":"purchasable","31":"product-type-variable","32":"has-default-attributes"},"acf":[],"uagb_featured_image_src":{"full":["https:\/\/turkishtrade.co\/wp-content\/uploads\/2026\/01\/2400EJOMN00394-BROWN-X_173-1.png",453,250,false],"thumbnail":["https:\/\/turkishtrade.co\/wp-content\/uploads\/2026\/01\/2400EJOMN00394-BROWN-X_173-1-150x150.png",150,150,true],"medium":["https:\/\/turkishtrade.co\/wp-content\/uploads\/2026\/01\/2400EJOMN00394-BROWN-X_173-1-300x166.png",300,166,true],"medium_large":["https:\/\/turkishtrade.co\/wp-content\/uploads\/2026\/01\/2400EJOMN00394-BROWN-X_173-1.png",453,250,false],"large":["https:\/\/turkishtrade.co\/wp-content\/uploads\/2026\/01\/2400EJOMN00394-BROWN-X_173-1.png",453,250,false],"1536x1536":["https:\/\/turkishtrade.co\/wp-content\/uploads\/2026\/01\/2400EJOMN00394-BROWN-X_173-1.png",453,250,false],"2048x2048":["https:\/\/turkishtrade.co\/wp-content\/uploads\/2026\/01\/2400EJOMN00394-BROWN-X_173-1.png",453,250,false],"trp-custom-language-flag":["https:\/\/turkishtrade.co\/wp-content\/uploads\/2026\/01\/2400EJOMN00394-BROWN-X_173-1-18x10.png",18,10,true],"woocommerce_thumbnail":["https:\/\/turkishtrade.co\/wp-content\/uploads\/2026\/01\/2400EJOMN00394-BROWN-X_173-1-400x250.png",400,250,true],"woocommerce_single":["https:\/\/turkishtrade.co\/wp-content\/uploads\/2026\/01\/2400EJOMN00394-BROWN-X_173-1.png",453,250,false],"woocommerce_gallery_thumbnail":["https:\/\/turkishtrade.co\/wp-content\/uploads\/2026\/01\/2400EJOMN00394-BROWN-X_173-1-100x100.png",100,100,true]},"uagb_author_info":{"display_name":"yaser olabi","author_link":"https:\/\/turkishtrade.co\/de\/author\/"},"uagb_comment_info":0,"uagb_excerpt":"Exterior Material: Premium Calfskin Leather Interior Material: Soft Goat Leather Lining Sole: Durable Rubber Heel Height: 1-3 cm Available Sizes: 39, 40, 41, 42, 43, 44, 45 Bulk Availability: Minimum order of 200 pairs Delivery Time: 12 days + Shipping","_links":{"self":[{"href":"https:\/\/turkishtrade.co\/de\/wp-json\/wp\/v2\/product\/6189","targetHints":{"allow":["GET"]}}],"collection":[{"href":"https:\/\/turkishtrade.co\/de\/wp-json\/wp\/v2\/product"}],"about":[{"href":"https:\/\/turkishtrade.co\/de\/wp-json\/wp\/v2\/types\/product"}],"wp:featuredmedia":[{"embeddable":true,"href":"https:\/\/turkishtrade.co\/de\/wp-json\/wp\/v2\/media\/4143"}],"wp:attachment":[{"href":"https:\/\/turkishtrade.co\/de\/wp-json\/wp\/v2\/media?parent=6189"}],"wp:term":[{"taxonomy":"product_brand","embeddable":true,"href":"https:\/\/turkishtrade.co\/de\/wp-json\/wp\/v2\/product_brand?post=6189"},{"taxonomy":"product_cat","embeddable":true,"href":"https:\/\/turkishtrade.co\/de\/wp-json\/wp\/v2\/product_cat?post=6189"},{"taxonomy":"product_tag","embeddable":true,"href":"https:\/\/turkishtrade.co\/de\/wp-json\/wp\/v2\/product_tag?post=6189"}],"curies":[{"name":"wp","href":"https:\/\/api.w.org\/{rel}","templated":true}]}}